{"id":139,"date":"2020-09-28T16:23:05","date_gmt":"2020-09-28T14:23:05","guid":{"rendered":"http:\/\/pontech.seo-doktorn.se\/en\/?page_id=139"},"modified":"2026-02-20T13:25:14","modified_gmt":"2026-02-20T12:25:14","slug":"schwimmende-haeuser-gangways","status":"publish","type":"page","link":"https:\/\/pontechmarina.com\/de\/produkte\/schwimmende-haeuser-gangways\/","title":{"rendered":"Schwimmende H\u00e4user und Gangways"},"content":{"rendered":"\r\n<figure class=\"wp-block-table\">\r\n<table>\r\n<tbody>\r\n<tr>\r\n<td>Schwimmende H\u00e4user und Gangways.<\/td>\r\n<\/tr>\r\n<\/tbody>\r\n<\/table>\r\n<\/figure>\r\n\r\n\r\n\r\n<figure class=\"wp-block-table\">\r\n<table>\r\n<tbody>\r\n<tr>\r\n<td>Schwimmende H\u00e4user und Gangways.<\/td>\r\n<\/tr>\r\n<\/tbody>\r\n<\/table>\r\n<\/figure>\r\n","protected":false},"excerpt":{"rendered":"Schwimmende H\u00e4user und Gangways. Schwimmende H\u00e4user und Gangways.","protected":false},"author":1,"featured_media":215,"parent":130,"menu_order":0,"comment_status":"closed","ping_status":"closed","template":"page-produkt.php","meta":{"_acf_changed":false,"inline_featured_image":false,"footnotes":""},"huvudkategori":[],"class_list":["post-139","page","type-page","status-publish","has-post-thumbnail","hentry"],"acf":[],"yoast_head":"<!-- This site is optimized with the Yoast SEO plugin v27.0 - https:\/\/yoast.com\/product\/yoast-seo-wordpress\/ -->\n<title>Schwimmende H\u00e4user und Gangways aus Beton | Pontech<\/title>\n<meta name=\"description\" content=\"Unsere schwimmenden H\u00e4user und Gangways aus Beton sind ideal als Plattformen f\u00fcr schwimmende B\u00fcros, Event-Plattformen und vieles mehr. \u261e Hohe Verdr\u00e4ngung\" \/>\n<meta name=\"robots\" content=\"index, follow, max-snippet:-1, max-image-preview:large, max-video-preview:-1\" \/>\n<link rel=\"canonical\" href=\"https:\/\/pontechmarina.com\/de\/produkte\/schwimmende-haeuser-gangways\/\" \/>\n<meta property=\"og:locale\" content=\"de_DE\" \/>\n<meta property=\"og:type\" content=\"article\" \/>\n<meta property=\"og:title\" content=\"Schwimmende H\u00e4user und Gangways aus Beton | Pontech\" \/>\n<meta property=\"og:description\" content=\"Unsere schwimmenden H\u00e4user und Gangways aus Beton sind ideal als Plattformen f\u00fcr schwimmende B\u00fcros, Event-Plattformen und vieles mehr. \u261e Hohe Verdr\u00e4ngung\" \/>\n<meta property=\"og:url\" content=\"https:\/\/pontechmarina.com\/de\/produkte\/schwimmende-haeuser-gangways\/\" \/>\n<meta property=\"og:site_name\" content=\"Pontech de (Deutsch)\" \/>\n<meta property=\"article:modified_time\" content=\"2026-02-20T12:25:14+00:00\" \/>\n<meta property=\"og:image\" content=\"https:\/\/pontechmarina.com\/de\/wp-content\/uploads\/sites\/6\/2020\/09\/flytande-hus.jpg\" \/>\n\t<meta property=\"og:image:width\" content=\"1000\" \/>\n\t<meta property=\"og:image:height\" content=\"734\" \/>\n\t<meta property=\"og:image:type\" content=\"image\/jpeg\" \/>\n<meta name=\"twitter:card\" content=\"summary_large_image\" \/>\n<meta name=\"twitter:label1\" content=\"Gesch\u00e4tzte Lesezeit\" \/>\n\t<meta name=\"twitter:data1\" content=\"1\u00a0Minute\" \/>\n<script type=\"application\/ld+json\" class=\"yoast-schema-graph\">{\"@context\":\"https:\/\/schema.org\",\"@graph\":[{\"@type\":\"WebPage\",\"@id\":\"https:\/\/pontechmarina.com\/de\/produkte\/schwimmende-haeuser-gangways\/\",\"url\":\"https:\/\/pontechmarina.com\/de\/produkte\/schwimmende-haeuser-gangways\/\",\"name\":\"Schwimmende H\u00e4user und Gangways aus Beton | Pontech\",\"isPartOf\":{\"@id\":\"https:\/\/pontechmarina.com\/de\/#website\"},\"primaryImageOfPage\":{\"@id\":\"https:\/\/pontechmarina.com\/de\/produkte\/schwimmende-haeuser-gangways\/#primaryimage\"},\"image\":{\"@id\":\"https:\/\/pontechmarina.com\/de\/produkte\/schwimmende-haeuser-gangways\/#primaryimage\"},\"thumbnailUrl\":\"https:\/\/pontechmarina.com\/de\/wp-content\/uploads\/sites\/6\/2020\/09\/flytande-hus.jpg\",\"datePublished\":\"2020-09-28T14:23:05+00:00\",\"dateModified\":\"2026-02-20T12:25:14+00:00\",\"description\":\"Unsere schwimmenden H\u00e4user und Gangways aus Beton sind ideal als Plattformen f\u00fcr schwimmende B\u00fcros, Event-Plattformen und vieles mehr. \u261e Hohe Verdr\u00e4ngung\",\"breadcrumb\":{\"@id\":\"https:\/\/pontechmarina.com\/de\/produkte\/schwimmende-haeuser-gangways\/#breadcrumb\"},\"inLanguage\":\"de\",\"potentialAction\":[{\"@type\":\"ReadAction\",\"target\":[\"https:\/\/pontechmarina.com\/de\/produkte\/schwimmende-haeuser-gangways\/\"]}]},{\"@type\":\"ImageObject\",\"inLanguage\":\"de\",\"@id\":\"https:\/\/pontechmarina.com\/de\/produkte\/schwimmende-haeuser-gangways\/#primaryimage\",\"url\":\"https:\/\/pontechmarina.com\/de\/wp-content\/uploads\/sites\/6\/2020\/09\/flytande-hus.jpg\",\"contentUrl\":\"https:\/\/pontechmarina.com\/de\/wp-content\/uploads\/sites\/6\/2020\/09\/flytande-hus.jpg\",\"width\":1000,\"height\":734,\"caption\":\"Pontons: schwimmendes Haus\"},{\"@type\":\"BreadcrumbList\",\"@id\":\"https:\/\/pontechmarina.com\/de\/produkte\/schwimmende-haeuser-gangways\/#breadcrumb\",\"itemListElement\":[{\"@type\":\"ListItem\",\"position\":1,\"name\":\"Home\",\"item\":\"https:\/\/pontechmarina.com\/de\/\"},{\"@type\":\"ListItem\",\"position\":2,\"name\":\"Produkte\",\"item\":\"https:\/\/pontechmarina.com\/de\/produkte\/\"},{\"@type\":\"ListItem\",\"position\":3,\"name\":\"Schwimmende H\u00e4user und Gangways\"}]},{\"@type\":\"WebSite\",\"@id\":\"https:\/\/pontechmarina.com\/de\/#website\",\"url\":\"https:\/\/pontechmarina.com\/de\/\",\"name\":\"Pontech de (Deutsch)\",\"description\":\"\",\"publisher\":{\"@id\":\"https:\/\/pontechmarina.com\/de\/#organization\"},\"potentialAction\":[{\"@type\":\"SearchAction\",\"target\":{\"@type\":\"EntryPoint\",\"urlTemplate\":\"https:\/\/pontechmarina.com\/de\/?s={search_term_string}\"},\"query-input\":{\"@type\":\"PropertyValueSpecification\",\"valueRequired\":true,\"valueName\":\"search_term_string\"}}],\"inLanguage\":\"de\"},{\"@type\":\"Organization\",\"@id\":\"https:\/\/pontechmarina.com\/de\/#organization\",\"name\":\"Pontech\",\"url\":\"https:\/\/pontechmarina.com\/de\/\",\"logo\":{\"@type\":\"ImageObject\",\"inLanguage\":\"de\",\"@id\":\"https:\/\/pontechmarina.com\/de\/#\/schema\/logo\/image\/\",\"url\":\"https:\/\/pontechmarina.com\/de\/wp-content\/uploads\/sites\/6\/2020\/11\/pontech-logo.jpg\",\"contentUrl\":\"https:\/\/pontechmarina.com\/de\/wp-content\/uploads\/sites\/6\/2020\/11\/pontech-logo.jpg\",\"width\":370,\"height\":168,\"caption\":\"Pontech\"},\"image\":{\"@id\":\"https:\/\/pontechmarina.com\/de\/#\/schema\/logo\/image\/\"}}]}<\/script>\n<!-- \/ Yoast SEO plugin. -->","yoast_head_json":{"title":"Schwimmende H\u00e4user und Gangways aus Beton | Pontech","description":"Unsere schwimmenden H\u00e4user und Gangways aus Beton sind ideal als Plattformen f\u00fcr schwimmende B\u00fcros, Event-Plattformen und vieles mehr. \u261e Hohe Verdr\u00e4ngung","robots":{"index":"index","follow":"follow","max-snippet":"max-snippet:-1","max-image-preview":"max-image-preview:large","max-video-preview":"max-video-preview:-1"},"canonical":"https:\/\/pontechmarina.com\/de\/produkte\/schwimmende-haeuser-gangways\/","og_locale":"de_DE","og_type":"article","og_title":"Schwimmende H\u00e4user und Gangways aus Beton | Pontech","og_description":"Unsere schwimmenden H\u00e4user und Gangways aus Beton sind ideal als Plattformen f\u00fcr schwimmende B\u00fcros, Event-Plattformen und vieles mehr. \u261e Hohe Verdr\u00e4ngung","og_url":"https:\/\/pontechmarina.com\/de\/produkte\/schwimmende-haeuser-gangways\/","og_site_name":"Pontech de (Deutsch)","article_modified_time":"2026-02-20T12:25:14+00:00","og_image":[{"width":1000,"height":734,"url":"https:\/\/pontechmarina.com\/de\/wp-content\/uploads\/sites\/6\/2020\/09\/flytande-hus.jpg","type":"image\/jpeg"}],"twitter_card":"summary_large_image","twitter_misc":{"Gesch\u00e4tzte Lesezeit":"1\u00a0Minute"},"schema":{"@context":"https:\/\/schema.org","@graph":[{"@type":"WebPage","@id":"https:\/\/pontechmarina.com\/de\/produkte\/schwimmende-haeuser-gangways\/","url":"https:\/\/pontechmarina.com\/de\/produkte\/schwimmende-haeuser-gangways\/","name":"Schwimmende H\u00e4user und Gangways aus Beton | Pontech","isPartOf":{"@id":"https:\/\/pontechmarina.com\/de\/#website"},"primaryImageOfPage":{"@id":"https:\/\/pontechmarina.com\/de\/produkte\/schwimmende-haeuser-gangways\/#primaryimage"},"image":{"@id":"https:\/\/pontechmarina.com\/de\/produkte\/schwimmende-haeuser-gangways\/#primaryimage"},"thumbnailUrl":"https:\/\/pontechmarina.com\/de\/wp-content\/uploads\/sites\/6\/2020\/09\/flytande-hus.jpg","datePublished":"2020-09-28T14:23:05+00:00","dateModified":"2026-02-20T12:25:14+00:00","description":"Unsere schwimmenden H\u00e4user und Gangways aus Beton sind ideal als Plattformen f\u00fcr schwimmende B\u00fcros, Event-Plattformen und vieles mehr. \u261e Hohe Verdr\u00e4ngung","breadcrumb":{"@id":"https:\/\/pontechmarina.com\/de\/produkte\/schwimmende-haeuser-gangways\/#breadcrumb"},"inLanguage":"de","potentialAction":[{"@type":"ReadAction","target":["https:\/\/pontechmarina.com\/de\/produkte\/schwimmende-haeuser-gangways\/"]}]},{"@type":"ImageObject","inLanguage":"de","@id":"https:\/\/pontechmarina.com\/de\/produkte\/schwimmende-haeuser-gangways\/#primaryimage","url":"https:\/\/pontechmarina.com\/de\/wp-content\/uploads\/sites\/6\/2020\/09\/flytande-hus.jpg","contentUrl":"https:\/\/pontechmarina.com\/de\/wp-content\/uploads\/sites\/6\/2020\/09\/flytande-hus.jpg","width":1000,"height":734,"caption":"Pontons: schwimmendes Haus"},{"@type":"BreadcrumbList","@id":"https:\/\/pontechmarina.com\/de\/produkte\/schwimmende-haeuser-gangways\/#breadcrumb","itemListElement":[{"@type":"ListItem","position":1,"name":"Home","item":"https:\/\/pontechmarina.com\/de\/"},{"@type":"ListItem","position":2,"name":"Produkte","item":"https:\/\/pontechmarina.com\/de\/produkte\/"},{"@type":"ListItem","position":3,"name":"Schwimmende H\u00e4user und Gangways"}]},{"@type":"WebSite","@id":"https:\/\/pontechmarina.com\/de\/#website","url":"https:\/\/pontechmarina.com\/de\/","name":"Pontech de (Deutsch)","description":"","publisher":{"@id":"https:\/\/pontechmarina.com\/de\/#organization"},"potentialAction":[{"@type":"SearchAction","target":{"@type":"EntryPoint","urlTemplate":"https:\/\/pontechmarina.com\/de\/?s={search_term_string}"},"query-input":{"@type":"PropertyValueSpecification","valueRequired":true,"valueName":"search_term_string"}}],"inLanguage":"de"},{"@type":"Organization","@id":"https:\/\/pontechmarina.com\/de\/#organization","name":"Pontech","url":"https:\/\/pontechmarina.com\/de\/","logo":{"@type":"ImageObject","inLanguage":"de","@id":"https:\/\/pontechmarina.com\/de\/#\/schema\/logo\/image\/","url":"https:\/\/pontechmarina.com\/de\/wp-content\/uploads\/sites\/6\/2020\/11\/pontech-logo.jpg","contentUrl":"https:\/\/pontechmarina.com\/de\/wp-content\/uploads\/sites\/6\/2020\/11\/pontech-logo.jpg","width":370,"height":168,"caption":"Pontech"},"image":{"@id":"https:\/\/pontechmarina.com\/de\/#\/schema\/logo\/image\/"}}]}},"_links":{"self":[{"href":"https:\/\/pontechmarina.com\/de\/wp-json\/wp\/v2\/pages\/139","targetHints":{"allow":["GET"]}}],"collection":[{"href":"https:\/\/pontechmarina.com\/de\/wp-json\/wp\/v2\/pages"}],"about":[{"href":"https:\/\/pontechmarina.com\/de\/wp-json\/wp\/v2\/types\/page"}],"author":[{"embeddable":true,"href":"https:\/\/pontechmarina.com\/de\/wp-json\/wp\/v2\/users\/1"}],"replies":[{"embeddable":true,"href":"https:\/\/pontechmarina.com\/de\/wp-json\/wp\/v2\/comments?post=139"}],"version-history":[{"count":35,"href":"https:\/\/pontechmarina.com\/de\/wp-json\/wp\/v2\/pages\/139\/revisions"}],"predecessor-version":[{"id":2081,"href":"https:\/\/pontechmarina.com\/de\/wp-json\/wp\/v2\/pages\/139\/revisions\/2081"}],"up":[{"embeddable":true,"href":"https:\/\/pontechmarina.com\/de\/wp-json\/wp\/v2\/pages\/130"}],"wp:featuredmedia":[{"embeddable":true,"href":"https:\/\/pontechmarina.com\/de\/wp-json\/wp\/v2\/media\/215"}],"wp:attachment":[{"href":"https:\/\/pontechmarina.com\/de\/wp-json\/wp\/v2\/media?parent=139"}],"wp:term":[{"taxonomy":"huvudkategori","embeddable":true,"href":"https:\/\/pontechmarina.com\/de\/wp-json\/wp\/v2\/huvudkategori?post=139"}],"curies":[{"name":"wp","href":"https:\/\/api.w.org\/{rel}","templated":true}]}}