{"id":2008,"date":"2025-12-10T11:07:34","date_gmt":"2025-12-10T10:07:34","guid":{"rendered":"https:\/\/pontechmarina.com\/de\/?page_id=2008"},"modified":"2026-02-20T16:18:38","modified_gmt":"2026-02-20T15:18:38","slug":"marina","status":"publish","type":"page","link":"https:\/\/pontechmarina.com\/de\/marina\/","title":{"rendered":"Marina"},"content":{"rendered":"<h5><strong>Ein G\u00e4stehafen, ein Yachthafen, ein Heimathafen. Ein Hafen wird zu einer Marina, wenn er mehr als nur einen gesch\u00fctzten Ort vor den Naturgewalten bietet. Jede Marina hat ihren eigenen Charakter, aber allen gemeinsam ist, dass sie mehr als nur einen Anlegeplatz bieten. Sie sind Treffpunkte, Orte zum Verweilen und Ausgangspunkte f\u00fcr neue Abenteuer.<\/strong><\/h5>\n<h2><strong>Eine Marina, ein Treffpunkt, ein sicherer Hafen<\/strong><\/h2>\n<p>Eine Marina kann einfach sein, sch\u00f6ne Natur und einen einfachen Anlegeplatz bereitstellen. Oder sie kann diverse Annehmlichkeiten wie Stromanschluss, Dusche, Waschmaschinen, Trockner, Toilette und eine komplette Umweltstation bieten. Unabh\u00e4ngig von der Gr\u00f6\u00dfe und der Funktionalit\u00e4t ist es das Gef\u00fchl der Gastfreundschaft und Sicherheit, das eine gute Marina auszeichnet.<\/p>\n<p>Tr\u00e4umen Sie von einem Ort, an dem Boote und Yachten sicher liegen k\u00f6nnen und an dem sich Menschen treffen und sofort zu Hause f\u00fchlen? Ein Ort, der das gewisse Extra bietet, vielleicht einen Minimarkt, in dem Bootsbesitzer auf l\u00e4ngeren Touren Vorr\u00e4te einkaufen k\u00f6nnen, oder ein Restaurant, das gutes Essen und Entspannung bietet. Vielleicht haben Sie einen Naturhafen, der behutsam ausgebaut werden muss, einen Heimathafen, der funktionaler werden soll, oder tr\u00e4umen Sie von einer schwimmenden Sauna? Ist Ihre Vision noch gr\u00f6\u00dfer, mit einer Full-Service-Marina, die alles von der Abfallentsorgung \u00fcber eine Werkstatt bis hin zur Winterlagerung bietet?<\/p>\n<p>Unabh\u00e4ngig davon, von welchem Hafen oder welcher Marina Sie tr\u00e4umen, alles beginnt mit einer ersten Idee. Wir helfen Ihnen gerne dabei, diese zu verwirklichen, vom ersten Entwurf bis hin zur fertigen Anlage.<\/p>\n<p>Ein Traum zum Entwickeln, Anlegen und Treffen.<\/p>\n<h2>Pontech bietet:<\/h2>\n<ul>\n<li>Beratung<\/li>\n<li>Projektleitung<\/li>\n<li>Projektierung und Konzeptionierung<\/li>\n<li>Komplette Marinas<\/li>\n<\/ul>\n","protected":false},"excerpt":{"rendered":"Ein G\u00e4stehafen, ein Yachthafen, ein Heimathafen. Ein Hafen wird zu einer Marina, wenn er mehr als nur einen gesch\u00fctzten Ort vor den Naturgewalten bietet. Jede Marina hat ihren eigenen Charakter, aber allen gemeinsam ist, dass sie mehr als nur einen Anlegeplatz bieten. Sie sind Treffpunkte, Orte zum Verweilen und Ausgangspunkte f\u00fcr neue Abenteuer. Eine Marina,&#8230;","protected":false},"author":11,"featured_media":1966,"parent":0,"menu_order":0,"comment_status":"closed","ping_status":"closed","template":"undersida-kategorier.php","meta":{"_acf_changed":false,"inline_featured_image":false,"footnotes":""},"huvudkategori":[19],"class_list":["post-2008","page","type-page","status-publish","has-post-thumbnail","hentry","huvudkategori-marina"],"acf":[],"yoast_head":"<!-- This site is optimized with the Yoast SEO plugin v27.0 - https:\/\/yoast.com\/product\/yoast-seo-wordpress\/ -->\n<title>Marina | Pontech de (Deutsch)<\/title>\n<meta name=\"description\" content=\"Planung und Bau von Marinas und Yachth\u00e4fen \u2013 von Beratung und Projektierung bis zur kompletten Full-Service-Marina mit modernen Pontonl\u00f6sungen.\" \/>\n<meta name=\"robots\" content=\"index, follow, max-snippet:-1, max-image-preview:large, max-video-preview:-1\" \/>\n<link rel=\"canonical\" href=\"https:\/\/pontechmarina.com\/de\/marina\/\" \/>\n<meta property=\"og:locale\" content=\"de_DE\" \/>\n<meta property=\"og:type\" content=\"article\" \/>\n<meta property=\"og:title\" content=\"Marina | Pontech de (Deutsch)\" \/>\n<meta property=\"og:description\" content=\"Planung und Bau von Marinas und Yachth\u00e4fen \u2013 von Beratung und Projektierung bis zur kompletten Full-Service-Marina mit modernen Pontonl\u00f6sungen.\" \/>\n<meta property=\"og:url\" content=\"https:\/\/pontechmarina.com\/de\/marina\/\" \/>\n<meta property=\"og:site_name\" content=\"Pontech de (Deutsch)\" \/>\n<meta property=\"article:modified_time\" content=\"2026-02-20T15:18:38+00:00\" \/>\n<meta property=\"og:image\" content=\"https:\/\/pontechmarina.com\/de\/wp-content\/uploads\/sites\/6\/2025\/12\/pontech-hamn.jpg\" \/>\n\t<meta property=\"og:image:width\" content=\"1024\" \/>\n\t<meta property=\"og:image:height\" content=\"704\" \/>\n\t<meta property=\"og:image:type\" content=\"image\/jpeg\" \/>\n<meta name=\"twitter:card\" content=\"summary_large_image\" \/>\n<meta name=\"twitter:label1\" content=\"Gesch\u00e4tzte Lesezeit\" \/>\n\t<meta name=\"twitter:data1\" content=\"2\u00a0Minuten\" \/>\n<script type=\"application\/ld+json\" class=\"yoast-schema-graph\">{\"@context\":\"https:\/\/schema.org\",\"@graph\":[{\"@type\":\"WebPage\",\"@id\":\"https:\/\/pontechmarina.com\/de\/marina\/\",\"url\":\"https:\/\/pontechmarina.com\/de\/marina\/\",\"name\":\"Marina | Pontech de (Deutsch)\",\"isPartOf\":{\"@id\":\"https:\/\/pontechmarina.com\/de\/#website\"},\"primaryImageOfPage\":{\"@id\":\"https:\/\/pontechmarina.com\/de\/marina\/#primaryimage\"},\"image\":{\"@id\":\"https:\/\/pontechmarina.com\/de\/marina\/#primaryimage\"},\"thumbnailUrl\":\"https:\/\/pontechmarina.com\/de\/wp-content\/uploads\/sites\/6\/2025\/12\/pontech-hamn.jpg\",\"datePublished\":\"2025-12-10T10:07:34+00:00\",\"dateModified\":\"2026-02-20T15:18:38+00:00\",\"description\":\"Planung und Bau von Marinas und Yachth\u00e4fen \u2013 von Beratung und Projektierung bis zur kompletten Full-Service-Marina mit modernen Pontonl\u00f6sungen.\",\"breadcrumb\":{\"@id\":\"https:\/\/pontechmarina.com\/de\/marina\/#breadcrumb\"},\"inLanguage\":\"de\",\"potentialAction\":[{\"@type\":\"ReadAction\",\"target\":[\"https:\/\/pontechmarina.com\/de\/marina\/\"]}]},{\"@type\":\"ImageObject\",\"inLanguage\":\"de\",\"@id\":\"https:\/\/pontechmarina.com\/de\/marina\/#primaryimage\",\"url\":\"https:\/\/pontechmarina.com\/de\/wp-content\/uploads\/sites\/6\/2025\/12\/pontech-hamn.jpg\",\"contentUrl\":\"https:\/\/pontechmarina.com\/de\/wp-content\/uploads\/sites\/6\/2025\/12\/pontech-hamn.jpg\",\"width\":1024,\"height\":704,\"caption\":\"Moderne Marina mit Bootsanlegern und Parkpl\u00e4tzen in einer ruhigen K\u00fcstenlage. Perfekt f\u00fcr Bootsbesitzer und Wassersportliebhaber.\"},{\"@type\":\"BreadcrumbList\",\"@id\":\"https:\/\/pontechmarina.com\/de\/marina\/#breadcrumb\",\"itemListElement\":[{\"@type\":\"ListItem\",\"position\":1,\"name\":\"Home\",\"item\":\"https:\/\/pontechmarina.com\/de\/\"},{\"@type\":\"ListItem\",\"position\":2,\"name\":\"Marina\"}]},{\"@type\":\"WebSite\",\"@id\":\"https:\/\/pontechmarina.com\/de\/#website\",\"url\":\"https:\/\/pontechmarina.com\/de\/\",\"name\":\"Pontech de (Deutsch)\",\"description\":\"\",\"publisher\":{\"@id\":\"https:\/\/pontechmarina.com\/de\/#organization\"},\"potentialAction\":[{\"@type\":\"SearchAction\",\"target\":{\"@type\":\"EntryPoint\",\"urlTemplate\":\"https:\/\/pontechmarina.com\/de\/?s={search_term_string}\"},\"query-input\":{\"@type\":\"PropertyValueSpecification\",\"valueRequired\":true,\"valueName\":\"search_term_string\"}}],\"inLanguage\":\"de\"},{\"@type\":\"Organization\",\"@id\":\"https:\/\/pontechmarina.com\/de\/#organization\",\"name\":\"Pontech\",\"url\":\"https:\/\/pontechmarina.com\/de\/\",\"logo\":{\"@type\":\"ImageObject\",\"inLanguage\":\"de\",\"@id\":\"https:\/\/pontechmarina.com\/de\/#\/schema\/logo\/image\/\",\"url\":\"https:\/\/pontechmarina.com\/de\/wp-content\/uploads\/sites\/6\/2020\/11\/pontech-logo.jpg\",\"contentUrl\":\"https:\/\/pontechmarina.com\/de\/wp-content\/uploads\/sites\/6\/2020\/11\/pontech-logo.jpg\",\"width\":370,\"height\":168,\"caption\":\"Pontech\"},\"image\":{\"@id\":\"https:\/\/pontechmarina.com\/de\/#\/schema\/logo\/image\/\"}}]}<\/script>\n<!-- \/ Yoast SEO plugin. -->","yoast_head_json":{"title":"Marina | Pontech de (Deutsch)","description":"Planung und Bau von Marinas und Yachth\u00e4fen \u2013 von Beratung und Projektierung bis zur kompletten Full-Service-Marina mit modernen Pontonl\u00f6sungen.","robots":{"index":"index","follow":"follow","max-snippet":"max-snippet:-1","max-image-preview":"max-image-preview:large","max-video-preview":"max-video-preview:-1"},"canonical":"https:\/\/pontechmarina.com\/de\/marina\/","og_locale":"de_DE","og_type":"article","og_title":"Marina | Pontech de (Deutsch)","og_description":"Planung und Bau von Marinas und Yachth\u00e4fen \u2013 von Beratung und Projektierung bis zur kompletten Full-Service-Marina mit modernen Pontonl\u00f6sungen.","og_url":"https:\/\/pontechmarina.com\/de\/marina\/","og_site_name":"Pontech de (Deutsch)","article_modified_time":"2026-02-20T15:18:38+00:00","og_image":[{"width":1024,"height":704,"url":"https:\/\/pontechmarina.com\/de\/wp-content\/uploads\/sites\/6\/2025\/12\/pontech-hamn.jpg","type":"image\/jpeg"}],"twitter_card":"summary_large_image","twitter_misc":{"Gesch\u00e4tzte Lesezeit":"2\u00a0Minuten"},"schema":{"@context":"https:\/\/schema.org","@graph":[{"@type":"WebPage","@id":"https:\/\/pontechmarina.com\/de\/marina\/","url":"https:\/\/pontechmarina.com\/de\/marina\/","name":"Marina | Pontech de (Deutsch)","isPartOf":{"@id":"https:\/\/pontechmarina.com\/de\/#website"},"primaryImageOfPage":{"@id":"https:\/\/pontechmarina.com\/de\/marina\/#primaryimage"},"image":{"@id":"https:\/\/pontechmarina.com\/de\/marina\/#primaryimage"},"thumbnailUrl":"https:\/\/pontechmarina.com\/de\/wp-content\/uploads\/sites\/6\/2025\/12\/pontech-hamn.jpg","datePublished":"2025-12-10T10:07:34+00:00","dateModified":"2026-02-20T15:18:38+00:00","description":"Planung und Bau von Marinas und Yachth\u00e4fen \u2013 von Beratung und Projektierung bis zur kompletten Full-Service-Marina mit modernen Pontonl\u00f6sungen.","breadcrumb":{"@id":"https:\/\/pontechmarina.com\/de\/marina\/#breadcrumb"},"inLanguage":"de","potentialAction":[{"@type":"ReadAction","target":["https:\/\/pontechmarina.com\/de\/marina\/"]}]},{"@type":"ImageObject","inLanguage":"de","@id":"https:\/\/pontechmarina.com\/de\/marina\/#primaryimage","url":"https:\/\/pontechmarina.com\/de\/wp-content\/uploads\/sites\/6\/2025\/12\/pontech-hamn.jpg","contentUrl":"https:\/\/pontechmarina.com\/de\/wp-content\/uploads\/sites\/6\/2025\/12\/pontech-hamn.jpg","width":1024,"height":704,"caption":"Moderne Marina mit Bootsanlegern und Parkpl\u00e4tzen in einer ruhigen K\u00fcstenlage. Perfekt f\u00fcr Bootsbesitzer und Wassersportliebhaber."},{"@type":"BreadcrumbList","@id":"https:\/\/pontechmarina.com\/de\/marina\/#breadcrumb","itemListElement":[{"@type":"ListItem","position":1,"name":"Home","item":"https:\/\/pontechmarina.com\/de\/"},{"@type":"ListItem","position":2,"name":"Marina"}]},{"@type":"WebSite","@id":"https:\/\/pontechmarina.com\/de\/#website","url":"https:\/\/pontechmarina.com\/de\/","name":"Pontech de (Deutsch)","description":"","publisher":{"@id":"https:\/\/pontechmarina.com\/de\/#organization"},"potentialAction":[{"@type":"SearchAction","target":{"@type":"EntryPoint","urlTemplate":"https:\/\/pontechmarina.com\/de\/?s={search_term_string}"},"query-input":{"@type":"PropertyValueSpecification","valueRequired":true,"valueName":"search_term_string"}}],"inLanguage":"de"},{"@type":"Organization","@id":"https:\/\/pontechmarina.com\/de\/#organization","name":"Pontech","url":"https:\/\/pontechmarina.com\/de\/","logo":{"@type":"ImageObject","inLanguage":"de","@id":"https:\/\/pontechmarina.com\/de\/#\/schema\/logo\/image\/","url":"https:\/\/pontechmarina.com\/de\/wp-content\/uploads\/sites\/6\/2020\/11\/pontech-logo.jpg","contentUrl":"https:\/\/pontechmarina.com\/de\/wp-content\/uploads\/sites\/6\/2020\/11\/pontech-logo.jpg","width":370,"height":168,"caption":"Pontech"},"image":{"@id":"https:\/\/pontechmarina.com\/de\/#\/schema\/logo\/image\/"}}]}},"_links":{"self":[{"href":"https:\/\/pontechmarina.com\/de\/wp-json\/wp\/v2\/pages\/2008","targetHints":{"allow":["GET"]}}],"collection":[{"href":"https:\/\/pontechmarina.com\/de\/wp-json\/wp\/v2\/pages"}],"about":[{"href":"https:\/\/pontechmarina.com\/de\/wp-json\/wp\/v2\/types\/page"}],"author":[{"embeddable":true,"href":"https:\/\/pontechmarina.com\/de\/wp-json\/wp\/v2\/users\/11"}],"replies":[{"embeddable":true,"href":"https:\/\/pontechmarina.com\/de\/wp-json\/wp\/v2\/comments?post=2008"}],"version-history":[{"count":5,"href":"https:\/\/pontechmarina.com\/de\/wp-json\/wp\/v2\/pages\/2008\/revisions"}],"predecessor-version":[{"id":2026,"href":"https:\/\/pontechmarina.com\/de\/wp-json\/wp\/v2\/pages\/2008\/revisions\/2026"}],"wp:featuredmedia":[{"embeddable":true,"href":"https:\/\/pontechmarina.com\/de\/wp-json\/wp\/v2\/media\/1966"}],"wp:attachment":[{"href":"https:\/\/pontechmarina.com\/de\/wp-json\/wp\/v2\/media?parent=2008"}],"wp:term":[{"taxonomy":"huvudkategori","embeddable":true,"href":"https:\/\/pontechmarina.com\/de\/wp-json\/wp\/v2\/huvudkategori?post=2008"}],"curies":[{"name":"wp","href":"https:\/\/api.w.org\/{rel}","templated":true}]}}