{"id":2010,"date":"2025-12-10T11:22:09","date_gmt":"2025-12-10T10:22:09","guid":{"rendered":"https:\/\/pontechmarina.com\/de\/?page_id=2010"},"modified":"2026-02-20T16:21:20","modified_gmt":"2026-02-20T15:21:20","slug":"haus","status":"publish","type":"page","link":"https:\/\/pontechmarina.com\/de\/haus\/","title":{"rendered":"Haus"},"content":{"rendered":"<h5>Stellen Sie sich vor, Sie wachen mit dem Rauschen der Wellen statt mit dem L\u00e4rm des Verkehrs auf. Sie k\u00f6nnen jeden Abend nach einem langen Arbeitstag Ihre F\u00fc\u00dfe ins Wasser tauchen. Treffen Sie die Entscheidung Ihres Lebens und bauen Sie ein schwimmendes Zuhause, in dem Sie ein wenig freier, ein wenig gr\u00fcner und ein wenig harmonischer leben k\u00f6nnen. Eine Kombination aus dem Besten, Ihre eigene Oase, in der Sie sich entspannen und wohlf\u00fchlen k\u00f6nnen.<\/h5>\n<h2>Ein Traumhaus auf dem Wasser<\/h2>\n<p style=\"font-weight: 400;\">M\u00f6chten Sie Ihr Haus auf dem Wasser statt an Land bauen? Das Interesse an schwimmenden H\u00e4usern w\u00e4chst sowohl in Deutschland, Schweden als auch im Ausland. Machen Sie es wie der d\u00e4nische Designer Bj\u00f8rn Bruun, dessen Traum von einem exklusiven Hausboot mitten in Kopenhagen zur Wirklichkeit wurde. Sein einzigartiges Haus schwimmt nun sicher auf einer unserer Plattformen.<\/p>\n<p>Ein schwimmendes Haus wird auf einer schwimmenden Betonplattform gebaut, die die Begegnungen des Wassers aufnimmt und sich an wechselnde Wasserst\u00e4nde anpasst. Eine umweltfreundliche Wahl, die keine gro\u00dfen Eingriffe in unsere Natur erfordert. Willkommen in den klimafreundlichen und unglaublich sch\u00f6nen H\u00e4usern der Zukunft!<\/p>\n<h2>Pontech bietet:<\/h2>\n<ul>\n<li>Beratung<\/li>\n<li>Projektleitung<\/li>\n<li>Projektierung und Konzeptionierung<\/li>\n<li>Komplette schwimmende H\u00e4user<\/li>\n<\/ul>\n<p>F\u00fcr alle, die sich ein schwimmendes Traumhaus bauen m\u00f6chten!<\/p>\n","protected":false},"excerpt":{"rendered":"Stellen Sie sich vor, Sie wachen mit dem Rauschen der Wellen statt mit dem L\u00e4rm des Verkehrs auf. Sie k\u00f6nnen jeden Abend nach einem langen Arbeitstag Ihre F\u00fc\u00dfe ins Wasser tauchen. Treffen Sie die Entscheidung Ihres Lebens und bauen Sie ein schwimmendes Zuhause, in dem Sie ein wenig freier, ein wenig gr\u00fcner und ein wenig&#8230;","protected":false},"author":11,"featured_media":1965,"parent":0,"menu_order":0,"comment_status":"closed","ping_status":"closed","template":"undersida-kategorier.php","meta":{"_acf_changed":false,"inline_featured_image":false,"footnotes":""},"huvudkategori":[18],"class_list":["post-2010","page","type-page","status-publish","has-post-thumbnail","hentry","huvudkategori-haus"],"acf":[],"yoast_head":"<!-- This site is optimized with the Yoast SEO plugin v27.0 - https:\/\/yoast.com\/product\/yoast-seo-wordpress\/ -->\n<title>Haus | Pontech de (Deutsch)<\/title>\n<meta name=\"description\" content=\"Schwimmendes Haus auf Betonplattform \u2013 nachhaltiges Wohnen auf dem Wasser. Planung und komplette L\u00f6sungen f\u00fcr Ihr Traumhaus von Pontech.\" \/>\n<meta name=\"robots\" content=\"index, follow, max-snippet:-1, max-image-preview:large, max-video-preview:-1\" \/>\n<link rel=\"canonical\" href=\"https:\/\/pontechmarina.com\/de\/haus\/\" \/>\n<meta property=\"og:locale\" content=\"de_DE\" \/>\n<meta property=\"og:type\" content=\"article\" \/>\n<meta property=\"og:title\" content=\"Haus | Pontech de (Deutsch)\" \/>\n<meta property=\"og:description\" content=\"Schwimmendes Haus auf Betonplattform \u2013 nachhaltiges Wohnen auf dem Wasser. Planung und komplette L\u00f6sungen f\u00fcr Ihr Traumhaus von Pontech.\" \/>\n<meta property=\"og:url\" content=\"https:\/\/pontechmarina.com\/de\/haus\/\" \/>\n<meta property=\"og:site_name\" content=\"Pontech de (Deutsch)\" \/>\n<meta property=\"article:modified_time\" content=\"2026-02-20T15:21:20+00:00\" \/>\n<meta property=\"og:image\" content=\"https:\/\/pontechmarina.com\/de\/wp-content\/uploads\/sites\/6\/2025\/12\/Marinstaden-Nacka-flytande-hus.jpg\" \/>\n\t<meta property=\"og:image:width\" content=\"1200\" \/>\n\t<meta property=\"og:image:height\" content=\"800\" \/>\n\t<meta property=\"og:image:type\" content=\"image\/jpeg\" \/>\n<meta name=\"twitter:card\" content=\"summary_large_image\" \/>\n<meta name=\"twitter:label1\" content=\"Gesch\u00e4tzte Lesezeit\" \/>\n\t<meta name=\"twitter:data1\" content=\"2\u00a0Minuten\" \/>\n<script type=\"application\/ld+json\" class=\"yoast-schema-graph\">{\"@context\":\"https:\/\/schema.org\",\"@graph\":[{\"@type\":\"WebPage\",\"@id\":\"https:\/\/pontechmarina.com\/de\/haus\/\",\"url\":\"https:\/\/pontechmarina.com\/de\/haus\/\",\"name\":\"Haus | Pontech de (Deutsch)\",\"isPartOf\":{\"@id\":\"https:\/\/pontechmarina.com\/de\/#website\"},\"primaryImageOfPage\":{\"@id\":\"https:\/\/pontechmarina.com\/de\/haus\/#primaryimage\"},\"image\":{\"@id\":\"https:\/\/pontechmarina.com\/de\/haus\/#primaryimage\"},\"thumbnailUrl\":\"https:\/\/pontechmarina.com\/de\/wp-content\/uploads\/sites\/6\/2025\/12\/Marinstaden-Nacka-flytande-hus.jpg\",\"datePublished\":\"2025-12-10T10:22:09+00:00\",\"dateModified\":\"2026-02-20T15:21:20+00:00\",\"description\":\"Schwimmendes Haus auf Betonplattform \u2013 nachhaltiges Wohnen auf dem Wasser. Planung und komplette L\u00f6sungen f\u00fcr Ihr Traumhaus von Pontech.\",\"breadcrumb\":{\"@id\":\"https:\/\/pontechmarina.com\/de\/haus\/#breadcrumb\"},\"inLanguage\":\"de\",\"potentialAction\":[{\"@type\":\"ReadAction\",\"target\":[\"https:\/\/pontechmarina.com\/de\/haus\/\"]}]},{\"@type\":\"ImageObject\",\"inLanguage\":\"de\",\"@id\":\"https:\/\/pontechmarina.com\/de\/haus\/#primaryimage\",\"url\":\"https:\/\/pontechmarina.com\/de\/wp-content\/uploads\/sites\/6\/2025\/12\/Marinstaden-Nacka-flytande-hus.jpg\",\"contentUrl\":\"https:\/\/pontechmarina.com\/de\/wp-content\/uploads\/sites\/6\/2025\/12\/Marinstaden-Nacka-flytande-hus.jpg\",\"width\":1200,\"height\":800,\"caption\":\"Luxuri\u00f6ses schwimmendes Haus inmitten der Natur, ideal f\u00fcr Wassersport und Erholung.\"},{\"@type\":\"BreadcrumbList\",\"@id\":\"https:\/\/pontechmarina.com\/de\/haus\/#breadcrumb\",\"itemListElement\":[{\"@type\":\"ListItem\",\"position\":1,\"name\":\"Home\",\"item\":\"https:\/\/pontechmarina.com\/de\/\"},{\"@type\":\"ListItem\",\"position\":2,\"name\":\"Haus\"}]},{\"@type\":\"WebSite\",\"@id\":\"https:\/\/pontechmarina.com\/de\/#website\",\"url\":\"https:\/\/pontechmarina.com\/de\/\",\"name\":\"Pontech de (Deutsch)\",\"description\":\"\",\"publisher\":{\"@id\":\"https:\/\/pontechmarina.com\/de\/#organization\"},\"potentialAction\":[{\"@type\":\"SearchAction\",\"target\":{\"@type\":\"EntryPoint\",\"urlTemplate\":\"https:\/\/pontechmarina.com\/de\/?s={search_term_string}\"},\"query-input\":{\"@type\":\"PropertyValueSpecification\",\"valueRequired\":true,\"valueName\":\"search_term_string\"}}],\"inLanguage\":\"de\"},{\"@type\":\"Organization\",\"@id\":\"https:\/\/pontechmarina.com\/de\/#organization\",\"name\":\"Pontech\",\"url\":\"https:\/\/pontechmarina.com\/de\/\",\"logo\":{\"@type\":\"ImageObject\",\"inLanguage\":\"de\",\"@id\":\"https:\/\/pontechmarina.com\/de\/#\/schema\/logo\/image\/\",\"url\":\"https:\/\/pontechmarina.com\/de\/wp-content\/uploads\/sites\/6\/2020\/11\/pontech-logo.jpg\",\"contentUrl\":\"https:\/\/pontechmarina.com\/de\/wp-content\/uploads\/sites\/6\/2020\/11\/pontech-logo.jpg\",\"width\":370,\"height\":168,\"caption\":\"Pontech\"},\"image\":{\"@id\":\"https:\/\/pontechmarina.com\/de\/#\/schema\/logo\/image\/\"}}]}<\/script>\n<!-- \/ Yoast SEO plugin. -->","yoast_head_json":{"title":"Haus | Pontech de (Deutsch)","description":"Schwimmendes Haus auf Betonplattform \u2013 nachhaltiges Wohnen auf dem Wasser. Planung und komplette L\u00f6sungen f\u00fcr Ihr Traumhaus von Pontech.","robots":{"index":"index","follow":"follow","max-snippet":"max-snippet:-1","max-image-preview":"max-image-preview:large","max-video-preview":"max-video-preview:-1"},"canonical":"https:\/\/pontechmarina.com\/de\/haus\/","og_locale":"de_DE","og_type":"article","og_title":"Haus | Pontech de (Deutsch)","og_description":"Schwimmendes Haus auf Betonplattform \u2013 nachhaltiges Wohnen auf dem Wasser. Planung und komplette L\u00f6sungen f\u00fcr Ihr Traumhaus von Pontech.","og_url":"https:\/\/pontechmarina.com\/de\/haus\/","og_site_name":"Pontech de (Deutsch)","article_modified_time":"2026-02-20T15:21:20+00:00","og_image":[{"width":1200,"height":800,"url":"https:\/\/pontechmarina.com\/de\/wp-content\/uploads\/sites\/6\/2025\/12\/Marinstaden-Nacka-flytande-hus.jpg","type":"image\/jpeg"}],"twitter_card":"summary_large_image","twitter_misc":{"Gesch\u00e4tzte Lesezeit":"2\u00a0Minuten"},"schema":{"@context":"https:\/\/schema.org","@graph":[{"@type":"WebPage","@id":"https:\/\/pontechmarina.com\/de\/haus\/","url":"https:\/\/pontechmarina.com\/de\/haus\/","name":"Haus | Pontech de (Deutsch)","isPartOf":{"@id":"https:\/\/pontechmarina.com\/de\/#website"},"primaryImageOfPage":{"@id":"https:\/\/pontechmarina.com\/de\/haus\/#primaryimage"},"image":{"@id":"https:\/\/pontechmarina.com\/de\/haus\/#primaryimage"},"thumbnailUrl":"https:\/\/pontechmarina.com\/de\/wp-content\/uploads\/sites\/6\/2025\/12\/Marinstaden-Nacka-flytande-hus.jpg","datePublished":"2025-12-10T10:22:09+00:00","dateModified":"2026-02-20T15:21:20+00:00","description":"Schwimmendes Haus auf Betonplattform \u2013 nachhaltiges Wohnen auf dem Wasser. Planung und komplette L\u00f6sungen f\u00fcr Ihr Traumhaus von Pontech.","breadcrumb":{"@id":"https:\/\/pontechmarina.com\/de\/haus\/#breadcrumb"},"inLanguage":"de","potentialAction":[{"@type":"ReadAction","target":["https:\/\/pontechmarina.com\/de\/haus\/"]}]},{"@type":"ImageObject","inLanguage":"de","@id":"https:\/\/pontechmarina.com\/de\/haus\/#primaryimage","url":"https:\/\/pontechmarina.com\/de\/wp-content\/uploads\/sites\/6\/2025\/12\/Marinstaden-Nacka-flytande-hus.jpg","contentUrl":"https:\/\/pontechmarina.com\/de\/wp-content\/uploads\/sites\/6\/2025\/12\/Marinstaden-Nacka-flytande-hus.jpg","width":1200,"height":800,"caption":"Luxuri\u00f6ses schwimmendes Haus inmitten der Natur, ideal f\u00fcr Wassersport und Erholung."},{"@type":"BreadcrumbList","@id":"https:\/\/pontechmarina.com\/de\/haus\/#breadcrumb","itemListElement":[{"@type":"ListItem","position":1,"name":"Home","item":"https:\/\/pontechmarina.com\/de\/"},{"@type":"ListItem","position":2,"name":"Haus"}]},{"@type":"WebSite","@id":"https:\/\/pontechmarina.com\/de\/#website","url":"https:\/\/pontechmarina.com\/de\/","name":"Pontech de (Deutsch)","description":"","publisher":{"@id":"https:\/\/pontechmarina.com\/de\/#organization"},"potentialAction":[{"@type":"SearchAction","target":{"@type":"EntryPoint","urlTemplate":"https:\/\/pontechmarina.com\/de\/?s={search_term_string}"},"query-input":{"@type":"PropertyValueSpecification","valueRequired":true,"valueName":"search_term_string"}}],"inLanguage":"de"},{"@type":"Organization","@id":"https:\/\/pontechmarina.com\/de\/#organization","name":"Pontech","url":"https:\/\/pontechmarina.com\/de\/","logo":{"@type":"ImageObject","inLanguage":"de","@id":"https:\/\/pontechmarina.com\/de\/#\/schema\/logo\/image\/","url":"https:\/\/pontechmarina.com\/de\/wp-content\/uploads\/sites\/6\/2020\/11\/pontech-logo.jpg","contentUrl":"https:\/\/pontechmarina.com\/de\/wp-content\/uploads\/sites\/6\/2020\/11\/pontech-logo.jpg","width":370,"height":168,"caption":"Pontech"},"image":{"@id":"https:\/\/pontechmarina.com\/de\/#\/schema\/logo\/image\/"}}]}},"_links":{"self":[{"href":"https:\/\/pontechmarina.com\/de\/wp-json\/wp\/v2\/pages\/2010","targetHints":{"allow":["GET"]}}],"collection":[{"href":"https:\/\/pontechmarina.com\/de\/wp-json\/wp\/v2\/pages"}],"about":[{"href":"https:\/\/pontechmarina.com\/de\/wp-json\/wp\/v2\/types\/page"}],"author":[{"embeddable":true,"href":"https:\/\/pontechmarina.com\/de\/wp-json\/wp\/v2\/users\/11"}],"replies":[{"embeddable":true,"href":"https:\/\/pontechmarina.com\/de\/wp-json\/wp\/v2\/comments?post=2010"}],"version-history":[{"count":6,"href":"https:\/\/pontechmarina.com\/de\/wp-json\/wp\/v2\/pages\/2010\/revisions"}],"predecessor-version":[{"id":2028,"href":"https:\/\/pontechmarina.com\/de\/wp-json\/wp\/v2\/pages\/2010\/revisions\/2028"}],"wp:featuredmedia":[{"embeddable":true,"href":"https:\/\/pontechmarina.com\/de\/wp-json\/wp\/v2\/media\/1965"}],"wp:attachment":[{"href":"https:\/\/pontechmarina.com\/de\/wp-json\/wp\/v2\/media?parent=2010"}],"wp:term":[{"taxonomy":"huvudkategori","embeddable":true,"href":"https:\/\/pontechmarina.com\/de\/wp-json\/wp\/v2\/huvudkategori?post=2010"}],"curies":[{"name":"wp","href":"https:\/\/api.w.org\/{rel}","templated":true}]}}