{"id":2012,"date":"2025-12-10T11:23:33","date_gmt":"2025-12-10T10:23:33","guid":{"rendered":"https:\/\/pontechmarina.com\/de\/?page_id=2012"},"modified":"2026-02-20T16:20:30","modified_gmt":"2026-02-20T15:20:30","slug":"restaurant","status":"publish","type":"page","link":"https:\/\/pontechmarina.com\/de\/restaurant\/","title":{"rendered":"Restaurant"},"content":{"rendered":"<h5>Stellen Sie sich einen Ort vor, an dem Sie jeden Abend bei einer Tasse Kaffee oder einem Glas Wein den Sonnenuntergang genie\u00dfen k\u00f6nnen. Ein Ort an dem Ihnen ein kulinarisches Erlebnis in einer einzigartigen und nachhaltigen Umgebung mit Panoramablick auf das Wasser oder vielleicht die Stadt geboten wird. Wir sprechen von einem schwimmenden Restaurant, in dem Kulinarik und Umgebung in perfekter Harmonie miteinander verschmelzen. Es l\u00e4dt zu einer Atmosph\u00e4re ein, die an Land nur schwer nachzubilden ist.<\/h5>\n<h2>Der Traum von einem schwimmenden Restaurant mitten in der Stadt<\/h2>\n<p>Besuchen Sie die\u00a0<a href=\"https:\/\/pontechmarina.com\/se\/referenser\/flytande-restauranger-hotell\/strandbryggan-stockholm\/\">Strandbryggan in Stockholm<\/a>, die fest auf einer Pontech-Plattform direkt neben dem Djurg\u00e5rdsbron liegt. Oder besuchen Sie\u00a0<a href=\"https:\/\/pontechmarina.com\/se\/referenser\/flytande-restauranger-hotell\/havsbaren-tyska-bron-goteborg\/\">Havsbaren Tyska bron<\/a>\u00a0mitten im Zentrum von G\u00f6teborg. Genie\u00dfen Sie die Atmosph\u00e4re, die sowohl von Sonnenanbetern als auch von Feinschmeckern geliebt wird.<\/p>\n<p>Diese besondere Umgebung zieht auch Menschen aus aller Welt an, die auf der Suche nach etwas Einzigartigem und Au\u00dfergew\u00f6hnlichem sind. Wir in Deutschland und auch in Skandinavien haben wirklich die M\u00f6glichkeit, all das Wasser, das uns umgibt, zu nutzen.<\/p>\n<p>Wie w\u00e4re es mit einem After-Work-Drink mit pl\u00e4tscherndem Wasser unter den F\u00fc\u00dfen, der Sonne im Gesicht und einem Panoramablick?<\/p>\n<h2>Pontech bietet:<\/h2>\n<ul style=\"font-weight: 400;\">\n<li>Beratung<\/li>\n<li>Projektleitung<\/li>\n<li>Projektierung und Konzeptionierung<\/li>\n<li>Komplette Plattformen f\u00fcr Ihr schwimmendes Restaurant<\/li>\n<\/ul>\n<p>Verwirklichen Sie Ihren Traum auf einer schwimmenden Plattform von Pontech.<\/p>\n","protected":false},"excerpt":{"rendered":"Stellen Sie sich einen Ort vor, an dem Sie jeden Abend bei einer Tasse Kaffee oder einem Glas Wein den Sonnenuntergang genie\u00dfen k\u00f6nnen. Ein Ort an dem Ihnen ein kulinarisches Erlebnis in einer einzigartigen und nachhaltigen Umgebung mit Panoramablick auf das Wasser oder vielleicht die Stadt geboten wird. Wir sprechen von einem schwimmenden Restaurant, in&#8230;","protected":false},"author":11,"featured_media":1967,"parent":0,"menu_order":0,"comment_status":"closed","ping_status":"closed","template":"undersida-kategorier.php","meta":{"_acf_changed":false,"inline_featured_image":false,"footnotes":""},"huvudkategori":[21],"class_list":["post-2012","page","type-page","status-publish","has-post-thumbnail","hentry","huvudkategori-restaurant"],"acf":[],"yoast_head":"<!-- This site is optimized with the Yoast SEO plugin v27.0 - https:\/\/yoast.com\/product\/yoast-seo-wordpress\/ -->\n<title>Restaurant | Pontech de (Deutsch)<\/title>\n<meta name=\"description\" content=\"Schwimmendes Restaurant auf stabiler Betonplattform \u2013 Planung, Projektierung und komplette L\u00f6sungen von Pontech f\u00fcr Gastronomie auf dem Wasser.\" \/>\n<meta name=\"robots\" content=\"index, follow, max-snippet:-1, max-image-preview:large, max-video-preview:-1\" \/>\n<link rel=\"canonical\" href=\"https:\/\/pontechmarina.com\/de\/restaurant\/\" \/>\n<meta property=\"og:locale\" content=\"de_DE\" \/>\n<meta property=\"og:type\" content=\"article\" \/>\n<meta property=\"og:title\" content=\"Restaurant | Pontech de (Deutsch)\" \/>\n<meta property=\"og:description\" content=\"Schwimmendes Restaurant auf stabiler Betonplattform \u2013 Planung, Projektierung und komplette L\u00f6sungen von Pontech f\u00fcr Gastronomie auf dem Wasser.\" \/>\n<meta property=\"og:url\" content=\"https:\/\/pontechmarina.com\/de\/restaurant\/\" \/>\n<meta property=\"og:site_name\" content=\"Pontech de (Deutsch)\" \/>\n<meta property=\"article:modified_time\" content=\"2026-02-20T15:20:30+00:00\" \/>\n<meta property=\"og:image\" content=\"https:\/\/pontechmarina.com\/de\/wp-content\/uploads\/sites\/6\/2025\/12\/Tyska-1.jpg\" \/>\n\t<meta property=\"og:image:width\" content=\"2048\" \/>\n\t<meta property=\"og:image:height\" content=\"1365\" \/>\n\t<meta property=\"og:image:type\" content=\"image\/jpeg\" \/>\n<meta name=\"twitter:card\" content=\"summary_large_image\" \/>\n<meta name=\"twitter:label1\" content=\"Gesch\u00e4tzte Lesezeit\" \/>\n\t<meta name=\"twitter:data1\" content=\"2\u00a0Minuten\" \/>\n<script type=\"application\/ld+json\" class=\"yoast-schema-graph\">{\"@context\":\"https:\/\/schema.org\",\"@graph\":[{\"@type\":\"WebPage\",\"@id\":\"https:\/\/pontechmarina.com\/de\/restaurant\/\",\"url\":\"https:\/\/pontechmarina.com\/de\/restaurant\/\",\"name\":\"Restaurant | Pontech de (Deutsch)\",\"isPartOf\":{\"@id\":\"https:\/\/pontechmarina.com\/de\/#website\"},\"primaryImageOfPage\":{\"@id\":\"https:\/\/pontechmarina.com\/de\/restaurant\/#primaryimage\"},\"image\":{\"@id\":\"https:\/\/pontechmarina.com\/de\/restaurant\/#primaryimage\"},\"thumbnailUrl\":\"https:\/\/pontechmarina.com\/de\/wp-content\/uploads\/sites\/6\/2025\/12\/Tyska-1.jpg\",\"datePublished\":\"2025-12-10T10:23:33+00:00\",\"dateModified\":\"2026-02-20T15:20:30+00:00\",\"description\":\"Schwimmendes Restaurant auf stabiler Betonplattform \u2013 Planung, Projektierung und komplette L\u00f6sungen von Pontech f\u00fcr Gastronomie auf dem Wasser.\",\"breadcrumb\":{\"@id\":\"https:\/\/pontechmarina.com\/de\/restaurant\/#breadcrumb\"},\"inLanguage\":\"de\",\"potentialAction\":[{\"@type\":\"ReadAction\",\"target\":[\"https:\/\/pontechmarina.com\/de\/restaurant\/\"]}]},{\"@type\":\"ImageObject\",\"inLanguage\":\"de\",\"@id\":\"https:\/\/pontechmarina.com\/de\/restaurant\/#primaryimage\",\"url\":\"https:\/\/pontechmarina.com\/de\/wp-content\/uploads\/sites\/6\/2025\/12\/Tyska-1.jpg\",\"contentUrl\":\"https:\/\/pontechmarina.com\/de\/wp-content\/uploads\/sites\/6\/2025\/12\/Tyska-1.jpg\",\"width\":2048,\"height\":1365,\"caption\":\"Boot vor der Pontech Marina am Wasser mit Sitzgelegenheiten und Menschen, ideal f\u00fcr Marina- und Wassersportaktivit\u00e4ten in Deutschland.\"},{\"@type\":\"BreadcrumbList\",\"@id\":\"https:\/\/pontechmarina.com\/de\/restaurant\/#breadcrumb\",\"itemListElement\":[{\"@type\":\"ListItem\",\"position\":1,\"name\":\"Home\",\"item\":\"https:\/\/pontechmarina.com\/de\/\"},{\"@type\":\"ListItem\",\"position\":2,\"name\":\"Restaurant\"}]},{\"@type\":\"WebSite\",\"@id\":\"https:\/\/pontechmarina.com\/de\/#website\",\"url\":\"https:\/\/pontechmarina.com\/de\/\",\"name\":\"Pontech de (Deutsch)\",\"description\":\"\",\"publisher\":{\"@id\":\"https:\/\/pontechmarina.com\/de\/#organization\"},\"potentialAction\":[{\"@type\":\"SearchAction\",\"target\":{\"@type\":\"EntryPoint\",\"urlTemplate\":\"https:\/\/pontechmarina.com\/de\/?s={search_term_string}\"},\"query-input\":{\"@type\":\"PropertyValueSpecification\",\"valueRequired\":true,\"valueName\":\"search_term_string\"}}],\"inLanguage\":\"de\"},{\"@type\":\"Organization\",\"@id\":\"https:\/\/pontechmarina.com\/de\/#organization\",\"name\":\"Pontech\",\"url\":\"https:\/\/pontechmarina.com\/de\/\",\"logo\":{\"@type\":\"ImageObject\",\"inLanguage\":\"de\",\"@id\":\"https:\/\/pontechmarina.com\/de\/#\/schema\/logo\/image\/\",\"url\":\"https:\/\/pontechmarina.com\/de\/wp-content\/uploads\/sites\/6\/2020\/11\/pontech-logo.jpg\",\"contentUrl\":\"https:\/\/pontechmarina.com\/de\/wp-content\/uploads\/sites\/6\/2020\/11\/pontech-logo.jpg\",\"width\":370,\"height\":168,\"caption\":\"Pontech\"},\"image\":{\"@id\":\"https:\/\/pontechmarina.com\/de\/#\/schema\/logo\/image\/\"}}]}<\/script>\n<!-- \/ Yoast SEO plugin. -->","yoast_head_json":{"title":"Restaurant | Pontech de (Deutsch)","description":"Schwimmendes Restaurant auf stabiler Betonplattform \u2013 Planung, Projektierung und komplette L\u00f6sungen von Pontech f\u00fcr Gastronomie auf dem Wasser.","robots":{"index":"index","follow":"follow","max-snippet":"max-snippet:-1","max-image-preview":"max-image-preview:large","max-video-preview":"max-video-preview:-1"},"canonical":"https:\/\/pontechmarina.com\/de\/restaurant\/","og_locale":"de_DE","og_type":"article","og_title":"Restaurant | Pontech de (Deutsch)","og_description":"Schwimmendes Restaurant auf stabiler Betonplattform \u2013 Planung, Projektierung und komplette L\u00f6sungen von Pontech f\u00fcr Gastronomie auf dem Wasser.","og_url":"https:\/\/pontechmarina.com\/de\/restaurant\/","og_site_name":"Pontech de (Deutsch)","article_modified_time":"2026-02-20T15:20:30+00:00","og_image":[{"width":2048,"height":1365,"url":"https:\/\/pontechmarina.com\/de\/wp-content\/uploads\/sites\/6\/2025\/12\/Tyska-1.jpg","type":"image\/jpeg"}],"twitter_card":"summary_large_image","twitter_misc":{"Gesch\u00e4tzte Lesezeit":"2\u00a0Minuten"},"schema":{"@context":"https:\/\/schema.org","@graph":[{"@type":"WebPage","@id":"https:\/\/pontechmarina.com\/de\/restaurant\/","url":"https:\/\/pontechmarina.com\/de\/restaurant\/","name":"Restaurant | Pontech de (Deutsch)","isPartOf":{"@id":"https:\/\/pontechmarina.com\/de\/#website"},"primaryImageOfPage":{"@id":"https:\/\/pontechmarina.com\/de\/restaurant\/#primaryimage"},"image":{"@id":"https:\/\/pontechmarina.com\/de\/restaurant\/#primaryimage"},"thumbnailUrl":"https:\/\/pontechmarina.com\/de\/wp-content\/uploads\/sites\/6\/2025\/12\/Tyska-1.jpg","datePublished":"2025-12-10T10:23:33+00:00","dateModified":"2026-02-20T15:20:30+00:00","description":"Schwimmendes Restaurant auf stabiler Betonplattform \u2013 Planung, Projektierung und komplette L\u00f6sungen von Pontech f\u00fcr Gastronomie auf dem Wasser.","breadcrumb":{"@id":"https:\/\/pontechmarina.com\/de\/restaurant\/#breadcrumb"},"inLanguage":"de","potentialAction":[{"@type":"ReadAction","target":["https:\/\/pontechmarina.com\/de\/restaurant\/"]}]},{"@type":"ImageObject","inLanguage":"de","@id":"https:\/\/pontechmarina.com\/de\/restaurant\/#primaryimage","url":"https:\/\/pontechmarina.com\/de\/wp-content\/uploads\/sites\/6\/2025\/12\/Tyska-1.jpg","contentUrl":"https:\/\/pontechmarina.com\/de\/wp-content\/uploads\/sites\/6\/2025\/12\/Tyska-1.jpg","width":2048,"height":1365,"caption":"Boot vor der Pontech Marina am Wasser mit Sitzgelegenheiten und Menschen, ideal f\u00fcr Marina- und Wassersportaktivit\u00e4ten in Deutschland."},{"@type":"BreadcrumbList","@id":"https:\/\/pontechmarina.com\/de\/restaurant\/#breadcrumb","itemListElement":[{"@type":"ListItem","position":1,"name":"Home","item":"https:\/\/pontechmarina.com\/de\/"},{"@type":"ListItem","position":2,"name":"Restaurant"}]},{"@type":"WebSite","@id":"https:\/\/pontechmarina.com\/de\/#website","url":"https:\/\/pontechmarina.com\/de\/","name":"Pontech de (Deutsch)","description":"","publisher":{"@id":"https:\/\/pontechmarina.com\/de\/#organization"},"potentialAction":[{"@type":"SearchAction","target":{"@type":"EntryPoint","urlTemplate":"https:\/\/pontechmarina.com\/de\/?s={search_term_string}"},"query-input":{"@type":"PropertyValueSpecification","valueRequired":true,"valueName":"search_term_string"}}],"inLanguage":"de"},{"@type":"Organization","@id":"https:\/\/pontechmarina.com\/de\/#organization","name":"Pontech","url":"https:\/\/pontechmarina.com\/de\/","logo":{"@type":"ImageObject","inLanguage":"de","@id":"https:\/\/pontechmarina.com\/de\/#\/schema\/logo\/image\/","url":"https:\/\/pontechmarina.com\/de\/wp-content\/uploads\/sites\/6\/2020\/11\/pontech-logo.jpg","contentUrl":"https:\/\/pontechmarina.com\/de\/wp-content\/uploads\/sites\/6\/2020\/11\/pontech-logo.jpg","width":370,"height":168,"caption":"Pontech"},"image":{"@id":"https:\/\/pontechmarina.com\/de\/#\/schema\/logo\/image\/"}}]}},"_links":{"self":[{"href":"https:\/\/pontechmarina.com\/de\/wp-json\/wp\/v2\/pages\/2012","targetHints":{"allow":["GET"]}}],"collection":[{"href":"https:\/\/pontechmarina.com\/de\/wp-json\/wp\/v2\/pages"}],"about":[{"href":"https:\/\/pontechmarina.com\/de\/wp-json\/wp\/v2\/types\/page"}],"author":[{"embeddable":true,"href":"https:\/\/pontechmarina.com\/de\/wp-json\/wp\/v2\/users\/11"}],"replies":[{"embeddable":true,"href":"https:\/\/pontechmarina.com\/de\/wp-json\/wp\/v2\/comments?post=2012"}],"version-history":[{"count":3,"href":"https:\/\/pontechmarina.com\/de\/wp-json\/wp\/v2\/pages\/2012\/revisions"}],"predecessor-version":[{"id":2031,"href":"https:\/\/pontechmarina.com\/de\/wp-json\/wp\/v2\/pages\/2012\/revisions\/2031"}],"wp:featuredmedia":[{"embeddable":true,"href":"https:\/\/pontechmarina.com\/de\/wp-json\/wp\/v2\/media\/1967"}],"wp:attachment":[{"href":"https:\/\/pontechmarina.com\/de\/wp-json\/wp\/v2\/media?parent=2012"}],"wp:term":[{"taxonomy":"huvudkategori","embeddable":true,"href":"https:\/\/pontechmarina.com\/de\/wp-json\/wp\/v2\/huvudkategori?post=2012"}],"curies":[{"name":"wp","href":"https:\/\/api.w.org\/{rel}","templated":true}]}}