{"id":2014,"date":"2025-12-10T11:24:44","date_gmt":"2025-12-10T10:24:44","guid":{"rendered":"https:\/\/pontechmarina.com\/de\/?page_id=2014"},"modified":"2026-02-20T16:19:07","modified_gmt":"2026-02-20T15:19:07","slug":"sauna","status":"publish","type":"page","link":"https:\/\/pontechmarina.com\/de\/sauna\/","title":{"rendered":"Sauna"},"content":{"rendered":"<h5>Suchen Sie nach einem Moment der Entspannung in einer Umgebung, die sich sowohl exklusiv als auch naturnah anf\u00fchlt? Dann k\u00f6nnte eine schwimmende Sauna genau das Richtige f\u00fcr Sie sein. Steigen Sie aus der W\u00e4rme direkt ins k\u00fchle Wasser. Ein Erlebnis, das sowohl beruhigt als auch belebt.<\/h5>\n<h2>Schaffen Sie ein einzigartiges Spa-Erlebnis mit einer schwimmenden Sauna<\/h2>\n<p>Die schwimmende Sauna hebt die skandinavische Saunatradition auf ein neues Niveau. Fr\u00fcher war die Sauna ein Ort der Hygiene und der Geselligkeit, heute ist sie ein Ort des Wohlbefindens, der Erholung und des puren Alltagsluxus. Und auf dem Wasser wird sie noch magischer.<\/p>\n<p>Eine Sauna ganz f\u00fcr sich allein oder gemeinsam mit anderen? Die M\u00f6glichkeiten sind vielf\u00e4ltig. Vermieten Sie sie an G\u00e4ste, laden Sie die Nachbarn zu einem entspannten After-Work-Treffen mit Saunagang ein, schaffen Sie einen stimmungsvollen Adventsabend mit der Familie, umgeben von Laternen, W\u00e4rme und Wasser, oder warum nicht gleich eine ganze Spa-Anlage einrichten?<\/p>\n<p>Dies ist nicht nur ein Ort, es ist ein Gef\u00fchl! Ein Ort, an dem Tradition auf Moderne trifft, an dem die Natur nah ist und an dem jedes Saunabad zu einem unvergesslichen Erlebnis wird. Ein Ort f\u00fcr warme Gef\u00fchle.<\/p>\n<h2>Pontech bietet:<\/h2>\n<ul>\n<li>Beratung<\/li>\n<li>Projektleitung<\/li>\n<li>Projektierung und Konzeptionierung<\/li>\n<li>Komplette schwimmende Saunal\u00f6sungen<\/li>\n<\/ul>\n","protected":false},"excerpt":{"rendered":"Suchen Sie nach einem Moment der Entspannung in einer Umgebung, die sich sowohl exklusiv als auch naturnah anf\u00fchlt? Dann k\u00f6nnte eine schwimmende Sauna genau das Richtige f\u00fcr Sie sein. Steigen Sie aus der W\u00e4rme direkt ins k\u00fchle Wasser. Ein Erlebnis, das sowohl beruhigt als auch belebt. Schaffen Sie ein einzigartiges Spa-Erlebnis mit einer schwimmenden Sauna&#8230;","protected":false},"author":11,"featured_media":1964,"parent":0,"menu_order":0,"comment_status":"closed","ping_status":"closed","template":"undersida-kategorier.php","meta":{"_acf_changed":false,"inline_featured_image":false,"footnotes":""},"huvudkategori":[17],"class_list":["post-2014","page","type-page","status-publish","has-post-thumbnail","hentry","huvudkategori-sauna"],"acf":[],"yoast_head":"<!-- This site is optimized with the Yoast SEO plugin v27.0 - https:\/\/yoast.com\/product\/yoast-seo-wordpress\/ -->\n<title>Sauna | Pontech de (Deutsch)<\/title>\n<meta name=\"description\" content=\"Schwimmende Sauna als exklusives Spa-Erlebnis auf dem Wasser \u2013 Planung, Projektierung und komplette Saunal\u00f6sungen von Pontech.\" \/>\n<meta name=\"robots\" content=\"index, follow, max-snippet:-1, max-image-preview:large, max-video-preview:-1\" \/>\n<link rel=\"canonical\" href=\"https:\/\/pontechmarina.com\/de\/sauna\/\" \/>\n<meta property=\"og:locale\" content=\"de_DE\" \/>\n<meta property=\"og:type\" content=\"article\" \/>\n<meta property=\"og:title\" content=\"Sauna | Pontech de (Deutsch)\" \/>\n<meta property=\"og:description\" content=\"Schwimmende Sauna als exklusives Spa-Erlebnis auf dem Wasser \u2013 Planung, Projektierung und komplette Saunal\u00f6sungen von Pontech.\" \/>\n<meta property=\"og:url\" content=\"https:\/\/pontechmarina.com\/de\/sauna\/\" \/>\n<meta property=\"og:site_name\" content=\"Pontech de (Deutsch)\" \/>\n<meta property=\"article:modified_time\" content=\"2026-02-20T15:19:07+00:00\" \/>\n<meta property=\"og:image\" content=\"https:\/\/pontechmarina.com\/de\/wp-content\/uploads\/sites\/6\/2025\/12\/annat-projekt.jpg\" \/>\n\t<meta property=\"og:image:width\" content=\"1008\" \/>\n\t<meta property=\"og:image:height\" content=\"580\" \/>\n\t<meta property=\"og:image:type\" content=\"image\/jpeg\" \/>\n<meta name=\"twitter:card\" content=\"summary_large_image\" \/>\n<meta name=\"twitter:label1\" content=\"Gesch\u00e4tzte Lesezeit\" \/>\n\t<meta name=\"twitter:data1\" content=\"2\u00a0Minuten\" \/>\n<script type=\"application\/ld+json\" class=\"yoast-schema-graph\">{\"@context\":\"https:\/\/schema.org\",\"@graph\":[{\"@type\":\"WebPage\",\"@id\":\"https:\/\/pontechmarina.com\/de\/sauna\/\",\"url\":\"https:\/\/pontechmarina.com\/de\/sauna\/\",\"name\":\"Sauna | Pontech de (Deutsch)\",\"isPartOf\":{\"@id\":\"https:\/\/pontechmarina.com\/de\/#website\"},\"primaryImageOfPage\":{\"@id\":\"https:\/\/pontechmarina.com\/de\/sauna\/#primaryimage\"},\"image\":{\"@id\":\"https:\/\/pontechmarina.com\/de\/sauna\/#primaryimage\"},\"thumbnailUrl\":\"https:\/\/pontechmarina.com\/de\/wp-content\/uploads\/sites\/6\/2025\/12\/annat-projekt.jpg\",\"datePublished\":\"2025-12-10T10:24:44+00:00\",\"dateModified\":\"2026-02-20T15:19:07+00:00\",\"description\":\"Schwimmende Sauna als exklusives Spa-Erlebnis auf dem Wasser \u2013 Planung, Projektierung und komplette Saunal\u00f6sungen von Pontech.\",\"breadcrumb\":{\"@id\":\"https:\/\/pontechmarina.com\/de\/sauna\/#breadcrumb\"},\"inLanguage\":\"de\",\"potentialAction\":[{\"@type\":\"ReadAction\",\"target\":[\"https:\/\/pontechmarina.com\/de\/sauna\/\"]}]},{\"@type\":\"ImageObject\",\"inLanguage\":\"de\",\"@id\":\"https:\/\/pontechmarina.com\/de\/sauna\/#primaryimage\",\"url\":\"https:\/\/pontechmarina.com\/de\/wp-content\/uploads\/sites\/6\/2025\/12\/annat-projekt.jpg\",\"contentUrl\":\"https:\/\/pontechmarina.com\/de\/wp-content\/uploads\/sites\/6\/2025\/12\/annat-projekt.jpg\",\"width\":1008,\"height\":580,\"caption\":\"Innovatives schwimmendes Haus mit Holzfassade und Wasserterrasse f\u00fcr entspanntes Wohnen auf dem Wasser.\"},{\"@type\":\"BreadcrumbList\",\"@id\":\"https:\/\/pontechmarina.com\/de\/sauna\/#breadcrumb\",\"itemListElement\":[{\"@type\":\"ListItem\",\"position\":1,\"name\":\"Home\",\"item\":\"https:\/\/pontechmarina.com\/de\/\"},{\"@type\":\"ListItem\",\"position\":2,\"name\":\"Sauna\"}]},{\"@type\":\"WebSite\",\"@id\":\"https:\/\/pontechmarina.com\/de\/#website\",\"url\":\"https:\/\/pontechmarina.com\/de\/\",\"name\":\"Pontech de (Deutsch)\",\"description\":\"\",\"publisher\":{\"@id\":\"https:\/\/pontechmarina.com\/de\/#organization\"},\"potentialAction\":[{\"@type\":\"SearchAction\",\"target\":{\"@type\":\"EntryPoint\",\"urlTemplate\":\"https:\/\/pontechmarina.com\/de\/?s={search_term_string}\"},\"query-input\":{\"@type\":\"PropertyValueSpecification\",\"valueRequired\":true,\"valueName\":\"search_term_string\"}}],\"inLanguage\":\"de\"},{\"@type\":\"Organization\",\"@id\":\"https:\/\/pontechmarina.com\/de\/#organization\",\"name\":\"Pontech\",\"url\":\"https:\/\/pontechmarina.com\/de\/\",\"logo\":{\"@type\":\"ImageObject\",\"inLanguage\":\"de\",\"@id\":\"https:\/\/pontechmarina.com\/de\/#\/schema\/logo\/image\/\",\"url\":\"https:\/\/pontechmarina.com\/de\/wp-content\/uploads\/sites\/6\/2020\/11\/pontech-logo.jpg\",\"contentUrl\":\"https:\/\/pontechmarina.com\/de\/wp-content\/uploads\/sites\/6\/2020\/11\/pontech-logo.jpg\",\"width\":370,\"height\":168,\"caption\":\"Pontech\"},\"image\":{\"@id\":\"https:\/\/pontechmarina.com\/de\/#\/schema\/logo\/image\/\"}}]}<\/script>\n<!-- \/ Yoast SEO plugin. -->","yoast_head_json":{"title":"Sauna | Pontech de (Deutsch)","description":"Schwimmende Sauna als exklusives Spa-Erlebnis auf dem Wasser \u2013 Planung, Projektierung und komplette Saunal\u00f6sungen von Pontech.","robots":{"index":"index","follow":"follow","max-snippet":"max-snippet:-1","max-image-preview":"max-image-preview:large","max-video-preview":"max-video-preview:-1"},"canonical":"https:\/\/pontechmarina.com\/de\/sauna\/","og_locale":"de_DE","og_type":"article","og_title":"Sauna | Pontech de (Deutsch)","og_description":"Schwimmende Sauna als exklusives Spa-Erlebnis auf dem Wasser \u2013 Planung, Projektierung und komplette Saunal\u00f6sungen von Pontech.","og_url":"https:\/\/pontechmarina.com\/de\/sauna\/","og_site_name":"Pontech de (Deutsch)","article_modified_time":"2026-02-20T15:19:07+00:00","og_image":[{"width":1008,"height":580,"url":"https:\/\/pontechmarina.com\/de\/wp-content\/uploads\/sites\/6\/2025\/12\/annat-projekt.jpg","type":"image\/jpeg"}],"twitter_card":"summary_large_image","twitter_misc":{"Gesch\u00e4tzte Lesezeit":"2\u00a0Minuten"},"schema":{"@context":"https:\/\/schema.org","@graph":[{"@type":"WebPage","@id":"https:\/\/pontechmarina.com\/de\/sauna\/","url":"https:\/\/pontechmarina.com\/de\/sauna\/","name":"Sauna | Pontech de (Deutsch)","isPartOf":{"@id":"https:\/\/pontechmarina.com\/de\/#website"},"primaryImageOfPage":{"@id":"https:\/\/pontechmarina.com\/de\/sauna\/#primaryimage"},"image":{"@id":"https:\/\/pontechmarina.com\/de\/sauna\/#primaryimage"},"thumbnailUrl":"https:\/\/pontechmarina.com\/de\/wp-content\/uploads\/sites\/6\/2025\/12\/annat-projekt.jpg","datePublished":"2025-12-10T10:24:44+00:00","dateModified":"2026-02-20T15:19:07+00:00","description":"Schwimmende Sauna als exklusives Spa-Erlebnis auf dem Wasser \u2013 Planung, Projektierung und komplette Saunal\u00f6sungen von Pontech.","breadcrumb":{"@id":"https:\/\/pontechmarina.com\/de\/sauna\/#breadcrumb"},"inLanguage":"de","potentialAction":[{"@type":"ReadAction","target":["https:\/\/pontechmarina.com\/de\/sauna\/"]}]},{"@type":"ImageObject","inLanguage":"de","@id":"https:\/\/pontechmarina.com\/de\/sauna\/#primaryimage","url":"https:\/\/pontechmarina.com\/de\/wp-content\/uploads\/sites\/6\/2025\/12\/annat-projekt.jpg","contentUrl":"https:\/\/pontechmarina.com\/de\/wp-content\/uploads\/sites\/6\/2025\/12\/annat-projekt.jpg","width":1008,"height":580,"caption":"Innovatives schwimmendes Haus mit Holzfassade und Wasserterrasse f\u00fcr entspanntes Wohnen auf dem Wasser."},{"@type":"BreadcrumbList","@id":"https:\/\/pontechmarina.com\/de\/sauna\/#breadcrumb","itemListElement":[{"@type":"ListItem","position":1,"name":"Home","item":"https:\/\/pontechmarina.com\/de\/"},{"@type":"ListItem","position":2,"name":"Sauna"}]},{"@type":"WebSite","@id":"https:\/\/pontechmarina.com\/de\/#website","url":"https:\/\/pontechmarina.com\/de\/","name":"Pontech de (Deutsch)","description":"","publisher":{"@id":"https:\/\/pontechmarina.com\/de\/#organization"},"potentialAction":[{"@type":"SearchAction","target":{"@type":"EntryPoint","urlTemplate":"https:\/\/pontechmarina.com\/de\/?s={search_term_string}"},"query-input":{"@type":"PropertyValueSpecification","valueRequired":true,"valueName":"search_term_string"}}],"inLanguage":"de"},{"@type":"Organization","@id":"https:\/\/pontechmarina.com\/de\/#organization","name":"Pontech","url":"https:\/\/pontechmarina.com\/de\/","logo":{"@type":"ImageObject","inLanguage":"de","@id":"https:\/\/pontechmarina.com\/de\/#\/schema\/logo\/image\/","url":"https:\/\/pontechmarina.com\/de\/wp-content\/uploads\/sites\/6\/2020\/11\/pontech-logo.jpg","contentUrl":"https:\/\/pontechmarina.com\/de\/wp-content\/uploads\/sites\/6\/2020\/11\/pontech-logo.jpg","width":370,"height":168,"caption":"Pontech"},"image":{"@id":"https:\/\/pontechmarina.com\/de\/#\/schema\/logo\/image\/"}}]}},"_links":{"self":[{"href":"https:\/\/pontechmarina.com\/de\/wp-json\/wp\/v2\/pages\/2014","targetHints":{"allow":["GET"]}}],"collection":[{"href":"https:\/\/pontechmarina.com\/de\/wp-json\/wp\/v2\/pages"}],"about":[{"href":"https:\/\/pontechmarina.com\/de\/wp-json\/wp\/v2\/types\/page"}],"author":[{"embeddable":true,"href":"https:\/\/pontechmarina.com\/de\/wp-json\/wp\/v2\/users\/11"}],"replies":[{"embeddable":true,"href":"https:\/\/pontechmarina.com\/de\/wp-json\/wp\/v2\/comments?post=2014"}],"version-history":[{"count":5,"href":"https:\/\/pontechmarina.com\/de\/wp-json\/wp\/v2\/pages\/2014\/revisions"}],"predecessor-version":[{"id":2046,"href":"https:\/\/pontechmarina.com\/de\/wp-json\/wp\/v2\/pages\/2014\/revisions\/2046"}],"wp:featuredmedia":[{"embeddable":true,"href":"https:\/\/pontechmarina.com\/de\/wp-json\/wp\/v2\/media\/1964"}],"wp:attachment":[{"href":"https:\/\/pontechmarina.com\/de\/wp-json\/wp\/v2\/media?parent=2014"}],"wp:term":[{"taxonomy":"huvudkategori","embeddable":true,"href":"https:\/\/pontechmarina.com\/de\/wp-json\/wp\/v2\/huvudkategori?post=2014"}],"curies":[{"name":"wp","href":"https:\/\/api.w.org\/{rel}","templated":true}]}}