{"id":2016,"date":"2025-12-10T11:27:12","date_gmt":"2025-12-10T10:27:12","guid":{"rendered":"https:\/\/pontechmarina.com\/de\/?page_id=2016"},"modified":"2025-12-12T09:30:10","modified_gmt":"2025-12-12T08:30:10","slug":"sicherheit-verteidigung","status":"publish","type":"page","link":"https:\/\/pontechmarina.com\/de\/sicherheit-verteidigung\/","title":{"rendered":"Sicherheit und Verteidigung"},"content":{"rendered":"<h5>Sicherheit und Bereitschaft in K\u00fcstenn\u00e4he sind wichtiger denn je. Unsere schwimmenden Betonplattformen sind eine robuste, flexible und zukunftssichere L\u00f6sung. Die in Schweden und Deutschland hergestellten Plattformen bieten die M\u00f6glichkeit einer schnell erweiterten Pr\u00e4senz und einer verbesserten operativen Kapazit\u00e4t, um neuen, zuk\u00fcnftigen Anforderungen gerecht zu werden.<\/h5>\n<h2>Sichere, nachhaltige L\u00f6sungen f\u00fcr die Sicherheit und Verteidigung auf See<\/h2>\n<p>Die deutsche K\u00fcstenwache und die Seenotrettung spielen eine entscheidende Rolle f\u00fcr unsere Sicherheit auf See. Mit wachsenden Aufgaben und mehr Schiffen im Einsatz steigt der Bedarf an zus\u00e4tzlichen Anlegepl\u00e4tzen entlang unserer K\u00fcsten.<\/p>\n<p>Herk\u00f6mmliche Kais sind oft teuer, zeitaufw\u00e4ndig im Bau und schwer anzupassen. Hier bieten schwimmende Betonpontons eine moderne Alternative, um den Anforderungen unserer Sicherheit und Verteidigung gerecht zu werden.<\/p>\n<p>Die Vorteile von schwimmenden Betonpontons sind vielf\u00e4ltig, hier sind einige davon:<\/p>\n<ul>\n<li><strong>Stabil und langlebig<\/strong>\u00a0\u2013 gebaut f\u00fcr raue Bedingungen das ganze Jahr \u00fcber<\/li>\n<li><strong>Lange Lebensdauer<\/strong>\u00a0\u2013 bis zu 60 Jahre bei minimalem Wartungsaufwand<\/li>\n<li><strong>Schnelle Installation<\/strong>\u00a0\u2013 ohne umfangreiche Erdarbeiten<\/li>\n<li><strong>Modular und versetzbar<\/strong>\u00a0\u2013 kann leicht an Bed\u00fcrfnisse und Standort angepasst werden<\/li>\n<li><strong>Bereit f\u00fcr den Betrieb<\/strong>\u00a0\u2013 mit Strom, Wasser, Sicherheitsausr\u00fcstung und Zugang f\u00fcr Personal<\/li>\n<\/ul>\n<h2>Pontech bietet:<\/h2>\n<ul style=\"font-weight: 400;\">\n<li>Beratung<\/li>\n<li>Projektleitung<\/li>\n<li>Projektierung und Konzeptionierung<\/li>\n<li>Komplette und skalierbare L\u00f6sungen mit sicheren Lieferketten<\/li>\n<\/ul>\n<p>Wir stehen stabil, zusammen.<\/p>\n","protected":false},"excerpt":{"rendered":"Sicherheit und Bereitschaft in K\u00fcstenn\u00e4he sind wichtiger denn je. Unsere schwimmenden Betonplattformen sind eine robuste, flexible und zukunftssichere L\u00f6sung. Die in Schweden und Deutschland hergestellten Plattformen bieten die M\u00f6glichkeit einer schnell erweiterten Pr\u00e4senz und einer verbesserten operativen Kapazit\u00e4t, um neuen, zuk\u00fcnftigen Anforderungen gerecht zu werden. Sichere, nachhaltige L\u00f6sungen f\u00fcr die Sicherheit und Verteidigung auf See&#8230;","protected":false},"author":11,"featured_media":1968,"parent":0,"menu_order":0,"comment_status":"closed","ping_status":"closed","template":"undersida-kategorier.php","meta":{"_acf_changed":false,"inline_featured_image":false,"footnotes":""},"huvudkategori":[22],"class_list":["post-2016","page","type-page","status-publish","has-post-thumbnail","hentry","huvudkategori-sicherheit-verteidigung"],"acf":[],"yoast_head":"<!-- This site is optimized with the Yoast SEO plugin v27.0 - https:\/\/yoast.com\/product\/yoast-seo-wordpress\/ -->\n<title>Sicherheit und Verteidigung | Pontech de (Deutsch)<\/title>\n<meta name=\"robots\" content=\"index, follow, max-snippet:-1, max-image-preview:large, max-video-preview:-1\" \/>\n<link rel=\"canonical\" href=\"https:\/\/pontechmarina.com\/de\/sicherheit-verteidigung\/\" \/>\n<meta property=\"og:locale\" content=\"de_DE\" \/>\n<meta property=\"og:type\" content=\"article\" \/>\n<meta property=\"og:title\" content=\"Sicherheit und Verteidigung | Pontech de (Deutsch)\" \/>\n<meta property=\"og:description\" content=\"Sicherheit und Bereitschaft in K\u00fcstenn\u00e4he sind wichtiger denn je. Unsere schwimmenden Betonplattformen sind eine robuste, flexible und zukunftssichere L\u00f6sung. Die in Schweden und Deutschland hergestellten Plattformen bieten die M\u00f6glichkeit einer schnell erweiterten Pr\u00e4senz und einer verbesserten operativen Kapazit\u00e4t, um neuen, zuk\u00fcnftigen Anforderungen gerecht zu werden. Sichere, nachhaltige L\u00f6sungen f\u00fcr die Sicherheit und Verteidigung auf See...\" \/>\n<meta property=\"og:url\" content=\"https:\/\/pontechmarina.com\/de\/sicherheit-verteidigung\/\" \/>\n<meta property=\"og:site_name\" content=\"Pontech de (Deutsch)\" \/>\n<meta property=\"article:modified_time\" content=\"2025-12-12T08:30:10+00:00\" \/>\n<meta property=\"og:image\" content=\"https:\/\/pontechmarina.com\/de\/wp-content\/uploads\/sites\/6\/2025\/12\/kustbevakningen-pontech.jpg\" \/>\n\t<meta property=\"og:image:width\" content=\"1024\" \/>\n\t<meta property=\"og:image:height\" content=\"704\" \/>\n\t<meta property=\"og:image:type\" content=\"image\/jpeg\" \/>\n<meta name=\"twitter:card\" content=\"summary_large_image\" \/>\n<meta name=\"twitter:label1\" content=\"Gesch\u00e4tzte Lesezeit\" \/>\n\t<meta name=\"twitter:data1\" content=\"2\u00a0Minuten\" \/>\n<script type=\"application\/ld+json\" class=\"yoast-schema-graph\">{\"@context\":\"https:\/\/schema.org\",\"@graph\":[{\"@type\":\"WebPage\",\"@id\":\"https:\/\/pontechmarina.com\/de\/sicherheit-verteidigung\/\",\"url\":\"https:\/\/pontechmarina.com\/de\/sicherheit-verteidigung\/\",\"name\":\"Sicherheit und Verteidigung | Pontech de (Deutsch)\",\"isPartOf\":{\"@id\":\"https:\/\/pontechmarina.com\/de\/#website\"},\"primaryImageOfPage\":{\"@id\":\"https:\/\/pontechmarina.com\/de\/sicherheit-verteidigung\/#primaryimage\"},\"image\":{\"@id\":\"https:\/\/pontechmarina.com\/de\/sicherheit-verteidigung\/#primaryimage\"},\"thumbnailUrl\":\"https:\/\/pontechmarina.com\/de\/wp-content\/uploads\/sites\/6\/2025\/12\/kustbevakningen-pontech.jpg\",\"datePublished\":\"2025-12-10T10:27:12+00:00\",\"dateModified\":\"2025-12-12T08:30:10+00:00\",\"breadcrumb\":{\"@id\":\"https:\/\/pontechmarina.com\/de\/sicherheit-verteidigung\/#breadcrumb\"},\"inLanguage\":\"de\",\"potentialAction\":[{\"@type\":\"ReadAction\",\"target\":[\"https:\/\/pontechmarina.com\/de\/sicherheit-verteidigung\/\"]}]},{\"@type\":\"ImageObject\",\"inLanguage\":\"de\",\"@id\":\"https:\/\/pontechmarina.com\/de\/sicherheit-verteidigung\/#primaryimage\",\"url\":\"https:\/\/pontechmarina.com\/de\/wp-content\/uploads\/sites\/6\/2025\/12\/kustbevakningen-pontech.jpg\",\"contentUrl\":\"https:\/\/pontechmarina.com\/de\/wp-content\/uploads\/sites\/6\/2025\/12\/kustbevakningen-pontech.jpg\",\"width\":1024,\"height\":704,\"caption\":\"Hafenpier mit Booten und Anlegesteg, ideal f\u00fcr Marina- und Bootsdienstleistungen.\"},{\"@type\":\"BreadcrumbList\",\"@id\":\"https:\/\/pontechmarina.com\/de\/sicherheit-verteidigung\/#breadcrumb\",\"itemListElement\":[{\"@type\":\"ListItem\",\"position\":1,\"name\":\"Home\",\"item\":\"https:\/\/pontechmarina.com\/de\/\"},{\"@type\":\"ListItem\",\"position\":2,\"name\":\"Sicherheit und Verteidigung\"}]},{\"@type\":\"WebSite\",\"@id\":\"https:\/\/pontechmarina.com\/de\/#website\",\"url\":\"https:\/\/pontechmarina.com\/de\/\",\"name\":\"Pontech de (Deutsch)\",\"description\":\"\",\"publisher\":{\"@id\":\"https:\/\/pontechmarina.com\/de\/#organization\"},\"potentialAction\":[{\"@type\":\"SearchAction\",\"target\":{\"@type\":\"EntryPoint\",\"urlTemplate\":\"https:\/\/pontechmarina.com\/de\/?s={search_term_string}\"},\"query-input\":{\"@type\":\"PropertyValueSpecification\",\"valueRequired\":true,\"valueName\":\"search_term_string\"}}],\"inLanguage\":\"de\"},{\"@type\":\"Organization\",\"@id\":\"https:\/\/pontechmarina.com\/de\/#organization\",\"name\":\"Pontech\",\"url\":\"https:\/\/pontechmarina.com\/de\/\",\"logo\":{\"@type\":\"ImageObject\",\"inLanguage\":\"de\",\"@id\":\"https:\/\/pontechmarina.com\/de\/#\/schema\/logo\/image\/\",\"url\":\"https:\/\/pontechmarina.com\/de\/wp-content\/uploads\/sites\/6\/2020\/11\/pontech-logo.jpg\",\"contentUrl\":\"https:\/\/pontechmarina.com\/de\/wp-content\/uploads\/sites\/6\/2020\/11\/pontech-logo.jpg\",\"width\":370,\"height\":168,\"caption\":\"Pontech\"},\"image\":{\"@id\":\"https:\/\/pontechmarina.com\/de\/#\/schema\/logo\/image\/\"}}]}<\/script>\n<!-- \/ Yoast SEO plugin. -->","yoast_head_json":{"title":"Sicherheit und Verteidigung | Pontech de (Deutsch)","robots":{"index":"index","follow":"follow","max-snippet":"max-snippet:-1","max-image-preview":"max-image-preview:large","max-video-preview":"max-video-preview:-1"},"canonical":"https:\/\/pontechmarina.com\/de\/sicherheit-verteidigung\/","og_locale":"de_DE","og_type":"article","og_title":"Sicherheit und Verteidigung | Pontech de (Deutsch)","og_description":"Sicherheit und Bereitschaft in K\u00fcstenn\u00e4he sind wichtiger denn je. Unsere schwimmenden Betonplattformen sind eine robuste, flexible und zukunftssichere L\u00f6sung. Die in Schweden und Deutschland hergestellten Plattformen bieten die M\u00f6glichkeit einer schnell erweiterten Pr\u00e4senz und einer verbesserten operativen Kapazit\u00e4t, um neuen, zuk\u00fcnftigen Anforderungen gerecht zu werden. Sichere, nachhaltige L\u00f6sungen f\u00fcr die Sicherheit und Verteidigung auf See...","og_url":"https:\/\/pontechmarina.com\/de\/sicherheit-verteidigung\/","og_site_name":"Pontech de (Deutsch)","article_modified_time":"2025-12-12T08:30:10+00:00","og_image":[{"width":1024,"height":704,"url":"https:\/\/pontechmarina.com\/de\/wp-content\/uploads\/sites\/6\/2025\/12\/kustbevakningen-pontech.jpg","type":"image\/jpeg"}],"twitter_card":"summary_large_image","twitter_misc":{"Gesch\u00e4tzte Lesezeit":"2\u00a0Minuten"},"schema":{"@context":"https:\/\/schema.org","@graph":[{"@type":"WebPage","@id":"https:\/\/pontechmarina.com\/de\/sicherheit-verteidigung\/","url":"https:\/\/pontechmarina.com\/de\/sicherheit-verteidigung\/","name":"Sicherheit und Verteidigung | Pontech de (Deutsch)","isPartOf":{"@id":"https:\/\/pontechmarina.com\/de\/#website"},"primaryImageOfPage":{"@id":"https:\/\/pontechmarina.com\/de\/sicherheit-verteidigung\/#primaryimage"},"image":{"@id":"https:\/\/pontechmarina.com\/de\/sicherheit-verteidigung\/#primaryimage"},"thumbnailUrl":"https:\/\/pontechmarina.com\/de\/wp-content\/uploads\/sites\/6\/2025\/12\/kustbevakningen-pontech.jpg","datePublished":"2025-12-10T10:27:12+00:00","dateModified":"2025-12-12T08:30:10+00:00","breadcrumb":{"@id":"https:\/\/pontechmarina.com\/de\/sicherheit-verteidigung\/#breadcrumb"},"inLanguage":"de","potentialAction":[{"@type":"ReadAction","target":["https:\/\/pontechmarina.com\/de\/sicherheit-verteidigung\/"]}]},{"@type":"ImageObject","inLanguage":"de","@id":"https:\/\/pontechmarina.com\/de\/sicherheit-verteidigung\/#primaryimage","url":"https:\/\/pontechmarina.com\/de\/wp-content\/uploads\/sites\/6\/2025\/12\/kustbevakningen-pontech.jpg","contentUrl":"https:\/\/pontechmarina.com\/de\/wp-content\/uploads\/sites\/6\/2025\/12\/kustbevakningen-pontech.jpg","width":1024,"height":704,"caption":"Hafenpier mit Booten und Anlegesteg, ideal f\u00fcr Marina- und Bootsdienstleistungen."},{"@type":"BreadcrumbList","@id":"https:\/\/pontechmarina.com\/de\/sicherheit-verteidigung\/#breadcrumb","itemListElement":[{"@type":"ListItem","position":1,"name":"Home","item":"https:\/\/pontechmarina.com\/de\/"},{"@type":"ListItem","position":2,"name":"Sicherheit und Verteidigung"}]},{"@type":"WebSite","@id":"https:\/\/pontechmarina.com\/de\/#website","url":"https:\/\/pontechmarina.com\/de\/","name":"Pontech de (Deutsch)","description":"","publisher":{"@id":"https:\/\/pontechmarina.com\/de\/#organization"},"potentialAction":[{"@type":"SearchAction","target":{"@type":"EntryPoint","urlTemplate":"https:\/\/pontechmarina.com\/de\/?s={search_term_string}"},"query-input":{"@type":"PropertyValueSpecification","valueRequired":true,"valueName":"search_term_string"}}],"inLanguage":"de"},{"@type":"Organization","@id":"https:\/\/pontechmarina.com\/de\/#organization","name":"Pontech","url":"https:\/\/pontechmarina.com\/de\/","logo":{"@type":"ImageObject","inLanguage":"de","@id":"https:\/\/pontechmarina.com\/de\/#\/schema\/logo\/image\/","url":"https:\/\/pontechmarina.com\/de\/wp-content\/uploads\/sites\/6\/2020\/11\/pontech-logo.jpg","contentUrl":"https:\/\/pontechmarina.com\/de\/wp-content\/uploads\/sites\/6\/2020\/11\/pontech-logo.jpg","width":370,"height":168,"caption":"Pontech"},"image":{"@id":"https:\/\/pontechmarina.com\/de\/#\/schema\/logo\/image\/"}}]}},"_links":{"self":[{"href":"https:\/\/pontechmarina.com\/de\/wp-json\/wp\/v2\/pages\/2016","targetHints":{"allow":["GET"]}}],"collection":[{"href":"https:\/\/pontechmarina.com\/de\/wp-json\/wp\/v2\/pages"}],"about":[{"href":"https:\/\/pontechmarina.com\/de\/wp-json\/wp\/v2\/types\/page"}],"author":[{"embeddable":true,"href":"https:\/\/pontechmarina.com\/de\/wp-json\/wp\/v2\/users\/11"}],"replies":[{"embeddable":true,"href":"https:\/\/pontechmarina.com\/de\/wp-json\/wp\/v2\/comments?post=2016"}],"version-history":[{"count":3,"href":"https:\/\/pontechmarina.com\/de\/wp-json\/wp\/v2\/pages\/2016\/revisions"}],"predecessor-version":[{"id":2035,"href":"https:\/\/pontechmarina.com\/de\/wp-json\/wp\/v2\/pages\/2016\/revisions\/2035"}],"wp:featuredmedia":[{"embeddable":true,"href":"https:\/\/pontechmarina.com\/de\/wp-json\/wp\/v2\/media\/1968"}],"wp:attachment":[{"href":"https:\/\/pontechmarina.com\/de\/wp-json\/wp\/v2\/media?parent=2016"}],"wp:term":[{"taxonomy":"huvudkategori","embeddable":true,"href":"https:\/\/pontechmarina.com\/de\/wp-json\/wp\/v2\/huvudkategori?post=2016"}],"curies":[{"name":"wp","href":"https:\/\/api.w.org\/{rel}","templated":true}]}}