{"id":2018,"date":"2025-12-10T11:29:05","date_gmt":"2025-12-10T10:29:05","guid":{"rendered":"https:\/\/pontechmarina.com\/de\/?page_id=2018"},"modified":"2026-02-20T16:18:13","modified_gmt":"2026-02-20T15:18:13","slug":"andere","status":"publish","type":"page","link":"https:\/\/pontechmarina.com\/de\/andere\/","title":{"rendered":"Andere"},"content":{"rendered":"<h5>Haben Sie jemals daran gedacht, etwas v\u00f6llig Neues an einem Ort zu bauen, der noch nicht existiert?<\/h5>\n<p>Schwimmende Betonpontons sind nicht nur eine Konstruktion. Sie sind Plattformen f\u00fcr Visionen, f\u00fcr Ideen, Begegnungen und eine zuk\u00fcnftige Lebensweise. Eine L\u00f6sung, die Generationen \u00fcberdauert und gleichzeitig den Herausforderungen der Zukunft wie Klimawandel und steigenden Meeresspiegeln gerecht wird. Sie er\u00f6ffnen eine v\u00f6llig neue Art, \u00fcber Stadtentwicklung, Treffpunkte und Lebensqualit\u00e4t nachzudenken.<\/p>\n<p>Warum nicht schon jetzt auf die Zukunft vorbereitet sein?<\/p>\n<p>Die Projekte auf schwimmenden Betonpontons sind unbegrenzt \u2013 was k\u00f6nnen Sie verwirklichen?<\/p>\n<ul style=\"font-weight: 400;\">\n<li>Einen schwimmenden Spa mit Sauna und Blick auf das offene Wasser.<\/li>\n<li>Ein schwimmendes Hotel, in dem jedes Zimmer seinen eigenen Sonnenaufgang und Sonnenuntergang hat.<\/li>\n<li>Eine Promenade auf dem Wasser entlang eines sonst unzug\u00e4nglichen K\u00fcstenstreifens.<\/li>\n<li>Ein schwimmendes B\u00fcro, das Raum f\u00fcr Kreativit\u00e4t bietet.<\/li>\n<li>Ein schwimmendes Kulturhaus, in dem Musik auf Wellen trifft.<\/li>\n<li>Eine schwimmende Sportanlage mit einer Kombination aus verschiedenen Sportarten.<\/li>\n<\/ul>\n<p>Wir glauben, dass jede Vision eine Chance verdient Wirklichkeit zu werden.<\/p>\n<p>Was ist Ihre Vision?<\/p>\n","protected":false},"excerpt":{"rendered":"Haben Sie jemals daran gedacht, etwas v\u00f6llig Neues an einem Ort zu bauen, der noch nicht existiert? Schwimmende Betonpontons sind nicht nur eine Konstruktion. Sie sind Plattformen f\u00fcr Visionen, f\u00fcr Ideen, Begegnungen und eine zuk\u00fcnftige Lebensweise. Eine L\u00f6sung, die Generationen \u00fcberdauert und gleichzeitig den Herausforderungen der Zukunft wie Klimawandel und steigenden Meeresspiegeln gerecht wird. Sie&#8230;","protected":false},"author":11,"featured_media":228,"parent":0,"menu_order":0,"comment_status":"closed","ping_status":"closed","template":"undersida-kategorier.php","meta":{"_acf_changed":false,"inline_featured_image":false,"footnotes":""},"huvudkategori":[20],"class_list":["post-2018","page","type-page","status-publish","has-post-thumbnail","hentry","huvudkategori-andere"],"acf":[],"yoast_head":"<!-- This site is optimized with the Yoast SEO plugin v27.0 - https:\/\/yoast.com\/product\/yoast-seo-wordpress\/ -->\n<title>Andere | Pontech de (Deutsch)<\/title>\n<meta name=\"description\" content=\"Schwimmende Betonpontons als Plattform f\u00fcr Hotels, Spa, B\u00fcros und Stadtentwicklung \u2013 nachhaltige L\u00f6sungen f\u00fcr Klimawandel und steigende Meeresspiegel.\" \/>\n<meta name=\"robots\" content=\"index, follow, max-snippet:-1, max-image-preview:large, max-video-preview:-1\" \/>\n<link rel=\"canonical\" href=\"https:\/\/pontechmarina.com\/de\/andere\/\" \/>\n<meta property=\"og:locale\" content=\"de_DE\" \/>\n<meta property=\"og:type\" content=\"article\" \/>\n<meta property=\"og:title\" content=\"Andere | Pontech de (Deutsch)\" \/>\n<meta property=\"og:description\" content=\"Schwimmende Betonpontons als Plattform f\u00fcr Hotels, Spa, B\u00fcros und Stadtentwicklung \u2013 nachhaltige L\u00f6sungen f\u00fcr Klimawandel und steigende Meeresspiegel.\" \/>\n<meta property=\"og:url\" content=\"https:\/\/pontechmarina.com\/de\/andere\/\" \/>\n<meta property=\"og:site_name\" content=\"Pontech de (Deutsch)\" \/>\n<meta property=\"article:modified_time\" content=\"2026-02-20T15:18:13+00:00\" \/>\n<meta property=\"og:image\" content=\"https:\/\/pontechmarina.com\/de\/wp-content\/uploads\/sites\/6\/2020\/09\/flytande-hotell.jpg\" \/>\n\t<meta property=\"og:image:width\" content=\"1300\" \/>\n\t<meta property=\"og:image:height\" content=\"952\" \/>\n\t<meta property=\"og:image:type\" content=\"image\/jpeg\" \/>\n<meta name=\"twitter:card\" content=\"summary_large_image\" \/>\n<meta name=\"twitter:label1\" content=\"Gesch\u00e4tzte Lesezeit\" \/>\n\t<meta name=\"twitter:data1\" content=\"2\u00a0Minuten\" \/>\n<script type=\"application\/ld+json\" class=\"yoast-schema-graph\">{\"@context\":\"https:\/\/schema.org\",\"@graph\":[{\"@type\":\"WebPage\",\"@id\":\"https:\/\/pontechmarina.com\/de\/andere\/\",\"url\":\"https:\/\/pontechmarina.com\/de\/andere\/\",\"name\":\"Andere | Pontech de (Deutsch)\",\"isPartOf\":{\"@id\":\"https:\/\/pontechmarina.com\/de\/#website\"},\"primaryImageOfPage\":{\"@id\":\"https:\/\/pontechmarina.com\/de\/andere\/#primaryimage\"},\"image\":{\"@id\":\"https:\/\/pontechmarina.com\/de\/andere\/#primaryimage\"},\"thumbnailUrl\":\"https:\/\/pontechmarina.com\/de\/wp-content\/uploads\/sites\/6\/2020\/09\/flytande-hotell.jpg\",\"datePublished\":\"2025-12-10T10:29:05+00:00\",\"dateModified\":\"2026-02-20T15:18:13+00:00\",\"description\":\"Schwimmende Betonpontons als Plattform f\u00fcr Hotels, Spa, B\u00fcros und Stadtentwicklung \u2013 nachhaltige L\u00f6sungen f\u00fcr Klimawandel und steigende Meeresspiegel.\",\"breadcrumb\":{\"@id\":\"https:\/\/pontechmarina.com\/de\/andere\/#breadcrumb\"},\"inLanguage\":\"de\",\"potentialAction\":[{\"@type\":\"ReadAction\",\"target\":[\"https:\/\/pontechmarina.com\/de\/andere\/\"]}]},{\"@type\":\"ImageObject\",\"inLanguage\":\"de\",\"@id\":\"https:\/\/pontechmarina.com\/de\/andere\/#primaryimage\",\"url\":\"https:\/\/pontechmarina.com\/de\/wp-content\/uploads\/sites\/6\/2020\/09\/flytande-hotell.jpg\",\"contentUrl\":\"https:\/\/pontechmarina.com\/de\/wp-content\/uploads\/sites\/6\/2020\/09\/flytande-hotell.jpg\",\"width\":1300,\"height\":952,\"caption\":\"Schwimmendes Hotel\"},{\"@type\":\"BreadcrumbList\",\"@id\":\"https:\/\/pontechmarina.com\/de\/andere\/#breadcrumb\",\"itemListElement\":[{\"@type\":\"ListItem\",\"position\":1,\"name\":\"Home\",\"item\":\"https:\/\/pontechmarina.com\/de\/\"},{\"@type\":\"ListItem\",\"position\":2,\"name\":\"Andere\"}]},{\"@type\":\"WebSite\",\"@id\":\"https:\/\/pontechmarina.com\/de\/#website\",\"url\":\"https:\/\/pontechmarina.com\/de\/\",\"name\":\"Pontech de (Deutsch)\",\"description\":\"\",\"publisher\":{\"@id\":\"https:\/\/pontechmarina.com\/de\/#organization\"},\"potentialAction\":[{\"@type\":\"SearchAction\",\"target\":{\"@type\":\"EntryPoint\",\"urlTemplate\":\"https:\/\/pontechmarina.com\/de\/?s={search_term_string}\"},\"query-input\":{\"@type\":\"PropertyValueSpecification\",\"valueRequired\":true,\"valueName\":\"search_term_string\"}}],\"inLanguage\":\"de\"},{\"@type\":\"Organization\",\"@id\":\"https:\/\/pontechmarina.com\/de\/#organization\",\"name\":\"Pontech\",\"url\":\"https:\/\/pontechmarina.com\/de\/\",\"logo\":{\"@type\":\"ImageObject\",\"inLanguage\":\"de\",\"@id\":\"https:\/\/pontechmarina.com\/de\/#\/schema\/logo\/image\/\",\"url\":\"https:\/\/pontechmarina.com\/de\/wp-content\/uploads\/sites\/6\/2020\/11\/pontech-logo.jpg\",\"contentUrl\":\"https:\/\/pontechmarina.com\/de\/wp-content\/uploads\/sites\/6\/2020\/11\/pontech-logo.jpg\",\"width\":370,\"height\":168,\"caption\":\"Pontech\"},\"image\":{\"@id\":\"https:\/\/pontechmarina.com\/de\/#\/schema\/logo\/image\/\"}}]}<\/script>\n<!-- \/ Yoast SEO plugin. -->","yoast_head_json":{"title":"Andere | Pontech de (Deutsch)","description":"Schwimmende Betonpontons als Plattform f\u00fcr Hotels, Spa, B\u00fcros und Stadtentwicklung \u2013 nachhaltige L\u00f6sungen f\u00fcr Klimawandel und steigende Meeresspiegel.","robots":{"index":"index","follow":"follow","max-snippet":"max-snippet:-1","max-image-preview":"max-image-preview:large","max-video-preview":"max-video-preview:-1"},"canonical":"https:\/\/pontechmarina.com\/de\/andere\/","og_locale":"de_DE","og_type":"article","og_title":"Andere | Pontech de (Deutsch)","og_description":"Schwimmende Betonpontons als Plattform f\u00fcr Hotels, Spa, B\u00fcros und Stadtentwicklung \u2013 nachhaltige L\u00f6sungen f\u00fcr Klimawandel und steigende Meeresspiegel.","og_url":"https:\/\/pontechmarina.com\/de\/andere\/","og_site_name":"Pontech de (Deutsch)","article_modified_time":"2026-02-20T15:18:13+00:00","og_image":[{"width":1300,"height":952,"url":"https:\/\/pontechmarina.com\/de\/wp-content\/uploads\/sites\/6\/2020\/09\/flytande-hotell.jpg","type":"image\/jpeg"}],"twitter_card":"summary_large_image","twitter_misc":{"Gesch\u00e4tzte Lesezeit":"2\u00a0Minuten"},"schema":{"@context":"https:\/\/schema.org","@graph":[{"@type":"WebPage","@id":"https:\/\/pontechmarina.com\/de\/andere\/","url":"https:\/\/pontechmarina.com\/de\/andere\/","name":"Andere | Pontech de (Deutsch)","isPartOf":{"@id":"https:\/\/pontechmarina.com\/de\/#website"},"primaryImageOfPage":{"@id":"https:\/\/pontechmarina.com\/de\/andere\/#primaryimage"},"image":{"@id":"https:\/\/pontechmarina.com\/de\/andere\/#primaryimage"},"thumbnailUrl":"https:\/\/pontechmarina.com\/de\/wp-content\/uploads\/sites\/6\/2020\/09\/flytande-hotell.jpg","datePublished":"2025-12-10T10:29:05+00:00","dateModified":"2026-02-20T15:18:13+00:00","description":"Schwimmende Betonpontons als Plattform f\u00fcr Hotels, Spa, B\u00fcros und Stadtentwicklung \u2013 nachhaltige L\u00f6sungen f\u00fcr Klimawandel und steigende Meeresspiegel.","breadcrumb":{"@id":"https:\/\/pontechmarina.com\/de\/andere\/#breadcrumb"},"inLanguage":"de","potentialAction":[{"@type":"ReadAction","target":["https:\/\/pontechmarina.com\/de\/andere\/"]}]},{"@type":"ImageObject","inLanguage":"de","@id":"https:\/\/pontechmarina.com\/de\/andere\/#primaryimage","url":"https:\/\/pontechmarina.com\/de\/wp-content\/uploads\/sites\/6\/2020\/09\/flytande-hotell.jpg","contentUrl":"https:\/\/pontechmarina.com\/de\/wp-content\/uploads\/sites\/6\/2020\/09\/flytande-hotell.jpg","width":1300,"height":952,"caption":"Schwimmendes Hotel"},{"@type":"BreadcrumbList","@id":"https:\/\/pontechmarina.com\/de\/andere\/#breadcrumb","itemListElement":[{"@type":"ListItem","position":1,"name":"Home","item":"https:\/\/pontechmarina.com\/de\/"},{"@type":"ListItem","position":2,"name":"Andere"}]},{"@type":"WebSite","@id":"https:\/\/pontechmarina.com\/de\/#website","url":"https:\/\/pontechmarina.com\/de\/","name":"Pontech de (Deutsch)","description":"","publisher":{"@id":"https:\/\/pontechmarina.com\/de\/#organization"},"potentialAction":[{"@type":"SearchAction","target":{"@type":"EntryPoint","urlTemplate":"https:\/\/pontechmarina.com\/de\/?s={search_term_string}"},"query-input":{"@type":"PropertyValueSpecification","valueRequired":true,"valueName":"search_term_string"}}],"inLanguage":"de"},{"@type":"Organization","@id":"https:\/\/pontechmarina.com\/de\/#organization","name":"Pontech","url":"https:\/\/pontechmarina.com\/de\/","logo":{"@type":"ImageObject","inLanguage":"de","@id":"https:\/\/pontechmarina.com\/de\/#\/schema\/logo\/image\/","url":"https:\/\/pontechmarina.com\/de\/wp-content\/uploads\/sites\/6\/2020\/11\/pontech-logo.jpg","contentUrl":"https:\/\/pontechmarina.com\/de\/wp-content\/uploads\/sites\/6\/2020\/11\/pontech-logo.jpg","width":370,"height":168,"caption":"Pontech"},"image":{"@id":"https:\/\/pontechmarina.com\/de\/#\/schema\/logo\/image\/"}}]}},"_links":{"self":[{"href":"https:\/\/pontechmarina.com\/de\/wp-json\/wp\/v2\/pages\/2018","targetHints":{"allow":["GET"]}}],"collection":[{"href":"https:\/\/pontechmarina.com\/de\/wp-json\/wp\/v2\/pages"}],"about":[{"href":"https:\/\/pontechmarina.com\/de\/wp-json\/wp\/v2\/types\/page"}],"author":[{"embeddable":true,"href":"https:\/\/pontechmarina.com\/de\/wp-json\/wp\/v2\/users\/11"}],"replies":[{"embeddable":true,"href":"https:\/\/pontechmarina.com\/de\/wp-json\/wp\/v2\/comments?post=2018"}],"version-history":[{"count":2,"href":"https:\/\/pontechmarina.com\/de\/wp-json\/wp\/v2\/pages\/2018\/revisions"}],"predecessor-version":[{"id":2036,"href":"https:\/\/pontechmarina.com\/de\/wp-json\/wp\/v2\/pages\/2018\/revisions\/2036"}],"wp:featuredmedia":[{"embeddable":true,"href":"https:\/\/pontechmarina.com\/de\/wp-json\/wp\/v2\/media\/228"}],"wp:attachment":[{"href":"https:\/\/pontechmarina.com\/de\/wp-json\/wp\/v2\/media?parent=2018"}],"wp:term":[{"taxonomy":"huvudkategori","embeddable":true,"href":"https:\/\/pontechmarina.com\/de\/wp-json\/wp\/v2\/huvudkategori?post=2018"}],"curies":[{"name":"wp","href":"https:\/\/api.w.org\/{rel}","templated":true}]}}