{"id":134,"date":"2020-09-28T16:21:42","date_gmt":"2020-09-28T14:21:42","guid":{"rendered":"http:\/\/pontech.se\/dko-doktorn.se\/?page_id=134"},"modified":"2026-02-20T13:04:15","modified_gmt":"2026-02-20T12:04:15","slug":"trae-betonbadebroer","status":"publish","type":"page","link":"https:\/\/pontechmarina.com\/dk\/produkter\/trae-betonbadebroer\/","title":{"rendered":"Tr\u00e6- &amp; Betonb\u00e5debroer"},"content":{"rendered":"","protected":false},"excerpt":{"rendered":"","protected":false},"author":1,"featured_media":174,"parent":130,"menu_order":0,"comment_status":"closed","ping_status":"closed","template":"page-produkt.php","meta":{"_acf_changed":false,"inline_featured_image":false,"footnotes":""},"class_list":["post-134","page","type-page","status-publish","has-post-thumbnail","hentry"],"acf":[],"yoast_head":"<!-- This site is optimized with the Yoast SEO plugin v27.0 - https:\/\/yoast.com\/product\/yoast-seo-wordpress\/ -->\n<title>Betonbroer og tr\u00e6broer | Pontech<\/title>\n<meta name=\"description\" content=\"Vi er en af de akt\u00f8rer, der s\u00e6tter standarden i branchen for beton- og tr\u00e6broer, pontoner og tilbeh\u00f8r. \u261e H\u00f8jeste kvalitet \u261e Milj\u00f8fokus \u261e Egne mont\u00f8rer\" \/>\n<meta name=\"robots\" content=\"index, follow, max-snippet:-1, max-image-preview:large, max-video-preview:-1\" \/>\n<link rel=\"canonical\" href=\"https:\/\/pontechmarina.com\/dk\/produkter\/trae-betonbadebroer\/\" \/>\n<meta property=\"og:locale\" content=\"da_DK\" \/>\n<meta property=\"og:type\" content=\"article\" \/>\n<meta property=\"og:title\" content=\"Betonbroer og tr\u00e6broer | Pontech\" \/>\n<meta property=\"og:description\" content=\"Vi er en af de akt\u00f8rer, der s\u00e6tter standarden i branchen for beton- og tr\u00e6broer, pontoner og tilbeh\u00f8r. \u261e H\u00f8jeste kvalitet \u261e Milj\u00f8fokus \u261e Egne mont\u00f8rer\" \/>\n<meta property=\"og:url\" content=\"https:\/\/pontechmarina.com\/dk\/produkter\/trae-betonbadebroer\/\" \/>\n<meta property=\"og:site_name\" content=\"Pontech Danska\" \/>\n<meta property=\"article:modified_time\" content=\"2026-02-20T12:04:15+00:00\" \/>\n<meta property=\"og:image\" content=\"https:\/\/pontechmarina.com\/dk\/wp-content\/uploads\/sites\/5\/2020\/09\/tra-betongbryggor.jpg\" \/>\n\t<meta property=\"og:image:width\" content=\"1200\" \/>\n\t<meta property=\"og:image:height\" content=\"822\" \/>\n\t<meta property=\"og:image:type\" content=\"image\/jpeg\" \/>\n<meta name=\"twitter:card\" content=\"summary_large_image\" \/>\n<meta name=\"twitter:label1\" content=\"Estimeret l\u00e6setid\" \/>\n\t<meta name=\"twitter:data1\" content=\"1 minut\" \/>\n<script type=\"application\/ld+json\" class=\"yoast-schema-graph\">{\"@context\":\"https:\/\/schema.org\",\"@graph\":[{\"@type\":\"WebPage\",\"@id\":\"https:\/\/pontechmarina.com\/dk\/produkter\/trae-betonbadebroer\/\",\"url\":\"https:\/\/pontechmarina.com\/dk\/produkter\/trae-betonbadebroer\/\",\"name\":\"Betonbroer og tr\u00e6broer | Pontech\",\"isPartOf\":{\"@id\":\"https:\/\/pontechmarina.com\/dk\/#website\"},\"primaryImageOfPage\":{\"@id\":\"https:\/\/pontechmarina.com\/dk\/produkter\/trae-betonbadebroer\/#primaryimage\"},\"image\":{\"@id\":\"https:\/\/pontechmarina.com\/dk\/produkter\/trae-betonbadebroer\/#primaryimage\"},\"thumbnailUrl\":\"https:\/\/pontechmarina.com\/dk\/wp-content\/uploads\/sites\/5\/2020\/09\/tra-betongbryggor.jpg\",\"datePublished\":\"2020-09-28T14:21:42+00:00\",\"dateModified\":\"2026-02-20T12:04:15+00:00\",\"description\":\"Vi er en af de akt\u00f8rer, der s\u00e6tter standarden i branchen for beton- og tr\u00e6broer, pontoner og tilbeh\u00f8r. \u261e H\u00f8jeste kvalitet \u261e Milj\u00f8fokus \u261e Egne mont\u00f8rer\",\"breadcrumb\":{\"@id\":\"https:\/\/pontechmarina.com\/dk\/produkter\/trae-betonbadebroer\/#breadcrumb\"},\"inLanguage\":\"da-DK\",\"potentialAction\":[{\"@type\":\"ReadAction\",\"target\":[\"https:\/\/pontechmarina.com\/dk\/produkter\/trae-betonbadebroer\/\"]}]},{\"@type\":\"ImageObject\",\"inLanguage\":\"da-DK\",\"@id\":\"https:\/\/pontechmarina.com\/dk\/produkter\/trae-betonbadebroer\/#primaryimage\",\"url\":\"https:\/\/pontechmarina.com\/dk\/wp-content\/uploads\/sites\/5\/2020\/09\/tra-betongbryggor.jpg\",\"contentUrl\":\"https:\/\/pontechmarina.com\/dk\/wp-content\/uploads\/sites\/5\/2020\/09\/tra-betongbryggor.jpg\",\"width\":1200,\"height\":822,\"caption\":\"Tr\u00e4 och betongbryggor\"},{\"@type\":\"BreadcrumbList\",\"@id\":\"https:\/\/pontechmarina.com\/dk\/produkter\/trae-betonbadebroer\/#breadcrumb\",\"itemListElement\":[{\"@type\":\"ListItem\",\"position\":1,\"name\":\"Hem\",\"item\":\"https:\/\/pontechmarina.com\/dk\/\"},{\"@type\":\"ListItem\",\"position\":2,\"name\":\"Produkter\",\"item\":\"https:\/\/pontechmarina.com\/dk\/produkter\/\"},{\"@type\":\"ListItem\",\"position\":3,\"name\":\"Tr\u00e6- &amp; Betonb\u00e5debroer\"}]},{\"@type\":\"WebSite\",\"@id\":\"https:\/\/pontechmarina.com\/dk\/#website\",\"url\":\"https:\/\/pontechmarina.com\/dk\/\",\"name\":\"Pontech Danska\",\"description\":\"\",\"publisher\":{\"@id\":\"https:\/\/pontechmarina.com\/dk\/#organization\"},\"potentialAction\":[{\"@type\":\"SearchAction\",\"target\":{\"@type\":\"EntryPoint\",\"urlTemplate\":\"https:\/\/pontechmarina.com\/dk\/?s={search_term_string}\"},\"query-input\":{\"@type\":\"PropertyValueSpecification\",\"valueRequired\":true,\"valueName\":\"search_term_string\"}}],\"inLanguage\":\"da-DK\"},{\"@type\":\"Organization\",\"@id\":\"https:\/\/pontechmarina.com\/dk\/#organization\",\"name\":\"Pontech\",\"url\":\"https:\/\/pontechmarina.com\/dk\/\",\"logo\":{\"@type\":\"ImageObject\",\"inLanguage\":\"da-DK\",\"@id\":\"https:\/\/pontechmarina.com\/dk\/#\/schema\/logo\/image\/\",\"url\":\"https:\/\/pontechmarina.com\/dk\/wp-content\/uploads\/sites\/5\/2020\/11\/pontech-logo.jpg\",\"contentUrl\":\"https:\/\/pontechmarina.com\/dk\/wp-content\/uploads\/sites\/5\/2020\/11\/pontech-logo.jpg\",\"width\":370,\"height\":168,\"caption\":\"Pontech\"},\"image\":{\"@id\":\"https:\/\/pontechmarina.com\/dk\/#\/schema\/logo\/image\/\"}}]}<\/script>\n<!-- \/ Yoast SEO plugin. -->","yoast_head_json":{"title":"Betonbroer og tr\u00e6broer | Pontech","description":"Vi er en af de akt\u00f8rer, der s\u00e6tter standarden i branchen for beton- og tr\u00e6broer, pontoner og tilbeh\u00f8r. \u261e H\u00f8jeste kvalitet \u261e Milj\u00f8fokus \u261e Egne mont\u00f8rer","robots":{"index":"index","follow":"follow","max-snippet":"max-snippet:-1","max-image-preview":"max-image-preview:large","max-video-preview":"max-video-preview:-1"},"canonical":"https:\/\/pontechmarina.com\/dk\/produkter\/trae-betonbadebroer\/","og_locale":"da_DK","og_type":"article","og_title":"Betonbroer og tr\u00e6broer | Pontech","og_description":"Vi er en af de akt\u00f8rer, der s\u00e6tter standarden i branchen for beton- og tr\u00e6broer, pontoner og tilbeh\u00f8r. \u261e H\u00f8jeste kvalitet \u261e Milj\u00f8fokus \u261e Egne mont\u00f8rer","og_url":"https:\/\/pontechmarina.com\/dk\/produkter\/trae-betonbadebroer\/","og_site_name":"Pontech Danska","article_modified_time":"2026-02-20T12:04:15+00:00","og_image":[{"width":1200,"height":822,"url":"https:\/\/pontechmarina.com\/dk\/wp-content\/uploads\/sites\/5\/2020\/09\/tra-betongbryggor.jpg","type":"image\/jpeg"}],"twitter_card":"summary_large_image","twitter_misc":{"Estimeret l\u00e6setid":"1 minut"},"schema":{"@context":"https:\/\/schema.org","@graph":[{"@type":"WebPage","@id":"https:\/\/pontechmarina.com\/dk\/produkter\/trae-betonbadebroer\/","url":"https:\/\/pontechmarina.com\/dk\/produkter\/trae-betonbadebroer\/","name":"Betonbroer og tr\u00e6broer | Pontech","isPartOf":{"@id":"https:\/\/pontechmarina.com\/dk\/#website"},"primaryImageOfPage":{"@id":"https:\/\/pontechmarina.com\/dk\/produkter\/trae-betonbadebroer\/#primaryimage"},"image":{"@id":"https:\/\/pontechmarina.com\/dk\/produkter\/trae-betonbadebroer\/#primaryimage"},"thumbnailUrl":"https:\/\/pontechmarina.com\/dk\/wp-content\/uploads\/sites\/5\/2020\/09\/tra-betongbryggor.jpg","datePublished":"2020-09-28T14:21:42+00:00","dateModified":"2026-02-20T12:04:15+00:00","description":"Vi er en af de akt\u00f8rer, der s\u00e6tter standarden i branchen for beton- og tr\u00e6broer, pontoner og tilbeh\u00f8r. \u261e H\u00f8jeste kvalitet \u261e Milj\u00f8fokus \u261e Egne mont\u00f8rer","breadcrumb":{"@id":"https:\/\/pontechmarina.com\/dk\/produkter\/trae-betonbadebroer\/#breadcrumb"},"inLanguage":"da-DK","potentialAction":[{"@type":"ReadAction","target":["https:\/\/pontechmarina.com\/dk\/produkter\/trae-betonbadebroer\/"]}]},{"@type":"ImageObject","inLanguage":"da-DK","@id":"https:\/\/pontechmarina.com\/dk\/produkter\/trae-betonbadebroer\/#primaryimage","url":"https:\/\/pontechmarina.com\/dk\/wp-content\/uploads\/sites\/5\/2020\/09\/tra-betongbryggor.jpg","contentUrl":"https:\/\/pontechmarina.com\/dk\/wp-content\/uploads\/sites\/5\/2020\/09\/tra-betongbryggor.jpg","width":1200,"height":822,"caption":"Tr\u00e4 och betongbryggor"},{"@type":"BreadcrumbList","@id":"https:\/\/pontechmarina.com\/dk\/produkter\/trae-betonbadebroer\/#breadcrumb","itemListElement":[{"@type":"ListItem","position":1,"name":"Hem","item":"https:\/\/pontechmarina.com\/dk\/"},{"@type":"ListItem","position":2,"name":"Produkter","item":"https:\/\/pontechmarina.com\/dk\/produkter\/"},{"@type":"ListItem","position":3,"name":"Tr\u00e6- &amp; Betonb\u00e5debroer"}]},{"@type":"WebSite","@id":"https:\/\/pontechmarina.com\/dk\/#website","url":"https:\/\/pontechmarina.com\/dk\/","name":"Pontech Danska","description":"","publisher":{"@id":"https:\/\/pontechmarina.com\/dk\/#organization"},"potentialAction":[{"@type":"SearchAction","target":{"@type":"EntryPoint","urlTemplate":"https:\/\/pontechmarina.com\/dk\/?s={search_term_string}"},"query-input":{"@type":"PropertyValueSpecification","valueRequired":true,"valueName":"search_term_string"}}],"inLanguage":"da-DK"},{"@type":"Organization","@id":"https:\/\/pontechmarina.com\/dk\/#organization","name":"Pontech","url":"https:\/\/pontechmarina.com\/dk\/","logo":{"@type":"ImageObject","inLanguage":"da-DK","@id":"https:\/\/pontechmarina.com\/dk\/#\/schema\/logo\/image\/","url":"https:\/\/pontechmarina.com\/dk\/wp-content\/uploads\/sites\/5\/2020\/11\/pontech-logo.jpg","contentUrl":"https:\/\/pontechmarina.com\/dk\/wp-content\/uploads\/sites\/5\/2020\/11\/pontech-logo.jpg","width":370,"height":168,"caption":"Pontech"},"image":{"@id":"https:\/\/pontechmarina.com\/dk\/#\/schema\/logo\/image\/"}}]}},"_links":{"self":[{"href":"https:\/\/pontechmarina.com\/dk\/wp-json\/wp\/v2\/pages\/134","targetHints":{"allow":["GET"]}}],"collection":[{"href":"https:\/\/pontechmarina.com\/dk\/wp-json\/wp\/v2\/pages"}],"about":[{"href":"https:\/\/pontechmarina.com\/dk\/wp-json\/wp\/v2\/types\/page"}],"author":[{"embeddable":true,"href":"https:\/\/pontechmarina.com\/dk\/wp-json\/wp\/v2\/users\/1"}],"replies":[{"embeddable":true,"href":"https:\/\/pontechmarina.com\/dk\/wp-json\/wp\/v2\/comments?post=134"}],"version-history":[{"count":26,"href":"https:\/\/pontechmarina.com\/dk\/wp-json\/wp\/v2\/pages\/134\/revisions"}],"predecessor-version":[{"id":947,"href":"https:\/\/pontechmarina.com\/dk\/wp-json\/wp\/v2\/pages\/134\/revisions\/947"}],"up":[{"embeddable":true,"href":"https:\/\/pontechmarina.com\/dk\/wp-json\/wp\/v2\/pages\/130"}],"wp:featuredmedia":[{"embeddable":true,"href":"https:\/\/pontechmarina.com\/dk\/wp-json\/wp\/v2\/media\/174"}],"wp:attachment":[{"href":"https:\/\/pontechmarina.com\/dk\/wp-json\/wp\/v2\/media?parent=134"}],"curies":[{"name":"wp","href":"https:\/\/api.w.org\/{rel}","templated":true}]}}