{"id":137,"date":"2020-09-28T16:22:31","date_gmt":"2020-09-28T14:22:31","guid":{"rendered":"http:\/\/pontech.se\/dko-doktorn.se\/?page_id=137"},"modified":"2021-01-18T13:12:48","modified_gmt":"2021-01-18T12:12:48","slug":"boelgebrydere","status":"publish","type":"page","link":"https:\/\/pontechmarina.com\/dk\/produkter\/boelgebrydere\/","title":{"rendered":"B\u00f8lgebrydere"},"content":{"rendered":"","protected":false},"excerpt":{"rendered":"","protected":false},"author":1,"featured_media":213,"parent":130,"menu_order":0,"comment_status":"closed","ping_status":"closed","template":"page-produkt.php","meta":{"_acf_changed":false,"inline_featured_image":false,"footnotes":""},"class_list":["post-137","page","type-page","status-publish","has-post-thumbnail","hentry"],"acf":[],"yoast_head":"<!-- This site is optimized with the Yoast SEO plugin v27.0 - https:\/\/yoast.com\/product\/yoast-seo-wordpress\/ -->\n<title>B\u00f8lgebryder | Flydende, i beton og til b\u00e5d | Pontech<\/title>\n<meta name=\"description\" content=\"Vi er en af de akt\u00f8rer, der s\u00e6tter standarden i branchen for b\u00f8lgebrydere, pontoner og tilbeh\u00f8r. \u261e H\u00f8jeste kvalitet \u261e Milj\u00f8fokus \u261e Egne mont\u00f8rer\" \/>\n<meta name=\"robots\" content=\"index, follow, max-snippet:-1, max-image-preview:large, max-video-preview:-1\" \/>\n<link rel=\"canonical\" href=\"https:\/\/pontechmarina.com\/dk\/produkter\/boelgebrydere\/\" \/>\n<meta property=\"og:locale\" content=\"da_DK\" \/>\n<meta property=\"og:type\" content=\"article\" \/>\n<meta property=\"og:title\" content=\"B\u00f8lgebryder | Flydende, i beton og til b\u00e5d | Pontech\" \/>\n<meta property=\"og:description\" content=\"Vi er en af de akt\u00f8rer, der s\u00e6tter standarden i branchen for b\u00f8lgebrydere, pontoner og tilbeh\u00f8r. \u261e H\u00f8jeste kvalitet \u261e Milj\u00f8fokus \u261e Egne mont\u00f8rer\" \/>\n<meta property=\"og:url\" content=\"https:\/\/pontechmarina.com\/dk\/produkter\/boelgebrydere\/\" \/>\n<meta property=\"og:site_name\" content=\"Pontech Danska\" \/>\n<meta property=\"article:modified_time\" content=\"2021-01-18T12:12:48+00:00\" \/>\n<meta property=\"og:image\" content=\"https:\/\/pontechmarina.com\/dk\/wp-content\/uploads\/sites\/5\/2020\/09\/vagbrytare.jpg\" \/>\n\t<meta property=\"og:image:width\" content=\"1000\" \/>\n\t<meta property=\"og:image:height\" content=\"750\" \/>\n\t<meta property=\"og:image:type\" content=\"image\/jpeg\" \/>\n<meta name=\"twitter:card\" content=\"summary_large_image\" \/>\n<script type=\"application\/ld+json\" class=\"yoast-schema-graph\">{\"@context\":\"https:\/\/schema.org\",\"@graph\":[{\"@type\":\"WebPage\",\"@id\":\"https:\/\/pontechmarina.com\/dk\/produkter\/boelgebrydere\/\",\"url\":\"https:\/\/pontechmarina.com\/dk\/produkter\/boelgebrydere\/\",\"name\":\"B\u00f8lgebryder | Flydende, i beton og til b\u00e5d | Pontech\",\"isPartOf\":{\"@id\":\"https:\/\/pontechmarina.com\/dk\/#website\"},\"primaryImageOfPage\":{\"@id\":\"https:\/\/pontechmarina.com\/dk\/produkter\/boelgebrydere\/#primaryimage\"},\"image\":{\"@id\":\"https:\/\/pontechmarina.com\/dk\/produkter\/boelgebrydere\/#primaryimage\"},\"thumbnailUrl\":\"https:\/\/pontechmarina.com\/dk\/wp-content\/uploads\/sites\/5\/2020\/09\/vagbrytare.jpg\",\"datePublished\":\"2020-09-28T14:22:31+00:00\",\"dateModified\":\"2021-01-18T12:12:48+00:00\",\"description\":\"Vi er en af de akt\u00f8rer, der s\u00e6tter standarden i branchen for b\u00f8lgebrydere, pontoner og tilbeh\u00f8r. \u261e H\u00f8jeste kvalitet \u261e Milj\u00f8fokus \u261e Egne mont\u00f8rer\",\"breadcrumb\":{\"@id\":\"https:\/\/pontechmarina.com\/dk\/produkter\/boelgebrydere\/#breadcrumb\"},\"inLanguage\":\"da-DK\",\"potentialAction\":[{\"@type\":\"ReadAction\",\"target\":[\"https:\/\/pontechmarina.com\/dk\/produkter\/boelgebrydere\/\"]}]},{\"@type\":\"ImageObject\",\"inLanguage\":\"da-DK\",\"@id\":\"https:\/\/pontechmarina.com\/dk\/produkter\/boelgebrydere\/#primaryimage\",\"url\":\"https:\/\/pontechmarina.com\/dk\/wp-content\/uploads\/sites\/5\/2020\/09\/vagbrytare.jpg\",\"contentUrl\":\"https:\/\/pontechmarina.com\/dk\/wp-content\/uploads\/sites\/5\/2020\/09\/vagbrytare.jpg\",\"width\":1000,\"height\":750,\"caption\":\"V\u00e5gbrytare\"},{\"@type\":\"BreadcrumbList\",\"@id\":\"https:\/\/pontechmarina.com\/dk\/produkter\/boelgebrydere\/#breadcrumb\",\"itemListElement\":[{\"@type\":\"ListItem\",\"position\":1,\"name\":\"Hem\",\"item\":\"https:\/\/pontechmarina.com\/dk\/\"},{\"@type\":\"ListItem\",\"position\":2,\"name\":\"Produkter\",\"item\":\"https:\/\/pontechmarina.com\/dk\/produkter\/\"},{\"@type\":\"ListItem\",\"position\":3,\"name\":\"B\u00f8lgebrydere\"}]},{\"@type\":\"WebSite\",\"@id\":\"https:\/\/pontechmarina.com\/dk\/#website\",\"url\":\"https:\/\/pontechmarina.com\/dk\/\",\"name\":\"Pontech Danska\",\"description\":\"\",\"publisher\":{\"@id\":\"https:\/\/pontechmarina.com\/dk\/#organization\"},\"potentialAction\":[{\"@type\":\"SearchAction\",\"target\":{\"@type\":\"EntryPoint\",\"urlTemplate\":\"https:\/\/pontechmarina.com\/dk\/?s={search_term_string}\"},\"query-input\":{\"@type\":\"PropertyValueSpecification\",\"valueRequired\":true,\"valueName\":\"search_term_string\"}}],\"inLanguage\":\"da-DK\"},{\"@type\":\"Organization\",\"@id\":\"https:\/\/pontechmarina.com\/dk\/#organization\",\"name\":\"Pontech\",\"url\":\"https:\/\/pontechmarina.com\/dk\/\",\"logo\":{\"@type\":\"ImageObject\",\"inLanguage\":\"da-DK\",\"@id\":\"https:\/\/pontechmarina.com\/dk\/#\/schema\/logo\/image\/\",\"url\":\"https:\/\/pontechmarina.com\/dk\/wp-content\/uploads\/sites\/5\/2020\/11\/pontech-logo.jpg\",\"contentUrl\":\"https:\/\/pontechmarina.com\/dk\/wp-content\/uploads\/sites\/5\/2020\/11\/pontech-logo.jpg\",\"width\":370,\"height\":168,\"caption\":\"Pontech\"},\"image\":{\"@id\":\"https:\/\/pontechmarina.com\/dk\/#\/schema\/logo\/image\/\"}}]}<\/script>\n<!-- \/ Yoast SEO plugin. -->","yoast_head_json":{"title":"B\u00f8lgebryder | Flydende, i beton og til b\u00e5d | Pontech","description":"Vi er en af de akt\u00f8rer, der s\u00e6tter standarden i branchen for b\u00f8lgebrydere, pontoner og tilbeh\u00f8r. \u261e H\u00f8jeste kvalitet \u261e Milj\u00f8fokus \u261e Egne mont\u00f8rer","robots":{"index":"index","follow":"follow","max-snippet":"max-snippet:-1","max-image-preview":"max-image-preview:large","max-video-preview":"max-video-preview:-1"},"canonical":"https:\/\/pontechmarina.com\/dk\/produkter\/boelgebrydere\/","og_locale":"da_DK","og_type":"article","og_title":"B\u00f8lgebryder | Flydende, i beton og til b\u00e5d | Pontech","og_description":"Vi er en af de akt\u00f8rer, der s\u00e6tter standarden i branchen for b\u00f8lgebrydere, pontoner og tilbeh\u00f8r. \u261e H\u00f8jeste kvalitet \u261e Milj\u00f8fokus \u261e Egne mont\u00f8rer","og_url":"https:\/\/pontechmarina.com\/dk\/produkter\/boelgebrydere\/","og_site_name":"Pontech Danska","article_modified_time":"2021-01-18T12:12:48+00:00","og_image":[{"width":1000,"height":750,"url":"https:\/\/pontechmarina.com\/dk\/wp-content\/uploads\/sites\/5\/2020\/09\/vagbrytare.jpg","type":"image\/jpeg"}],"twitter_card":"summary_large_image","schema":{"@context":"https:\/\/schema.org","@graph":[{"@type":"WebPage","@id":"https:\/\/pontechmarina.com\/dk\/produkter\/boelgebrydere\/","url":"https:\/\/pontechmarina.com\/dk\/produkter\/boelgebrydere\/","name":"B\u00f8lgebryder | Flydende, i beton og til b\u00e5d | Pontech","isPartOf":{"@id":"https:\/\/pontechmarina.com\/dk\/#website"},"primaryImageOfPage":{"@id":"https:\/\/pontechmarina.com\/dk\/produkter\/boelgebrydere\/#primaryimage"},"image":{"@id":"https:\/\/pontechmarina.com\/dk\/produkter\/boelgebrydere\/#primaryimage"},"thumbnailUrl":"https:\/\/pontechmarina.com\/dk\/wp-content\/uploads\/sites\/5\/2020\/09\/vagbrytare.jpg","datePublished":"2020-09-28T14:22:31+00:00","dateModified":"2021-01-18T12:12:48+00:00","description":"Vi er en af de akt\u00f8rer, der s\u00e6tter standarden i branchen for b\u00f8lgebrydere, pontoner og tilbeh\u00f8r. \u261e H\u00f8jeste kvalitet \u261e Milj\u00f8fokus \u261e Egne mont\u00f8rer","breadcrumb":{"@id":"https:\/\/pontechmarina.com\/dk\/produkter\/boelgebrydere\/#breadcrumb"},"inLanguage":"da-DK","potentialAction":[{"@type":"ReadAction","target":["https:\/\/pontechmarina.com\/dk\/produkter\/boelgebrydere\/"]}]},{"@type":"ImageObject","inLanguage":"da-DK","@id":"https:\/\/pontechmarina.com\/dk\/produkter\/boelgebrydere\/#primaryimage","url":"https:\/\/pontechmarina.com\/dk\/wp-content\/uploads\/sites\/5\/2020\/09\/vagbrytare.jpg","contentUrl":"https:\/\/pontechmarina.com\/dk\/wp-content\/uploads\/sites\/5\/2020\/09\/vagbrytare.jpg","width":1000,"height":750,"caption":"V\u00e5gbrytare"},{"@type":"BreadcrumbList","@id":"https:\/\/pontechmarina.com\/dk\/produkter\/boelgebrydere\/#breadcrumb","itemListElement":[{"@type":"ListItem","position":1,"name":"Hem","item":"https:\/\/pontechmarina.com\/dk\/"},{"@type":"ListItem","position":2,"name":"Produkter","item":"https:\/\/pontechmarina.com\/dk\/produkter\/"},{"@type":"ListItem","position":3,"name":"B\u00f8lgebrydere"}]},{"@type":"WebSite","@id":"https:\/\/pontechmarina.com\/dk\/#website","url":"https:\/\/pontechmarina.com\/dk\/","name":"Pontech Danska","description":"","publisher":{"@id":"https:\/\/pontechmarina.com\/dk\/#organization"},"potentialAction":[{"@type":"SearchAction","target":{"@type":"EntryPoint","urlTemplate":"https:\/\/pontechmarina.com\/dk\/?s={search_term_string}"},"query-input":{"@type":"PropertyValueSpecification","valueRequired":true,"valueName":"search_term_string"}}],"inLanguage":"da-DK"},{"@type":"Organization","@id":"https:\/\/pontechmarina.com\/dk\/#organization","name":"Pontech","url":"https:\/\/pontechmarina.com\/dk\/","logo":{"@type":"ImageObject","inLanguage":"da-DK","@id":"https:\/\/pontechmarina.com\/dk\/#\/schema\/logo\/image\/","url":"https:\/\/pontechmarina.com\/dk\/wp-content\/uploads\/sites\/5\/2020\/11\/pontech-logo.jpg","contentUrl":"https:\/\/pontechmarina.com\/dk\/wp-content\/uploads\/sites\/5\/2020\/11\/pontech-logo.jpg","width":370,"height":168,"caption":"Pontech"},"image":{"@id":"https:\/\/pontechmarina.com\/dk\/#\/schema\/logo\/image\/"}}]}},"_links":{"self":[{"href":"https:\/\/pontechmarina.com\/dk\/wp-json\/wp\/v2\/pages\/137","targetHints":{"allow":["GET"]}}],"collection":[{"href":"https:\/\/pontechmarina.com\/dk\/wp-json\/wp\/v2\/pages"}],"about":[{"href":"https:\/\/pontechmarina.com\/dk\/wp-json\/wp\/v2\/types\/page"}],"author":[{"embeddable":true,"href":"https:\/\/pontechmarina.com\/dk\/wp-json\/wp\/v2\/users\/1"}],"replies":[{"embeddable":true,"href":"https:\/\/pontechmarina.com\/dk\/wp-json\/wp\/v2\/comments?post=137"}],"version-history":[{"count":17,"href":"https:\/\/pontechmarina.com\/dk\/wp-json\/wp\/v2\/pages\/137\/revisions"}],"predecessor-version":[{"id":847,"href":"https:\/\/pontechmarina.com\/dk\/wp-json\/wp\/v2\/pages\/137\/revisions\/847"}],"up":[{"embeddable":true,"href":"https:\/\/pontechmarina.com\/dk\/wp-json\/wp\/v2\/pages\/130"}],"wp:featuredmedia":[{"embeddable":true,"href":"https:\/\/pontechmarina.com\/dk\/wp-json\/wp\/v2\/media\/213"}],"wp:attachment":[{"href":"https:\/\/pontechmarina.com\/dk\/wp-json\/wp\/v2\/media?parent=137"}],"curies":[{"name":"wp","href":"https:\/\/api.w.org\/{rel}","templated":true}]}}