{"id":143,"date":"2020-09-28T16:23:47","date_gmt":"2020-09-28T14:23:47","guid":{"rendered":"http:\/\/pontech.se\/dko-doktorn.se\/?page_id=143"},"modified":"2025-09-09T14:24:07","modified_gmt":"2025-09-09T12:24:07","slug":"y-bommen","status":"publish","type":"page","link":"https:\/\/pontechmarina.com\/dk\/produkter\/y-bommen\/","title":{"rendered":"Y-bommen"},"content":{"rendered":"","protected":false},"excerpt":{"rendered":"","protected":false},"author":1,"featured_media":219,"parent":130,"menu_order":0,"comment_status":"closed","ping_status":"closed","template":"page-produkt.php","meta":{"_acf_changed":false,"inline_featured_image":false,"footnotes":""},"class_list":["post-143","page","type-page","status-publish","has-post-thumbnail","hentry"],"acf":[],"yoast_head":"<!-- This site is optimized with the Yoast SEO plugin v27.0 - https:\/\/yoast.com\/product\/yoast-seo-wordpress\/ -->\n<title>Y-bommen, gangbroer og flyder | Pontech<\/title>\n<meta name=\"description\" content=\"Vi hos Pontech er en af de akt\u00f8rer, der s\u00e6tter standarden i branchen for Y-bommen (b\u00e5dbarrierer), gangbroer og flydende kroppe. \u261e H\u00f8jeste kvalitet \u261e Milj\u00f8fokus\" \/>\n<meta name=\"robots\" content=\"index, follow, max-snippet:-1, max-image-preview:large, max-video-preview:-1\" \/>\n<link rel=\"canonical\" href=\"https:\/\/pontechmarina.com\/dk\/produkter\/y-bommen\/\" \/>\n<meta property=\"og:locale\" content=\"da_DK\" \/>\n<meta property=\"og:type\" content=\"article\" \/>\n<meta property=\"og:title\" content=\"Y-bommen, gangbroer og flyder | Pontech\" \/>\n<meta property=\"og:description\" content=\"Vi hos Pontech er en af de akt\u00f8rer, der s\u00e6tter standarden i branchen for Y-bommen (b\u00e5dbarrierer), gangbroer og flydende kroppe. \u261e H\u00f8jeste kvalitet \u261e Milj\u00f8fokus\" \/>\n<meta property=\"og:url\" content=\"https:\/\/pontechmarina.com\/dk\/produkter\/y-bommen\/\" \/>\n<meta property=\"og:site_name\" content=\"Pontech Danska\" \/>\n<meta property=\"article:modified_time\" content=\"2025-09-09T12:24:07+00:00\" \/>\n<meta property=\"og:image\" content=\"https:\/\/pontechmarina.com\/dk\/wp-content\/uploads\/sites\/5\/2020\/09\/y-bom.jpg\" \/>\n\t<meta property=\"og:image:width\" content=\"1000\" \/>\n\t<meta property=\"og:image:height\" content=\"717\" \/>\n\t<meta property=\"og:image:type\" content=\"image\/jpeg\" \/>\n<meta name=\"twitter:card\" content=\"summary_large_image\" \/>\n<meta name=\"twitter:label1\" content=\"Estimeret l\u00e6setid\" \/>\n\t<meta name=\"twitter:data1\" content=\"1 minut\" \/>\n<script type=\"application\/ld+json\" class=\"yoast-schema-graph\">{\"@context\":\"https:\/\/schema.org\",\"@graph\":[{\"@type\":\"WebPage\",\"@id\":\"https:\/\/pontechmarina.com\/dk\/produkter\/y-bommen\/\",\"url\":\"https:\/\/pontechmarina.com\/dk\/produkter\/y-bommen\/\",\"name\":\"Y-bommen, gangbroer og flyder | Pontech\",\"isPartOf\":{\"@id\":\"https:\/\/pontechmarina.com\/dk\/#website\"},\"primaryImageOfPage\":{\"@id\":\"https:\/\/pontechmarina.com\/dk\/produkter\/y-bommen\/#primaryimage\"},\"image\":{\"@id\":\"https:\/\/pontechmarina.com\/dk\/produkter\/y-bommen\/#primaryimage\"},\"thumbnailUrl\":\"https:\/\/pontechmarina.com\/dk\/wp-content\/uploads\/sites\/5\/2020\/09\/y-bom.jpg\",\"datePublished\":\"2020-09-28T14:23:47+00:00\",\"dateModified\":\"2025-09-09T12:24:07+00:00\",\"description\":\"Vi hos Pontech er en af de akt\u00f8rer, der s\u00e6tter standarden i branchen for Y-bommen (b\u00e5dbarrierer), gangbroer og flydende kroppe. \u261e H\u00f8jeste kvalitet \u261e Milj\u00f8fokus\",\"breadcrumb\":{\"@id\":\"https:\/\/pontechmarina.com\/dk\/produkter\/y-bommen\/#breadcrumb\"},\"inLanguage\":\"da-DK\",\"potentialAction\":[{\"@type\":\"ReadAction\",\"target\":[\"https:\/\/pontechmarina.com\/dk\/produkter\/y-bommen\/\"]}]},{\"@type\":\"ImageObject\",\"inLanguage\":\"da-DK\",\"@id\":\"https:\/\/pontechmarina.com\/dk\/produkter\/y-bommen\/#primaryimage\",\"url\":\"https:\/\/pontechmarina.com\/dk\/wp-content\/uploads\/sites\/5\/2020\/09\/y-bom.jpg\",\"contentUrl\":\"https:\/\/pontechmarina.com\/dk\/wp-content\/uploads\/sites\/5\/2020\/09\/y-bom.jpg\",\"width\":1000,\"height\":717,\"caption\":\"Y-bommar fr\u00e5n Pontech\"},{\"@type\":\"BreadcrumbList\",\"@id\":\"https:\/\/pontechmarina.com\/dk\/produkter\/y-bommen\/#breadcrumb\",\"itemListElement\":[{\"@type\":\"ListItem\",\"position\":1,\"name\":\"Hem\",\"item\":\"https:\/\/pontechmarina.com\/dk\/\"},{\"@type\":\"ListItem\",\"position\":2,\"name\":\"Produkter\",\"item\":\"https:\/\/pontechmarina.com\/dk\/produkter\/\"},{\"@type\":\"ListItem\",\"position\":3,\"name\":\"Y-bommen\"}]},{\"@type\":\"WebSite\",\"@id\":\"https:\/\/pontechmarina.com\/dk\/#website\",\"url\":\"https:\/\/pontechmarina.com\/dk\/\",\"name\":\"Pontech Danska\",\"description\":\"\",\"publisher\":{\"@id\":\"https:\/\/pontechmarina.com\/dk\/#organization\"},\"potentialAction\":[{\"@type\":\"SearchAction\",\"target\":{\"@type\":\"EntryPoint\",\"urlTemplate\":\"https:\/\/pontechmarina.com\/dk\/?s={search_term_string}\"},\"query-input\":{\"@type\":\"PropertyValueSpecification\",\"valueRequired\":true,\"valueName\":\"search_term_string\"}}],\"inLanguage\":\"da-DK\"},{\"@type\":\"Organization\",\"@id\":\"https:\/\/pontechmarina.com\/dk\/#organization\",\"name\":\"Pontech\",\"url\":\"https:\/\/pontechmarina.com\/dk\/\",\"logo\":{\"@type\":\"ImageObject\",\"inLanguage\":\"da-DK\",\"@id\":\"https:\/\/pontechmarina.com\/dk\/#\/schema\/logo\/image\/\",\"url\":\"https:\/\/pontechmarina.com\/dk\/wp-content\/uploads\/sites\/5\/2020\/11\/pontech-logo.jpg\",\"contentUrl\":\"https:\/\/pontechmarina.com\/dk\/wp-content\/uploads\/sites\/5\/2020\/11\/pontech-logo.jpg\",\"width\":370,\"height\":168,\"caption\":\"Pontech\"},\"image\":{\"@id\":\"https:\/\/pontechmarina.com\/dk\/#\/schema\/logo\/image\/\"}}]}<\/script>\n<!-- \/ Yoast SEO plugin. -->","yoast_head_json":{"title":"Y-bommen, gangbroer og flyder | Pontech","description":"Vi hos Pontech er en af de akt\u00f8rer, der s\u00e6tter standarden i branchen for Y-bommen (b\u00e5dbarrierer), gangbroer og flydende kroppe. \u261e H\u00f8jeste kvalitet \u261e Milj\u00f8fokus","robots":{"index":"index","follow":"follow","max-snippet":"max-snippet:-1","max-image-preview":"max-image-preview:large","max-video-preview":"max-video-preview:-1"},"canonical":"https:\/\/pontechmarina.com\/dk\/produkter\/y-bommen\/","og_locale":"da_DK","og_type":"article","og_title":"Y-bommen, gangbroer og flyder | Pontech","og_description":"Vi hos Pontech er en af de akt\u00f8rer, der s\u00e6tter standarden i branchen for Y-bommen (b\u00e5dbarrierer), gangbroer og flydende kroppe. \u261e H\u00f8jeste kvalitet \u261e Milj\u00f8fokus","og_url":"https:\/\/pontechmarina.com\/dk\/produkter\/y-bommen\/","og_site_name":"Pontech Danska","article_modified_time":"2025-09-09T12:24:07+00:00","og_image":[{"width":1000,"height":717,"url":"https:\/\/pontechmarina.com\/dk\/wp-content\/uploads\/sites\/5\/2020\/09\/y-bom.jpg","type":"image\/jpeg"}],"twitter_card":"summary_large_image","twitter_misc":{"Estimeret l\u00e6setid":"1 minut"},"schema":{"@context":"https:\/\/schema.org","@graph":[{"@type":"WebPage","@id":"https:\/\/pontechmarina.com\/dk\/produkter\/y-bommen\/","url":"https:\/\/pontechmarina.com\/dk\/produkter\/y-bommen\/","name":"Y-bommen, gangbroer og flyder | Pontech","isPartOf":{"@id":"https:\/\/pontechmarina.com\/dk\/#website"},"primaryImageOfPage":{"@id":"https:\/\/pontechmarina.com\/dk\/produkter\/y-bommen\/#primaryimage"},"image":{"@id":"https:\/\/pontechmarina.com\/dk\/produkter\/y-bommen\/#primaryimage"},"thumbnailUrl":"https:\/\/pontechmarina.com\/dk\/wp-content\/uploads\/sites\/5\/2020\/09\/y-bom.jpg","datePublished":"2020-09-28T14:23:47+00:00","dateModified":"2025-09-09T12:24:07+00:00","description":"Vi hos Pontech er en af de akt\u00f8rer, der s\u00e6tter standarden i branchen for Y-bommen (b\u00e5dbarrierer), gangbroer og flydende kroppe. \u261e H\u00f8jeste kvalitet \u261e Milj\u00f8fokus","breadcrumb":{"@id":"https:\/\/pontechmarina.com\/dk\/produkter\/y-bommen\/#breadcrumb"},"inLanguage":"da-DK","potentialAction":[{"@type":"ReadAction","target":["https:\/\/pontechmarina.com\/dk\/produkter\/y-bommen\/"]}]},{"@type":"ImageObject","inLanguage":"da-DK","@id":"https:\/\/pontechmarina.com\/dk\/produkter\/y-bommen\/#primaryimage","url":"https:\/\/pontechmarina.com\/dk\/wp-content\/uploads\/sites\/5\/2020\/09\/y-bom.jpg","contentUrl":"https:\/\/pontechmarina.com\/dk\/wp-content\/uploads\/sites\/5\/2020\/09\/y-bom.jpg","width":1000,"height":717,"caption":"Y-bommar fr\u00e5n Pontech"},{"@type":"BreadcrumbList","@id":"https:\/\/pontechmarina.com\/dk\/produkter\/y-bommen\/#breadcrumb","itemListElement":[{"@type":"ListItem","position":1,"name":"Hem","item":"https:\/\/pontechmarina.com\/dk\/"},{"@type":"ListItem","position":2,"name":"Produkter","item":"https:\/\/pontechmarina.com\/dk\/produkter\/"},{"@type":"ListItem","position":3,"name":"Y-bommen"}]},{"@type":"WebSite","@id":"https:\/\/pontechmarina.com\/dk\/#website","url":"https:\/\/pontechmarina.com\/dk\/","name":"Pontech Danska","description":"","publisher":{"@id":"https:\/\/pontechmarina.com\/dk\/#organization"},"potentialAction":[{"@type":"SearchAction","target":{"@type":"EntryPoint","urlTemplate":"https:\/\/pontechmarina.com\/dk\/?s={search_term_string}"},"query-input":{"@type":"PropertyValueSpecification","valueRequired":true,"valueName":"search_term_string"}}],"inLanguage":"da-DK"},{"@type":"Organization","@id":"https:\/\/pontechmarina.com\/dk\/#organization","name":"Pontech","url":"https:\/\/pontechmarina.com\/dk\/","logo":{"@type":"ImageObject","inLanguage":"da-DK","@id":"https:\/\/pontechmarina.com\/dk\/#\/schema\/logo\/image\/","url":"https:\/\/pontechmarina.com\/dk\/wp-content\/uploads\/sites\/5\/2020\/11\/pontech-logo.jpg","contentUrl":"https:\/\/pontechmarina.com\/dk\/wp-content\/uploads\/sites\/5\/2020\/11\/pontech-logo.jpg","width":370,"height":168,"caption":"Pontech"},"image":{"@id":"https:\/\/pontechmarina.com\/dk\/#\/schema\/logo\/image\/"}}]}},"_links":{"self":[{"href":"https:\/\/pontechmarina.com\/dk\/wp-json\/wp\/v2\/pages\/143","targetHints":{"allow":["GET"]}}],"collection":[{"href":"https:\/\/pontechmarina.com\/dk\/wp-json\/wp\/v2\/pages"}],"about":[{"href":"https:\/\/pontechmarina.com\/dk\/wp-json\/wp\/v2\/types\/page"}],"author":[{"embeddable":true,"href":"https:\/\/pontechmarina.com\/dk\/wp-json\/wp\/v2\/users\/1"}],"replies":[{"embeddable":true,"href":"https:\/\/pontechmarina.com\/dk\/wp-json\/wp\/v2\/comments?post=143"}],"version-history":[{"count":38,"href":"https:\/\/pontechmarina.com\/dk\/wp-json\/wp\/v2\/pages\/143\/revisions"}],"predecessor-version":[{"id":911,"href":"https:\/\/pontechmarina.com\/dk\/wp-json\/wp\/v2\/pages\/143\/revisions\/911"}],"up":[{"embeddable":true,"href":"https:\/\/pontechmarina.com\/dk\/wp-json\/wp\/v2\/pages\/130"}],"wp:featuredmedia":[{"embeddable":true,"href":"https:\/\/pontechmarina.com\/dk\/wp-json\/wp\/v2\/media\/219"}],"wp:attachment":[{"href":"https:\/\/pontechmarina.com\/dk\/wp-json\/wp\/v2\/media?parent=143"}],"curies":[{"name":"wp","href":"https:\/\/api.w.org\/{rel}","templated":true}]}}