{"id":149,"date":"2020-09-28T16:25:32","date_gmt":"2020-09-28T14:25:32","guid":{"rendered":"http:\/\/pontech.se\/dko-doktorn.se\/?page_id=149"},"modified":"2022-10-25T12:51:47","modified_gmt":"2022-10-25T10:51:47","slug":"vores-proces","status":"publish","type":"page","link":"https:\/\/pontechmarina.com\/dk\/om-oss\/vores-proces\/","title":{"rendered":"Vores proces"},"content":{"rendered":"","protected":false},"excerpt":{"rendered":"","protected":false},"author":1,"featured_media":0,"parent":147,"menu_order":0,"comment_status":"closed","ping_status":"closed","template":"","meta":{"_acf_changed":false,"inline_featured_image":false,"footnotes":""},"class_list":["post-149","page","type-page","status-publish","hentry"],"acf":[],"yoast_head":"<!-- This site is optimized with the Yoast SEO plugin v27.0 - https:\/\/yoast.com\/product\/yoast-seo-wordpress\/ -->\n<title>Vores proces | Pontech Danska<\/title>\n<meta name=\"description\" content=\"Vi hos Pontech er en af de akt\u00f8rer, der s\u00e6tter standarden i branchen for flydebroer, pontoner og tilbeh\u00f8r. \u261e H\u00f8jeste kvalitet \u261e Milj\u00f8fokus \u261e Egne mont\u00f8rer\" \/>\n<meta name=\"robots\" content=\"index, follow, max-snippet:-1, max-image-preview:large, max-video-preview:-1\" \/>\n<link rel=\"canonical\" href=\"https:\/\/pontechmarina.com\/dk\/om-oss\/vores-proces\/\" \/>\n<meta property=\"og:locale\" content=\"da_DK\" \/>\n<meta property=\"og:type\" content=\"article\" \/>\n<meta property=\"og:title\" content=\"Vores proces | Pontech Danska\" \/>\n<meta property=\"og:description\" content=\"Vi hos Pontech er en af de akt\u00f8rer, der s\u00e6tter standarden i branchen for flydebroer, pontoner og tilbeh\u00f8r. \u261e H\u00f8jeste kvalitet \u261e Milj\u00f8fokus \u261e Egne mont\u00f8rer\" \/>\n<meta property=\"og:url\" content=\"https:\/\/pontechmarina.com\/dk\/om-oss\/vores-proces\/\" \/>\n<meta property=\"og:site_name\" content=\"Pontech Danska\" \/>\n<meta property=\"article:modified_time\" content=\"2022-10-25T10:51:47+00:00\" \/>\n<meta name=\"twitter:card\" content=\"summary_large_image\" \/>\n<script type=\"application\/ld+json\" class=\"yoast-schema-graph\">{\"@context\":\"https:\/\/schema.org\",\"@graph\":[{\"@type\":\"WebPage\",\"@id\":\"https:\/\/pontechmarina.com\/dk\/om-oss\/vores-proces\/\",\"url\":\"https:\/\/pontechmarina.com\/dk\/om-oss\/vores-proces\/\",\"name\":\"Vores proces | Pontech Danska\",\"isPartOf\":{\"@id\":\"https:\/\/pontechmarina.com\/dk\/#website\"},\"datePublished\":\"2020-09-28T14:25:32+00:00\",\"dateModified\":\"2022-10-25T10:51:47+00:00\",\"description\":\"Vi hos Pontech er en af de akt\u00f8rer, der s\u00e6tter standarden i branchen for flydebroer, pontoner og tilbeh\u00f8r. \u261e H\u00f8jeste kvalitet \u261e Milj\u00f8fokus \u261e Egne mont\u00f8rer\",\"breadcrumb\":{\"@id\":\"https:\/\/pontechmarina.com\/dk\/om-oss\/vores-proces\/#breadcrumb\"},\"inLanguage\":\"da-DK\",\"potentialAction\":[{\"@type\":\"ReadAction\",\"target\":[\"https:\/\/pontechmarina.com\/dk\/om-oss\/vores-proces\/\"]}]},{\"@type\":\"BreadcrumbList\",\"@id\":\"https:\/\/pontechmarina.com\/dk\/om-oss\/vores-proces\/#breadcrumb\",\"itemListElement\":[{\"@type\":\"ListItem\",\"position\":1,\"name\":\"Hem\",\"item\":\"https:\/\/pontechmarina.com\/dk\/\"},{\"@type\":\"ListItem\",\"position\":2,\"name\":\"Om os\",\"item\":\"https:\/\/pontechmarina.com\/dk\/om-oss\/\"},{\"@type\":\"ListItem\",\"position\":3,\"name\":\"Vores proces\"}]},{\"@type\":\"WebSite\",\"@id\":\"https:\/\/pontechmarina.com\/dk\/#website\",\"url\":\"https:\/\/pontechmarina.com\/dk\/\",\"name\":\"Pontech Danska\",\"description\":\"\",\"publisher\":{\"@id\":\"https:\/\/pontechmarina.com\/dk\/#organization\"},\"potentialAction\":[{\"@type\":\"SearchAction\",\"target\":{\"@type\":\"EntryPoint\",\"urlTemplate\":\"https:\/\/pontechmarina.com\/dk\/?s={search_term_string}\"},\"query-input\":{\"@type\":\"PropertyValueSpecification\",\"valueRequired\":true,\"valueName\":\"search_term_string\"}}],\"inLanguage\":\"da-DK\"},{\"@type\":\"Organization\",\"@id\":\"https:\/\/pontechmarina.com\/dk\/#organization\",\"name\":\"Pontech\",\"url\":\"https:\/\/pontechmarina.com\/dk\/\",\"logo\":{\"@type\":\"ImageObject\",\"inLanguage\":\"da-DK\",\"@id\":\"https:\/\/pontechmarina.com\/dk\/#\/schema\/logo\/image\/\",\"url\":\"https:\/\/pontechmarina.com\/dk\/wp-content\/uploads\/sites\/5\/2020\/11\/pontech-logo.jpg\",\"contentUrl\":\"https:\/\/pontechmarina.com\/dk\/wp-content\/uploads\/sites\/5\/2020\/11\/pontech-logo.jpg\",\"width\":370,\"height\":168,\"caption\":\"Pontech\"},\"image\":{\"@id\":\"https:\/\/pontechmarina.com\/dk\/#\/schema\/logo\/image\/\"}}]}<\/script>\n<!-- \/ Yoast SEO plugin. -->","yoast_head_json":{"title":"Vores proces | Pontech Danska","description":"Vi hos Pontech er en af de akt\u00f8rer, der s\u00e6tter standarden i branchen for flydebroer, pontoner og tilbeh\u00f8r. \u261e H\u00f8jeste kvalitet \u261e Milj\u00f8fokus \u261e Egne mont\u00f8rer","robots":{"index":"index","follow":"follow","max-snippet":"max-snippet:-1","max-image-preview":"max-image-preview:large","max-video-preview":"max-video-preview:-1"},"canonical":"https:\/\/pontechmarina.com\/dk\/om-oss\/vores-proces\/","og_locale":"da_DK","og_type":"article","og_title":"Vores proces | Pontech Danska","og_description":"Vi hos Pontech er en af de akt\u00f8rer, der s\u00e6tter standarden i branchen for flydebroer, pontoner og tilbeh\u00f8r. \u261e H\u00f8jeste kvalitet \u261e Milj\u00f8fokus \u261e Egne mont\u00f8rer","og_url":"https:\/\/pontechmarina.com\/dk\/om-oss\/vores-proces\/","og_site_name":"Pontech Danska","article_modified_time":"2022-10-25T10:51:47+00:00","twitter_card":"summary_large_image","schema":{"@context":"https:\/\/schema.org","@graph":[{"@type":"WebPage","@id":"https:\/\/pontechmarina.com\/dk\/om-oss\/vores-proces\/","url":"https:\/\/pontechmarina.com\/dk\/om-oss\/vores-proces\/","name":"Vores proces | Pontech Danska","isPartOf":{"@id":"https:\/\/pontechmarina.com\/dk\/#website"},"datePublished":"2020-09-28T14:25:32+00:00","dateModified":"2022-10-25T10:51:47+00:00","description":"Vi hos Pontech er en af de akt\u00f8rer, der s\u00e6tter standarden i branchen for flydebroer, pontoner og tilbeh\u00f8r. \u261e H\u00f8jeste kvalitet \u261e Milj\u00f8fokus \u261e Egne mont\u00f8rer","breadcrumb":{"@id":"https:\/\/pontechmarina.com\/dk\/om-oss\/vores-proces\/#breadcrumb"},"inLanguage":"da-DK","potentialAction":[{"@type":"ReadAction","target":["https:\/\/pontechmarina.com\/dk\/om-oss\/vores-proces\/"]}]},{"@type":"BreadcrumbList","@id":"https:\/\/pontechmarina.com\/dk\/om-oss\/vores-proces\/#breadcrumb","itemListElement":[{"@type":"ListItem","position":1,"name":"Hem","item":"https:\/\/pontechmarina.com\/dk\/"},{"@type":"ListItem","position":2,"name":"Om os","item":"https:\/\/pontechmarina.com\/dk\/om-oss\/"},{"@type":"ListItem","position":3,"name":"Vores proces"}]},{"@type":"WebSite","@id":"https:\/\/pontechmarina.com\/dk\/#website","url":"https:\/\/pontechmarina.com\/dk\/","name":"Pontech Danska","description":"","publisher":{"@id":"https:\/\/pontechmarina.com\/dk\/#organization"},"potentialAction":[{"@type":"SearchAction","target":{"@type":"EntryPoint","urlTemplate":"https:\/\/pontechmarina.com\/dk\/?s={search_term_string}"},"query-input":{"@type":"PropertyValueSpecification","valueRequired":true,"valueName":"search_term_string"}}],"inLanguage":"da-DK"},{"@type":"Organization","@id":"https:\/\/pontechmarina.com\/dk\/#organization","name":"Pontech","url":"https:\/\/pontechmarina.com\/dk\/","logo":{"@type":"ImageObject","inLanguage":"da-DK","@id":"https:\/\/pontechmarina.com\/dk\/#\/schema\/logo\/image\/","url":"https:\/\/pontechmarina.com\/dk\/wp-content\/uploads\/sites\/5\/2020\/11\/pontech-logo.jpg","contentUrl":"https:\/\/pontechmarina.com\/dk\/wp-content\/uploads\/sites\/5\/2020\/11\/pontech-logo.jpg","width":370,"height":168,"caption":"Pontech"},"image":{"@id":"https:\/\/pontechmarina.com\/dk\/#\/schema\/logo\/image\/"}}]}},"_links":{"self":[{"href":"https:\/\/pontechmarina.com\/dk\/wp-json\/wp\/v2\/pages\/149","targetHints":{"allow":["GET"]}}],"collection":[{"href":"https:\/\/pontechmarina.com\/dk\/wp-json\/wp\/v2\/pages"}],"about":[{"href":"https:\/\/pontechmarina.com\/dk\/wp-json\/wp\/v2\/types\/page"}],"author":[{"embeddable":true,"href":"https:\/\/pontechmarina.com\/dk\/wp-json\/wp\/v2\/users\/1"}],"replies":[{"embeddable":true,"href":"https:\/\/pontechmarina.com\/dk\/wp-json\/wp\/v2\/comments?post=149"}],"version-history":[{"count":24,"href":"https:\/\/pontechmarina.com\/dk\/wp-json\/wp\/v2\/pages\/149\/revisions"}],"predecessor-version":[{"id":873,"href":"https:\/\/pontechmarina.com\/dk\/wp-json\/wp\/v2\/pages\/149\/revisions\/873"}],"up":[{"embeddable":true,"href":"https:\/\/pontechmarina.com\/dk\/wp-json\/wp\/v2\/pages\/147"}],"wp:attachment":[{"href":"https:\/\/pontechmarina.com\/dk\/wp-json\/wp\/v2\/media?parent=149"}],"curies":[{"name":"wp","href":"https:\/\/api.w.org\/{rel}","templated":true}]}}