{"id":6,"date":"2020-09-28T16:17:58","date_gmt":"2020-09-28T14:17:58","guid":{"rendered":"http:\/\/pontech.se\/dko-doktorn.se\/?page_id=6"},"modified":"2022-10-25T11:48:35","modified_gmt":"2022-10-25T09:48:35","slug":"hem","status":"publish","type":"page","link":"https:\/\/pontechmarina.com\/dk\/","title":{"rendered":"Hem"},"content":{"rendered":"","protected":false},"excerpt":{"rendered":"","protected":false},"author":1,"featured_media":709,"parent":0,"menu_order":0,"comment_status":"closed","ping_status":"closed","template":"","meta":{"_acf_changed":false,"inline_featured_image":false,"footnotes":""},"class_list":["post-6","page","type-page","status-publish","has-post-thumbnail","hentry"],"acf":[],"yoast_head":"<!-- This site is optimized with the Yoast SEO plugin v27.0 - https:\/\/yoast.com\/product\/yoast-seo-wordpress\/ -->\n<title>Flydende broer og pontoner, der kan modst\u00e5 is | Pontech<\/title>\n<meta name=\"description\" content=\"Vi hos Pontech er en af de akt\u00f8rer, der s\u00e6tter standarden i branchen for flydende broer, pontoner og tilbeh\u00f8r. \u261e H\u00f8jeste kvalitet \u261e Milj\u00f8fokus \u261e Egne mont\u00f8rer\" \/>\n<meta name=\"robots\" content=\"index, follow, max-snippet:-1, max-image-preview:large, max-video-preview:-1\" \/>\n<link rel=\"canonical\" href=\"https:\/\/pontechmarina.com\/dk\/\" \/>\n<meta property=\"og:locale\" content=\"da_DK\" \/>\n<meta property=\"og:type\" content=\"article\" \/>\n<meta property=\"og:title\" content=\"Flydende broer og pontoner, der kan modst\u00e5 is | Pontech\" \/>\n<meta property=\"og:description\" content=\"Vi hos Pontech er en af de akt\u00f8rer, der s\u00e6tter standarden i branchen for flydende broer, pontoner og tilbeh\u00f8r. \u261e H\u00f8jeste kvalitet \u261e Milj\u00f8fokus \u261e Egne mont\u00f8rer\" \/>\n<meta property=\"og:url\" content=\"https:\/\/pontechmarina.com\/dk\/\" \/>\n<meta property=\"og:site_name\" content=\"Pontech Danska\" \/>\n<meta property=\"article:modified_time\" content=\"2022-10-25T09:48:35+00:00\" \/>\n<meta property=\"og:image\" content=\"https:\/\/pontechmarina.com\/dk\/wp-content\/uploads\/sites\/5\/2020\/10\/ettans-bathamn.jpg\" \/>\n\t<meta property=\"og:image:width\" content=\"1200\" \/>\n\t<meta property=\"og:image:height\" content=\"675\" \/>\n\t<meta property=\"og:image:type\" content=\"image\/jpeg\" \/>\n<meta name=\"twitter:card\" content=\"summary_large_image\" \/>\n<script type=\"application\/ld+json\" class=\"yoast-schema-graph\">{\"@context\":\"https:\/\/schema.org\",\"@graph\":[{\"@type\":\"WebPage\",\"@id\":\"https:\/\/pontechmarina.com\/dk\/\",\"url\":\"https:\/\/pontechmarina.com\/dk\/\",\"name\":\"Flydende broer og pontoner, der kan modst\u00e5 is | Pontech\",\"isPartOf\":{\"@id\":\"https:\/\/pontechmarina.com\/dk\/#website\"},\"primaryImageOfPage\":{\"@id\":\"https:\/\/pontechmarina.com\/dk\/#primaryimage\"},\"image\":{\"@id\":\"https:\/\/pontechmarina.com\/dk\/#primaryimage\"},\"thumbnailUrl\":\"https:\/\/pontechmarina.com\/dk\/wp-content\/uploads\/sites\/5\/2020\/10\/ettans-bathamn.jpg\",\"datePublished\":\"2020-09-28T14:17:58+00:00\",\"dateModified\":\"2022-10-25T09:48:35+00:00\",\"description\":\"Vi hos Pontech er en af de akt\u00f8rer, der s\u00e6tter standarden i branchen for flydende broer, pontoner og tilbeh\u00f8r. \u261e H\u00f8jeste kvalitet \u261e Milj\u00f8fokus \u261e Egne mont\u00f8rer\",\"breadcrumb\":{\"@id\":\"https:\/\/pontechmarina.com\/dk\/#breadcrumb\"},\"inLanguage\":\"da-DK\",\"potentialAction\":[{\"@type\":\"ReadAction\",\"target\":[\"https:\/\/pontechmarina.com\/dk\/\"]}]},{\"@type\":\"ImageObject\",\"inLanguage\":\"da-DK\",\"@id\":\"https:\/\/pontechmarina.com\/dk\/#primaryimage\",\"url\":\"https:\/\/pontechmarina.com\/dk\/wp-content\/uploads\/sites\/5\/2020\/10\/ettans-bathamn.jpg\",\"contentUrl\":\"https:\/\/pontechmarina.com\/dk\/wp-content\/uploads\/sites\/5\/2020\/10\/ettans-bathamn.jpg\",\"width\":1200,\"height\":675,\"caption\":\"Ettans b\u00e5thamn\"},{\"@type\":\"BreadcrumbList\",\"@id\":\"https:\/\/pontechmarina.com\/dk\/#breadcrumb\",\"itemListElement\":[{\"@type\":\"ListItem\",\"position\":1,\"name\":\"Hem\",\"item\":\"https:\/\/pontechmarina.com\/dk\/\"},{\"@type\":\"ListItem\",\"position\":2,\"name\":\"Hem\"}]},{\"@type\":\"WebSite\",\"@id\":\"https:\/\/pontechmarina.com\/dk\/#website\",\"url\":\"https:\/\/pontechmarina.com\/dk\/\",\"name\":\"Pontech Danska\",\"description\":\"\",\"publisher\":{\"@id\":\"https:\/\/pontechmarina.com\/dk\/#organization\"},\"potentialAction\":[{\"@type\":\"SearchAction\",\"target\":{\"@type\":\"EntryPoint\",\"urlTemplate\":\"https:\/\/pontechmarina.com\/dk\/?s={search_term_string}\"},\"query-input\":{\"@type\":\"PropertyValueSpecification\",\"valueRequired\":true,\"valueName\":\"search_term_string\"}}],\"inLanguage\":\"da-DK\"},{\"@type\":\"Organization\",\"@id\":\"https:\/\/pontechmarina.com\/dk\/#organization\",\"name\":\"Pontech\",\"url\":\"https:\/\/pontechmarina.com\/dk\/\",\"logo\":{\"@type\":\"ImageObject\",\"inLanguage\":\"da-DK\",\"@id\":\"https:\/\/pontechmarina.com\/dk\/#\/schema\/logo\/image\/\",\"url\":\"https:\/\/pontechmarina.com\/dk\/wp-content\/uploads\/sites\/5\/2020\/11\/pontech-logo.jpg\",\"contentUrl\":\"https:\/\/pontechmarina.com\/dk\/wp-content\/uploads\/sites\/5\/2020\/11\/pontech-logo.jpg\",\"width\":370,\"height\":168,\"caption\":\"Pontech\"},\"image\":{\"@id\":\"https:\/\/pontechmarina.com\/dk\/#\/schema\/logo\/image\/\"}}]}<\/script>\n<!-- \/ Yoast SEO plugin. -->","yoast_head_json":{"title":"Flydende broer og pontoner, der kan modst\u00e5 is | Pontech","description":"Vi hos Pontech er en af de akt\u00f8rer, der s\u00e6tter standarden i branchen for flydende broer, pontoner og tilbeh\u00f8r. \u261e H\u00f8jeste kvalitet \u261e Milj\u00f8fokus \u261e Egne mont\u00f8rer","robots":{"index":"index","follow":"follow","max-snippet":"max-snippet:-1","max-image-preview":"max-image-preview:large","max-video-preview":"max-video-preview:-1"},"canonical":"https:\/\/pontechmarina.com\/dk\/","og_locale":"da_DK","og_type":"article","og_title":"Flydende broer og pontoner, der kan modst\u00e5 is | Pontech","og_description":"Vi hos Pontech er en af de akt\u00f8rer, der s\u00e6tter standarden i branchen for flydende broer, pontoner og tilbeh\u00f8r. \u261e H\u00f8jeste kvalitet \u261e Milj\u00f8fokus \u261e Egne mont\u00f8rer","og_url":"https:\/\/pontechmarina.com\/dk\/","og_site_name":"Pontech Danska","article_modified_time":"2022-10-25T09:48:35+00:00","og_image":[{"width":1200,"height":675,"url":"https:\/\/pontechmarina.com\/dk\/wp-content\/uploads\/sites\/5\/2020\/10\/ettans-bathamn.jpg","type":"image\/jpeg"}],"twitter_card":"summary_large_image","schema":{"@context":"https:\/\/schema.org","@graph":[{"@type":"WebPage","@id":"https:\/\/pontechmarina.com\/dk\/","url":"https:\/\/pontechmarina.com\/dk\/","name":"Flydende broer og pontoner, der kan modst\u00e5 is | Pontech","isPartOf":{"@id":"https:\/\/pontechmarina.com\/dk\/#website"},"primaryImageOfPage":{"@id":"https:\/\/pontechmarina.com\/dk\/#primaryimage"},"image":{"@id":"https:\/\/pontechmarina.com\/dk\/#primaryimage"},"thumbnailUrl":"https:\/\/pontechmarina.com\/dk\/wp-content\/uploads\/sites\/5\/2020\/10\/ettans-bathamn.jpg","datePublished":"2020-09-28T14:17:58+00:00","dateModified":"2022-10-25T09:48:35+00:00","description":"Vi hos Pontech er en af de akt\u00f8rer, der s\u00e6tter standarden i branchen for flydende broer, pontoner og tilbeh\u00f8r. \u261e H\u00f8jeste kvalitet \u261e Milj\u00f8fokus \u261e Egne mont\u00f8rer","breadcrumb":{"@id":"https:\/\/pontechmarina.com\/dk\/#breadcrumb"},"inLanguage":"da-DK","potentialAction":[{"@type":"ReadAction","target":["https:\/\/pontechmarina.com\/dk\/"]}]},{"@type":"ImageObject","inLanguage":"da-DK","@id":"https:\/\/pontechmarina.com\/dk\/#primaryimage","url":"https:\/\/pontechmarina.com\/dk\/wp-content\/uploads\/sites\/5\/2020\/10\/ettans-bathamn.jpg","contentUrl":"https:\/\/pontechmarina.com\/dk\/wp-content\/uploads\/sites\/5\/2020\/10\/ettans-bathamn.jpg","width":1200,"height":675,"caption":"Ettans b\u00e5thamn"},{"@type":"BreadcrumbList","@id":"https:\/\/pontechmarina.com\/dk\/#breadcrumb","itemListElement":[{"@type":"ListItem","position":1,"name":"Hem","item":"https:\/\/pontechmarina.com\/dk\/"},{"@type":"ListItem","position":2,"name":"Hem"}]},{"@type":"WebSite","@id":"https:\/\/pontechmarina.com\/dk\/#website","url":"https:\/\/pontechmarina.com\/dk\/","name":"Pontech Danska","description":"","publisher":{"@id":"https:\/\/pontechmarina.com\/dk\/#organization"},"potentialAction":[{"@type":"SearchAction","target":{"@type":"EntryPoint","urlTemplate":"https:\/\/pontechmarina.com\/dk\/?s={search_term_string}"},"query-input":{"@type":"PropertyValueSpecification","valueRequired":true,"valueName":"search_term_string"}}],"inLanguage":"da-DK"},{"@type":"Organization","@id":"https:\/\/pontechmarina.com\/dk\/#organization","name":"Pontech","url":"https:\/\/pontechmarina.com\/dk\/","logo":{"@type":"ImageObject","inLanguage":"da-DK","@id":"https:\/\/pontechmarina.com\/dk\/#\/schema\/logo\/image\/","url":"https:\/\/pontechmarina.com\/dk\/wp-content\/uploads\/sites\/5\/2020\/11\/pontech-logo.jpg","contentUrl":"https:\/\/pontechmarina.com\/dk\/wp-content\/uploads\/sites\/5\/2020\/11\/pontech-logo.jpg","width":370,"height":168,"caption":"Pontech"},"image":{"@id":"https:\/\/pontechmarina.com\/dk\/#\/schema\/logo\/image\/"}}]}},"_links":{"self":[{"href":"https:\/\/pontechmarina.com\/dk\/wp-json\/wp\/v2\/pages\/6","targetHints":{"allow":["GET"]}}],"collection":[{"href":"https:\/\/pontechmarina.com\/dk\/wp-json\/wp\/v2\/pages"}],"about":[{"href":"https:\/\/pontechmarina.com\/dk\/wp-json\/wp\/v2\/types\/page"}],"author":[{"embeddable":true,"href":"https:\/\/pontechmarina.com\/dk\/wp-json\/wp\/v2\/users\/1"}],"replies":[{"embeddable":true,"href":"https:\/\/pontechmarina.com\/dk\/wp-json\/wp\/v2\/comments?post=6"}],"version-history":[{"count":85,"href":"https:\/\/pontechmarina.com\/dk\/wp-json\/wp\/v2\/pages\/6\/revisions"}],"predecessor-version":[{"id":863,"href":"https:\/\/pontechmarina.com\/dk\/wp-json\/wp\/v2\/pages\/6\/revisions\/863"}],"wp:featuredmedia":[{"embeddable":true,"href":"https:\/\/pontechmarina.com\/dk\/wp-json\/wp\/v2\/media\/709"}],"wp:attachment":[{"href":"https:\/\/pontechmarina.com\/dk\/wp-json\/wp\/v2\/media?parent=6"}],"curies":[{"name":"wp","href":"https:\/\/api.w.org\/{rel}","templated":true}]}}