{"id":944,"date":"2026-02-20T11:15:59","date_gmt":"2026-02-20T10:15:59","guid":{"rendered":"https:\/\/pontechmarina.com\/dk\/?page_id=944"},"modified":"2026-02-20T11:57:45","modified_gmt":"2026-02-20T10:57:45","slug":"kundereferencer","status":"publish","type":"page","link":"https:\/\/pontechmarina.com\/dk\/kundereferencer\/","title":{"rendered":"Referencer"},"content":{"rendered":"","protected":false},"excerpt":{"rendered":"","protected":false},"author":11,"featured_media":0,"parent":0,"menu_order":0,"comment_status":"closed","ping_status":"closed","template":"template-referenser.php","meta":{"_acf_changed":false,"inline_featured_image":false,"footnotes":""},"class_list":["post-944","page","type-page","status-publish","hentry"],"acf":[],"yoast_head":"<!-- This site is optimized with the Yoast SEO plugin v27.0 - https:\/\/yoast.com\/product\/yoast-seo-wordpress\/ -->\n<title>Referencer | Pontech Danska<\/title>\n<meta name=\"description\" content=\"Se vores referencer inden for flydebroer, pontoner og maritime l\u00f8sninger. Pontech leverer skr\u00e6ddersyede projekter med h\u00f8j kvalitet, holdbar konstruktion og egne mont\u00f8rer.\" \/>\n<meta name=\"robots\" content=\"index, follow, max-snippet:-1, max-image-preview:large, max-video-preview:-1\" \/>\n<link rel=\"canonical\" href=\"https:\/\/pontechmarina.com\/dk\/kundereferencer\/\" \/>\n<meta property=\"og:locale\" content=\"da_DK\" \/>\n<meta property=\"og:type\" content=\"article\" \/>\n<meta property=\"og:title\" content=\"Referencer | Pontech Danska\" \/>\n<meta property=\"og:description\" content=\"Se vores referencer inden for flydebroer, pontoner og maritime l\u00f8sninger. Pontech leverer skr\u00e6ddersyede projekter med h\u00f8j kvalitet, holdbar konstruktion og egne mont\u00f8rer.\" \/>\n<meta property=\"og:url\" content=\"https:\/\/pontechmarina.com\/dk\/kundereferencer\/\" \/>\n<meta property=\"og:site_name\" content=\"Pontech Danska\" \/>\n<meta property=\"article:modified_time\" content=\"2026-02-20T10:57:45+00:00\" \/>\n<meta name=\"twitter:card\" content=\"summary_large_image\" \/>\n<script type=\"application\/ld+json\" class=\"yoast-schema-graph\">{\"@context\":\"https:\/\/schema.org\",\"@graph\":[{\"@type\":\"WebPage\",\"@id\":\"https:\/\/pontechmarina.com\/dk\/kundereferencer\/\",\"url\":\"https:\/\/pontechmarina.com\/dk\/kundereferencer\/\",\"name\":\"Referencer | Pontech Danska\",\"isPartOf\":{\"@id\":\"https:\/\/pontechmarina.com\/dk\/#website\"},\"datePublished\":\"2026-02-20T10:15:59+00:00\",\"dateModified\":\"2026-02-20T10:57:45+00:00\",\"description\":\"Se vores referencer inden for flydebroer, pontoner og maritime l\u00f8sninger. Pontech leverer skr\u00e6ddersyede projekter med h\u00f8j kvalitet, holdbar konstruktion og egne mont\u00f8rer.\",\"breadcrumb\":{\"@id\":\"https:\/\/pontechmarina.com\/dk\/kundereferencer\/#breadcrumb\"},\"inLanguage\":\"da-DK\",\"potentialAction\":[{\"@type\":\"ReadAction\",\"target\":[\"https:\/\/pontechmarina.com\/dk\/kundereferencer\/\"]}]},{\"@type\":\"BreadcrumbList\",\"@id\":\"https:\/\/pontechmarina.com\/dk\/kundereferencer\/#breadcrumb\",\"itemListElement\":[{\"@type\":\"ListItem\",\"position\":1,\"name\":\"Hem\",\"item\":\"https:\/\/pontechmarina.com\/dk\/\"},{\"@type\":\"ListItem\",\"position\":2,\"name\":\"Referencer\"}]},{\"@type\":\"WebSite\",\"@id\":\"https:\/\/pontechmarina.com\/dk\/#website\",\"url\":\"https:\/\/pontechmarina.com\/dk\/\",\"name\":\"Pontech Danska\",\"description\":\"\",\"publisher\":{\"@id\":\"https:\/\/pontechmarina.com\/dk\/#organization\"},\"potentialAction\":[{\"@type\":\"SearchAction\",\"target\":{\"@type\":\"EntryPoint\",\"urlTemplate\":\"https:\/\/pontechmarina.com\/dk\/?s={search_term_string}\"},\"query-input\":{\"@type\":\"PropertyValueSpecification\",\"valueRequired\":true,\"valueName\":\"search_term_string\"}}],\"inLanguage\":\"da-DK\"},{\"@type\":\"Organization\",\"@id\":\"https:\/\/pontechmarina.com\/dk\/#organization\",\"name\":\"Pontech\",\"url\":\"https:\/\/pontechmarina.com\/dk\/\",\"logo\":{\"@type\":\"ImageObject\",\"inLanguage\":\"da-DK\",\"@id\":\"https:\/\/pontechmarina.com\/dk\/#\/schema\/logo\/image\/\",\"url\":\"https:\/\/pontechmarina.com\/dk\/wp-content\/uploads\/sites\/5\/2020\/11\/pontech-logo.jpg\",\"contentUrl\":\"https:\/\/pontechmarina.com\/dk\/wp-content\/uploads\/sites\/5\/2020\/11\/pontech-logo.jpg\",\"width\":370,\"height\":168,\"caption\":\"Pontech\"},\"image\":{\"@id\":\"https:\/\/pontechmarina.com\/dk\/#\/schema\/logo\/image\/\"}}]}<\/script>\n<!-- \/ Yoast SEO plugin. -->","yoast_head_json":{"title":"Referencer | Pontech Danska","description":"Se vores referencer inden for flydebroer, pontoner og maritime l\u00f8sninger. Pontech leverer skr\u00e6ddersyede projekter med h\u00f8j kvalitet, holdbar konstruktion og egne mont\u00f8rer.","robots":{"index":"index","follow":"follow","max-snippet":"max-snippet:-1","max-image-preview":"max-image-preview:large","max-video-preview":"max-video-preview:-1"},"canonical":"https:\/\/pontechmarina.com\/dk\/kundereferencer\/","og_locale":"da_DK","og_type":"article","og_title":"Referencer | Pontech Danska","og_description":"Se vores referencer inden for flydebroer, pontoner og maritime l\u00f8sninger. Pontech leverer skr\u00e6ddersyede projekter med h\u00f8j kvalitet, holdbar konstruktion og egne mont\u00f8rer.","og_url":"https:\/\/pontechmarina.com\/dk\/kundereferencer\/","og_site_name":"Pontech Danska","article_modified_time":"2026-02-20T10:57:45+00:00","twitter_card":"summary_large_image","schema":{"@context":"https:\/\/schema.org","@graph":[{"@type":"WebPage","@id":"https:\/\/pontechmarina.com\/dk\/kundereferencer\/","url":"https:\/\/pontechmarina.com\/dk\/kundereferencer\/","name":"Referencer | Pontech Danska","isPartOf":{"@id":"https:\/\/pontechmarina.com\/dk\/#website"},"datePublished":"2026-02-20T10:15:59+00:00","dateModified":"2026-02-20T10:57:45+00:00","description":"Se vores referencer inden for flydebroer, pontoner og maritime l\u00f8sninger. Pontech leverer skr\u00e6ddersyede projekter med h\u00f8j kvalitet, holdbar konstruktion og egne mont\u00f8rer.","breadcrumb":{"@id":"https:\/\/pontechmarina.com\/dk\/kundereferencer\/#breadcrumb"},"inLanguage":"da-DK","potentialAction":[{"@type":"ReadAction","target":["https:\/\/pontechmarina.com\/dk\/kundereferencer\/"]}]},{"@type":"BreadcrumbList","@id":"https:\/\/pontechmarina.com\/dk\/kundereferencer\/#breadcrumb","itemListElement":[{"@type":"ListItem","position":1,"name":"Hem","item":"https:\/\/pontechmarina.com\/dk\/"},{"@type":"ListItem","position":2,"name":"Referencer"}]},{"@type":"WebSite","@id":"https:\/\/pontechmarina.com\/dk\/#website","url":"https:\/\/pontechmarina.com\/dk\/","name":"Pontech Danska","description":"","publisher":{"@id":"https:\/\/pontechmarina.com\/dk\/#organization"},"potentialAction":[{"@type":"SearchAction","target":{"@type":"EntryPoint","urlTemplate":"https:\/\/pontechmarina.com\/dk\/?s={search_term_string}"},"query-input":{"@type":"PropertyValueSpecification","valueRequired":true,"valueName":"search_term_string"}}],"inLanguage":"da-DK"},{"@type":"Organization","@id":"https:\/\/pontechmarina.com\/dk\/#organization","name":"Pontech","url":"https:\/\/pontechmarina.com\/dk\/","logo":{"@type":"ImageObject","inLanguage":"da-DK","@id":"https:\/\/pontechmarina.com\/dk\/#\/schema\/logo\/image\/","url":"https:\/\/pontechmarina.com\/dk\/wp-content\/uploads\/sites\/5\/2020\/11\/pontech-logo.jpg","contentUrl":"https:\/\/pontechmarina.com\/dk\/wp-content\/uploads\/sites\/5\/2020\/11\/pontech-logo.jpg","width":370,"height":168,"caption":"Pontech"},"image":{"@id":"https:\/\/pontechmarina.com\/dk\/#\/schema\/logo\/image\/"}}]}},"_links":{"self":[{"href":"https:\/\/pontechmarina.com\/dk\/wp-json\/wp\/v2\/pages\/944","targetHints":{"allow":["GET"]}}],"collection":[{"href":"https:\/\/pontechmarina.com\/dk\/wp-json\/wp\/v2\/pages"}],"about":[{"href":"https:\/\/pontechmarina.com\/dk\/wp-json\/wp\/v2\/types\/page"}],"author":[{"embeddable":true,"href":"https:\/\/pontechmarina.com\/dk\/wp-json\/wp\/v2\/users\/11"}],"replies":[{"embeddable":true,"href":"https:\/\/pontechmarina.com\/dk\/wp-json\/wp\/v2\/comments?post=944"}],"version-history":[{"count":1,"href":"https:\/\/pontechmarina.com\/dk\/wp-json\/wp\/v2\/pages\/944\/revisions"}],"predecessor-version":[{"id":945,"href":"https:\/\/pontechmarina.com\/dk\/wp-json\/wp\/v2\/pages\/944\/revisions\/945"}],"wp:attachment":[{"href":"https:\/\/pontechmarina.com\/dk\/wp-json\/wp\/v2\/media?parent=944"}],"curies":[{"name":"wp","href":"https:\/\/api.w.org\/{rel}","templated":true}]}}