{"id":145,"date":"2020-09-28T16:24:04","date_gmt":"2020-09-28T14:24:04","guid":{"rendered":"http:\/\/pontech.se\/noo-doktorn.se\/?page_id=145"},"modified":"2021-01-19T13:09:09","modified_gmt":"2021-01-19T12:09:09","slug":"bryggetilbehor","status":"publish","type":"page","link":"https:\/\/pontechmarina.com\/no\/produkter\/bryggetilbehor\/","title":{"rendered":"Bryggetilbeh\u00f8r"},"content":{"rendered":"","protected":false},"excerpt":{"rendered":"","protected":false},"author":1,"featured_media":0,"parent":130,"menu_order":0,"comment_status":"closed","ping_status":"closed","template":"page-produkt.php","meta":{"_acf_changed":false,"inline_featured_image":false,"footnotes":""},"class_list":["post-145","page","type-page","status-publish","hentry"],"acf":[],"yoast_head":"<!-- This site is optimized with the Yoast SEO plugin v27.0 - https:\/\/yoast.com\/product\/yoast-seo-wordpress\/ -->\n<title>Komplett utvalg av bryggetilbeh\u00f8r | Pontech Norska<\/title>\n<meta name=\"description\" content=\"Vi i Pontech er en av akt\u00f8rene som setter standarden i bransjen for flytebrygger, pontonger og tilbeh\u00f8r. \u261e Av h\u00f8yeste kvalitet \u261e Milj\u00f8fokus \u261e Egne mont\u00f8rer\" \/>\n<meta name=\"robots\" content=\"index, follow, max-snippet:-1, max-image-preview:large, max-video-preview:-1\" \/>\n<link rel=\"canonical\" href=\"https:\/\/pontechmarina.com\/no\/produkter\/bryggetilbehor\/\" \/>\n<meta property=\"og:locale\" content=\"nb_NO\" \/>\n<meta property=\"og:type\" content=\"article\" \/>\n<meta property=\"og:title\" content=\"Komplett utvalg av bryggetilbeh\u00f8r | Pontech Norska\" \/>\n<meta property=\"og:description\" content=\"Vi i Pontech er en av akt\u00f8rene som setter standarden i bransjen for flytebrygger, pontonger og tilbeh\u00f8r. \u261e Av h\u00f8yeste kvalitet \u261e Milj\u00f8fokus \u261e Egne mont\u00f8rer\" \/>\n<meta property=\"og:url\" content=\"https:\/\/pontechmarina.com\/no\/produkter\/bryggetilbehor\/\" \/>\n<meta property=\"og:site_name\" content=\"Pontech Norska\" \/>\n<meta property=\"article:modified_time\" content=\"2021-01-19T12:09:09+00:00\" \/>\n<meta name=\"twitter:card\" content=\"summary_large_image\" \/>\n<script type=\"application\/ld+json\" class=\"yoast-schema-graph\">{\"@context\":\"https:\/\/schema.org\",\"@graph\":[{\"@type\":\"WebPage\",\"@id\":\"https:\/\/pontechmarina.com\/no\/produkter\/bryggetilbehor\/\",\"url\":\"https:\/\/pontechmarina.com\/no\/produkter\/bryggetilbehor\/\",\"name\":\"Komplett utvalg av bryggetilbeh\u00f8r | Pontech Norska\",\"isPartOf\":{\"@id\":\"https:\/\/pontechmarina.com\/no\/#website\"},\"datePublished\":\"2020-09-28T14:24:04+00:00\",\"dateModified\":\"2021-01-19T12:09:09+00:00\",\"description\":\"Vi i Pontech er en av akt\u00f8rene som setter standarden i bransjen for flytebrygger, pontonger og tilbeh\u00f8r. \u261e Av h\u00f8yeste kvalitet \u261e Milj\u00f8fokus \u261e Egne mont\u00f8rer\",\"breadcrumb\":{\"@id\":\"https:\/\/pontechmarina.com\/no\/produkter\/bryggetilbehor\/#breadcrumb\"},\"inLanguage\":\"nb-NO\",\"potentialAction\":[{\"@type\":\"ReadAction\",\"target\":[\"https:\/\/pontechmarina.com\/no\/produkter\/bryggetilbehor\/\"]}]},{\"@type\":\"BreadcrumbList\",\"@id\":\"https:\/\/pontechmarina.com\/no\/produkter\/bryggetilbehor\/#breadcrumb\",\"itemListElement\":[{\"@type\":\"ListItem\",\"position\":1,\"name\":\"Hem\",\"item\":\"https:\/\/pontechmarina.com\/no\/\"},{\"@type\":\"ListItem\",\"position\":2,\"name\":\"Produkter\",\"item\":\"https:\/\/pontechmarina.com\/no\/produkter\/\"},{\"@type\":\"ListItem\",\"position\":3,\"name\":\"Bryggetilbeh\u00f8r\"}]},{\"@type\":\"WebSite\",\"@id\":\"https:\/\/pontechmarina.com\/no\/#website\",\"url\":\"https:\/\/pontechmarina.com\/no\/\",\"name\":\"Pontech Norska\",\"description\":\"\",\"publisher\":{\"@id\":\"https:\/\/pontechmarina.com\/no\/#organization\"},\"potentialAction\":[{\"@type\":\"SearchAction\",\"target\":{\"@type\":\"EntryPoint\",\"urlTemplate\":\"https:\/\/pontechmarina.com\/no\/?s={search_term_string}\"},\"query-input\":{\"@type\":\"PropertyValueSpecification\",\"valueRequired\":true,\"valueName\":\"search_term_string\"}}],\"inLanguage\":\"nb-NO\"},{\"@type\":\"Organization\",\"@id\":\"https:\/\/pontechmarina.com\/no\/#organization\",\"name\":\"Pontech\",\"url\":\"https:\/\/pontechmarina.com\/no\/\",\"logo\":{\"@type\":\"ImageObject\",\"inLanguage\":\"nb-NO\",\"@id\":\"https:\/\/pontechmarina.com\/no\/#\/schema\/logo\/image\/\",\"url\":\"https:\/\/pontechmarina.com\/no\/wp-content\/uploads\/sites\/4\/2020\/11\/pontech-logo.jpg\",\"contentUrl\":\"https:\/\/pontechmarina.com\/no\/wp-content\/uploads\/sites\/4\/2020\/11\/pontech-logo.jpg\",\"width\":370,\"height\":168,\"caption\":\"Pontech\"},\"image\":{\"@id\":\"https:\/\/pontechmarina.com\/no\/#\/schema\/logo\/image\/\"}}]}<\/script>\n<!-- \/ Yoast SEO plugin. -->","yoast_head_json":{"title":"Komplett utvalg av bryggetilbeh\u00f8r | Pontech Norska","description":"Vi i Pontech er en av akt\u00f8rene som setter standarden i bransjen for flytebrygger, pontonger og tilbeh\u00f8r. \u261e Av h\u00f8yeste kvalitet \u261e Milj\u00f8fokus \u261e Egne mont\u00f8rer","robots":{"index":"index","follow":"follow","max-snippet":"max-snippet:-1","max-image-preview":"max-image-preview:large","max-video-preview":"max-video-preview:-1"},"canonical":"https:\/\/pontechmarina.com\/no\/produkter\/bryggetilbehor\/","og_locale":"nb_NO","og_type":"article","og_title":"Komplett utvalg av bryggetilbeh\u00f8r | Pontech Norska","og_description":"Vi i Pontech er en av akt\u00f8rene som setter standarden i bransjen for flytebrygger, pontonger og tilbeh\u00f8r. \u261e Av h\u00f8yeste kvalitet \u261e Milj\u00f8fokus \u261e Egne mont\u00f8rer","og_url":"https:\/\/pontechmarina.com\/no\/produkter\/bryggetilbehor\/","og_site_name":"Pontech Norska","article_modified_time":"2021-01-19T12:09:09+00:00","twitter_card":"summary_large_image","schema":{"@context":"https:\/\/schema.org","@graph":[{"@type":"WebPage","@id":"https:\/\/pontechmarina.com\/no\/produkter\/bryggetilbehor\/","url":"https:\/\/pontechmarina.com\/no\/produkter\/bryggetilbehor\/","name":"Komplett utvalg av bryggetilbeh\u00f8r | Pontech Norska","isPartOf":{"@id":"https:\/\/pontechmarina.com\/no\/#website"},"datePublished":"2020-09-28T14:24:04+00:00","dateModified":"2021-01-19T12:09:09+00:00","description":"Vi i Pontech er en av akt\u00f8rene som setter standarden i bransjen for flytebrygger, pontonger og tilbeh\u00f8r. \u261e Av h\u00f8yeste kvalitet \u261e Milj\u00f8fokus \u261e Egne mont\u00f8rer","breadcrumb":{"@id":"https:\/\/pontechmarina.com\/no\/produkter\/bryggetilbehor\/#breadcrumb"},"inLanguage":"nb-NO","potentialAction":[{"@type":"ReadAction","target":["https:\/\/pontechmarina.com\/no\/produkter\/bryggetilbehor\/"]}]},{"@type":"BreadcrumbList","@id":"https:\/\/pontechmarina.com\/no\/produkter\/bryggetilbehor\/#breadcrumb","itemListElement":[{"@type":"ListItem","position":1,"name":"Hem","item":"https:\/\/pontechmarina.com\/no\/"},{"@type":"ListItem","position":2,"name":"Produkter","item":"https:\/\/pontechmarina.com\/no\/produkter\/"},{"@type":"ListItem","position":3,"name":"Bryggetilbeh\u00f8r"}]},{"@type":"WebSite","@id":"https:\/\/pontechmarina.com\/no\/#website","url":"https:\/\/pontechmarina.com\/no\/","name":"Pontech Norska","description":"","publisher":{"@id":"https:\/\/pontechmarina.com\/no\/#organization"},"potentialAction":[{"@type":"SearchAction","target":{"@type":"EntryPoint","urlTemplate":"https:\/\/pontechmarina.com\/no\/?s={search_term_string}"},"query-input":{"@type":"PropertyValueSpecification","valueRequired":true,"valueName":"search_term_string"}}],"inLanguage":"nb-NO"},{"@type":"Organization","@id":"https:\/\/pontechmarina.com\/no\/#organization","name":"Pontech","url":"https:\/\/pontechmarina.com\/no\/","logo":{"@type":"ImageObject","inLanguage":"nb-NO","@id":"https:\/\/pontechmarina.com\/no\/#\/schema\/logo\/image\/","url":"https:\/\/pontechmarina.com\/no\/wp-content\/uploads\/sites\/4\/2020\/11\/pontech-logo.jpg","contentUrl":"https:\/\/pontechmarina.com\/no\/wp-content\/uploads\/sites\/4\/2020\/11\/pontech-logo.jpg","width":370,"height":168,"caption":"Pontech"},"image":{"@id":"https:\/\/pontechmarina.com\/no\/#\/schema\/logo\/image\/"}}]}},"_links":{"self":[{"href":"https:\/\/pontechmarina.com\/no\/wp-json\/wp\/v2\/pages\/145","targetHints":{"allow":["GET"]}}],"collection":[{"href":"https:\/\/pontechmarina.com\/no\/wp-json\/wp\/v2\/pages"}],"about":[{"href":"https:\/\/pontechmarina.com\/no\/wp-json\/wp\/v2\/types\/page"}],"author":[{"embeddable":true,"href":"https:\/\/pontechmarina.com\/no\/wp-json\/wp\/v2\/users\/1"}],"replies":[{"embeddable":true,"href":"https:\/\/pontechmarina.com\/no\/wp-json\/wp\/v2\/comments?post=145"}],"version-history":[{"count":24,"href":"https:\/\/pontechmarina.com\/no\/wp-json\/wp\/v2\/pages\/145\/revisions"}],"predecessor-version":[{"id":827,"href":"https:\/\/pontechmarina.com\/no\/wp-json\/wp\/v2\/pages\/145\/revisions\/827"}],"up":[{"embeddable":true,"href":"https:\/\/pontechmarina.com\/no\/wp-json\/wp\/v2\/pages\/130"}],"wp:attachment":[{"href":"https:\/\/pontechmarina.com\/no\/wp-json\/wp\/v2\/media?parent=145"}],"curies":[{"name":"wp","href":"https:\/\/api.w.org\/{rel}","templated":true}]}}