{"id":151,"date":"2020-09-28T16:26:02","date_gmt":"2020-09-28T14:26:02","guid":{"rendered":"http:\/\/pontech.se\/noo-doktorn.se\/?page_id=151"},"modified":"2022-10-25T13:27:30","modified_gmt":"2022-10-25T11:27:30","slug":"kvalitetssikring-miljopolicy","status":"publish","type":"page","link":"https:\/\/pontechmarina.com\/no\/om-oss\/kvalitetssikring-miljopolicy\/","title":{"rendered":"Kvalitetssikring &amp;  milj\u00f8policy"},"content":{"rendered":"\n<pre id=\"tw-target-text\" class=\"wp-block-preformatted\">Kvalitetssikring<\/pre>\n\n\n\n<pre id=\"tw-target-text\" class=\"wp-block-preformatted\">Kvalitetssikring<\/pre>\n\n\n\n<pre id=\"tw-target-text\" class=\"wp-block-preformatted\">Kvalitetssikring<\/pre>\n","protected":false},"excerpt":{"rendered":"Kvalitetssikring Kvalitetssikring Kvalitetssikring","protected":false},"author":1,"featured_media":0,"parent":147,"menu_order":0,"comment_status":"closed","ping_status":"closed","template":"","meta":{"_acf_changed":false,"inline_featured_image":false,"footnotes":""},"class_list":["post-151","page","type-page","status-publish","hentry"],"acf":[],"yoast_head":"<!-- This site is optimized with the Yoast SEO plugin v27.0 - https:\/\/yoast.com\/product\/yoast-seo-wordpress\/ -->\n<title>Kvalitetssikring &amp; milj\u00f8policy | Pontech Norska<\/title>\n<meta name=\"description\" content=\"Vi i Pontech er en av akt\u00f8rene som setter standarden i bransjen for flytebrygger, pontonger og tilbeh\u00f8r. \u261e Av h\u00f8yeste kvalitet \u261e Milj\u00f8fokus \u261e Egne mont\u00f8rer\" \/>\n<meta name=\"robots\" content=\"index, follow, max-snippet:-1, max-image-preview:large, max-video-preview:-1\" \/>\n<link rel=\"canonical\" href=\"https:\/\/pontechmarina.com\/no\/om-oss\/kvalitetssikring-miljopolicy\/\" \/>\n<meta property=\"og:locale\" content=\"nb_NO\" \/>\n<meta property=\"og:type\" content=\"article\" \/>\n<meta property=\"og:title\" content=\"Kvalitetssikring &amp; milj\u00f8policy | Pontech Norska\" \/>\n<meta property=\"og:description\" content=\"Vi i Pontech er en av akt\u00f8rene som setter standarden i bransjen for flytebrygger, pontonger og tilbeh\u00f8r. \u261e Av h\u00f8yeste kvalitet \u261e Milj\u00f8fokus \u261e Egne mont\u00f8rer\" \/>\n<meta property=\"og:url\" content=\"https:\/\/pontechmarina.com\/no\/om-oss\/kvalitetssikring-miljopolicy\/\" \/>\n<meta property=\"og:site_name\" content=\"Pontech Norska\" \/>\n<meta property=\"article:modified_time\" content=\"2022-10-25T11:27:30+00:00\" \/>\n<meta name=\"twitter:card\" content=\"summary_large_image\" \/>\n<meta name=\"twitter:label1\" content=\"Ansl. lesetid\" \/>\n\t<meta name=\"twitter:data1\" content=\"1 minutt\" \/>\n<script type=\"application\/ld+json\" class=\"yoast-schema-graph\">{\"@context\":\"https:\/\/schema.org\",\"@graph\":[{\"@type\":\"WebPage\",\"@id\":\"https:\/\/pontechmarina.com\/no\/om-oss\/kvalitetssikring-miljopolicy\/\",\"url\":\"https:\/\/pontechmarina.com\/no\/om-oss\/kvalitetssikring-miljopolicy\/\",\"name\":\"Kvalitetssikring &amp; milj\u00f8policy | Pontech Norska\",\"isPartOf\":{\"@id\":\"https:\/\/pontechmarina.com\/no\/#website\"},\"datePublished\":\"2020-09-28T14:26:02+00:00\",\"dateModified\":\"2022-10-25T11:27:30+00:00\",\"description\":\"Vi i Pontech er en av akt\u00f8rene som setter standarden i bransjen for flytebrygger, pontonger og tilbeh\u00f8r. \u261e Av h\u00f8yeste kvalitet \u261e Milj\u00f8fokus \u261e Egne mont\u00f8rer\",\"breadcrumb\":{\"@id\":\"https:\/\/pontechmarina.com\/no\/om-oss\/kvalitetssikring-miljopolicy\/#breadcrumb\"},\"inLanguage\":\"nb-NO\",\"potentialAction\":[{\"@type\":\"ReadAction\",\"target\":[\"https:\/\/pontechmarina.com\/no\/om-oss\/kvalitetssikring-miljopolicy\/\"]}]},{\"@type\":\"BreadcrumbList\",\"@id\":\"https:\/\/pontechmarina.com\/no\/om-oss\/kvalitetssikring-miljopolicy\/#breadcrumb\",\"itemListElement\":[{\"@type\":\"ListItem\",\"position\":1,\"name\":\"Hem\",\"item\":\"https:\/\/pontechmarina.com\/no\/\"},{\"@type\":\"ListItem\",\"position\":2,\"name\":\"Om oss\",\"item\":\"https:\/\/pontechmarina.com\/no\/om-oss\/\"},{\"@type\":\"ListItem\",\"position\":3,\"name\":\"Kvalitetssikring &amp; milj\u00f8policy\"}]},{\"@type\":\"WebSite\",\"@id\":\"https:\/\/pontechmarina.com\/no\/#website\",\"url\":\"https:\/\/pontechmarina.com\/no\/\",\"name\":\"Pontech Norska\",\"description\":\"\",\"publisher\":{\"@id\":\"https:\/\/pontechmarina.com\/no\/#organization\"},\"potentialAction\":[{\"@type\":\"SearchAction\",\"target\":{\"@type\":\"EntryPoint\",\"urlTemplate\":\"https:\/\/pontechmarina.com\/no\/?s={search_term_string}\"},\"query-input\":{\"@type\":\"PropertyValueSpecification\",\"valueRequired\":true,\"valueName\":\"search_term_string\"}}],\"inLanguage\":\"nb-NO\"},{\"@type\":\"Organization\",\"@id\":\"https:\/\/pontechmarina.com\/no\/#organization\",\"name\":\"Pontech\",\"url\":\"https:\/\/pontechmarina.com\/no\/\",\"logo\":{\"@type\":\"ImageObject\",\"inLanguage\":\"nb-NO\",\"@id\":\"https:\/\/pontechmarina.com\/no\/#\/schema\/logo\/image\/\",\"url\":\"https:\/\/pontechmarina.com\/no\/wp-content\/uploads\/sites\/4\/2020\/11\/pontech-logo.jpg\",\"contentUrl\":\"https:\/\/pontechmarina.com\/no\/wp-content\/uploads\/sites\/4\/2020\/11\/pontech-logo.jpg\",\"width\":370,\"height\":168,\"caption\":\"Pontech\"},\"image\":{\"@id\":\"https:\/\/pontechmarina.com\/no\/#\/schema\/logo\/image\/\"}}]}<\/script>\n<!-- \/ Yoast SEO plugin. -->","yoast_head_json":{"title":"Kvalitetssikring &amp; milj\u00f8policy | Pontech Norska","description":"Vi i Pontech er en av akt\u00f8rene som setter standarden i bransjen for flytebrygger, pontonger og tilbeh\u00f8r. \u261e Av h\u00f8yeste kvalitet \u261e Milj\u00f8fokus \u261e Egne mont\u00f8rer","robots":{"index":"index","follow":"follow","max-snippet":"max-snippet:-1","max-image-preview":"max-image-preview:large","max-video-preview":"max-video-preview:-1"},"canonical":"https:\/\/pontechmarina.com\/no\/om-oss\/kvalitetssikring-miljopolicy\/","og_locale":"nb_NO","og_type":"article","og_title":"Kvalitetssikring &amp; milj\u00f8policy | Pontech Norska","og_description":"Vi i Pontech er en av akt\u00f8rene som setter standarden i bransjen for flytebrygger, pontonger og tilbeh\u00f8r. \u261e Av h\u00f8yeste kvalitet \u261e Milj\u00f8fokus \u261e Egne mont\u00f8rer","og_url":"https:\/\/pontechmarina.com\/no\/om-oss\/kvalitetssikring-miljopolicy\/","og_site_name":"Pontech Norska","article_modified_time":"2022-10-25T11:27:30+00:00","twitter_card":"summary_large_image","twitter_misc":{"Ansl. lesetid":"1 minutt"},"schema":{"@context":"https:\/\/schema.org","@graph":[{"@type":"WebPage","@id":"https:\/\/pontechmarina.com\/no\/om-oss\/kvalitetssikring-miljopolicy\/","url":"https:\/\/pontechmarina.com\/no\/om-oss\/kvalitetssikring-miljopolicy\/","name":"Kvalitetssikring &amp; milj\u00f8policy | Pontech Norska","isPartOf":{"@id":"https:\/\/pontechmarina.com\/no\/#website"},"datePublished":"2020-09-28T14:26:02+00:00","dateModified":"2022-10-25T11:27:30+00:00","description":"Vi i Pontech er en av akt\u00f8rene som setter standarden i bransjen for flytebrygger, pontonger og tilbeh\u00f8r. \u261e Av h\u00f8yeste kvalitet \u261e Milj\u00f8fokus \u261e Egne mont\u00f8rer","breadcrumb":{"@id":"https:\/\/pontechmarina.com\/no\/om-oss\/kvalitetssikring-miljopolicy\/#breadcrumb"},"inLanguage":"nb-NO","potentialAction":[{"@type":"ReadAction","target":["https:\/\/pontechmarina.com\/no\/om-oss\/kvalitetssikring-miljopolicy\/"]}]},{"@type":"BreadcrumbList","@id":"https:\/\/pontechmarina.com\/no\/om-oss\/kvalitetssikring-miljopolicy\/#breadcrumb","itemListElement":[{"@type":"ListItem","position":1,"name":"Hem","item":"https:\/\/pontechmarina.com\/no\/"},{"@type":"ListItem","position":2,"name":"Om oss","item":"https:\/\/pontechmarina.com\/no\/om-oss\/"},{"@type":"ListItem","position":3,"name":"Kvalitetssikring &amp; milj\u00f8policy"}]},{"@type":"WebSite","@id":"https:\/\/pontechmarina.com\/no\/#website","url":"https:\/\/pontechmarina.com\/no\/","name":"Pontech Norska","description":"","publisher":{"@id":"https:\/\/pontechmarina.com\/no\/#organization"},"potentialAction":[{"@type":"SearchAction","target":{"@type":"EntryPoint","urlTemplate":"https:\/\/pontechmarina.com\/no\/?s={search_term_string}"},"query-input":{"@type":"PropertyValueSpecification","valueRequired":true,"valueName":"search_term_string"}}],"inLanguage":"nb-NO"},{"@type":"Organization","@id":"https:\/\/pontechmarina.com\/no\/#organization","name":"Pontech","url":"https:\/\/pontechmarina.com\/no\/","logo":{"@type":"ImageObject","inLanguage":"nb-NO","@id":"https:\/\/pontechmarina.com\/no\/#\/schema\/logo\/image\/","url":"https:\/\/pontechmarina.com\/no\/wp-content\/uploads\/sites\/4\/2020\/11\/pontech-logo.jpg","contentUrl":"https:\/\/pontechmarina.com\/no\/wp-content\/uploads\/sites\/4\/2020\/11\/pontech-logo.jpg","width":370,"height":168,"caption":"Pontech"},"image":{"@id":"https:\/\/pontechmarina.com\/no\/#\/schema\/logo\/image\/"}}]}},"_links":{"self":[{"href":"https:\/\/pontechmarina.com\/no\/wp-json\/wp\/v2\/pages\/151","targetHints":{"allow":["GET"]}}],"collection":[{"href":"https:\/\/pontechmarina.com\/no\/wp-json\/wp\/v2\/pages"}],"about":[{"href":"https:\/\/pontechmarina.com\/no\/wp-json\/wp\/v2\/types\/page"}],"author":[{"embeddable":true,"href":"https:\/\/pontechmarina.com\/no\/wp-json\/wp\/v2\/users\/1"}],"replies":[{"embeddable":true,"href":"https:\/\/pontechmarina.com\/no\/wp-json\/wp\/v2\/comments?post=151"}],"version-history":[{"count":18,"href":"https:\/\/pontechmarina.com\/no\/wp-json\/wp\/v2\/pages\/151\/revisions"}],"predecessor-version":[{"id":898,"href":"https:\/\/pontechmarina.com\/no\/wp-json\/wp\/v2\/pages\/151\/revisions\/898"}],"up":[{"embeddable":true,"href":"https:\/\/pontechmarina.com\/no\/wp-json\/wp\/v2\/pages\/147"}],"wp:attachment":[{"href":"https:\/\/pontechmarina.com\/no\/wp-json\/wp\/v2\/media?parent=151"}],"curies":[{"name":"wp","href":"https:\/\/api.w.org\/{rel}","templated":true}]}}