{"id":130,"date":"2020-09-28T16:20:40","date_gmt":"2020-09-28T14:20:40","guid":{"rendered":"http:\/\/pontech.seo-doktorn.se\/en\/?page_id=130"},"modified":"2023-02-15T04:23:36","modified_gmt":"2023-02-15T03:23:36","slug":"produkty","status":"publish","type":"page","link":"https:\/\/pontechmarina.com\/pl\/produkty\/","title":{"rendered":"Produkty"},"content":{"rendered":"","protected":false},"excerpt":{"rendered":"","protected":false},"author":1,"featured_media":521,"parent":0,"menu_order":0,"comment_status":"closed","ping_status":"closed","template":"","meta":{"_acf_changed":false,"inline_featured_image":false,"footnotes":""},"class_list":["post-130","page","type-page","status-publish","has-post-thumbnail","hentry"],"acf":[],"yoast_head":"<!-- This site is optimized with the Yoast SEO plugin v27.0 - https:\/\/yoast.com\/product\/yoast-seo-wordpress\/ -->\n<title>Nasze produkty - p\u0142ywaj\u0105ce pomosty, pontony i wi\u0119cej | Pontech<\/title>\n<meta name=\"description\" content=\"Informacje o naszych produktach: p\u0142ywaj\u0105cych pomostach, pontonach, falochronach i nie tylko. \u261eNajwy\u017csza jako\u015b\u0107 \u261e Ochrona \u015brodowiska \u261e W\u0142asni monterzy.\" \/>\n<meta name=\"robots\" content=\"index, follow, max-snippet:-1, max-image-preview:large, max-video-preview:-1\" \/>\n<link rel=\"canonical\" href=\"https:\/\/pontechmarina.com\/pl\/produkty\/\" \/>\n<meta property=\"og:locale\" content=\"pl_PL\" \/>\n<meta property=\"og:type\" content=\"article\" \/>\n<meta property=\"og:title\" content=\"Nasze produkty - p\u0142ywaj\u0105ce pomosty, pontony i wi\u0119cej | Pontech\" \/>\n<meta property=\"og:description\" content=\"Informacje o naszych produktach: p\u0142ywaj\u0105cych pomostach, pontonach, falochronach i nie tylko. \u261eNajwy\u017csza jako\u015b\u0107 \u261e Ochrona \u015brodowiska \u261e W\u0142asni monterzy.\" \/>\n<meta property=\"og:url\" content=\"https:\/\/pontechmarina.com\/pl\/produkty\/\" \/>\n<meta property=\"og:site_name\" content=\"Pontech pl (Polski)\" \/>\n<meta property=\"article:modified_time\" content=\"2023-02-15T03:23:36+00:00\" \/>\n<meta property=\"og:image\" content=\"https:\/\/pontechmarina.com\/pl\/wp-content\/uploads\/sites\/7\/2020\/10\/betongponton-y-bommar.jpg\" \/>\n\t<meta property=\"og:image:width\" content=\"1000\" \/>\n\t<meta property=\"og:image:height\" content=\"750\" \/>\n\t<meta property=\"og:image:type\" content=\"image\/jpeg\" \/>\n<meta name=\"twitter:card\" content=\"summary_large_image\" \/>\n<script type=\"application\/ld+json\" class=\"yoast-schema-graph\">{\"@context\":\"https:\/\/schema.org\",\"@graph\":[{\"@type\":\"WebPage\",\"@id\":\"https:\/\/pontechmarina.com\/pl\/produkty\/\",\"url\":\"https:\/\/pontechmarina.com\/pl\/produkty\/\",\"name\":\"Nasze produkty - p\u0142ywaj\u0105ce pomosty, pontony i wi\u0119cej | Pontech\",\"isPartOf\":{\"@id\":\"https:\/\/pontechmarina.com\/pl\/#website\"},\"primaryImageOfPage\":{\"@id\":\"https:\/\/pontechmarina.com\/pl\/produkty\/#primaryimage\"},\"image\":{\"@id\":\"https:\/\/pontechmarina.com\/pl\/produkty\/#primaryimage\"},\"thumbnailUrl\":\"https:\/\/pontechmarina.com\/pl\/wp-content\/uploads\/sites\/7\/2020\/10\/betongponton-y-bommar.jpg\",\"datePublished\":\"2020-09-28T14:20:40+00:00\",\"dateModified\":\"2023-02-15T03:23:36+00:00\",\"description\":\"Informacje o naszych produktach: p\u0142ywaj\u0105cych pomostach, pontonach, falochronach i nie tylko. \u261eNajwy\u017csza jako\u015b\u0107 \u261e Ochrona \u015brodowiska \u261e W\u0142asni monterzy.\",\"breadcrumb\":{\"@id\":\"https:\/\/pontechmarina.com\/pl\/produkty\/#breadcrumb\"},\"inLanguage\":\"pl-PL\",\"potentialAction\":[{\"@type\":\"ReadAction\",\"target\":[\"https:\/\/pontechmarina.com\/pl\/produkty\/\"]}]},{\"@type\":\"ImageObject\",\"inLanguage\":\"pl-PL\",\"@id\":\"https:\/\/pontechmarina.com\/pl\/produkty\/#primaryimage\",\"url\":\"https:\/\/pontechmarina.com\/pl\/wp-content\/uploads\/sites\/7\/2020\/10\/betongponton-y-bommar.jpg\",\"contentUrl\":\"https:\/\/pontechmarina.com\/pl\/wp-content\/uploads\/sites\/7\/2020\/10\/betongponton-y-bommar.jpg\",\"width\":1000,\"height\":750,\"caption\":\"Ponton betonowy z pomostami typu Y.\"},{\"@type\":\"BreadcrumbList\",\"@id\":\"https:\/\/pontechmarina.com\/pl\/produkty\/#breadcrumb\",\"itemListElement\":[{\"@type\":\"ListItem\",\"position\":1,\"name\":\"Dom\",\"item\":\"https:\/\/pontechmarina.com\/pl\/\"},{\"@type\":\"ListItem\",\"position\":2,\"name\":\"Produkty\"}]},{\"@type\":\"WebSite\",\"@id\":\"https:\/\/pontechmarina.com\/pl\/#website\",\"url\":\"https:\/\/pontechmarina.com\/pl\/\",\"name\":\"Pontech pl (Polski)\",\"description\":\"\",\"publisher\":{\"@id\":\"https:\/\/pontechmarina.com\/pl\/#organization\"},\"potentialAction\":[{\"@type\":\"SearchAction\",\"target\":{\"@type\":\"EntryPoint\",\"urlTemplate\":\"https:\/\/pontechmarina.com\/pl\/?s={search_term_string}\"},\"query-input\":{\"@type\":\"PropertyValueSpecification\",\"valueRequired\":true,\"valueName\":\"search_term_string\"}}],\"inLanguage\":\"pl-PL\"},{\"@type\":\"Organization\",\"@id\":\"https:\/\/pontechmarina.com\/pl\/#organization\",\"name\":\"Pontech\",\"url\":\"https:\/\/pontechmarina.com\/pl\/\",\"logo\":{\"@type\":\"ImageObject\",\"inLanguage\":\"pl-PL\",\"@id\":\"https:\/\/pontechmarina.com\/pl\/#\/schema\/logo\/image\/\",\"url\":\"https:\/\/pontechmarina.com\/pl\/wp-content\/uploads\/sites\/7\/2020\/11\/pontech-logo.jpg\",\"contentUrl\":\"https:\/\/pontechmarina.com\/pl\/wp-content\/uploads\/sites\/7\/2020\/11\/pontech-logo.jpg\",\"width\":370,\"height\":168,\"caption\":\"Pontech\"},\"image\":{\"@id\":\"https:\/\/pontechmarina.com\/pl\/#\/schema\/logo\/image\/\"}}]}<\/script>\n<!-- \/ Yoast SEO plugin. -->","yoast_head_json":{"title":"Nasze produkty - p\u0142ywaj\u0105ce pomosty, pontony i wi\u0119cej | Pontech","description":"Informacje o naszych produktach: p\u0142ywaj\u0105cych pomostach, pontonach, falochronach i nie tylko. \u261eNajwy\u017csza jako\u015b\u0107 \u261e Ochrona \u015brodowiska \u261e W\u0142asni monterzy.","robots":{"index":"index","follow":"follow","max-snippet":"max-snippet:-1","max-image-preview":"max-image-preview:large","max-video-preview":"max-video-preview:-1"},"canonical":"https:\/\/pontechmarina.com\/pl\/produkty\/","og_locale":"pl_PL","og_type":"article","og_title":"Nasze produkty - p\u0142ywaj\u0105ce pomosty, pontony i wi\u0119cej | Pontech","og_description":"Informacje o naszych produktach: p\u0142ywaj\u0105cych pomostach, pontonach, falochronach i nie tylko. \u261eNajwy\u017csza jako\u015b\u0107 \u261e Ochrona \u015brodowiska \u261e W\u0142asni monterzy.","og_url":"https:\/\/pontechmarina.com\/pl\/produkty\/","og_site_name":"Pontech pl (Polski)","article_modified_time":"2023-02-15T03:23:36+00:00","og_image":[{"width":1000,"height":750,"url":"https:\/\/pontechmarina.com\/pl\/wp-content\/uploads\/sites\/7\/2020\/10\/betongponton-y-bommar.jpg","type":"image\/jpeg"}],"twitter_card":"summary_large_image","schema":{"@context":"https:\/\/schema.org","@graph":[{"@type":"WebPage","@id":"https:\/\/pontechmarina.com\/pl\/produkty\/","url":"https:\/\/pontechmarina.com\/pl\/produkty\/","name":"Nasze produkty - p\u0142ywaj\u0105ce pomosty, pontony i wi\u0119cej | Pontech","isPartOf":{"@id":"https:\/\/pontechmarina.com\/pl\/#website"},"primaryImageOfPage":{"@id":"https:\/\/pontechmarina.com\/pl\/produkty\/#primaryimage"},"image":{"@id":"https:\/\/pontechmarina.com\/pl\/produkty\/#primaryimage"},"thumbnailUrl":"https:\/\/pontechmarina.com\/pl\/wp-content\/uploads\/sites\/7\/2020\/10\/betongponton-y-bommar.jpg","datePublished":"2020-09-28T14:20:40+00:00","dateModified":"2023-02-15T03:23:36+00:00","description":"Informacje o naszych produktach: p\u0142ywaj\u0105cych pomostach, pontonach, falochronach i nie tylko. \u261eNajwy\u017csza jako\u015b\u0107 \u261e Ochrona \u015brodowiska \u261e W\u0142asni monterzy.","breadcrumb":{"@id":"https:\/\/pontechmarina.com\/pl\/produkty\/#breadcrumb"},"inLanguage":"pl-PL","potentialAction":[{"@type":"ReadAction","target":["https:\/\/pontechmarina.com\/pl\/produkty\/"]}]},{"@type":"ImageObject","inLanguage":"pl-PL","@id":"https:\/\/pontechmarina.com\/pl\/produkty\/#primaryimage","url":"https:\/\/pontechmarina.com\/pl\/wp-content\/uploads\/sites\/7\/2020\/10\/betongponton-y-bommar.jpg","contentUrl":"https:\/\/pontechmarina.com\/pl\/wp-content\/uploads\/sites\/7\/2020\/10\/betongponton-y-bommar.jpg","width":1000,"height":750,"caption":"Ponton betonowy z pomostami typu Y."},{"@type":"BreadcrumbList","@id":"https:\/\/pontechmarina.com\/pl\/produkty\/#breadcrumb","itemListElement":[{"@type":"ListItem","position":1,"name":"Dom","item":"https:\/\/pontechmarina.com\/pl\/"},{"@type":"ListItem","position":2,"name":"Produkty"}]},{"@type":"WebSite","@id":"https:\/\/pontechmarina.com\/pl\/#website","url":"https:\/\/pontechmarina.com\/pl\/","name":"Pontech pl (Polski)","description":"","publisher":{"@id":"https:\/\/pontechmarina.com\/pl\/#organization"},"potentialAction":[{"@type":"SearchAction","target":{"@type":"EntryPoint","urlTemplate":"https:\/\/pontechmarina.com\/pl\/?s={search_term_string}"},"query-input":{"@type":"PropertyValueSpecification","valueRequired":true,"valueName":"search_term_string"}}],"inLanguage":"pl-PL"},{"@type":"Organization","@id":"https:\/\/pontechmarina.com\/pl\/#organization","name":"Pontech","url":"https:\/\/pontechmarina.com\/pl\/","logo":{"@type":"ImageObject","inLanguage":"pl-PL","@id":"https:\/\/pontechmarina.com\/pl\/#\/schema\/logo\/image\/","url":"https:\/\/pontechmarina.com\/pl\/wp-content\/uploads\/sites\/7\/2020\/11\/pontech-logo.jpg","contentUrl":"https:\/\/pontechmarina.com\/pl\/wp-content\/uploads\/sites\/7\/2020\/11\/pontech-logo.jpg","width":370,"height":168,"caption":"Pontech"},"image":{"@id":"https:\/\/pontechmarina.com\/pl\/#\/schema\/logo\/image\/"}}]}},"_links":{"self":[{"href":"https:\/\/pontechmarina.com\/pl\/wp-json\/wp\/v2\/pages\/130","targetHints":{"allow":["GET"]}}],"collection":[{"href":"https:\/\/pontechmarina.com\/pl\/wp-json\/wp\/v2\/pages"}],"about":[{"href":"https:\/\/pontechmarina.com\/pl\/wp-json\/wp\/v2\/types\/page"}],"author":[{"embeddable":true,"href":"https:\/\/pontechmarina.com\/pl\/wp-json\/wp\/v2\/users\/1"}],"replies":[{"embeddable":true,"href":"https:\/\/pontechmarina.com\/pl\/wp-json\/wp\/v2\/comments?post=130"}],"version-history":[{"count":27,"href":"https:\/\/pontechmarina.com\/pl\/wp-json\/wp\/v2\/pages\/130\/revisions"}],"predecessor-version":[{"id":1070,"href":"https:\/\/pontechmarina.com\/pl\/wp-json\/wp\/v2\/pages\/130\/revisions\/1070"}],"wp:featuredmedia":[{"embeddable":true,"href":"https:\/\/pontechmarina.com\/pl\/wp-json\/wp\/v2\/media\/521"}],"wp:attachment":[{"href":"https:\/\/pontechmarina.com\/pl\/wp-json\/wp\/v2\/media?parent=130"}],"curies":[{"name":"wp","href":"https:\/\/api.w.org\/{rel}","templated":true}]}}