{"id":132,"date":"2020-09-28T16:21:04","date_gmt":"2020-09-28T14:21:04","guid":{"rendered":"http:\/\/pontech.seo-doktorn.se\/en\/?page_id=132"},"modified":"2023-03-07T04:37:56","modified_gmt":"2023-03-07T03:37:56","slug":"pontony-betonowe","status":"publish","type":"page","link":"https:\/\/pontechmarina.com\/pl\/produkty\/pontony-betonowe\/","title":{"rendered":"Pontony betonowe"},"content":{"rendered":"","protected":false},"excerpt":{"rendered":"","protected":false},"author":1,"featured_media":338,"parent":130,"menu_order":0,"comment_status":"closed","ping_status":"closed","template":"page-produkt.php","meta":{"_acf_changed":false,"inline_featured_image":false,"footnotes":""},"class_list":["post-132","page","type-page","status-publish","has-post-thumbnail","hentry"],"acf":[],"yoast_head":"<!-- This site is optimized with the Yoast SEO plugin v27.0 - https:\/\/yoast.com\/product\/yoast-seo-wordpress\/ -->\n<title>Pontony i pomosty betonowe | Pontech<\/title>\n<meta name=\"description\" content=\"Oferujemy szerok\u0105 gam\u0119 wysokiej jako\u015bci ponton\u00f3w i pomost\u00f3w betonowych - idealnych do bardziej nara\u017conych lokacji. \u261e Najwy\u017csza jako\u015b\u0107 \u261e Wysoka stabilno\u015b\u0107 \u261e Wyporno\u015b\u0107\" \/>\n<meta name=\"robots\" content=\"index, follow, max-snippet:-1, max-image-preview:large, max-video-preview:-1\" \/>\n<link rel=\"canonical\" href=\"https:\/\/pontechmarina.com\/pl\/produkty\/pontony-betonowe\/\" \/>\n<meta property=\"og:locale\" content=\"pl_PL\" \/>\n<meta property=\"og:type\" content=\"article\" \/>\n<meta property=\"og:title\" content=\"Pontony i pomosty betonowe | Pontech\" \/>\n<meta property=\"og:description\" content=\"Oferujemy szerok\u0105 gam\u0119 wysokiej jako\u015bci ponton\u00f3w i pomost\u00f3w betonowych - idealnych do bardziej nara\u017conych lokacji. \u261e Najwy\u017csza jako\u015b\u0107 \u261e Wysoka stabilno\u015b\u0107 \u261e Wyporno\u015b\u0107\" \/>\n<meta property=\"og:url\" content=\"https:\/\/pontechmarina.com\/pl\/produkty\/pontony-betonowe\/\" \/>\n<meta property=\"og:site_name\" content=\"Pontech pl (Polski)\" \/>\n<meta property=\"article:modified_time\" content=\"2023-03-07T03:37:56+00:00\" \/>\n<meta property=\"og:image\" content=\"https:\/\/pontechmarina.com\/pl\/wp-content\/uploads\/sites\/7\/2020\/10\/betongpontoner-y-bommar.jpg\" \/>\n\t<meta property=\"og:image:width\" content=\"1200\" \/>\n\t<meta property=\"og:image:height\" content=\"787\" \/>\n\t<meta property=\"og:image:type\" content=\"image\/jpeg\" \/>\n<meta name=\"twitter:card\" content=\"summary_large_image\" \/>\n<script type=\"application\/ld+json\" class=\"yoast-schema-graph\">{\"@context\":\"https:\/\/schema.org\",\"@graph\":[{\"@type\":\"WebPage\",\"@id\":\"https:\/\/pontechmarina.com\/pl\/produkty\/pontony-betonowe\/\",\"url\":\"https:\/\/pontechmarina.com\/pl\/produkty\/pontony-betonowe\/\",\"name\":\"Pontony i pomosty betonowe | Pontech\",\"isPartOf\":{\"@id\":\"https:\/\/pontechmarina.com\/pl\/#website\"},\"primaryImageOfPage\":{\"@id\":\"https:\/\/pontechmarina.com\/pl\/produkty\/pontony-betonowe\/#primaryimage\"},\"image\":{\"@id\":\"https:\/\/pontechmarina.com\/pl\/produkty\/pontony-betonowe\/#primaryimage\"},\"thumbnailUrl\":\"https:\/\/pontechmarina.com\/pl\/wp-content\/uploads\/sites\/7\/2020\/10\/betongpontoner-y-bommar.jpg\",\"datePublished\":\"2020-09-28T14:21:04+00:00\",\"dateModified\":\"2023-03-07T03:37:56+00:00\",\"description\":\"Oferujemy szerok\u0105 gam\u0119 wysokiej jako\u015bci ponton\u00f3w i pomost\u00f3w betonowych - idealnych do bardziej nara\u017conych lokacji. \u261e Najwy\u017csza jako\u015b\u0107 \u261e Wysoka stabilno\u015b\u0107 \u261e Wyporno\u015b\u0107\",\"breadcrumb\":{\"@id\":\"https:\/\/pontechmarina.com\/pl\/produkty\/pontony-betonowe\/#breadcrumb\"},\"inLanguage\":\"pl-PL\",\"potentialAction\":[{\"@type\":\"ReadAction\",\"target\":[\"https:\/\/pontechmarina.com\/pl\/produkty\/pontony-betonowe\/\"]}]},{\"@type\":\"ImageObject\",\"inLanguage\":\"pl-PL\",\"@id\":\"https:\/\/pontechmarina.com\/pl\/produkty\/pontony-betonowe\/#primaryimage\",\"url\":\"https:\/\/pontechmarina.com\/pl\/wp-content\/uploads\/sites\/7\/2020\/10\/betongpontoner-y-bommar.jpg\",\"contentUrl\":\"https:\/\/pontechmarina.com\/pl\/wp-content\/uploads\/sites\/7\/2020\/10\/betongpontoner-y-bommar.jpg\",\"width\":1200,\"height\":787,\"caption\":\"Ponton betonowy z kotwic\u0105 Y\"},{\"@type\":\"BreadcrumbList\",\"@id\":\"https:\/\/pontechmarina.com\/pl\/produkty\/pontony-betonowe\/#breadcrumb\",\"itemListElement\":[{\"@type\":\"ListItem\",\"position\":1,\"name\":\"Dom\",\"item\":\"https:\/\/pontechmarina.com\/pl\/\"},{\"@type\":\"ListItem\",\"position\":2,\"name\":\"Produkty\",\"item\":\"https:\/\/pontechmarina.com\/pl\/produkty\/\"},{\"@type\":\"ListItem\",\"position\":3,\"name\":\"Pontony betonowe\"}]},{\"@type\":\"WebSite\",\"@id\":\"https:\/\/pontechmarina.com\/pl\/#website\",\"url\":\"https:\/\/pontechmarina.com\/pl\/\",\"name\":\"Pontech pl (Polski)\",\"description\":\"\",\"publisher\":{\"@id\":\"https:\/\/pontechmarina.com\/pl\/#organization\"},\"potentialAction\":[{\"@type\":\"SearchAction\",\"target\":{\"@type\":\"EntryPoint\",\"urlTemplate\":\"https:\/\/pontechmarina.com\/pl\/?s={search_term_string}\"},\"query-input\":{\"@type\":\"PropertyValueSpecification\",\"valueRequired\":true,\"valueName\":\"search_term_string\"}}],\"inLanguage\":\"pl-PL\"},{\"@type\":\"Organization\",\"@id\":\"https:\/\/pontechmarina.com\/pl\/#organization\",\"name\":\"Pontech\",\"url\":\"https:\/\/pontechmarina.com\/pl\/\",\"logo\":{\"@type\":\"ImageObject\",\"inLanguage\":\"pl-PL\",\"@id\":\"https:\/\/pontechmarina.com\/pl\/#\/schema\/logo\/image\/\",\"url\":\"https:\/\/pontechmarina.com\/pl\/wp-content\/uploads\/sites\/7\/2020\/11\/pontech-logo.jpg\",\"contentUrl\":\"https:\/\/pontechmarina.com\/pl\/wp-content\/uploads\/sites\/7\/2020\/11\/pontech-logo.jpg\",\"width\":370,\"height\":168,\"caption\":\"Pontech\"},\"image\":{\"@id\":\"https:\/\/pontechmarina.com\/pl\/#\/schema\/logo\/image\/\"}}]}<\/script>\n<!-- \/ Yoast SEO plugin. -->","yoast_head_json":{"title":"Pontony i pomosty betonowe | Pontech","description":"Oferujemy szerok\u0105 gam\u0119 wysokiej jako\u015bci ponton\u00f3w i pomost\u00f3w betonowych - idealnych do bardziej nara\u017conych lokacji. \u261e Najwy\u017csza jako\u015b\u0107 \u261e Wysoka stabilno\u015b\u0107 \u261e Wyporno\u015b\u0107","robots":{"index":"index","follow":"follow","max-snippet":"max-snippet:-1","max-image-preview":"max-image-preview:large","max-video-preview":"max-video-preview:-1"},"canonical":"https:\/\/pontechmarina.com\/pl\/produkty\/pontony-betonowe\/","og_locale":"pl_PL","og_type":"article","og_title":"Pontony i pomosty betonowe | Pontech","og_description":"Oferujemy szerok\u0105 gam\u0119 wysokiej jako\u015bci ponton\u00f3w i pomost\u00f3w betonowych - idealnych do bardziej nara\u017conych lokacji. \u261e Najwy\u017csza jako\u015b\u0107 \u261e Wysoka stabilno\u015b\u0107 \u261e Wyporno\u015b\u0107","og_url":"https:\/\/pontechmarina.com\/pl\/produkty\/pontony-betonowe\/","og_site_name":"Pontech pl (Polski)","article_modified_time":"2023-03-07T03:37:56+00:00","og_image":[{"width":1200,"height":787,"url":"https:\/\/pontechmarina.com\/pl\/wp-content\/uploads\/sites\/7\/2020\/10\/betongpontoner-y-bommar.jpg","type":"image\/jpeg"}],"twitter_card":"summary_large_image","schema":{"@context":"https:\/\/schema.org","@graph":[{"@type":"WebPage","@id":"https:\/\/pontechmarina.com\/pl\/produkty\/pontony-betonowe\/","url":"https:\/\/pontechmarina.com\/pl\/produkty\/pontony-betonowe\/","name":"Pontony i pomosty betonowe | Pontech","isPartOf":{"@id":"https:\/\/pontechmarina.com\/pl\/#website"},"primaryImageOfPage":{"@id":"https:\/\/pontechmarina.com\/pl\/produkty\/pontony-betonowe\/#primaryimage"},"image":{"@id":"https:\/\/pontechmarina.com\/pl\/produkty\/pontony-betonowe\/#primaryimage"},"thumbnailUrl":"https:\/\/pontechmarina.com\/pl\/wp-content\/uploads\/sites\/7\/2020\/10\/betongpontoner-y-bommar.jpg","datePublished":"2020-09-28T14:21:04+00:00","dateModified":"2023-03-07T03:37:56+00:00","description":"Oferujemy szerok\u0105 gam\u0119 wysokiej jako\u015bci ponton\u00f3w i pomost\u00f3w betonowych - idealnych do bardziej nara\u017conych lokacji. \u261e Najwy\u017csza jako\u015b\u0107 \u261e Wysoka stabilno\u015b\u0107 \u261e Wyporno\u015b\u0107","breadcrumb":{"@id":"https:\/\/pontechmarina.com\/pl\/produkty\/pontony-betonowe\/#breadcrumb"},"inLanguage":"pl-PL","potentialAction":[{"@type":"ReadAction","target":["https:\/\/pontechmarina.com\/pl\/produkty\/pontony-betonowe\/"]}]},{"@type":"ImageObject","inLanguage":"pl-PL","@id":"https:\/\/pontechmarina.com\/pl\/produkty\/pontony-betonowe\/#primaryimage","url":"https:\/\/pontechmarina.com\/pl\/wp-content\/uploads\/sites\/7\/2020\/10\/betongpontoner-y-bommar.jpg","contentUrl":"https:\/\/pontechmarina.com\/pl\/wp-content\/uploads\/sites\/7\/2020\/10\/betongpontoner-y-bommar.jpg","width":1200,"height":787,"caption":"Ponton betonowy z kotwic\u0105 Y"},{"@type":"BreadcrumbList","@id":"https:\/\/pontechmarina.com\/pl\/produkty\/pontony-betonowe\/#breadcrumb","itemListElement":[{"@type":"ListItem","position":1,"name":"Dom","item":"https:\/\/pontechmarina.com\/pl\/"},{"@type":"ListItem","position":2,"name":"Produkty","item":"https:\/\/pontechmarina.com\/pl\/produkty\/"},{"@type":"ListItem","position":3,"name":"Pontony betonowe"}]},{"@type":"WebSite","@id":"https:\/\/pontechmarina.com\/pl\/#website","url":"https:\/\/pontechmarina.com\/pl\/","name":"Pontech pl (Polski)","description":"","publisher":{"@id":"https:\/\/pontechmarina.com\/pl\/#organization"},"potentialAction":[{"@type":"SearchAction","target":{"@type":"EntryPoint","urlTemplate":"https:\/\/pontechmarina.com\/pl\/?s={search_term_string}"},"query-input":{"@type":"PropertyValueSpecification","valueRequired":true,"valueName":"search_term_string"}}],"inLanguage":"pl-PL"},{"@type":"Organization","@id":"https:\/\/pontechmarina.com\/pl\/#organization","name":"Pontech","url":"https:\/\/pontechmarina.com\/pl\/","logo":{"@type":"ImageObject","inLanguage":"pl-PL","@id":"https:\/\/pontechmarina.com\/pl\/#\/schema\/logo\/image\/","url":"https:\/\/pontechmarina.com\/pl\/wp-content\/uploads\/sites\/7\/2020\/11\/pontech-logo.jpg","contentUrl":"https:\/\/pontechmarina.com\/pl\/wp-content\/uploads\/sites\/7\/2020\/11\/pontech-logo.jpg","width":370,"height":168,"caption":"Pontech"},"image":{"@id":"https:\/\/pontechmarina.com\/pl\/#\/schema\/logo\/image\/"}}]}},"_links":{"self":[{"href":"https:\/\/pontechmarina.com\/pl\/wp-json\/wp\/v2\/pages\/132","targetHints":{"allow":["GET"]}}],"collection":[{"href":"https:\/\/pontechmarina.com\/pl\/wp-json\/wp\/v2\/pages"}],"about":[{"href":"https:\/\/pontechmarina.com\/pl\/wp-json\/wp\/v2\/types\/page"}],"author":[{"embeddable":true,"href":"https:\/\/pontechmarina.com\/pl\/wp-json\/wp\/v2\/users\/1"}],"replies":[{"embeddable":true,"href":"https:\/\/pontechmarina.com\/pl\/wp-json\/wp\/v2\/comments?post=132"}],"version-history":[{"count":58,"href":"https:\/\/pontechmarina.com\/pl\/wp-json\/wp\/v2\/pages\/132\/revisions"}],"predecessor-version":[{"id":1075,"href":"https:\/\/pontechmarina.com\/pl\/wp-json\/wp\/v2\/pages\/132\/revisions\/1075"}],"up":[{"embeddable":true,"href":"https:\/\/pontechmarina.com\/pl\/wp-json\/wp\/v2\/pages\/130"}],"wp:featuredmedia":[{"embeddable":true,"href":"https:\/\/pontechmarina.com\/pl\/wp-json\/wp\/v2\/media\/338"}],"wp:attachment":[{"href":"https:\/\/pontechmarina.com\/pl\/wp-json\/wp\/v2\/media?parent=132"}],"curies":[{"name":"wp","href":"https:\/\/api.w.org\/{rel}","templated":true}]}}