{"id":134,"date":"2020-09-28T16:21:42","date_gmt":"2020-09-28T14:21:42","guid":{"rendered":"http:\/\/pontech.seo-doktorn.se\/en\/?page_id=134"},"modified":"2023-03-07T04:38:15","modified_gmt":"2023-03-07T03:38:15","slug":"pomosty-drewniane-betonowe","status":"publish","type":"page","link":"https:\/\/pontechmarina.com\/pl\/produkty\/pomosty-drewniane-betonowe\/","title":{"rendered":"Pomosty drewniane i betonowe"},"content":{"rendered":"\n<figure class=\"wp-block-table\"><table><tbody><tr><td>Pomosty drewniane i betonowe.<\/td><\/tr><\/tbody><\/table><\/figure>\n\n\n\n<figure class=\"wp-block-table\"><table><tbody><tr><td>Pomosty drewniane i betonowe.<\/td><\/tr><\/tbody><\/table><\/figure>\n","protected":false},"excerpt":{"rendered":"Pomosty drewniane i betonowe. Pomosty drewniane i betonowe.","protected":false},"author":1,"featured_media":174,"parent":130,"menu_order":0,"comment_status":"closed","ping_status":"closed","template":"page-produkt.php","meta":{"_acf_changed":false,"inline_featured_image":false,"footnotes":""},"class_list":["post-134","page","type-page","status-publish","has-post-thumbnail","hentry"],"acf":[],"yoast_head":"<!-- This site is optimized with the Yoast SEO plugin v27.0 - https:\/\/yoast.com\/product\/yoast-seo-wordpress\/ -->\n<title>P\u0142ywaj\u0105ce pomosty drewniane i betonowe | Pontech<\/title>\n<meta name=\"description\" content=\"Pontech oferuje szerok\u0105 gam\u0119 p\u0142ywaj\u0105cych pomost\u00f3w drewnianych i betonowych. Mo\u017cliwe zam\u00f3wienie wykonania o \u017c\u0105danej d\u0142ugo\u015bci \u261e Wysoka wyporno\u015b\u0107 \u261e Niezatapialne\" \/>\n<meta name=\"robots\" content=\"index, follow, max-snippet:-1, max-image-preview:large, max-video-preview:-1\" \/>\n<link rel=\"canonical\" href=\"https:\/\/pontechmarina.com\/pl\/produkty\/pomosty-drewniane-betonowe\/\" \/>\n<meta property=\"og:locale\" content=\"pl_PL\" \/>\n<meta property=\"og:type\" content=\"article\" \/>\n<meta property=\"og:title\" content=\"P\u0142ywaj\u0105ce pomosty drewniane i betonowe | Pontech\" \/>\n<meta property=\"og:description\" content=\"Pontech oferuje szerok\u0105 gam\u0119 p\u0142ywaj\u0105cych pomost\u00f3w drewnianych i betonowych. Mo\u017cliwe zam\u00f3wienie wykonania o \u017c\u0105danej d\u0142ugo\u015bci \u261e Wysoka wyporno\u015b\u0107 \u261e Niezatapialne\" \/>\n<meta property=\"og:url\" content=\"https:\/\/pontechmarina.com\/pl\/produkty\/pomosty-drewniane-betonowe\/\" \/>\n<meta property=\"og:site_name\" content=\"Pontech pl (Polski)\" \/>\n<meta property=\"article:modified_time\" content=\"2023-03-07T03:38:15+00:00\" \/>\n<meta property=\"og:image\" content=\"https:\/\/pontechmarina.com\/pl\/wp-content\/uploads\/sites\/7\/2020\/09\/tra-betongbryggor.jpg\" \/>\n\t<meta property=\"og:image:width\" content=\"1200\" \/>\n\t<meta property=\"og:image:height\" content=\"822\" \/>\n\t<meta property=\"og:image:type\" content=\"image\/jpeg\" \/>\n<meta name=\"twitter:card\" content=\"summary_large_image\" \/>\n<meta name=\"twitter:label1\" content=\"Szacowany czas czytania\" \/>\n\t<meta name=\"twitter:data1\" content=\"1 minuta\" \/>\n<script type=\"application\/ld+json\" class=\"yoast-schema-graph\">{\"@context\":\"https:\/\/schema.org\",\"@graph\":[{\"@type\":\"WebPage\",\"@id\":\"https:\/\/pontechmarina.com\/pl\/produkty\/pomosty-drewniane-betonowe\/\",\"url\":\"https:\/\/pontechmarina.com\/pl\/produkty\/pomosty-drewniane-betonowe\/\",\"name\":\"P\u0142ywaj\u0105ce pomosty drewniane i betonowe | Pontech\",\"isPartOf\":{\"@id\":\"https:\/\/pontechmarina.com\/pl\/#website\"},\"primaryImageOfPage\":{\"@id\":\"https:\/\/pontechmarina.com\/pl\/produkty\/pomosty-drewniane-betonowe\/#primaryimage\"},\"image\":{\"@id\":\"https:\/\/pontechmarina.com\/pl\/produkty\/pomosty-drewniane-betonowe\/#primaryimage\"},\"thumbnailUrl\":\"https:\/\/pontechmarina.com\/pl\/wp-content\/uploads\/sites\/7\/2020\/09\/tra-betongbryggor.jpg\",\"datePublished\":\"2020-09-28T14:21:42+00:00\",\"dateModified\":\"2023-03-07T03:38:15+00:00\",\"description\":\"Pontech oferuje szerok\u0105 gam\u0119 p\u0142ywaj\u0105cych pomost\u00f3w drewnianych i betonowych. Mo\u017cliwe zam\u00f3wienie wykonania o \u017c\u0105danej d\u0142ugo\u015bci \u261e Wysoka wyporno\u015b\u0107 \u261e Niezatapialne\",\"breadcrumb\":{\"@id\":\"https:\/\/pontechmarina.com\/pl\/produkty\/pomosty-drewniane-betonowe\/#breadcrumb\"},\"inLanguage\":\"pl-PL\",\"potentialAction\":[{\"@type\":\"ReadAction\",\"target\":[\"https:\/\/pontechmarina.com\/pl\/produkty\/pomosty-drewniane-betonowe\/\"]}]},{\"@type\":\"ImageObject\",\"inLanguage\":\"pl-PL\",\"@id\":\"https:\/\/pontechmarina.com\/pl\/produkty\/pomosty-drewniane-betonowe\/#primaryimage\",\"url\":\"https:\/\/pontechmarina.com\/pl\/wp-content\/uploads\/sites\/7\/2020\/09\/tra-betongbryggor.jpg\",\"contentUrl\":\"https:\/\/pontechmarina.com\/pl\/wp-content\/uploads\/sites\/7\/2020\/09\/tra-betongbryggor.jpg\",\"width\":1200,\"height\":822,\"caption\":\"Mosty drewniane i betonowe\"},{\"@type\":\"BreadcrumbList\",\"@id\":\"https:\/\/pontechmarina.com\/pl\/produkty\/pomosty-drewniane-betonowe\/#breadcrumb\",\"itemListElement\":[{\"@type\":\"ListItem\",\"position\":1,\"name\":\"Dom\",\"item\":\"https:\/\/pontechmarina.com\/pl\/\"},{\"@type\":\"ListItem\",\"position\":2,\"name\":\"Produkty\",\"item\":\"https:\/\/pontechmarina.com\/pl\/produkty\/\"},{\"@type\":\"ListItem\",\"position\":3,\"name\":\"Pomosty drewniane i betonowe\"}]},{\"@type\":\"WebSite\",\"@id\":\"https:\/\/pontechmarina.com\/pl\/#website\",\"url\":\"https:\/\/pontechmarina.com\/pl\/\",\"name\":\"Pontech pl (Polski)\",\"description\":\"\",\"publisher\":{\"@id\":\"https:\/\/pontechmarina.com\/pl\/#organization\"},\"potentialAction\":[{\"@type\":\"SearchAction\",\"target\":{\"@type\":\"EntryPoint\",\"urlTemplate\":\"https:\/\/pontechmarina.com\/pl\/?s={search_term_string}\"},\"query-input\":{\"@type\":\"PropertyValueSpecification\",\"valueRequired\":true,\"valueName\":\"search_term_string\"}}],\"inLanguage\":\"pl-PL\"},{\"@type\":\"Organization\",\"@id\":\"https:\/\/pontechmarina.com\/pl\/#organization\",\"name\":\"Pontech\",\"url\":\"https:\/\/pontechmarina.com\/pl\/\",\"logo\":{\"@type\":\"ImageObject\",\"inLanguage\":\"pl-PL\",\"@id\":\"https:\/\/pontechmarina.com\/pl\/#\/schema\/logo\/image\/\",\"url\":\"https:\/\/pontechmarina.com\/pl\/wp-content\/uploads\/sites\/7\/2020\/11\/pontech-logo.jpg\",\"contentUrl\":\"https:\/\/pontechmarina.com\/pl\/wp-content\/uploads\/sites\/7\/2020\/11\/pontech-logo.jpg\",\"width\":370,\"height\":168,\"caption\":\"Pontech\"},\"image\":{\"@id\":\"https:\/\/pontechmarina.com\/pl\/#\/schema\/logo\/image\/\"}}]}<\/script>\n<!-- \/ Yoast SEO plugin. -->","yoast_head_json":{"title":"P\u0142ywaj\u0105ce pomosty drewniane i betonowe | Pontech","description":"Pontech oferuje szerok\u0105 gam\u0119 p\u0142ywaj\u0105cych pomost\u00f3w drewnianych i betonowych. Mo\u017cliwe zam\u00f3wienie wykonania o \u017c\u0105danej d\u0142ugo\u015bci \u261e Wysoka wyporno\u015b\u0107 \u261e Niezatapialne","robots":{"index":"index","follow":"follow","max-snippet":"max-snippet:-1","max-image-preview":"max-image-preview:large","max-video-preview":"max-video-preview:-1"},"canonical":"https:\/\/pontechmarina.com\/pl\/produkty\/pomosty-drewniane-betonowe\/","og_locale":"pl_PL","og_type":"article","og_title":"P\u0142ywaj\u0105ce pomosty drewniane i betonowe | Pontech","og_description":"Pontech oferuje szerok\u0105 gam\u0119 p\u0142ywaj\u0105cych pomost\u00f3w drewnianych i betonowych. Mo\u017cliwe zam\u00f3wienie wykonania o \u017c\u0105danej d\u0142ugo\u015bci \u261e Wysoka wyporno\u015b\u0107 \u261e Niezatapialne","og_url":"https:\/\/pontechmarina.com\/pl\/produkty\/pomosty-drewniane-betonowe\/","og_site_name":"Pontech pl (Polski)","article_modified_time":"2023-03-07T03:38:15+00:00","og_image":[{"width":1200,"height":822,"url":"https:\/\/pontechmarina.com\/pl\/wp-content\/uploads\/sites\/7\/2020\/09\/tra-betongbryggor.jpg","type":"image\/jpeg"}],"twitter_card":"summary_large_image","twitter_misc":{"Szacowany czas czytania":"1 minuta"},"schema":{"@context":"https:\/\/schema.org","@graph":[{"@type":"WebPage","@id":"https:\/\/pontechmarina.com\/pl\/produkty\/pomosty-drewniane-betonowe\/","url":"https:\/\/pontechmarina.com\/pl\/produkty\/pomosty-drewniane-betonowe\/","name":"P\u0142ywaj\u0105ce pomosty drewniane i betonowe | Pontech","isPartOf":{"@id":"https:\/\/pontechmarina.com\/pl\/#website"},"primaryImageOfPage":{"@id":"https:\/\/pontechmarina.com\/pl\/produkty\/pomosty-drewniane-betonowe\/#primaryimage"},"image":{"@id":"https:\/\/pontechmarina.com\/pl\/produkty\/pomosty-drewniane-betonowe\/#primaryimage"},"thumbnailUrl":"https:\/\/pontechmarina.com\/pl\/wp-content\/uploads\/sites\/7\/2020\/09\/tra-betongbryggor.jpg","datePublished":"2020-09-28T14:21:42+00:00","dateModified":"2023-03-07T03:38:15+00:00","description":"Pontech oferuje szerok\u0105 gam\u0119 p\u0142ywaj\u0105cych pomost\u00f3w drewnianych i betonowych. Mo\u017cliwe zam\u00f3wienie wykonania o \u017c\u0105danej d\u0142ugo\u015bci \u261e Wysoka wyporno\u015b\u0107 \u261e Niezatapialne","breadcrumb":{"@id":"https:\/\/pontechmarina.com\/pl\/produkty\/pomosty-drewniane-betonowe\/#breadcrumb"},"inLanguage":"pl-PL","potentialAction":[{"@type":"ReadAction","target":["https:\/\/pontechmarina.com\/pl\/produkty\/pomosty-drewniane-betonowe\/"]}]},{"@type":"ImageObject","inLanguage":"pl-PL","@id":"https:\/\/pontechmarina.com\/pl\/produkty\/pomosty-drewniane-betonowe\/#primaryimage","url":"https:\/\/pontechmarina.com\/pl\/wp-content\/uploads\/sites\/7\/2020\/09\/tra-betongbryggor.jpg","contentUrl":"https:\/\/pontechmarina.com\/pl\/wp-content\/uploads\/sites\/7\/2020\/09\/tra-betongbryggor.jpg","width":1200,"height":822,"caption":"Mosty drewniane i betonowe"},{"@type":"BreadcrumbList","@id":"https:\/\/pontechmarina.com\/pl\/produkty\/pomosty-drewniane-betonowe\/#breadcrumb","itemListElement":[{"@type":"ListItem","position":1,"name":"Dom","item":"https:\/\/pontechmarina.com\/pl\/"},{"@type":"ListItem","position":2,"name":"Produkty","item":"https:\/\/pontechmarina.com\/pl\/produkty\/"},{"@type":"ListItem","position":3,"name":"Pomosty drewniane i betonowe"}]},{"@type":"WebSite","@id":"https:\/\/pontechmarina.com\/pl\/#website","url":"https:\/\/pontechmarina.com\/pl\/","name":"Pontech pl (Polski)","description":"","publisher":{"@id":"https:\/\/pontechmarina.com\/pl\/#organization"},"potentialAction":[{"@type":"SearchAction","target":{"@type":"EntryPoint","urlTemplate":"https:\/\/pontechmarina.com\/pl\/?s={search_term_string}"},"query-input":{"@type":"PropertyValueSpecification","valueRequired":true,"valueName":"search_term_string"}}],"inLanguage":"pl-PL"},{"@type":"Organization","@id":"https:\/\/pontechmarina.com\/pl\/#organization","name":"Pontech","url":"https:\/\/pontechmarina.com\/pl\/","logo":{"@type":"ImageObject","inLanguage":"pl-PL","@id":"https:\/\/pontechmarina.com\/pl\/#\/schema\/logo\/image\/","url":"https:\/\/pontechmarina.com\/pl\/wp-content\/uploads\/sites\/7\/2020\/11\/pontech-logo.jpg","contentUrl":"https:\/\/pontechmarina.com\/pl\/wp-content\/uploads\/sites\/7\/2020\/11\/pontech-logo.jpg","width":370,"height":168,"caption":"Pontech"},"image":{"@id":"https:\/\/pontechmarina.com\/pl\/#\/schema\/logo\/image\/"}}]}},"_links":{"self":[{"href":"https:\/\/pontechmarina.com\/pl\/wp-json\/wp\/v2\/pages\/134","targetHints":{"allow":["GET"]}}],"collection":[{"href":"https:\/\/pontechmarina.com\/pl\/wp-json\/wp\/v2\/pages"}],"about":[{"href":"https:\/\/pontechmarina.com\/pl\/wp-json\/wp\/v2\/types\/page"}],"author":[{"embeddable":true,"href":"https:\/\/pontechmarina.com\/pl\/wp-json\/wp\/v2\/users\/1"}],"replies":[{"embeddable":true,"href":"https:\/\/pontechmarina.com\/pl\/wp-json\/wp\/v2\/comments?post=134"}],"version-history":[{"count":38,"href":"https:\/\/pontechmarina.com\/pl\/wp-json\/wp\/v2\/pages\/134\/revisions"}],"predecessor-version":[{"id":1077,"href":"https:\/\/pontechmarina.com\/pl\/wp-json\/wp\/v2\/pages\/134\/revisions\/1077"}],"up":[{"embeddable":true,"href":"https:\/\/pontechmarina.com\/pl\/wp-json\/wp\/v2\/pages\/130"}],"wp:featuredmedia":[{"embeddable":true,"href":"https:\/\/pontechmarina.com\/pl\/wp-json\/wp\/v2\/media\/174"}],"wp:attachment":[{"href":"https:\/\/pontechmarina.com\/pl\/wp-json\/wp\/v2\/media?parent=134"}],"curies":[{"name":"wp","href":"https:\/\/api.w.org\/{rel}","templated":true}]}}