{"id":137,"date":"2020-09-28T16:22:31","date_gmt":"2020-09-28T14:22:31","guid":{"rendered":"http:\/\/pontech.seo-doktorn.se\/en\/?page_id=137"},"modified":"2023-03-07T04:38:33","modified_gmt":"2023-03-07T03:38:33","slug":"breakwaters","status":"publish","type":"page","link":"https:\/\/pontechmarina.com\/pl\/produkty\/breakwaters\/","title":{"rendered":"Falochrony"},"content":{"rendered":"","protected":false},"excerpt":{"rendered":"","protected":false},"author":1,"featured_media":213,"parent":130,"menu_order":0,"comment_status":"closed","ping_status":"closed","template":"page-produkt.php","meta":{"_acf_changed":false,"inline_featured_image":false,"footnotes":""},"class_list":["post-137","page","type-page","status-publish","has-post-thumbnail","hentry"],"acf":[],"yoast_head":"<!-- This site is optimized with the Yoast SEO plugin v27.0 - https:\/\/yoast.com\/product\/yoast-seo-wordpress\/ -->\n<title>P\u0142ywaj\u0105ce falochrony betonowe do nara\u017conych lokalizacji | Pontech<\/title>\n<meta name=\"description\" content=\"Pontech oferuje szerok\u0105 gam\u0119 falochron\u00f3w p\u0142ywaj\u0105cych o wysokiej stabilno\u015bci i wyporno\u015bci. \u261e Du\u017ce zanurzenie \u261e Wysokie obci\u0105\u017cenie statyczne \u261e Przyjazne dla \u015brodowiska.\" \/>\n<meta name=\"robots\" content=\"index, follow, max-snippet:-1, max-image-preview:large, max-video-preview:-1\" \/>\n<link rel=\"canonical\" href=\"https:\/\/pontechmarina.com\/pl\/produkty\/breakwaters\/\" \/>\n<meta property=\"og:locale\" content=\"pl_PL\" \/>\n<meta property=\"og:type\" content=\"article\" \/>\n<meta property=\"og:title\" content=\"P\u0142ywaj\u0105ce falochrony betonowe do nara\u017conych lokalizacji | Pontech\" \/>\n<meta property=\"og:description\" content=\"Pontech oferuje szerok\u0105 gam\u0119 falochron\u00f3w p\u0142ywaj\u0105cych o wysokiej stabilno\u015bci i wyporno\u015bci. \u261e Du\u017ce zanurzenie \u261e Wysokie obci\u0105\u017cenie statyczne \u261e Przyjazne dla \u015brodowiska.\" \/>\n<meta property=\"og:url\" content=\"https:\/\/pontechmarina.com\/pl\/produkty\/breakwaters\/\" \/>\n<meta property=\"og:site_name\" content=\"Pontech pl (Polski)\" \/>\n<meta property=\"article:modified_time\" content=\"2023-03-07T03:38:33+00:00\" \/>\n<meta property=\"og:image\" content=\"https:\/\/pontechmarina.com\/pl\/wp-content\/uploads\/sites\/7\/2020\/09\/vagbrytare.jpg\" \/>\n\t<meta property=\"og:image:width\" content=\"1000\" \/>\n\t<meta property=\"og:image:height\" content=\"750\" \/>\n\t<meta property=\"og:image:type\" content=\"image\/jpeg\" \/>\n<meta name=\"twitter:card\" content=\"summary_large_image\" \/>\n<script type=\"application\/ld+json\" class=\"yoast-schema-graph\">{\"@context\":\"https:\/\/schema.org\",\"@graph\":[{\"@type\":\"WebPage\",\"@id\":\"https:\/\/pontechmarina.com\/pl\/produkty\/breakwaters\/\",\"url\":\"https:\/\/pontechmarina.com\/pl\/produkty\/breakwaters\/\",\"name\":\"P\u0142ywaj\u0105ce falochrony betonowe do nara\u017conych lokalizacji | Pontech\",\"isPartOf\":{\"@id\":\"https:\/\/pontechmarina.com\/pl\/#website\"},\"primaryImageOfPage\":{\"@id\":\"https:\/\/pontechmarina.com\/pl\/produkty\/breakwaters\/#primaryimage\"},\"image\":{\"@id\":\"https:\/\/pontechmarina.com\/pl\/produkty\/breakwaters\/#primaryimage\"},\"thumbnailUrl\":\"https:\/\/pontechmarina.com\/pl\/wp-content\/uploads\/sites\/7\/2020\/09\/vagbrytare.jpg\",\"datePublished\":\"2020-09-28T14:22:31+00:00\",\"dateModified\":\"2023-03-07T03:38:33+00:00\",\"description\":\"Pontech oferuje szerok\u0105 gam\u0119 falochron\u00f3w p\u0142ywaj\u0105cych o wysokiej stabilno\u015bci i wyporno\u015bci. \u261e Du\u017ce zanurzenie \u261e Wysokie obci\u0105\u017cenie statyczne \u261e Przyjazne dla \u015brodowiska.\",\"breadcrumb\":{\"@id\":\"https:\/\/pontechmarina.com\/pl\/produkty\/breakwaters\/#breadcrumb\"},\"inLanguage\":\"pl-PL\",\"potentialAction\":[{\"@type\":\"ReadAction\",\"target\":[\"https:\/\/pontechmarina.com\/pl\/produkty\/breakwaters\/\"]}]},{\"@type\":\"ImageObject\",\"inLanguage\":\"pl-PL\",\"@id\":\"https:\/\/pontechmarina.com\/pl\/produkty\/breakwaters\/#primaryimage\",\"url\":\"https:\/\/pontechmarina.com\/pl\/wp-content\/uploads\/sites\/7\/2020\/09\/vagbrytare.jpg\",\"contentUrl\":\"https:\/\/pontechmarina.com\/pl\/wp-content\/uploads\/sites\/7\/2020\/09\/vagbrytare.jpg\",\"width\":1000,\"height\":750,\"caption\":\"Falochrony\"},{\"@type\":\"BreadcrumbList\",\"@id\":\"https:\/\/pontechmarina.com\/pl\/produkty\/breakwaters\/#breadcrumb\",\"itemListElement\":[{\"@type\":\"ListItem\",\"position\":1,\"name\":\"Dom\",\"item\":\"https:\/\/pontechmarina.com\/pl\/\"},{\"@type\":\"ListItem\",\"position\":2,\"name\":\"Produkty\",\"item\":\"https:\/\/pontechmarina.com\/pl\/produkty\/\"},{\"@type\":\"ListItem\",\"position\":3,\"name\":\"Falochrony\"}]},{\"@type\":\"WebSite\",\"@id\":\"https:\/\/pontechmarina.com\/pl\/#website\",\"url\":\"https:\/\/pontechmarina.com\/pl\/\",\"name\":\"Pontech pl (Polski)\",\"description\":\"\",\"publisher\":{\"@id\":\"https:\/\/pontechmarina.com\/pl\/#organization\"},\"potentialAction\":[{\"@type\":\"SearchAction\",\"target\":{\"@type\":\"EntryPoint\",\"urlTemplate\":\"https:\/\/pontechmarina.com\/pl\/?s={search_term_string}\"},\"query-input\":{\"@type\":\"PropertyValueSpecification\",\"valueRequired\":true,\"valueName\":\"search_term_string\"}}],\"inLanguage\":\"pl-PL\"},{\"@type\":\"Organization\",\"@id\":\"https:\/\/pontechmarina.com\/pl\/#organization\",\"name\":\"Pontech\",\"url\":\"https:\/\/pontechmarina.com\/pl\/\",\"logo\":{\"@type\":\"ImageObject\",\"inLanguage\":\"pl-PL\",\"@id\":\"https:\/\/pontechmarina.com\/pl\/#\/schema\/logo\/image\/\",\"url\":\"https:\/\/pontechmarina.com\/pl\/wp-content\/uploads\/sites\/7\/2020\/11\/pontech-logo.jpg\",\"contentUrl\":\"https:\/\/pontechmarina.com\/pl\/wp-content\/uploads\/sites\/7\/2020\/11\/pontech-logo.jpg\",\"width\":370,\"height\":168,\"caption\":\"Pontech\"},\"image\":{\"@id\":\"https:\/\/pontechmarina.com\/pl\/#\/schema\/logo\/image\/\"}}]}<\/script>\n<!-- \/ Yoast SEO plugin. -->","yoast_head_json":{"title":"P\u0142ywaj\u0105ce falochrony betonowe do nara\u017conych lokalizacji | Pontech","description":"Pontech oferuje szerok\u0105 gam\u0119 falochron\u00f3w p\u0142ywaj\u0105cych o wysokiej stabilno\u015bci i wyporno\u015bci. \u261e Du\u017ce zanurzenie \u261e Wysokie obci\u0105\u017cenie statyczne \u261e Przyjazne dla \u015brodowiska.","robots":{"index":"index","follow":"follow","max-snippet":"max-snippet:-1","max-image-preview":"max-image-preview:large","max-video-preview":"max-video-preview:-1"},"canonical":"https:\/\/pontechmarina.com\/pl\/produkty\/breakwaters\/","og_locale":"pl_PL","og_type":"article","og_title":"P\u0142ywaj\u0105ce falochrony betonowe do nara\u017conych lokalizacji | Pontech","og_description":"Pontech oferuje szerok\u0105 gam\u0119 falochron\u00f3w p\u0142ywaj\u0105cych o wysokiej stabilno\u015bci i wyporno\u015bci. \u261e Du\u017ce zanurzenie \u261e Wysokie obci\u0105\u017cenie statyczne \u261e Przyjazne dla \u015brodowiska.","og_url":"https:\/\/pontechmarina.com\/pl\/produkty\/breakwaters\/","og_site_name":"Pontech pl (Polski)","article_modified_time":"2023-03-07T03:38:33+00:00","og_image":[{"width":1000,"height":750,"url":"https:\/\/pontechmarina.com\/pl\/wp-content\/uploads\/sites\/7\/2020\/09\/vagbrytare.jpg","type":"image\/jpeg"}],"twitter_card":"summary_large_image","schema":{"@context":"https:\/\/schema.org","@graph":[{"@type":"WebPage","@id":"https:\/\/pontechmarina.com\/pl\/produkty\/breakwaters\/","url":"https:\/\/pontechmarina.com\/pl\/produkty\/breakwaters\/","name":"P\u0142ywaj\u0105ce falochrony betonowe do nara\u017conych lokalizacji | Pontech","isPartOf":{"@id":"https:\/\/pontechmarina.com\/pl\/#website"},"primaryImageOfPage":{"@id":"https:\/\/pontechmarina.com\/pl\/produkty\/breakwaters\/#primaryimage"},"image":{"@id":"https:\/\/pontechmarina.com\/pl\/produkty\/breakwaters\/#primaryimage"},"thumbnailUrl":"https:\/\/pontechmarina.com\/pl\/wp-content\/uploads\/sites\/7\/2020\/09\/vagbrytare.jpg","datePublished":"2020-09-28T14:22:31+00:00","dateModified":"2023-03-07T03:38:33+00:00","description":"Pontech oferuje szerok\u0105 gam\u0119 falochron\u00f3w p\u0142ywaj\u0105cych o wysokiej stabilno\u015bci i wyporno\u015bci. \u261e Du\u017ce zanurzenie \u261e Wysokie obci\u0105\u017cenie statyczne \u261e Przyjazne dla \u015brodowiska.","breadcrumb":{"@id":"https:\/\/pontechmarina.com\/pl\/produkty\/breakwaters\/#breadcrumb"},"inLanguage":"pl-PL","potentialAction":[{"@type":"ReadAction","target":["https:\/\/pontechmarina.com\/pl\/produkty\/breakwaters\/"]}]},{"@type":"ImageObject","inLanguage":"pl-PL","@id":"https:\/\/pontechmarina.com\/pl\/produkty\/breakwaters\/#primaryimage","url":"https:\/\/pontechmarina.com\/pl\/wp-content\/uploads\/sites\/7\/2020\/09\/vagbrytare.jpg","contentUrl":"https:\/\/pontechmarina.com\/pl\/wp-content\/uploads\/sites\/7\/2020\/09\/vagbrytare.jpg","width":1000,"height":750,"caption":"Falochrony"},{"@type":"BreadcrumbList","@id":"https:\/\/pontechmarina.com\/pl\/produkty\/breakwaters\/#breadcrumb","itemListElement":[{"@type":"ListItem","position":1,"name":"Dom","item":"https:\/\/pontechmarina.com\/pl\/"},{"@type":"ListItem","position":2,"name":"Produkty","item":"https:\/\/pontechmarina.com\/pl\/produkty\/"},{"@type":"ListItem","position":3,"name":"Falochrony"}]},{"@type":"WebSite","@id":"https:\/\/pontechmarina.com\/pl\/#website","url":"https:\/\/pontechmarina.com\/pl\/","name":"Pontech pl (Polski)","description":"","publisher":{"@id":"https:\/\/pontechmarina.com\/pl\/#organization"},"potentialAction":[{"@type":"SearchAction","target":{"@type":"EntryPoint","urlTemplate":"https:\/\/pontechmarina.com\/pl\/?s={search_term_string}"},"query-input":{"@type":"PropertyValueSpecification","valueRequired":true,"valueName":"search_term_string"}}],"inLanguage":"pl-PL"},{"@type":"Organization","@id":"https:\/\/pontechmarina.com\/pl\/#organization","name":"Pontech","url":"https:\/\/pontechmarina.com\/pl\/","logo":{"@type":"ImageObject","inLanguage":"pl-PL","@id":"https:\/\/pontechmarina.com\/pl\/#\/schema\/logo\/image\/","url":"https:\/\/pontechmarina.com\/pl\/wp-content\/uploads\/sites\/7\/2020\/11\/pontech-logo.jpg","contentUrl":"https:\/\/pontechmarina.com\/pl\/wp-content\/uploads\/sites\/7\/2020\/11\/pontech-logo.jpg","width":370,"height":168,"caption":"Pontech"},"image":{"@id":"https:\/\/pontechmarina.com\/pl\/#\/schema\/logo\/image\/"}}]}},"_links":{"self":[{"href":"https:\/\/pontechmarina.com\/pl\/wp-json\/wp\/v2\/pages\/137","targetHints":{"allow":["GET"]}}],"collection":[{"href":"https:\/\/pontechmarina.com\/pl\/wp-json\/wp\/v2\/pages"}],"about":[{"href":"https:\/\/pontechmarina.com\/pl\/wp-json\/wp\/v2\/types\/page"}],"author":[{"embeddable":true,"href":"https:\/\/pontechmarina.com\/pl\/wp-json\/wp\/v2\/users\/1"}],"replies":[{"embeddable":true,"href":"https:\/\/pontechmarina.com\/pl\/wp-json\/wp\/v2\/comments?post=137"}],"version-history":[{"count":24,"href":"https:\/\/pontechmarina.com\/pl\/wp-json\/wp\/v2\/pages\/137\/revisions"}],"predecessor-version":[{"id":1079,"href":"https:\/\/pontechmarina.com\/pl\/wp-json\/wp\/v2\/pages\/137\/revisions\/1079"}],"up":[{"embeddable":true,"href":"https:\/\/pontechmarina.com\/pl\/wp-json\/wp\/v2\/pages\/130"}],"wp:featuredmedia":[{"embeddable":true,"href":"https:\/\/pontechmarina.com\/pl\/wp-json\/wp\/v2\/media\/213"}],"wp:attachment":[{"href":"https:\/\/pontechmarina.com\/pl\/wp-json\/wp\/v2\/media?parent=137"}],"curies":[{"name":"wp","href":"https:\/\/api.w.org\/{rel}","templated":true}]}}