{"id":151,"date":"2020-09-28T16:26:02","date_gmt":"2020-09-28T14:26:02","guid":{"rendered":"http:\/\/pontech.seo-doktorn.se\/en\/?page_id=151"},"modified":"2022-10-25T13:40:42","modified_gmt":"2022-10-25T11:40:42","slug":"zapewnienie-jakosci-polityka-srodowiskowa","status":"publish","type":"page","link":"https:\/\/pontechmarina.com\/pl\/o-nas\/zapewnienie-jakosci-polityka-srodowiskowa\/","title":{"rendered":"Zapewnienie jako\u015bci i polityka \u015brodowiskowa"},"content":{"rendered":"","protected":false},"excerpt":{"rendered":"","protected":false},"author":1,"featured_media":0,"parent":147,"menu_order":0,"comment_status":"closed","ping_status":"closed","template":"","meta":{"_acf_changed":false,"inline_featured_image":false,"footnotes":""},"class_list":["post-151","page","type-page","status-publish","hentry"],"acf":[],"yoast_head":"<!-- This site is optimized with the Yoast SEO plugin v27.0 - https:\/\/yoast.com\/product\/yoast-seo-wordpress\/ -->\n<title>Nasza polityka zapewnienia jako\u015bci i \u015brodowiskowa | Pontech<\/title>\n<meta name=\"description\" content=\"B\u0105d\u017a cz\u0119\u015bci\u0105 naszej polityka \u015brodowiskowej i systemu zapewnienia jako\u015bci, zgodnych z wymogami ISO 9001:2000 i ISO 14001:2004.\" \/>\n<meta name=\"robots\" content=\"index, follow, max-snippet:-1, max-image-preview:large, max-video-preview:-1\" \/>\n<link rel=\"canonical\" href=\"https:\/\/pontechmarina.com\/pl\/o-nas\/zapewnienie-jakosci-polityka-srodowiskowa\/\" \/>\n<meta property=\"og:locale\" content=\"pl_PL\" \/>\n<meta property=\"og:type\" content=\"article\" \/>\n<meta property=\"og:title\" content=\"Nasza polityka zapewnienia jako\u015bci i \u015brodowiskowa | Pontech\" \/>\n<meta property=\"og:description\" content=\"B\u0105d\u017a cz\u0119\u015bci\u0105 naszej polityka \u015brodowiskowej i systemu zapewnienia jako\u015bci, zgodnych z wymogami ISO 9001:2000 i ISO 14001:2004.\" \/>\n<meta property=\"og:url\" content=\"https:\/\/pontechmarina.com\/pl\/o-nas\/zapewnienie-jakosci-polityka-srodowiskowa\/\" \/>\n<meta property=\"og:site_name\" content=\"Pontech pl (Polski)\" \/>\n<meta property=\"article:modified_time\" content=\"2022-10-25T11:40:42+00:00\" \/>\n<meta name=\"twitter:card\" content=\"summary_large_image\" \/>\n<script type=\"application\/ld+json\" class=\"yoast-schema-graph\">{\"@context\":\"https:\/\/schema.org\",\"@graph\":[{\"@type\":\"WebPage\",\"@id\":\"https:\/\/pontechmarina.com\/pl\/o-nas\/zapewnienie-jakosci-polityka-srodowiskowa\/\",\"url\":\"https:\/\/pontechmarina.com\/pl\/o-nas\/zapewnienie-jakosci-polityka-srodowiskowa\/\",\"name\":\"Nasza polityka zapewnienia jako\u015bci i \u015brodowiskowa | Pontech\",\"isPartOf\":{\"@id\":\"https:\/\/pontechmarina.com\/pl\/#website\"},\"datePublished\":\"2020-09-28T14:26:02+00:00\",\"dateModified\":\"2022-10-25T11:40:42+00:00\",\"description\":\"B\u0105d\u017a cz\u0119\u015bci\u0105 naszej polityka \u015brodowiskowej i systemu zapewnienia jako\u015bci, zgodnych z wymogami ISO 9001:2000 i ISO 14001:2004.\",\"breadcrumb\":{\"@id\":\"https:\/\/pontechmarina.com\/pl\/o-nas\/zapewnienie-jakosci-polityka-srodowiskowa\/#breadcrumb\"},\"inLanguage\":\"pl-PL\",\"potentialAction\":[{\"@type\":\"ReadAction\",\"target\":[\"https:\/\/pontechmarina.com\/pl\/o-nas\/zapewnienie-jakosci-polityka-srodowiskowa\/\"]}]},{\"@type\":\"BreadcrumbList\",\"@id\":\"https:\/\/pontechmarina.com\/pl\/o-nas\/zapewnienie-jakosci-polityka-srodowiskowa\/#breadcrumb\",\"itemListElement\":[{\"@type\":\"ListItem\",\"position\":1,\"name\":\"Dom\",\"item\":\"https:\/\/pontechmarina.com\/pl\/\"},{\"@type\":\"ListItem\",\"position\":2,\"name\":\"O Nas\",\"item\":\"https:\/\/pontechmarina.com\/pl\/o-nas\/\"},{\"@type\":\"ListItem\",\"position\":3,\"name\":\"Zapewnienie jako\u015bci i polityka \u015brodowiskowa\"}]},{\"@type\":\"WebSite\",\"@id\":\"https:\/\/pontechmarina.com\/pl\/#website\",\"url\":\"https:\/\/pontechmarina.com\/pl\/\",\"name\":\"Pontech pl (Polski)\",\"description\":\"\",\"publisher\":{\"@id\":\"https:\/\/pontechmarina.com\/pl\/#organization\"},\"potentialAction\":[{\"@type\":\"SearchAction\",\"target\":{\"@type\":\"EntryPoint\",\"urlTemplate\":\"https:\/\/pontechmarina.com\/pl\/?s={search_term_string}\"},\"query-input\":{\"@type\":\"PropertyValueSpecification\",\"valueRequired\":true,\"valueName\":\"search_term_string\"}}],\"inLanguage\":\"pl-PL\"},{\"@type\":\"Organization\",\"@id\":\"https:\/\/pontechmarina.com\/pl\/#organization\",\"name\":\"Pontech\",\"url\":\"https:\/\/pontechmarina.com\/pl\/\",\"logo\":{\"@type\":\"ImageObject\",\"inLanguage\":\"pl-PL\",\"@id\":\"https:\/\/pontechmarina.com\/pl\/#\/schema\/logo\/image\/\",\"url\":\"https:\/\/pontechmarina.com\/pl\/wp-content\/uploads\/sites\/7\/2020\/11\/pontech-logo.jpg\",\"contentUrl\":\"https:\/\/pontechmarina.com\/pl\/wp-content\/uploads\/sites\/7\/2020\/11\/pontech-logo.jpg\",\"width\":370,\"height\":168,\"caption\":\"Pontech\"},\"image\":{\"@id\":\"https:\/\/pontechmarina.com\/pl\/#\/schema\/logo\/image\/\"}}]}<\/script>\n<!-- \/ Yoast SEO plugin. -->","yoast_head_json":{"title":"Nasza polityka zapewnienia jako\u015bci i \u015brodowiskowa | Pontech","description":"B\u0105d\u017a cz\u0119\u015bci\u0105 naszej polityka \u015brodowiskowej i systemu zapewnienia jako\u015bci, zgodnych z wymogami ISO 9001:2000 i ISO 14001:2004.","robots":{"index":"index","follow":"follow","max-snippet":"max-snippet:-1","max-image-preview":"max-image-preview:large","max-video-preview":"max-video-preview:-1"},"canonical":"https:\/\/pontechmarina.com\/pl\/o-nas\/zapewnienie-jakosci-polityka-srodowiskowa\/","og_locale":"pl_PL","og_type":"article","og_title":"Nasza polityka zapewnienia jako\u015bci i \u015brodowiskowa | Pontech","og_description":"B\u0105d\u017a cz\u0119\u015bci\u0105 naszej polityka \u015brodowiskowej i systemu zapewnienia jako\u015bci, zgodnych z wymogami ISO 9001:2000 i ISO 14001:2004.","og_url":"https:\/\/pontechmarina.com\/pl\/o-nas\/zapewnienie-jakosci-polityka-srodowiskowa\/","og_site_name":"Pontech pl (Polski)","article_modified_time":"2022-10-25T11:40:42+00:00","twitter_card":"summary_large_image","schema":{"@context":"https:\/\/schema.org","@graph":[{"@type":"WebPage","@id":"https:\/\/pontechmarina.com\/pl\/o-nas\/zapewnienie-jakosci-polityka-srodowiskowa\/","url":"https:\/\/pontechmarina.com\/pl\/o-nas\/zapewnienie-jakosci-polityka-srodowiskowa\/","name":"Nasza polityka zapewnienia jako\u015bci i \u015brodowiskowa | Pontech","isPartOf":{"@id":"https:\/\/pontechmarina.com\/pl\/#website"},"datePublished":"2020-09-28T14:26:02+00:00","dateModified":"2022-10-25T11:40:42+00:00","description":"B\u0105d\u017a cz\u0119\u015bci\u0105 naszej polityka \u015brodowiskowej i systemu zapewnienia jako\u015bci, zgodnych z wymogami ISO 9001:2000 i ISO 14001:2004.","breadcrumb":{"@id":"https:\/\/pontechmarina.com\/pl\/o-nas\/zapewnienie-jakosci-polityka-srodowiskowa\/#breadcrumb"},"inLanguage":"pl-PL","potentialAction":[{"@type":"ReadAction","target":["https:\/\/pontechmarina.com\/pl\/o-nas\/zapewnienie-jakosci-polityka-srodowiskowa\/"]}]},{"@type":"BreadcrumbList","@id":"https:\/\/pontechmarina.com\/pl\/o-nas\/zapewnienie-jakosci-polityka-srodowiskowa\/#breadcrumb","itemListElement":[{"@type":"ListItem","position":1,"name":"Dom","item":"https:\/\/pontechmarina.com\/pl\/"},{"@type":"ListItem","position":2,"name":"O Nas","item":"https:\/\/pontechmarina.com\/pl\/o-nas\/"},{"@type":"ListItem","position":3,"name":"Zapewnienie jako\u015bci i polityka \u015brodowiskowa"}]},{"@type":"WebSite","@id":"https:\/\/pontechmarina.com\/pl\/#website","url":"https:\/\/pontechmarina.com\/pl\/","name":"Pontech pl (Polski)","description":"","publisher":{"@id":"https:\/\/pontechmarina.com\/pl\/#organization"},"potentialAction":[{"@type":"SearchAction","target":{"@type":"EntryPoint","urlTemplate":"https:\/\/pontechmarina.com\/pl\/?s={search_term_string}"},"query-input":{"@type":"PropertyValueSpecification","valueRequired":true,"valueName":"search_term_string"}}],"inLanguage":"pl-PL"},{"@type":"Organization","@id":"https:\/\/pontechmarina.com\/pl\/#organization","name":"Pontech","url":"https:\/\/pontechmarina.com\/pl\/","logo":{"@type":"ImageObject","inLanguage":"pl-PL","@id":"https:\/\/pontechmarina.com\/pl\/#\/schema\/logo\/image\/","url":"https:\/\/pontechmarina.com\/pl\/wp-content\/uploads\/sites\/7\/2020\/11\/pontech-logo.jpg","contentUrl":"https:\/\/pontechmarina.com\/pl\/wp-content\/uploads\/sites\/7\/2020\/11\/pontech-logo.jpg","width":370,"height":168,"caption":"Pontech"},"image":{"@id":"https:\/\/pontechmarina.com\/pl\/#\/schema\/logo\/image\/"}}]}},"_links":{"self":[{"href":"https:\/\/pontechmarina.com\/pl\/wp-json\/wp\/v2\/pages\/151","targetHints":{"allow":["GET"]}}],"collection":[{"href":"https:\/\/pontechmarina.com\/pl\/wp-json\/wp\/v2\/pages"}],"about":[{"href":"https:\/\/pontechmarina.com\/pl\/wp-json\/wp\/v2\/types\/page"}],"author":[{"embeddable":true,"href":"https:\/\/pontechmarina.com\/pl\/wp-json\/wp\/v2\/users\/1"}],"replies":[{"embeddable":true,"href":"https:\/\/pontechmarina.com\/pl\/wp-json\/wp\/v2\/comments?post=151"}],"version-history":[{"count":21,"href":"https:\/\/pontechmarina.com\/pl\/wp-json\/wp\/v2\/pages\/151\/revisions"}],"predecessor-version":[{"id":1058,"href":"https:\/\/pontechmarina.com\/pl\/wp-json\/wp\/v2\/pages\/151\/revisions\/1058"}],"up":[{"embeddable":true,"href":"https:\/\/pontechmarina.com\/pl\/wp-json\/wp\/v2\/pages\/147"}],"wp:attachment":[{"href":"https:\/\/pontechmarina.com\/pl\/wp-json\/wp\/v2\/media?parent=151"}],"curies":[{"name":"wp","href":"https:\/\/api.w.org\/{rel}","templated":true}]}}