{"id":159,"date":"2020-09-28T16:36:41","date_gmt":"2020-09-28T14:36:41","guid":{"rendered":"http:\/\/pontech.seo-doktorn.se\/en\/?page_id=159"},"modified":"2023-03-07T07:21:51","modified_gmt":"2023-03-07T06:21:51","slug":"polityka-plikow-cookie","status":"publish","type":"page","link":"https:\/\/pontechmarina.com\/pl\/polityka-plikow-cookie\/","title":{"rendered":"Polityka plik\u00f3w cookie"},"content":{"rendered":"","protected":false},"excerpt":{"rendered":"","protected":false},"author":1,"featured_media":0,"parent":0,"menu_order":0,"comment_status":"closed","ping_status":"closed","template":"","meta":{"_acf_changed":false,"inline_featured_image":false,"footnotes":""},"class_list":["post-159","page","type-page","status-publish","hentry"],"acf":[],"yoast_head":"<!-- This site is optimized with the Yoast SEO plugin v27.0 - https:\/\/yoast.com\/product\/yoast-seo-wordpress\/ -->\n<title>Ta strona korzysta z plik\u00f3w cookie - | Pontech<\/title>\n<meta name=\"description\" content=\"Dowiedz si\u0119 wi\u0119cej o naszej polityce plik\u00f3w cookie. Nie przechowujemy \u017cadnych danych osobowych, wi\u0119c pozostajesz ca\u0142kowicie anonimowa(y).\" \/>\n<meta name=\"robots\" content=\"index, follow, max-snippet:-1, max-image-preview:large, max-video-preview:-1\" \/>\n<link rel=\"canonical\" href=\"https:\/\/pontechmarina.com\/pl\/polityka-plikow-cookie\/\" \/>\n<meta property=\"og:locale\" content=\"pl_PL\" \/>\n<meta property=\"og:type\" content=\"article\" \/>\n<meta property=\"og:title\" content=\"Ta strona korzysta z plik\u00f3w cookie - | Pontech\" \/>\n<meta property=\"og:description\" content=\"Dowiedz si\u0119 wi\u0119cej o naszej polityce plik\u00f3w cookie. Nie przechowujemy \u017cadnych danych osobowych, wi\u0119c pozostajesz ca\u0142kowicie anonimowa(y).\" \/>\n<meta property=\"og:url\" content=\"https:\/\/pontechmarina.com\/pl\/polityka-plikow-cookie\/\" \/>\n<meta property=\"og:site_name\" content=\"Pontech pl (Polski)\" \/>\n<meta property=\"article:modified_time\" content=\"2023-03-07T06:21:51+00:00\" \/>\n<meta name=\"twitter:card\" content=\"summary_large_image\" \/>\n<script type=\"application\/ld+json\" class=\"yoast-schema-graph\">{\"@context\":\"https:\/\/schema.org\",\"@graph\":[{\"@type\":\"WebPage\",\"@id\":\"https:\/\/pontechmarina.com\/pl\/polityka-plikow-cookie\/\",\"url\":\"https:\/\/pontechmarina.com\/pl\/polityka-plikow-cookie\/\",\"name\":\"Ta strona korzysta z plik\u00f3w cookie - | Pontech\",\"isPartOf\":{\"@id\":\"https:\/\/pontechmarina.com\/pl\/#website\"},\"datePublished\":\"2020-09-28T14:36:41+00:00\",\"dateModified\":\"2023-03-07T06:21:51+00:00\",\"description\":\"Dowiedz si\u0119 wi\u0119cej o naszej polityce plik\u00f3w cookie. Nie przechowujemy \u017cadnych danych osobowych, wi\u0119c pozostajesz ca\u0142kowicie anonimowa(y).\",\"breadcrumb\":{\"@id\":\"https:\/\/pontechmarina.com\/pl\/polityka-plikow-cookie\/#breadcrumb\"},\"inLanguage\":\"pl-PL\",\"potentialAction\":[{\"@type\":\"ReadAction\",\"target\":[\"https:\/\/pontechmarina.com\/pl\/polityka-plikow-cookie\/\"]}]},{\"@type\":\"BreadcrumbList\",\"@id\":\"https:\/\/pontechmarina.com\/pl\/polityka-plikow-cookie\/#breadcrumb\",\"itemListElement\":[{\"@type\":\"ListItem\",\"position\":1,\"name\":\"Dom\",\"item\":\"https:\/\/pontechmarina.com\/pl\/\"},{\"@type\":\"ListItem\",\"position\":2,\"name\":\"Polityka plik\u00f3w cookie\"}]},{\"@type\":\"WebSite\",\"@id\":\"https:\/\/pontechmarina.com\/pl\/#website\",\"url\":\"https:\/\/pontechmarina.com\/pl\/\",\"name\":\"Pontech pl (Polski)\",\"description\":\"\",\"publisher\":{\"@id\":\"https:\/\/pontechmarina.com\/pl\/#organization\"},\"potentialAction\":[{\"@type\":\"SearchAction\",\"target\":{\"@type\":\"EntryPoint\",\"urlTemplate\":\"https:\/\/pontechmarina.com\/pl\/?s={search_term_string}\"},\"query-input\":{\"@type\":\"PropertyValueSpecification\",\"valueRequired\":true,\"valueName\":\"search_term_string\"}}],\"inLanguage\":\"pl-PL\"},{\"@type\":\"Organization\",\"@id\":\"https:\/\/pontechmarina.com\/pl\/#organization\",\"name\":\"Pontech\",\"url\":\"https:\/\/pontechmarina.com\/pl\/\",\"logo\":{\"@type\":\"ImageObject\",\"inLanguage\":\"pl-PL\",\"@id\":\"https:\/\/pontechmarina.com\/pl\/#\/schema\/logo\/image\/\",\"url\":\"https:\/\/pontechmarina.com\/pl\/wp-content\/uploads\/sites\/7\/2020\/11\/pontech-logo.jpg\",\"contentUrl\":\"https:\/\/pontechmarina.com\/pl\/wp-content\/uploads\/sites\/7\/2020\/11\/pontech-logo.jpg\",\"width\":370,\"height\":168,\"caption\":\"Pontech\"},\"image\":{\"@id\":\"https:\/\/pontechmarina.com\/pl\/#\/schema\/logo\/image\/\"}}]}<\/script>\n<!-- \/ Yoast SEO plugin. -->","yoast_head_json":{"title":"Ta strona korzysta z plik\u00f3w cookie - | Pontech","description":"Dowiedz si\u0119 wi\u0119cej o naszej polityce plik\u00f3w cookie. Nie przechowujemy \u017cadnych danych osobowych, wi\u0119c pozostajesz ca\u0142kowicie anonimowa(y).","robots":{"index":"index","follow":"follow","max-snippet":"max-snippet:-1","max-image-preview":"max-image-preview:large","max-video-preview":"max-video-preview:-1"},"canonical":"https:\/\/pontechmarina.com\/pl\/polityka-plikow-cookie\/","og_locale":"pl_PL","og_type":"article","og_title":"Ta strona korzysta z plik\u00f3w cookie - | Pontech","og_description":"Dowiedz si\u0119 wi\u0119cej o naszej polityce plik\u00f3w cookie. Nie przechowujemy \u017cadnych danych osobowych, wi\u0119c pozostajesz ca\u0142kowicie anonimowa(y).","og_url":"https:\/\/pontechmarina.com\/pl\/polityka-plikow-cookie\/","og_site_name":"Pontech pl (Polski)","article_modified_time":"2023-03-07T06:21:51+00:00","twitter_card":"summary_large_image","schema":{"@context":"https:\/\/schema.org","@graph":[{"@type":"WebPage","@id":"https:\/\/pontechmarina.com\/pl\/polityka-plikow-cookie\/","url":"https:\/\/pontechmarina.com\/pl\/polityka-plikow-cookie\/","name":"Ta strona korzysta z plik\u00f3w cookie - | Pontech","isPartOf":{"@id":"https:\/\/pontechmarina.com\/pl\/#website"},"datePublished":"2020-09-28T14:36:41+00:00","dateModified":"2023-03-07T06:21:51+00:00","description":"Dowiedz si\u0119 wi\u0119cej o naszej polityce plik\u00f3w cookie. Nie przechowujemy \u017cadnych danych osobowych, wi\u0119c pozostajesz ca\u0142kowicie anonimowa(y).","breadcrumb":{"@id":"https:\/\/pontechmarina.com\/pl\/polityka-plikow-cookie\/#breadcrumb"},"inLanguage":"pl-PL","potentialAction":[{"@type":"ReadAction","target":["https:\/\/pontechmarina.com\/pl\/polityka-plikow-cookie\/"]}]},{"@type":"BreadcrumbList","@id":"https:\/\/pontechmarina.com\/pl\/polityka-plikow-cookie\/#breadcrumb","itemListElement":[{"@type":"ListItem","position":1,"name":"Dom","item":"https:\/\/pontechmarina.com\/pl\/"},{"@type":"ListItem","position":2,"name":"Polityka plik\u00f3w cookie"}]},{"@type":"WebSite","@id":"https:\/\/pontechmarina.com\/pl\/#website","url":"https:\/\/pontechmarina.com\/pl\/","name":"Pontech pl (Polski)","description":"","publisher":{"@id":"https:\/\/pontechmarina.com\/pl\/#organization"},"potentialAction":[{"@type":"SearchAction","target":{"@type":"EntryPoint","urlTemplate":"https:\/\/pontechmarina.com\/pl\/?s={search_term_string}"},"query-input":{"@type":"PropertyValueSpecification","valueRequired":true,"valueName":"search_term_string"}}],"inLanguage":"pl-PL"},{"@type":"Organization","@id":"https:\/\/pontechmarina.com\/pl\/#organization","name":"Pontech","url":"https:\/\/pontechmarina.com\/pl\/","logo":{"@type":"ImageObject","inLanguage":"pl-PL","@id":"https:\/\/pontechmarina.com\/pl\/#\/schema\/logo\/image\/","url":"https:\/\/pontechmarina.com\/pl\/wp-content\/uploads\/sites\/7\/2020\/11\/pontech-logo.jpg","contentUrl":"https:\/\/pontechmarina.com\/pl\/wp-content\/uploads\/sites\/7\/2020\/11\/pontech-logo.jpg","width":370,"height":168,"caption":"Pontech"},"image":{"@id":"https:\/\/pontechmarina.com\/pl\/#\/schema\/logo\/image\/"}}]}},"_links":{"self":[{"href":"https:\/\/pontechmarina.com\/pl\/wp-json\/wp\/v2\/pages\/159","targetHints":{"allow":["GET"]}}],"collection":[{"href":"https:\/\/pontechmarina.com\/pl\/wp-json\/wp\/v2\/pages"}],"about":[{"href":"https:\/\/pontechmarina.com\/pl\/wp-json\/wp\/v2\/types\/page"}],"author":[{"embeddable":true,"href":"https:\/\/pontechmarina.com\/pl\/wp-json\/wp\/v2\/users\/1"}],"replies":[{"embeddable":true,"href":"https:\/\/pontechmarina.com\/pl\/wp-json\/wp\/v2\/comments?post=159"}],"version-history":[{"count":17,"href":"https:\/\/pontechmarina.com\/pl\/wp-json\/wp\/v2\/pages\/159\/revisions"}],"predecessor-version":[{"id":1094,"href":"https:\/\/pontechmarina.com\/pl\/wp-json\/wp\/v2\/pages\/159\/revisions\/1094"}],"wp:attachment":[{"href":"https:\/\/pontechmarina.com\/pl\/wp-json\/wp\/v2\/media?parent=159"}],"curies":[{"name":"wp","href":"https:\/\/api.w.org\/{rel}","templated":true}]}}