{"id":1148,"date":"2023-05-26T14:30:32","date_gmt":"2023-05-26T12:30:32","guid":{"rendered":"https:\/\/pontechmarina.com\/se\/?page_id=1148"},"modified":"2026-02-20T13:56:29","modified_gmt":"2026-02-20T12:56:29","slug":"flytande-konstruktioner","status":"publish","type":"page","link":"https:\/\/pontechmarina.com\/se\/flytande-konstruktioner\/","title":{"rendered":"Flytande konstruktioner"},"content":{"rendered":"","protected":false},"excerpt":{"rendered":"","protected":false},"author":5,"featured_media":0,"parent":0,"menu_order":0,"comment_status":"closed","ping_status":"closed","template":"","meta":{"_acf_changed":false,"inline_featured_image":false,"footnotes":""},"huvudkategori":[],"class_list":["post-1148","page","type-page","status-publish","hentry"],"acf":[],"yoast_head":"<!-- This site is optimized with the Yoast SEO plugin v27.0 - https:\/\/yoast.com\/product\/yoast-seo-wordpress\/ -->\n<title>Flytande konstruktioner - Padelbanor, hus, restauranger | Pontech<\/title>\n<meta name=\"description\" content=\"V\u00e4lkommen till Pontech, din ledande leverant\u00f6r av flytande konstruktioner. Vi erbjuder innovativa l\u00f6sningar f\u00f6r padelbanor, flytande hus, restauranger m.m.\" \/>\n<meta name=\"robots\" content=\"index, follow, max-snippet:-1, max-image-preview:large, max-video-preview:-1\" \/>\n<link rel=\"canonical\" href=\"https:\/\/pontechmarina.com\/se\/flytande-konstruktioner\/\" \/>\n<meta property=\"og:locale\" content=\"sv_SE\" \/>\n<meta property=\"og:type\" content=\"article\" \/>\n<meta property=\"og:title\" content=\"Flytande konstruktioner - Padelbanor, hus, restauranger | Pontech\" \/>\n<meta property=\"og:description\" content=\"V\u00e4lkommen till Pontech, din ledande leverant\u00f6r av flytande konstruktioner. Vi erbjuder innovativa l\u00f6sningar f\u00f6r padelbanor, flytande hus, restauranger m.m.\" \/>\n<meta property=\"og:url\" content=\"https:\/\/pontechmarina.com\/se\/flytande-konstruktioner\/\" \/>\n<meta property=\"og:site_name\" content=\"Pontech\" \/>\n<meta property=\"article:modified_time\" content=\"2026-02-20T12:56:29+00:00\" \/>\n<meta name=\"twitter:card\" content=\"summary_large_image\" \/>\n<script type=\"application\/ld+json\" class=\"yoast-schema-graph\">{\"@context\":\"https:\/\/schema.org\",\"@graph\":[{\"@type\":\"WebPage\",\"@id\":\"https:\/\/pontechmarina.com\/se\/flytande-konstruktioner\/\",\"url\":\"https:\/\/pontechmarina.com\/se\/flytande-konstruktioner\/\",\"name\":\"Flytande konstruktioner - Padelbanor, hus, restauranger | Pontech\",\"isPartOf\":{\"@id\":\"https:\/\/pontechmarina.com\/se\/#website\"},\"datePublished\":\"2023-05-26T12:30:32+00:00\",\"dateModified\":\"2026-02-20T12:56:29+00:00\",\"description\":\"V\u00e4lkommen till Pontech, din ledande leverant\u00f6r av flytande konstruktioner. Vi erbjuder innovativa l\u00f6sningar f\u00f6r padelbanor, flytande hus, restauranger m.m.\",\"breadcrumb\":{\"@id\":\"https:\/\/pontechmarina.com\/se\/flytande-konstruktioner\/#breadcrumb\"},\"inLanguage\":\"sv-SE\",\"potentialAction\":[{\"@type\":\"ReadAction\",\"target\":[\"https:\/\/pontechmarina.com\/se\/flytande-konstruktioner\/\"]}]},{\"@type\":\"BreadcrumbList\",\"@id\":\"https:\/\/pontechmarina.com\/se\/flytande-konstruktioner\/#breadcrumb\",\"itemListElement\":[{\"@type\":\"ListItem\",\"position\":1,\"name\":\"Hem\",\"item\":\"https:\/\/pontechmarina.com\/se\/\"},{\"@type\":\"ListItem\",\"position\":2,\"name\":\"Flytande konstruktioner\"}]},{\"@type\":\"WebSite\",\"@id\":\"https:\/\/pontechmarina.com\/se\/#website\",\"url\":\"https:\/\/pontechmarina.com\/se\/\",\"name\":\"Pontech\",\"description\":\"\",\"publisher\":{\"@id\":\"https:\/\/pontechmarina.com\/se\/#organization\"},\"potentialAction\":[{\"@type\":\"SearchAction\",\"target\":{\"@type\":\"EntryPoint\",\"urlTemplate\":\"https:\/\/pontechmarina.com\/se\/?s={search_term_string}\"},\"query-input\":{\"@type\":\"PropertyValueSpecification\",\"valueRequired\":true,\"valueName\":\"search_term_string\"}}],\"inLanguage\":\"sv-SE\"},{\"@type\":\"Organization\",\"@id\":\"https:\/\/pontechmarina.com\/se\/#organization\",\"name\":\"Pontech\",\"url\":\"https:\/\/pontechmarina.com\/se\/\",\"logo\":{\"@type\":\"ImageObject\",\"inLanguage\":\"sv-SE\",\"@id\":\"https:\/\/pontechmarina.com\/se\/#\/schema\/logo\/image\/\",\"url\":\"https:\/\/pontechmarina.com\/se\/wp-content\/uploads\/2020\/11\/pontech-logo.jpg\",\"contentUrl\":\"https:\/\/pontechmarina.com\/se\/wp-content\/uploads\/2020\/11\/pontech-logo.jpg\",\"width\":370,\"height\":168,\"caption\":\"Pontech\"},\"image\":{\"@id\":\"https:\/\/pontechmarina.com\/se\/#\/schema\/logo\/image\/\"}}]}<\/script>\n<!-- \/ Yoast SEO plugin. -->","yoast_head_json":{"title":"Flytande konstruktioner - Padelbanor, hus, restauranger | Pontech","description":"V\u00e4lkommen till Pontech, din ledande leverant\u00f6r av flytande konstruktioner. Vi erbjuder innovativa l\u00f6sningar f\u00f6r padelbanor, flytande hus, restauranger m.m.","robots":{"index":"index","follow":"follow","max-snippet":"max-snippet:-1","max-image-preview":"max-image-preview:large","max-video-preview":"max-video-preview:-1"},"canonical":"https:\/\/pontechmarina.com\/se\/flytande-konstruktioner\/","og_locale":"sv_SE","og_type":"article","og_title":"Flytande konstruktioner - Padelbanor, hus, restauranger | Pontech","og_description":"V\u00e4lkommen till Pontech, din ledande leverant\u00f6r av flytande konstruktioner. Vi erbjuder innovativa l\u00f6sningar f\u00f6r padelbanor, flytande hus, restauranger m.m.","og_url":"https:\/\/pontechmarina.com\/se\/flytande-konstruktioner\/","og_site_name":"Pontech","article_modified_time":"2026-02-20T12:56:29+00:00","twitter_card":"summary_large_image","schema":{"@context":"https:\/\/schema.org","@graph":[{"@type":"WebPage","@id":"https:\/\/pontechmarina.com\/se\/flytande-konstruktioner\/","url":"https:\/\/pontechmarina.com\/se\/flytande-konstruktioner\/","name":"Flytande konstruktioner - Padelbanor, hus, restauranger | Pontech","isPartOf":{"@id":"https:\/\/pontechmarina.com\/se\/#website"},"datePublished":"2023-05-26T12:30:32+00:00","dateModified":"2026-02-20T12:56:29+00:00","description":"V\u00e4lkommen till Pontech, din ledande leverant\u00f6r av flytande konstruktioner. Vi erbjuder innovativa l\u00f6sningar f\u00f6r padelbanor, flytande hus, restauranger m.m.","breadcrumb":{"@id":"https:\/\/pontechmarina.com\/se\/flytande-konstruktioner\/#breadcrumb"},"inLanguage":"sv-SE","potentialAction":[{"@type":"ReadAction","target":["https:\/\/pontechmarina.com\/se\/flytande-konstruktioner\/"]}]},{"@type":"BreadcrumbList","@id":"https:\/\/pontechmarina.com\/se\/flytande-konstruktioner\/#breadcrumb","itemListElement":[{"@type":"ListItem","position":1,"name":"Hem","item":"https:\/\/pontechmarina.com\/se\/"},{"@type":"ListItem","position":2,"name":"Flytande konstruktioner"}]},{"@type":"WebSite","@id":"https:\/\/pontechmarina.com\/se\/#website","url":"https:\/\/pontechmarina.com\/se\/","name":"Pontech","description":"","publisher":{"@id":"https:\/\/pontechmarina.com\/se\/#organization"},"potentialAction":[{"@type":"SearchAction","target":{"@type":"EntryPoint","urlTemplate":"https:\/\/pontechmarina.com\/se\/?s={search_term_string}"},"query-input":{"@type":"PropertyValueSpecification","valueRequired":true,"valueName":"search_term_string"}}],"inLanguage":"sv-SE"},{"@type":"Organization","@id":"https:\/\/pontechmarina.com\/se\/#organization","name":"Pontech","url":"https:\/\/pontechmarina.com\/se\/","logo":{"@type":"ImageObject","inLanguage":"sv-SE","@id":"https:\/\/pontechmarina.com\/se\/#\/schema\/logo\/image\/","url":"https:\/\/pontechmarina.com\/se\/wp-content\/uploads\/2020\/11\/pontech-logo.jpg","contentUrl":"https:\/\/pontechmarina.com\/se\/wp-content\/uploads\/2020\/11\/pontech-logo.jpg","width":370,"height":168,"caption":"Pontech"},"image":{"@id":"https:\/\/pontechmarina.com\/se\/#\/schema\/logo\/image\/"}}]}},"_links":{"self":[{"href":"https:\/\/pontechmarina.com\/se\/wp-json\/wp\/v2\/pages\/1148","targetHints":{"allow":["GET"]}}],"collection":[{"href":"https:\/\/pontechmarina.com\/se\/wp-json\/wp\/v2\/pages"}],"about":[{"href":"https:\/\/pontechmarina.com\/se\/wp-json\/wp\/v2\/types\/page"}],"author":[{"embeddable":true,"href":"https:\/\/pontechmarina.com\/se\/wp-json\/wp\/v2\/users\/5"}],"replies":[{"embeddable":true,"href":"https:\/\/pontechmarina.com\/se\/wp-json\/wp\/v2\/comments?post=1148"}],"version-history":[{"count":26,"href":"https:\/\/pontechmarina.com\/se\/wp-json\/wp\/v2\/pages\/1148\/revisions"}],"predecessor-version":[{"id":2049,"href":"https:\/\/pontechmarina.com\/se\/wp-json\/wp\/v2\/pages\/1148\/revisions\/2049"}],"wp:attachment":[{"href":"https:\/\/pontechmarina.com\/se\/wp-json\/wp\/v2\/media?parent=1148"}],"wp:term":[{"taxonomy":"huvudkategori","embeddable":true,"href":"https:\/\/pontechmarina.com\/se\/wp-json\/wp\/v2\/huvudkategori?post=1148"}],"curies":[{"name":"wp","href":"https:\/\/api.w.org\/{rel}","templated":true}]}}