{"id":143,"date":"2020-09-28T16:23:47","date_gmt":"2020-09-28T14:23:47","guid":{"rendered":"http:\/\/pontech.seo-doktorn.se\/?page_id=143"},"modified":"2026-02-20T12:16:09","modified_gmt":"2026-02-20T11:16:09","slug":"y-bommar-batbommar","status":"publish","type":"page","link":"https:\/\/pontechmarina.com\/se\/flytbrygga\/y-bommar-batbommar\/","title":{"rendered":"Y-bommar"},"content":{"rendered":"","protected":false},"excerpt":{"rendered":"","protected":false},"author":1,"featured_media":1694,"parent":130,"menu_order":0,"comment_status":"closed","ping_status":"closed","template":"page-produkt.php","meta":{"_acf_changed":false,"inline_featured_image":false,"footnotes":""},"huvudkategori":[],"class_list":["post-143","page","type-page","status-publish","has-post-thumbnail","hentry"],"acf":[],"yoast_head":"<!-- This site is optimized with the Yoast SEO plugin v27.0 - https:\/\/yoast.com\/product\/yoast-seo-wordpress\/ -->\n<title>Y-bommar, g\u00e5ngbroar &amp; flytkroppar | Pontech<\/title>\n<meta name=\"description\" content=\"Vi p\u00e5 Pontech \u00e4r en av akt\u00f6rerna som s\u00e4tter standarden i branschen f\u00f6r Y-bommar (b\u00e5tbommar), g\u00e5ngbroar &amp; flytkroppar. Kontakta oss!\" \/>\n<meta name=\"robots\" content=\"index, follow, max-snippet:-1, max-image-preview:large, max-video-preview:-1\" \/>\n<link rel=\"canonical\" href=\"https:\/\/pontechmarina.com\/se\/flytbrygga\/y-bommar-batbommar\/\" \/>\n<meta property=\"og:locale\" content=\"sv_SE\" \/>\n<meta property=\"og:type\" content=\"article\" \/>\n<meta property=\"og:title\" content=\"Y-bommar, g\u00e5ngbroar &amp; flytkroppar | Pontech\" \/>\n<meta property=\"og:description\" content=\"Vi p\u00e5 Pontech \u00e4r en av akt\u00f6rerna som s\u00e4tter standarden i branschen f\u00f6r Y-bommar (b\u00e5tbommar), g\u00e5ngbroar &amp; flytkroppar. Kontakta oss!\" \/>\n<meta property=\"og:url\" content=\"https:\/\/pontechmarina.com\/se\/flytbrygga\/y-bommar-batbommar\/\" \/>\n<meta property=\"og:site_name\" content=\"Pontech\" \/>\n<meta property=\"article:modified_time\" content=\"2026-02-20T11:16:09+00:00\" \/>\n<meta property=\"og:image\" content=\"https:\/\/pontechmarina.com\/se\/wp-content\/uploads\/2025\/09\/DSC_1139-1-scaled.jpg\" \/>\n\t<meta property=\"og:image:width\" content=\"2560\" \/>\n\t<meta property=\"og:image:height\" content=\"1440\" \/>\n\t<meta property=\"og:image:type\" content=\"image\/jpeg\" \/>\n<meta name=\"twitter:card\" content=\"summary_large_image\" \/>\n<meta name=\"twitter:label1\" content=\"Ber\u00e4knad l\u00e4stid\" \/>\n\t<meta name=\"twitter:data1\" content=\"1 minut\" \/>\n<script type=\"application\/ld+json\" class=\"yoast-schema-graph\">{\"@context\":\"https:\/\/schema.org\",\"@graph\":[{\"@type\":\"WebPage\",\"@id\":\"https:\/\/pontechmarina.com\/se\/flytbrygga\/y-bommar-batbommar\/\",\"url\":\"https:\/\/pontechmarina.com\/se\/flytbrygga\/y-bommar-batbommar\/\",\"name\":\"Y-bommar, g\u00e5ngbroar & flytkroppar | Pontech\",\"isPartOf\":{\"@id\":\"https:\/\/pontechmarina.com\/se\/#website\"},\"primaryImageOfPage\":{\"@id\":\"https:\/\/pontechmarina.com\/se\/flytbrygga\/y-bommar-batbommar\/#primaryimage\"},\"image\":{\"@id\":\"https:\/\/pontechmarina.com\/se\/flytbrygga\/y-bommar-batbommar\/#primaryimage\"},\"thumbnailUrl\":\"https:\/\/pontechmarina.com\/se\/wp-content\/uploads\/2025\/09\/DSC_1139-1-scaled.jpg\",\"datePublished\":\"2020-09-28T14:23:47+00:00\",\"dateModified\":\"2026-02-20T11:16:09+00:00\",\"description\":\"Vi p\u00e5 Pontech \u00e4r en av akt\u00f6rerna som s\u00e4tter standarden i branschen f\u00f6r Y-bommar (b\u00e5tbommar), g\u00e5ngbroar & flytkroppar. Kontakta oss!\",\"breadcrumb\":{\"@id\":\"https:\/\/pontechmarina.com\/se\/flytbrygga\/y-bommar-batbommar\/#breadcrumb\"},\"inLanguage\":\"sv-SE\",\"potentialAction\":[{\"@type\":\"ReadAction\",\"target\":[\"https:\/\/pontechmarina.com\/se\/flytbrygga\/y-bommar-batbommar\/\"]}]},{\"@type\":\"ImageObject\",\"inLanguage\":\"sv-SE\",\"@id\":\"https:\/\/pontechmarina.com\/se\/flytbrygga\/y-bommar-batbommar\/#primaryimage\",\"url\":\"https:\/\/pontechmarina.com\/se\/wp-content\/uploads\/2025\/09\/DSC_1139-1-scaled.jpg\",\"contentUrl\":\"https:\/\/pontechmarina.com\/se\/wp-content\/uploads\/2025\/09\/DSC_1139-1-scaled.jpg\",\"width\":2560,\"height\":1440,\"caption\":\"Y-bommar p\u00e5 en betongbrygga\"},{\"@type\":\"BreadcrumbList\",\"@id\":\"https:\/\/pontechmarina.com\/se\/flytbrygga\/y-bommar-batbommar\/#breadcrumb\",\"itemListElement\":[{\"@type\":\"ListItem\",\"position\":1,\"name\":\"Hem\",\"item\":\"https:\/\/pontechmarina.com\/se\/\"},{\"@type\":\"ListItem\",\"position\":2,\"name\":\"Flytbrygga\",\"item\":\"https:\/\/pontechmarina.com\/se\/flytbrygga\/\"},{\"@type\":\"ListItem\",\"position\":3,\"name\":\"Y-bommar\"}]},{\"@type\":\"WebSite\",\"@id\":\"https:\/\/pontechmarina.com\/se\/#website\",\"url\":\"https:\/\/pontechmarina.com\/se\/\",\"name\":\"Pontech\",\"description\":\"\",\"publisher\":{\"@id\":\"https:\/\/pontechmarina.com\/se\/#organization\"},\"potentialAction\":[{\"@type\":\"SearchAction\",\"target\":{\"@type\":\"EntryPoint\",\"urlTemplate\":\"https:\/\/pontechmarina.com\/se\/?s={search_term_string}\"},\"query-input\":{\"@type\":\"PropertyValueSpecification\",\"valueRequired\":true,\"valueName\":\"search_term_string\"}}],\"inLanguage\":\"sv-SE\"},{\"@type\":\"Organization\",\"@id\":\"https:\/\/pontechmarina.com\/se\/#organization\",\"name\":\"Pontech\",\"url\":\"https:\/\/pontechmarina.com\/se\/\",\"logo\":{\"@type\":\"ImageObject\",\"inLanguage\":\"sv-SE\",\"@id\":\"https:\/\/pontechmarina.com\/se\/#\/schema\/logo\/image\/\",\"url\":\"https:\/\/pontechmarina.com\/se\/wp-content\/uploads\/2020\/11\/pontech-logo.jpg\",\"contentUrl\":\"https:\/\/pontechmarina.com\/se\/wp-content\/uploads\/2020\/11\/pontech-logo.jpg\",\"width\":370,\"height\":168,\"caption\":\"Pontech\"},\"image\":{\"@id\":\"https:\/\/pontechmarina.com\/se\/#\/schema\/logo\/image\/\"}}]}<\/script>\n<!-- \/ Yoast SEO plugin. -->","yoast_head_json":{"title":"Y-bommar, g\u00e5ngbroar & flytkroppar | Pontech","description":"Vi p\u00e5 Pontech \u00e4r en av akt\u00f6rerna som s\u00e4tter standarden i branschen f\u00f6r Y-bommar (b\u00e5tbommar), g\u00e5ngbroar & flytkroppar. Kontakta oss!","robots":{"index":"index","follow":"follow","max-snippet":"max-snippet:-1","max-image-preview":"max-image-preview:large","max-video-preview":"max-video-preview:-1"},"canonical":"https:\/\/pontechmarina.com\/se\/flytbrygga\/y-bommar-batbommar\/","og_locale":"sv_SE","og_type":"article","og_title":"Y-bommar, g\u00e5ngbroar & flytkroppar | Pontech","og_description":"Vi p\u00e5 Pontech \u00e4r en av akt\u00f6rerna som s\u00e4tter standarden i branschen f\u00f6r Y-bommar (b\u00e5tbommar), g\u00e5ngbroar & flytkroppar. Kontakta oss!","og_url":"https:\/\/pontechmarina.com\/se\/flytbrygga\/y-bommar-batbommar\/","og_site_name":"Pontech","article_modified_time":"2026-02-20T11:16:09+00:00","og_image":[{"width":2560,"height":1440,"url":"https:\/\/pontechmarina.com\/se\/wp-content\/uploads\/2025\/09\/DSC_1139-1-scaled.jpg","type":"image\/jpeg"}],"twitter_card":"summary_large_image","twitter_misc":{"Ber\u00e4knad l\u00e4stid":"1 minut"},"schema":{"@context":"https:\/\/schema.org","@graph":[{"@type":"WebPage","@id":"https:\/\/pontechmarina.com\/se\/flytbrygga\/y-bommar-batbommar\/","url":"https:\/\/pontechmarina.com\/se\/flytbrygga\/y-bommar-batbommar\/","name":"Y-bommar, g\u00e5ngbroar & flytkroppar | Pontech","isPartOf":{"@id":"https:\/\/pontechmarina.com\/se\/#website"},"primaryImageOfPage":{"@id":"https:\/\/pontechmarina.com\/se\/flytbrygga\/y-bommar-batbommar\/#primaryimage"},"image":{"@id":"https:\/\/pontechmarina.com\/se\/flytbrygga\/y-bommar-batbommar\/#primaryimage"},"thumbnailUrl":"https:\/\/pontechmarina.com\/se\/wp-content\/uploads\/2025\/09\/DSC_1139-1-scaled.jpg","datePublished":"2020-09-28T14:23:47+00:00","dateModified":"2026-02-20T11:16:09+00:00","description":"Vi p\u00e5 Pontech \u00e4r en av akt\u00f6rerna som s\u00e4tter standarden i branschen f\u00f6r Y-bommar (b\u00e5tbommar), g\u00e5ngbroar & flytkroppar. Kontakta oss!","breadcrumb":{"@id":"https:\/\/pontechmarina.com\/se\/flytbrygga\/y-bommar-batbommar\/#breadcrumb"},"inLanguage":"sv-SE","potentialAction":[{"@type":"ReadAction","target":["https:\/\/pontechmarina.com\/se\/flytbrygga\/y-bommar-batbommar\/"]}]},{"@type":"ImageObject","inLanguage":"sv-SE","@id":"https:\/\/pontechmarina.com\/se\/flytbrygga\/y-bommar-batbommar\/#primaryimage","url":"https:\/\/pontechmarina.com\/se\/wp-content\/uploads\/2025\/09\/DSC_1139-1-scaled.jpg","contentUrl":"https:\/\/pontechmarina.com\/se\/wp-content\/uploads\/2025\/09\/DSC_1139-1-scaled.jpg","width":2560,"height":1440,"caption":"Y-bommar p\u00e5 en betongbrygga"},{"@type":"BreadcrumbList","@id":"https:\/\/pontechmarina.com\/se\/flytbrygga\/y-bommar-batbommar\/#breadcrumb","itemListElement":[{"@type":"ListItem","position":1,"name":"Hem","item":"https:\/\/pontechmarina.com\/se\/"},{"@type":"ListItem","position":2,"name":"Flytbrygga","item":"https:\/\/pontechmarina.com\/se\/flytbrygga\/"},{"@type":"ListItem","position":3,"name":"Y-bommar"}]},{"@type":"WebSite","@id":"https:\/\/pontechmarina.com\/se\/#website","url":"https:\/\/pontechmarina.com\/se\/","name":"Pontech","description":"","publisher":{"@id":"https:\/\/pontechmarina.com\/se\/#organization"},"potentialAction":[{"@type":"SearchAction","target":{"@type":"EntryPoint","urlTemplate":"https:\/\/pontechmarina.com\/se\/?s={search_term_string}"},"query-input":{"@type":"PropertyValueSpecification","valueRequired":true,"valueName":"search_term_string"}}],"inLanguage":"sv-SE"},{"@type":"Organization","@id":"https:\/\/pontechmarina.com\/se\/#organization","name":"Pontech","url":"https:\/\/pontechmarina.com\/se\/","logo":{"@type":"ImageObject","inLanguage":"sv-SE","@id":"https:\/\/pontechmarina.com\/se\/#\/schema\/logo\/image\/","url":"https:\/\/pontechmarina.com\/se\/wp-content\/uploads\/2020\/11\/pontech-logo.jpg","contentUrl":"https:\/\/pontechmarina.com\/se\/wp-content\/uploads\/2020\/11\/pontech-logo.jpg","width":370,"height":168,"caption":"Pontech"},"image":{"@id":"https:\/\/pontechmarina.com\/se\/#\/schema\/logo\/image\/"}}]}},"_links":{"self":[{"href":"https:\/\/pontechmarina.com\/se\/wp-json\/wp\/v2\/pages\/143","targetHints":{"allow":["GET"]}}],"collection":[{"href":"https:\/\/pontechmarina.com\/se\/wp-json\/wp\/v2\/pages"}],"about":[{"href":"https:\/\/pontechmarina.com\/se\/wp-json\/wp\/v2\/types\/page"}],"author":[{"embeddable":true,"href":"https:\/\/pontechmarina.com\/se\/wp-json\/wp\/v2\/users\/1"}],"replies":[{"embeddable":true,"href":"https:\/\/pontechmarina.com\/se\/wp-json\/wp\/v2\/comments?post=143"}],"version-history":[{"count":103,"href":"https:\/\/pontechmarina.com\/se\/wp-json\/wp\/v2\/pages\/143\/revisions"}],"predecessor-version":[{"id":2039,"href":"https:\/\/pontechmarina.com\/se\/wp-json\/wp\/v2\/pages\/143\/revisions\/2039"}],"up":[{"embeddable":true,"href":"https:\/\/pontechmarina.com\/se\/wp-json\/wp\/v2\/pages\/130"}],"wp:featuredmedia":[{"embeddable":true,"href":"https:\/\/pontechmarina.com\/se\/wp-json\/wp\/v2\/media\/1694"}],"wp:attachment":[{"href":"https:\/\/pontechmarina.com\/se\/wp-json\/wp\/v2\/media?parent=143"}],"wp:term":[{"taxonomy":"huvudkategori","embeddable":true,"href":"https:\/\/pontechmarina.com\/se\/wp-json\/wp\/v2\/huvudkategori?post=143"}],"curies":[{"name":"wp","href":"https:\/\/api.w.org\/{rel}","templated":true}]}}