{"id":145,"date":"2020-09-28T16:24:04","date_gmt":"2020-09-28T14:24:04","guid":{"rendered":"http:\/\/pontech.seo-doktorn.se\/?page_id=145"},"modified":"2024-05-29T11:04:25","modified_gmt":"2024-05-29T09:04:25","slug":"bryggtillbehor","status":"publish","type":"page","link":"https:\/\/pontechmarina.com\/se\/flytbrygga\/bryggtillbehor\/","title":{"rendered":"Bryggtillbeh\u00f6r"},"content":{"rendered":"","protected":false},"excerpt":{"rendered":"","protected":false},"author":1,"featured_media":399,"parent":130,"menu_order":0,"comment_status":"closed","ping_status":"closed","template":"page-produkt.php","meta":{"_acf_changed":false,"inline_featured_image":false,"footnotes":""},"huvudkategori":[],"class_list":["post-145","page","type-page","status-publish","has-post-thumbnail","hentry"],"acf":[],"yoast_head":"<!-- This site is optimized with the Yoast SEO plugin v27.0 - https:\/\/yoast.com\/product\/yoast-seo-wordpress\/ -->\n<title>Komplett sortiment av bryggtillbeh\u00f6r | Pontech<\/title>\n<meta name=\"description\" content=\"Vi p\u00e5 Pontech \u00e4r en av akt\u00f6rerna som s\u00e4tter standarden i branschen f\u00f6r bryggtillbeh\u00f6r. \u261e H\u00f6gsta kvalitet \u261e Milj\u00f6fokus \u261e Egna mont\u00f6rer\" \/>\n<meta name=\"robots\" content=\"index, follow, max-snippet:-1, max-image-preview:large, max-video-preview:-1\" \/>\n<link rel=\"canonical\" href=\"https:\/\/pontechmarina.com\/se\/flytbrygga\/bryggtillbehor\/\" \/>\n<meta property=\"og:locale\" content=\"sv_SE\" \/>\n<meta property=\"og:type\" content=\"article\" \/>\n<meta property=\"og:title\" content=\"Komplett sortiment av bryggtillbeh\u00f6r | Pontech\" \/>\n<meta property=\"og:description\" content=\"Vi p\u00e5 Pontech \u00e4r en av akt\u00f6rerna som s\u00e4tter standarden i branschen f\u00f6r bryggtillbeh\u00f6r. \u261e H\u00f6gsta kvalitet \u261e Milj\u00f6fokus \u261e Egna mont\u00f6rer\" \/>\n<meta property=\"og:url\" content=\"https:\/\/pontechmarina.com\/se\/flytbrygga\/bryggtillbehor\/\" \/>\n<meta property=\"og:site_name\" content=\"Pontech\" \/>\n<meta property=\"article:modified_time\" content=\"2024-05-29T09:04:25+00:00\" \/>\n<meta property=\"og:image\" content=\"https:\/\/pontechmarina.com\/se\/wp-content\/uploads\/2020\/10\/Tallykey-8.jpg\" \/>\n\t<meta property=\"og:image:width\" content=\"1200\" \/>\n\t<meta property=\"og:image:height\" content=\"797\" \/>\n\t<meta property=\"og:image:type\" content=\"image\/jpeg\" \/>\n<meta name=\"twitter:card\" content=\"summary_large_image\" \/>\n<script type=\"application\/ld+json\" class=\"yoast-schema-graph\">{\"@context\":\"https:\/\/schema.org\",\"@graph\":[{\"@type\":\"WebPage\",\"@id\":\"https:\/\/pontechmarina.com\/se\/flytbrygga\/bryggtillbehor\/\",\"url\":\"https:\/\/pontechmarina.com\/se\/flytbrygga\/bryggtillbehor\/\",\"name\":\"Komplett sortiment av bryggtillbeh\u00f6r | Pontech\",\"isPartOf\":{\"@id\":\"https:\/\/pontechmarina.com\/se\/#website\"},\"primaryImageOfPage\":{\"@id\":\"https:\/\/pontechmarina.com\/se\/flytbrygga\/bryggtillbehor\/#primaryimage\"},\"image\":{\"@id\":\"https:\/\/pontechmarina.com\/se\/flytbrygga\/bryggtillbehor\/#primaryimage\"},\"thumbnailUrl\":\"https:\/\/pontechmarina.com\/se\/wp-content\/uploads\/2020\/10\/Tallykey-8.jpg\",\"datePublished\":\"2020-09-28T14:24:04+00:00\",\"dateModified\":\"2024-05-29T09:04:25+00:00\",\"description\":\"Vi p\u00e5 Pontech \u00e4r en av akt\u00f6rerna som s\u00e4tter standarden i branschen f\u00f6r bryggtillbeh\u00f6r. \u261e H\u00f6gsta kvalitet \u261e Milj\u00f6fokus \u261e Egna mont\u00f6rer\",\"breadcrumb\":{\"@id\":\"https:\/\/pontechmarina.com\/se\/flytbrygga\/bryggtillbehor\/#breadcrumb\"},\"inLanguage\":\"sv-SE\",\"potentialAction\":[{\"@type\":\"ReadAction\",\"target\":[\"https:\/\/pontechmarina.com\/se\/flytbrygga\/bryggtillbehor\/\"]}]},{\"@type\":\"ImageObject\",\"inLanguage\":\"sv-SE\",\"@id\":\"https:\/\/pontechmarina.com\/se\/flytbrygga\/bryggtillbehor\/#primaryimage\",\"url\":\"https:\/\/pontechmarina.com\/se\/wp-content\/uploads\/2020\/10\/Tallykey-8.jpg\",\"contentUrl\":\"https:\/\/pontechmarina.com\/se\/wp-content\/uploads\/2020\/10\/Tallykey-8.jpg\",\"width\":1200,\"height\":797,\"caption\":\"Tallykey betongbrygga\"},{\"@type\":\"BreadcrumbList\",\"@id\":\"https:\/\/pontechmarina.com\/se\/flytbrygga\/bryggtillbehor\/#breadcrumb\",\"itemListElement\":[{\"@type\":\"ListItem\",\"position\":1,\"name\":\"Hem\",\"item\":\"https:\/\/pontechmarina.com\/se\/\"},{\"@type\":\"ListItem\",\"position\":2,\"name\":\"Flytbrygga\",\"item\":\"https:\/\/pontechmarina.com\/se\/flytbrygga\/\"},{\"@type\":\"ListItem\",\"position\":3,\"name\":\"Bryggtillbeh\u00f6r\"}]},{\"@type\":\"WebSite\",\"@id\":\"https:\/\/pontechmarina.com\/se\/#website\",\"url\":\"https:\/\/pontechmarina.com\/se\/\",\"name\":\"Pontech\",\"description\":\"\",\"publisher\":{\"@id\":\"https:\/\/pontechmarina.com\/se\/#organization\"},\"potentialAction\":[{\"@type\":\"SearchAction\",\"target\":{\"@type\":\"EntryPoint\",\"urlTemplate\":\"https:\/\/pontechmarina.com\/se\/?s={search_term_string}\"},\"query-input\":{\"@type\":\"PropertyValueSpecification\",\"valueRequired\":true,\"valueName\":\"search_term_string\"}}],\"inLanguage\":\"sv-SE\"},{\"@type\":\"Organization\",\"@id\":\"https:\/\/pontechmarina.com\/se\/#organization\",\"name\":\"Pontech\",\"url\":\"https:\/\/pontechmarina.com\/se\/\",\"logo\":{\"@type\":\"ImageObject\",\"inLanguage\":\"sv-SE\",\"@id\":\"https:\/\/pontechmarina.com\/se\/#\/schema\/logo\/image\/\",\"url\":\"https:\/\/pontechmarina.com\/se\/wp-content\/uploads\/2020\/11\/pontech-logo.jpg\",\"contentUrl\":\"https:\/\/pontechmarina.com\/se\/wp-content\/uploads\/2020\/11\/pontech-logo.jpg\",\"width\":370,\"height\":168,\"caption\":\"Pontech\"},\"image\":{\"@id\":\"https:\/\/pontechmarina.com\/se\/#\/schema\/logo\/image\/\"}}]}<\/script>\n<!-- \/ Yoast SEO plugin. -->","yoast_head_json":{"title":"Komplett sortiment av bryggtillbeh\u00f6r | Pontech","description":"Vi p\u00e5 Pontech \u00e4r en av akt\u00f6rerna som s\u00e4tter standarden i branschen f\u00f6r bryggtillbeh\u00f6r. \u261e H\u00f6gsta kvalitet \u261e Milj\u00f6fokus \u261e Egna mont\u00f6rer","robots":{"index":"index","follow":"follow","max-snippet":"max-snippet:-1","max-image-preview":"max-image-preview:large","max-video-preview":"max-video-preview:-1"},"canonical":"https:\/\/pontechmarina.com\/se\/flytbrygga\/bryggtillbehor\/","og_locale":"sv_SE","og_type":"article","og_title":"Komplett sortiment av bryggtillbeh\u00f6r | Pontech","og_description":"Vi p\u00e5 Pontech \u00e4r en av akt\u00f6rerna som s\u00e4tter standarden i branschen f\u00f6r bryggtillbeh\u00f6r. \u261e H\u00f6gsta kvalitet \u261e Milj\u00f6fokus \u261e Egna mont\u00f6rer","og_url":"https:\/\/pontechmarina.com\/se\/flytbrygga\/bryggtillbehor\/","og_site_name":"Pontech","article_modified_time":"2024-05-29T09:04:25+00:00","og_image":[{"width":1200,"height":797,"url":"https:\/\/pontechmarina.com\/se\/wp-content\/uploads\/2020\/10\/Tallykey-8.jpg","type":"image\/jpeg"}],"twitter_card":"summary_large_image","schema":{"@context":"https:\/\/schema.org","@graph":[{"@type":"WebPage","@id":"https:\/\/pontechmarina.com\/se\/flytbrygga\/bryggtillbehor\/","url":"https:\/\/pontechmarina.com\/se\/flytbrygga\/bryggtillbehor\/","name":"Komplett sortiment av bryggtillbeh\u00f6r | Pontech","isPartOf":{"@id":"https:\/\/pontechmarina.com\/se\/#website"},"primaryImageOfPage":{"@id":"https:\/\/pontechmarina.com\/se\/flytbrygga\/bryggtillbehor\/#primaryimage"},"image":{"@id":"https:\/\/pontechmarina.com\/se\/flytbrygga\/bryggtillbehor\/#primaryimage"},"thumbnailUrl":"https:\/\/pontechmarina.com\/se\/wp-content\/uploads\/2020\/10\/Tallykey-8.jpg","datePublished":"2020-09-28T14:24:04+00:00","dateModified":"2024-05-29T09:04:25+00:00","description":"Vi p\u00e5 Pontech \u00e4r en av akt\u00f6rerna som s\u00e4tter standarden i branschen f\u00f6r bryggtillbeh\u00f6r. \u261e H\u00f6gsta kvalitet \u261e Milj\u00f6fokus \u261e Egna mont\u00f6rer","breadcrumb":{"@id":"https:\/\/pontechmarina.com\/se\/flytbrygga\/bryggtillbehor\/#breadcrumb"},"inLanguage":"sv-SE","potentialAction":[{"@type":"ReadAction","target":["https:\/\/pontechmarina.com\/se\/flytbrygga\/bryggtillbehor\/"]}]},{"@type":"ImageObject","inLanguage":"sv-SE","@id":"https:\/\/pontechmarina.com\/se\/flytbrygga\/bryggtillbehor\/#primaryimage","url":"https:\/\/pontechmarina.com\/se\/wp-content\/uploads\/2020\/10\/Tallykey-8.jpg","contentUrl":"https:\/\/pontechmarina.com\/se\/wp-content\/uploads\/2020\/10\/Tallykey-8.jpg","width":1200,"height":797,"caption":"Tallykey betongbrygga"},{"@type":"BreadcrumbList","@id":"https:\/\/pontechmarina.com\/se\/flytbrygga\/bryggtillbehor\/#breadcrumb","itemListElement":[{"@type":"ListItem","position":1,"name":"Hem","item":"https:\/\/pontechmarina.com\/se\/"},{"@type":"ListItem","position":2,"name":"Flytbrygga","item":"https:\/\/pontechmarina.com\/se\/flytbrygga\/"},{"@type":"ListItem","position":3,"name":"Bryggtillbeh\u00f6r"}]},{"@type":"WebSite","@id":"https:\/\/pontechmarina.com\/se\/#website","url":"https:\/\/pontechmarina.com\/se\/","name":"Pontech","description":"","publisher":{"@id":"https:\/\/pontechmarina.com\/se\/#organization"},"potentialAction":[{"@type":"SearchAction","target":{"@type":"EntryPoint","urlTemplate":"https:\/\/pontechmarina.com\/se\/?s={search_term_string}"},"query-input":{"@type":"PropertyValueSpecification","valueRequired":true,"valueName":"search_term_string"}}],"inLanguage":"sv-SE"},{"@type":"Organization","@id":"https:\/\/pontechmarina.com\/se\/#organization","name":"Pontech","url":"https:\/\/pontechmarina.com\/se\/","logo":{"@type":"ImageObject","inLanguage":"sv-SE","@id":"https:\/\/pontechmarina.com\/se\/#\/schema\/logo\/image\/","url":"https:\/\/pontechmarina.com\/se\/wp-content\/uploads\/2020\/11\/pontech-logo.jpg","contentUrl":"https:\/\/pontechmarina.com\/se\/wp-content\/uploads\/2020\/11\/pontech-logo.jpg","width":370,"height":168,"caption":"Pontech"},"image":{"@id":"https:\/\/pontechmarina.com\/se\/#\/schema\/logo\/image\/"}}]}},"_links":{"self":[{"href":"https:\/\/pontechmarina.com\/se\/wp-json\/wp\/v2\/pages\/145","targetHints":{"allow":["GET"]}}],"collection":[{"href":"https:\/\/pontechmarina.com\/se\/wp-json\/wp\/v2\/pages"}],"about":[{"href":"https:\/\/pontechmarina.com\/se\/wp-json\/wp\/v2\/types\/page"}],"author":[{"embeddable":true,"href":"https:\/\/pontechmarina.com\/se\/wp-json\/wp\/v2\/users\/1"}],"replies":[{"embeddable":true,"href":"https:\/\/pontechmarina.com\/se\/wp-json\/wp\/v2\/comments?post=145"}],"version-history":[{"count":34,"href":"https:\/\/pontechmarina.com\/se\/wp-json\/wp\/v2\/pages\/145\/revisions"}],"predecessor-version":[{"id":1380,"href":"https:\/\/pontechmarina.com\/se\/wp-json\/wp\/v2\/pages\/145\/revisions\/1380"}],"up":[{"embeddable":true,"href":"https:\/\/pontechmarina.com\/se\/wp-json\/wp\/v2\/pages\/130"}],"wp:featuredmedia":[{"embeddable":true,"href":"https:\/\/pontechmarina.com\/se\/wp-json\/wp\/v2\/media\/399"}],"wp:attachment":[{"href":"https:\/\/pontechmarina.com\/se\/wp-json\/wp\/v2\/media?parent=145"}],"wp:term":[{"taxonomy":"huvudkategori","embeddable":true,"href":"https:\/\/pontechmarina.com\/se\/wp-json\/wp\/v2\/huvudkategori?post=145"}],"curies":[{"name":"wp","href":"https:\/\/api.w.org\/{rel}","templated":true}]}}