{"id":1596,"date":"2025-06-23T09:34:30","date_gmt":"2025-06-23T07:34:30","guid":{"rendered":"https:\/\/pontechmarina.com\/se\/?page_id=1596"},"modified":"2026-02-20T12:18:20","modified_gmt":"2026-02-20T11:18:20","slug":"hem-2","status":"publish","type":"page","link":"https:\/\/pontechmarina.com\/se\/","title":{"rendered":"Hem"},"content":{"rendered":"","protected":false},"excerpt":{"rendered":"","protected":false},"author":11,"featured_media":709,"parent":0,"menu_order":0,"comment_status":"closed","ping_status":"closed","template":"new-front-page.php","meta":{"_acf_changed":false,"inline_featured_image":false,"footnotes":""},"huvudkategori":[],"class_list":["post-1596","page","type-page","status-publish","has-post-thumbnail","hentry"],"acf":[],"yoast_head":"<!-- This site is optimized with the Yoast SEO plugin v27.0 - https:\/\/yoast.com\/product\/yoast-seo-wordpress\/ -->\n<title>Flytbryggor &amp; pontoner som t\u00e5l is | Pontech<\/title>\n<meta name=\"description\" content=\"Vi p\u00e5 Pontech \u00e4r en av akt\u00f6rerna som s\u00e4tter standarden i branschen f\u00f6r flytbryggor, pontoner och tillbeh\u00f6r. \u261e H\u00f6gsta kvalitet \u261e Milj\u00f6fokus \u261e Egna mont\u00f6rer\" \/>\n<meta name=\"robots\" content=\"index, follow, max-snippet:-1, max-image-preview:large, max-video-preview:-1\" \/>\n<link rel=\"canonical\" href=\"https:\/\/pontechmarina.com\/se\/\" \/>\n<meta property=\"og:locale\" content=\"sv_SE\" \/>\n<meta property=\"og:type\" content=\"article\" \/>\n<meta property=\"og:title\" content=\"Flytbryggor &amp; pontoner som t\u00e5l is | Pontech\" \/>\n<meta property=\"og:description\" content=\"Vi p\u00e5 Pontech \u00e4r en av akt\u00f6rerna som s\u00e4tter standarden i branschen f\u00f6r flytbryggor, pontoner och tillbeh\u00f6r. \u261e H\u00f6gsta kvalitet \u261e Milj\u00f6fokus \u261e Egna mont\u00f6rer\" \/>\n<meta property=\"og:url\" content=\"https:\/\/pontechmarina.com\/se\/\" \/>\n<meta property=\"og:site_name\" content=\"Pontech\" \/>\n<meta property=\"article:modified_time\" content=\"2026-02-20T11:18:20+00:00\" \/>\n<meta property=\"og:image\" content=\"https:\/\/pontechmarina.com\/se\/wp-content\/uploads\/2020\/10\/ettans-bathamn.jpg\" \/>\n\t<meta property=\"og:image:width\" content=\"1200\" \/>\n\t<meta property=\"og:image:height\" content=\"675\" \/>\n\t<meta property=\"og:image:type\" content=\"image\/jpeg\" \/>\n<meta name=\"twitter:card\" content=\"summary_large_image\" \/>\n<meta name=\"twitter:label1\" content=\"Ber\u00e4knad l\u00e4stid\" \/>\n\t<meta name=\"twitter:data1\" content=\"1 minut\" \/>\n<script type=\"application\/ld+json\" class=\"yoast-schema-graph\">{\"@context\":\"https:\/\/schema.org\",\"@graph\":[{\"@type\":\"WebPage\",\"@id\":\"https:\/\/pontechmarina.com\/se\/\",\"url\":\"https:\/\/pontechmarina.com\/se\/\",\"name\":\"Flytbryggor & pontoner som t\u00e5l is | Pontech\",\"isPartOf\":{\"@id\":\"https:\/\/pontechmarina.com\/se\/#website\"},\"primaryImageOfPage\":{\"@id\":\"https:\/\/pontechmarina.com\/se\/#primaryimage\"},\"image\":{\"@id\":\"https:\/\/pontechmarina.com\/se\/#primaryimage\"},\"thumbnailUrl\":\"https:\/\/pontechmarina.com\/se\/wp-content\/uploads\/2020\/10\/ettans-bathamn.jpg\",\"datePublished\":\"2025-06-23T07:34:30+00:00\",\"dateModified\":\"2026-02-20T11:18:20+00:00\",\"description\":\"Vi p\u00e5 Pontech \u00e4r en av akt\u00f6rerna som s\u00e4tter standarden i branschen f\u00f6r flytbryggor, pontoner och tillbeh\u00f6r. \u261e H\u00f6gsta kvalitet \u261e Milj\u00f6fokus \u261e Egna mont\u00f6rer\",\"breadcrumb\":{\"@id\":\"https:\/\/pontechmarina.com\/se\/#breadcrumb\"},\"inLanguage\":\"sv-SE\",\"potentialAction\":[{\"@type\":\"ReadAction\",\"target\":[\"https:\/\/pontechmarina.com\/se\/\"]}]},{\"@type\":\"ImageObject\",\"inLanguage\":\"sv-SE\",\"@id\":\"https:\/\/pontechmarina.com\/se\/#primaryimage\",\"url\":\"https:\/\/pontechmarina.com\/se\/wp-content\/uploads\/2020\/10\/ettans-bathamn.jpg\",\"contentUrl\":\"https:\/\/pontechmarina.com\/se\/wp-content\/uploads\/2020\/10\/ettans-bathamn.jpg\",\"width\":1200,\"height\":675,\"caption\":\"Ettans b\u00e5thamn - v\u00e5gbrytare med betongpontoner\"},{\"@type\":\"BreadcrumbList\",\"@id\":\"https:\/\/pontechmarina.com\/se\/#breadcrumb\",\"itemListElement\":[{\"@type\":\"ListItem\",\"position\":1,\"name\":\"Hem\",\"item\":\"https:\/\/pontechmarina.com\/se\/\"},{\"@type\":\"ListItem\",\"position\":2,\"name\":\"Hem\"}]},{\"@type\":\"WebSite\",\"@id\":\"https:\/\/pontechmarina.com\/se\/#website\",\"url\":\"https:\/\/pontechmarina.com\/se\/\",\"name\":\"Pontech\",\"description\":\"\",\"publisher\":{\"@id\":\"https:\/\/pontechmarina.com\/se\/#organization\"},\"potentialAction\":[{\"@type\":\"SearchAction\",\"target\":{\"@type\":\"EntryPoint\",\"urlTemplate\":\"https:\/\/pontechmarina.com\/se\/?s={search_term_string}\"},\"query-input\":{\"@type\":\"PropertyValueSpecification\",\"valueRequired\":true,\"valueName\":\"search_term_string\"}}],\"inLanguage\":\"sv-SE\"},{\"@type\":\"Organization\",\"@id\":\"https:\/\/pontechmarina.com\/se\/#organization\",\"name\":\"Pontech\",\"url\":\"https:\/\/pontechmarina.com\/se\/\",\"logo\":{\"@type\":\"ImageObject\",\"inLanguage\":\"sv-SE\",\"@id\":\"https:\/\/pontechmarina.com\/se\/#\/schema\/logo\/image\/\",\"url\":\"https:\/\/pontechmarina.com\/se\/wp-content\/uploads\/2020\/11\/pontech-logo.jpg\",\"contentUrl\":\"https:\/\/pontechmarina.com\/se\/wp-content\/uploads\/2020\/11\/pontech-logo.jpg\",\"width\":370,\"height\":168,\"caption\":\"Pontech\"},\"image\":{\"@id\":\"https:\/\/pontechmarina.com\/se\/#\/schema\/logo\/image\/\"}}]}<\/script>\n<!-- \/ Yoast SEO plugin. -->","yoast_head_json":{"title":"Flytbryggor & pontoner som t\u00e5l is | Pontech","description":"Vi p\u00e5 Pontech \u00e4r en av akt\u00f6rerna som s\u00e4tter standarden i branschen f\u00f6r flytbryggor, pontoner och tillbeh\u00f6r. \u261e H\u00f6gsta kvalitet \u261e Milj\u00f6fokus \u261e Egna mont\u00f6rer","robots":{"index":"index","follow":"follow","max-snippet":"max-snippet:-1","max-image-preview":"max-image-preview:large","max-video-preview":"max-video-preview:-1"},"canonical":"https:\/\/pontechmarina.com\/se\/","og_locale":"sv_SE","og_type":"article","og_title":"Flytbryggor & pontoner som t\u00e5l is | Pontech","og_description":"Vi p\u00e5 Pontech \u00e4r en av akt\u00f6rerna som s\u00e4tter standarden i branschen f\u00f6r flytbryggor, pontoner och tillbeh\u00f6r. \u261e H\u00f6gsta kvalitet \u261e Milj\u00f6fokus \u261e Egna mont\u00f6rer","og_url":"https:\/\/pontechmarina.com\/se\/","og_site_name":"Pontech","article_modified_time":"2026-02-20T11:18:20+00:00","og_image":[{"width":1200,"height":675,"url":"https:\/\/pontechmarina.com\/se\/wp-content\/uploads\/2020\/10\/ettans-bathamn.jpg","type":"image\/jpeg"}],"twitter_card":"summary_large_image","twitter_misc":{"Ber\u00e4knad l\u00e4stid":"1 minut"},"schema":{"@context":"https:\/\/schema.org","@graph":[{"@type":"WebPage","@id":"https:\/\/pontechmarina.com\/se\/","url":"https:\/\/pontechmarina.com\/se\/","name":"Flytbryggor & pontoner som t\u00e5l is | Pontech","isPartOf":{"@id":"https:\/\/pontechmarina.com\/se\/#website"},"primaryImageOfPage":{"@id":"https:\/\/pontechmarina.com\/se\/#primaryimage"},"image":{"@id":"https:\/\/pontechmarina.com\/se\/#primaryimage"},"thumbnailUrl":"https:\/\/pontechmarina.com\/se\/wp-content\/uploads\/2020\/10\/ettans-bathamn.jpg","datePublished":"2025-06-23T07:34:30+00:00","dateModified":"2026-02-20T11:18:20+00:00","description":"Vi p\u00e5 Pontech \u00e4r en av akt\u00f6rerna som s\u00e4tter standarden i branschen f\u00f6r flytbryggor, pontoner och tillbeh\u00f6r. \u261e H\u00f6gsta kvalitet \u261e Milj\u00f6fokus \u261e Egna mont\u00f6rer","breadcrumb":{"@id":"https:\/\/pontechmarina.com\/se\/#breadcrumb"},"inLanguage":"sv-SE","potentialAction":[{"@type":"ReadAction","target":["https:\/\/pontechmarina.com\/se\/"]}]},{"@type":"ImageObject","inLanguage":"sv-SE","@id":"https:\/\/pontechmarina.com\/se\/#primaryimage","url":"https:\/\/pontechmarina.com\/se\/wp-content\/uploads\/2020\/10\/ettans-bathamn.jpg","contentUrl":"https:\/\/pontechmarina.com\/se\/wp-content\/uploads\/2020\/10\/ettans-bathamn.jpg","width":1200,"height":675,"caption":"Ettans b\u00e5thamn - v\u00e5gbrytare med betongpontoner"},{"@type":"BreadcrumbList","@id":"https:\/\/pontechmarina.com\/se\/#breadcrumb","itemListElement":[{"@type":"ListItem","position":1,"name":"Hem","item":"https:\/\/pontechmarina.com\/se\/"},{"@type":"ListItem","position":2,"name":"Hem"}]},{"@type":"WebSite","@id":"https:\/\/pontechmarina.com\/se\/#website","url":"https:\/\/pontechmarina.com\/se\/","name":"Pontech","description":"","publisher":{"@id":"https:\/\/pontechmarina.com\/se\/#organization"},"potentialAction":[{"@type":"SearchAction","target":{"@type":"EntryPoint","urlTemplate":"https:\/\/pontechmarina.com\/se\/?s={search_term_string}"},"query-input":{"@type":"PropertyValueSpecification","valueRequired":true,"valueName":"search_term_string"}}],"inLanguage":"sv-SE"},{"@type":"Organization","@id":"https:\/\/pontechmarina.com\/se\/#organization","name":"Pontech","url":"https:\/\/pontechmarina.com\/se\/","logo":{"@type":"ImageObject","inLanguage":"sv-SE","@id":"https:\/\/pontechmarina.com\/se\/#\/schema\/logo\/image\/","url":"https:\/\/pontechmarina.com\/se\/wp-content\/uploads\/2020\/11\/pontech-logo.jpg","contentUrl":"https:\/\/pontechmarina.com\/se\/wp-content\/uploads\/2020\/11\/pontech-logo.jpg","width":370,"height":168,"caption":"Pontech"},"image":{"@id":"https:\/\/pontechmarina.com\/se\/#\/schema\/logo\/image\/"}}]}},"_links":{"self":[{"href":"https:\/\/pontechmarina.com\/se\/wp-json\/wp\/v2\/pages\/1596","targetHints":{"allow":["GET"]}}],"collection":[{"href":"https:\/\/pontechmarina.com\/se\/wp-json\/wp\/v2\/pages"}],"about":[{"href":"https:\/\/pontechmarina.com\/se\/wp-json\/wp\/v2\/types\/page"}],"author":[{"embeddable":true,"href":"https:\/\/pontechmarina.com\/se\/wp-json\/wp\/v2\/users\/11"}],"replies":[{"embeddable":true,"href":"https:\/\/pontechmarina.com\/se\/wp-json\/wp\/v2\/comments?post=1596"}],"version-history":[{"count":46,"href":"https:\/\/pontechmarina.com\/se\/wp-json\/wp\/v2\/pages\/1596\/revisions"}],"predecessor-version":[{"id":2040,"href":"https:\/\/pontechmarina.com\/se\/wp-json\/wp\/v2\/pages\/1596\/revisions\/2040"}],"wp:featuredmedia":[{"embeddable":true,"href":"https:\/\/pontechmarina.com\/se\/wp-json\/wp\/v2\/media\/709"}],"wp:attachment":[{"href":"https:\/\/pontechmarina.com\/se\/wp-json\/wp\/v2\/media?parent=1596"}],"wp:term":[{"taxonomy":"huvudkategori","embeddable":true,"href":"https:\/\/pontechmarina.com\/se\/wp-json\/wp\/v2\/huvudkategori?post=1596"}],"curies":[{"name":"wp","href":"https:\/\/api.w.org\/{rel}","templated":true}]}}