{"id":1661,"date":"2025-09-04T10:13:12","date_gmt":"2025-09-04T08:13:12","guid":{"rendered":"https:\/\/pontechmarina.com\/se\/?page_id=1661"},"modified":"2026-02-25T10:55:56","modified_gmt":"2026-02-25T09:55:56","slug":"marina","status":"publish","type":"page","link":"https:\/\/pontechmarina.com\/se\/marina\/","title":{"rendered":"Marina"},"content":{"rendered":"<h5>En g\u00e4sthamn, en sm\u00e5b\u00e5tshamn, en hemmahamn. Hamnen blir en marina n\u00e4r den erbjuder mer \u00e4n bara en skyddad plats mot naturens krafter. Varje marina har sin egen karakt\u00e4r, men gemensamt \u00e4r att de alla erbjuder n\u00e5got mer \u00e4n bara en plats att f\u00f6rt\u00f6ja vid. Det \u00e4r m\u00f6tesplatser, st\u00e4llen att vila p\u00e5 och startplatser f\u00f6r nya \u00e4ventyr.<\/h5>\n<h2>En marina, en m\u00f6tesplats, en trygg hamn<\/h2>\n<p style=\"font-weight: 400;\">En marina kan vara simpel och erbjuda vacker natur och en enkel knap att f\u00f6rt\u00f6ja mot. Eller s\u00e5 kan den erbjuda fler bekv\u00e4mligheter som el-laddning, dusch, tv\u00e4ttstuga, wc och en komplett milj\u00f6station. Oavsett storlek eller funktion \u00e4r det k\u00e4nslan av ett v\u00e4lkomnande och trygghet som k\u00e4nnetecknar en bra marina.<\/p>\n<p style=\"font-weight: 400;\">Dr\u00f6mmer du om en plats d\u00e4r b\u00e5tar kan ligga tryggt och d\u00e4r m\u00e4nniskor m\u00f6ts och k\u00e4nner sig hemma? En plats som erbjuder det lilla extra, kanske en butik d\u00e4r b\u00e5t\u00e4gare p\u00e5 l\u00e4ngre turer kan bunkra upp, eller en restaurang som erbjuder god mat och avkoppling. Kanske har du en naturhamn som beh\u00f6ver varsam utveckling, en hemmahamn som beh\u00f6ver bli mer funktionell eller \u00e4r dr\u00f6mmen en flytande bastu? \u00c4r visionen \u00e4nnu st\u00f6rre, med en fullservicemarina som kan erbjuda allt fr\u00e5n avfallshantering till verkstad och vinterf\u00f6rvaring?<\/p>\n<p style=\"font-weight: 400;\">Oavsett vilken hamn eller marina du dr\u00f6mmer om b\u00f6rjar allt med en id\u00e9. Vi hj\u00e4lper dig g\u00e4rna att f\u00f6rverkliga den, fr\u00e5n f\u00f6rsta skiss till f\u00e4rdig plats.<\/p>\n<p style=\"font-weight: 400;\">En dr\u00f6m att bygga, l\u00e4gga till vid och m\u00f6tas p\u00e5.<\/p>\n<h2>Pontech erbjuder:<\/h2>\n<ul>\n<li>R\u00e5dgivning<\/li>\n<li>Projektledning<\/li>\n<li>Projektering<\/li>\n<li>Kompletta marinor<\/li>\n<\/ul>\n","protected":false},"excerpt":{"rendered":"En g\u00e4sthamn, en sm\u00e5b\u00e5tshamn, en hemmahamn. Hamnen blir en marina n\u00e4r den erbjuder mer \u00e4n bara en skyddad plats mot naturens krafter. Varje marina har sin egen karakt\u00e4r, men gemensamt \u00e4r att de alla erbjuder n\u00e5got mer \u00e4n bara en plats att f\u00f6rt\u00f6ja vid. Det \u00e4r m\u00f6tesplatser, st\u00e4llen att vila p\u00e5 och startplatser f\u00f6r nya&#8230;","protected":false},"author":11,"featured_media":527,"parent":0,"menu_order":0,"comment_status":"closed","ping_status":"closed","template":"undersida-kategorier.php","meta":{"_acf_changed":false,"inline_featured_image":false,"footnotes":""},"huvudkategori":[27],"class_list":["post-1661","page","type-page","status-publish","has-post-thumbnail","hentry","huvudkategori-marina"],"acf":[],"yoast_head":"<!-- This site is optimized with the Yoast SEO plugin v27.0 - https:\/\/yoast.com\/product\/yoast-seo-wordpress\/ -->\n<title>Marina | Pontech<\/title>\n<meta name=\"description\" content=\"En g\u00e4sthamn, sm\u00e5b\u00e5tshamn, naturhamn eller fullservice marina \u2013\u00a0oavsett vilken marina du dr\u00f6mmer om hj\u00e4lper Pontech dig att f\u00f6rverkliga den.\" \/>\n<meta name=\"robots\" content=\"index, follow, max-snippet:-1, max-image-preview:large, max-video-preview:-1\" \/>\n<link rel=\"canonical\" href=\"https:\/\/pontechmarina.com\/se\/marina\/\" \/>\n<meta property=\"og:locale\" content=\"sv_SE\" \/>\n<meta property=\"og:type\" content=\"article\" \/>\n<meta property=\"og:title\" content=\"Marina | Pontech\" \/>\n<meta property=\"og:description\" content=\"En g\u00e4sthamn, sm\u00e5b\u00e5tshamn, naturhamn eller fullservice marina \u2013\u00a0oavsett vilken marina du dr\u00f6mmer om hj\u00e4lper Pontech dig att f\u00f6rverkliga den.\" \/>\n<meta property=\"og:url\" content=\"https:\/\/pontechmarina.com\/se\/marina\/\" \/>\n<meta property=\"og:site_name\" content=\"Pontech\" \/>\n<meta property=\"article:modified_time\" content=\"2026-02-25T09:55:56+00:00\" \/>\n<meta property=\"og:image\" content=\"https:\/\/pontechmarina.com\/se\/wp-content\/uploads\/2020\/10\/pontech-hamn.jpg\" \/>\n\t<meta property=\"og:image:width\" content=\"1024\" \/>\n\t<meta property=\"og:image:height\" content=\"704\" \/>\n\t<meta property=\"og:image:type\" content=\"image\/jpeg\" \/>\n<meta name=\"twitter:card\" content=\"summary_large_image\" \/>\n<meta name=\"twitter:label1\" content=\"Ber\u00e4knad l\u00e4stid\" \/>\n\t<meta name=\"twitter:data1\" content=\"2 minuter\" \/>\n<script type=\"application\/ld+json\" class=\"yoast-schema-graph\">{\"@context\":\"https:\/\/schema.org\",\"@graph\":[{\"@type\":\"WebPage\",\"@id\":\"https:\/\/pontechmarina.com\/se\/marina\/\",\"url\":\"https:\/\/pontechmarina.com\/se\/marina\/\",\"name\":\"Marina | Pontech\",\"isPartOf\":{\"@id\":\"https:\/\/pontechmarina.com\/se\/#website\"},\"primaryImageOfPage\":{\"@id\":\"https:\/\/pontechmarina.com\/se\/marina\/#primaryimage\"},\"image\":{\"@id\":\"https:\/\/pontechmarina.com\/se\/marina\/#primaryimage\"},\"thumbnailUrl\":\"https:\/\/pontechmarina.com\/se\/wp-content\/uploads\/2020\/10\/pontech-hamn.jpg\",\"datePublished\":\"2025-09-04T08:13:12+00:00\",\"dateModified\":\"2026-02-25T09:55:56+00:00\",\"description\":\"En g\u00e4sthamn, sm\u00e5b\u00e5tshamn, naturhamn eller fullservice marina \u2013\u00a0oavsett vilken marina du dr\u00f6mmer om hj\u00e4lper Pontech dig att f\u00f6rverkliga den.\",\"breadcrumb\":{\"@id\":\"https:\/\/pontechmarina.com\/se\/marina\/#breadcrumb\"},\"inLanguage\":\"sv-SE\",\"potentialAction\":[{\"@type\":\"ReadAction\",\"target\":[\"https:\/\/pontechmarina.com\/se\/marina\/\"]}]},{\"@type\":\"ImageObject\",\"inLanguage\":\"sv-SE\",\"@id\":\"https:\/\/pontechmarina.com\/se\/marina\/#primaryimage\",\"url\":\"https:\/\/pontechmarina.com\/se\/wp-content\/uploads\/2020\/10\/pontech-hamn.jpg\",\"contentUrl\":\"https:\/\/pontechmarina.com\/se\/wp-content\/uploads\/2020\/10\/pontech-hamn.jpg\",\"width\":1024,\"height\":704,\"caption\":\"En b\u00e5thamn med v\u00e5gbrytare och Y-bommar, fr\u00e5n ovan\"},{\"@type\":\"BreadcrumbList\",\"@id\":\"https:\/\/pontechmarina.com\/se\/marina\/#breadcrumb\",\"itemListElement\":[{\"@type\":\"ListItem\",\"position\":1,\"name\":\"Hem\",\"item\":\"https:\/\/pontechmarina.com\/se\/\"},{\"@type\":\"ListItem\",\"position\":2,\"name\":\"Marina\"}]},{\"@type\":\"WebSite\",\"@id\":\"https:\/\/pontechmarina.com\/se\/#website\",\"url\":\"https:\/\/pontechmarina.com\/se\/\",\"name\":\"Pontech\",\"description\":\"\",\"publisher\":{\"@id\":\"https:\/\/pontechmarina.com\/se\/#organization\"},\"potentialAction\":[{\"@type\":\"SearchAction\",\"target\":{\"@type\":\"EntryPoint\",\"urlTemplate\":\"https:\/\/pontechmarina.com\/se\/?s={search_term_string}\"},\"query-input\":{\"@type\":\"PropertyValueSpecification\",\"valueRequired\":true,\"valueName\":\"search_term_string\"}}],\"inLanguage\":\"sv-SE\"},{\"@type\":\"Organization\",\"@id\":\"https:\/\/pontechmarina.com\/se\/#organization\",\"name\":\"Pontech\",\"url\":\"https:\/\/pontechmarina.com\/se\/\",\"logo\":{\"@type\":\"ImageObject\",\"inLanguage\":\"sv-SE\",\"@id\":\"https:\/\/pontechmarina.com\/se\/#\/schema\/logo\/image\/\",\"url\":\"https:\/\/pontechmarina.com\/se\/wp-content\/uploads\/2020\/11\/pontech-logo.jpg\",\"contentUrl\":\"https:\/\/pontechmarina.com\/se\/wp-content\/uploads\/2020\/11\/pontech-logo.jpg\",\"width\":370,\"height\":168,\"caption\":\"Pontech\"},\"image\":{\"@id\":\"https:\/\/pontechmarina.com\/se\/#\/schema\/logo\/image\/\"}}]}<\/script>\n<!-- \/ Yoast SEO plugin. -->","yoast_head_json":{"title":"Marina | Pontech","description":"En g\u00e4sthamn, sm\u00e5b\u00e5tshamn, naturhamn eller fullservice marina \u2013\u00a0oavsett vilken marina du dr\u00f6mmer om hj\u00e4lper Pontech dig att f\u00f6rverkliga den.","robots":{"index":"index","follow":"follow","max-snippet":"max-snippet:-1","max-image-preview":"max-image-preview:large","max-video-preview":"max-video-preview:-1"},"canonical":"https:\/\/pontechmarina.com\/se\/marina\/","og_locale":"sv_SE","og_type":"article","og_title":"Marina | Pontech","og_description":"En g\u00e4sthamn, sm\u00e5b\u00e5tshamn, naturhamn eller fullservice marina \u2013\u00a0oavsett vilken marina du dr\u00f6mmer om hj\u00e4lper Pontech dig att f\u00f6rverkliga den.","og_url":"https:\/\/pontechmarina.com\/se\/marina\/","og_site_name":"Pontech","article_modified_time":"2026-02-25T09:55:56+00:00","og_image":[{"width":1024,"height":704,"url":"https:\/\/pontechmarina.com\/se\/wp-content\/uploads\/2020\/10\/pontech-hamn.jpg","type":"image\/jpeg"}],"twitter_card":"summary_large_image","twitter_misc":{"Ber\u00e4knad l\u00e4stid":"2 minuter"},"schema":{"@context":"https:\/\/schema.org","@graph":[{"@type":"WebPage","@id":"https:\/\/pontechmarina.com\/se\/marina\/","url":"https:\/\/pontechmarina.com\/se\/marina\/","name":"Marina | Pontech","isPartOf":{"@id":"https:\/\/pontechmarina.com\/se\/#website"},"primaryImageOfPage":{"@id":"https:\/\/pontechmarina.com\/se\/marina\/#primaryimage"},"image":{"@id":"https:\/\/pontechmarina.com\/se\/marina\/#primaryimage"},"thumbnailUrl":"https:\/\/pontechmarina.com\/se\/wp-content\/uploads\/2020\/10\/pontech-hamn.jpg","datePublished":"2025-09-04T08:13:12+00:00","dateModified":"2026-02-25T09:55:56+00:00","description":"En g\u00e4sthamn, sm\u00e5b\u00e5tshamn, naturhamn eller fullservice marina \u2013\u00a0oavsett vilken marina du dr\u00f6mmer om hj\u00e4lper Pontech dig att f\u00f6rverkliga den.","breadcrumb":{"@id":"https:\/\/pontechmarina.com\/se\/marina\/#breadcrumb"},"inLanguage":"sv-SE","potentialAction":[{"@type":"ReadAction","target":["https:\/\/pontechmarina.com\/se\/marina\/"]}]},{"@type":"ImageObject","inLanguage":"sv-SE","@id":"https:\/\/pontechmarina.com\/se\/marina\/#primaryimage","url":"https:\/\/pontechmarina.com\/se\/wp-content\/uploads\/2020\/10\/pontech-hamn.jpg","contentUrl":"https:\/\/pontechmarina.com\/se\/wp-content\/uploads\/2020\/10\/pontech-hamn.jpg","width":1024,"height":704,"caption":"En b\u00e5thamn med v\u00e5gbrytare och Y-bommar, fr\u00e5n ovan"},{"@type":"BreadcrumbList","@id":"https:\/\/pontechmarina.com\/se\/marina\/#breadcrumb","itemListElement":[{"@type":"ListItem","position":1,"name":"Hem","item":"https:\/\/pontechmarina.com\/se\/"},{"@type":"ListItem","position":2,"name":"Marina"}]},{"@type":"WebSite","@id":"https:\/\/pontechmarina.com\/se\/#website","url":"https:\/\/pontechmarina.com\/se\/","name":"Pontech","description":"","publisher":{"@id":"https:\/\/pontechmarina.com\/se\/#organization"},"potentialAction":[{"@type":"SearchAction","target":{"@type":"EntryPoint","urlTemplate":"https:\/\/pontechmarina.com\/se\/?s={search_term_string}"},"query-input":{"@type":"PropertyValueSpecification","valueRequired":true,"valueName":"search_term_string"}}],"inLanguage":"sv-SE"},{"@type":"Organization","@id":"https:\/\/pontechmarina.com\/se\/#organization","name":"Pontech","url":"https:\/\/pontechmarina.com\/se\/","logo":{"@type":"ImageObject","inLanguage":"sv-SE","@id":"https:\/\/pontechmarina.com\/se\/#\/schema\/logo\/image\/","url":"https:\/\/pontechmarina.com\/se\/wp-content\/uploads\/2020\/11\/pontech-logo.jpg","contentUrl":"https:\/\/pontechmarina.com\/se\/wp-content\/uploads\/2020\/11\/pontech-logo.jpg","width":370,"height":168,"caption":"Pontech"},"image":{"@id":"https:\/\/pontechmarina.com\/se\/#\/schema\/logo\/image\/"}}]}},"_links":{"self":[{"href":"https:\/\/pontechmarina.com\/se\/wp-json\/wp\/v2\/pages\/1661","targetHints":{"allow":["GET"]}}],"collection":[{"href":"https:\/\/pontechmarina.com\/se\/wp-json\/wp\/v2\/pages"}],"about":[{"href":"https:\/\/pontechmarina.com\/se\/wp-json\/wp\/v2\/types\/page"}],"author":[{"embeddable":true,"href":"https:\/\/pontechmarina.com\/se\/wp-json\/wp\/v2\/users\/11"}],"replies":[{"embeddable":true,"href":"https:\/\/pontechmarina.com\/se\/wp-json\/wp\/v2\/comments?post=1661"}],"version-history":[{"count":43,"href":"https:\/\/pontechmarina.com\/se\/wp-json\/wp\/v2\/pages\/1661\/revisions"}],"predecessor-version":[{"id":1830,"href":"https:\/\/pontechmarina.com\/se\/wp-json\/wp\/v2\/pages\/1661\/revisions\/1830"}],"wp:featuredmedia":[{"embeddable":true,"href":"https:\/\/pontechmarina.com\/se\/wp-json\/wp\/v2\/media\/527"}],"wp:attachment":[{"href":"https:\/\/pontechmarina.com\/se\/wp-json\/wp\/v2\/media?parent=1661"}],"wp:term":[{"taxonomy":"huvudkategori","embeddable":true,"href":"https:\/\/pontechmarina.com\/se\/wp-json\/wp\/v2\/huvudkategori?post=1661"}],"curies":[{"name":"wp","href":"https:\/\/api.w.org\/{rel}","templated":true}]}}