{"id":1717,"date":"2025-09-10T09:59:35","date_gmt":"2025-09-10T07:59:35","guid":{"rendered":"https:\/\/pontechmarina.com\/se\/?page_id=1717"},"modified":"2025-10-03T08:50:41","modified_gmt":"2025-10-03T06:50:41","slug":"bostad","status":"publish","type":"page","link":"https:\/\/pontechmarina.com\/se\/bostad\/","title":{"rendered":"Bostad"},"content":{"rendered":"<h5>T\u00e4nk att vakna till v\u00e5gskvalp i st\u00e4llet f\u00f6r till ljudet av trafiken. Att kunna doppa f\u00f6tterna i vattnet varje kv\u00e4ll efter en l\u00e5ng arbetsdag. G\u00f6r ditt livsval och bygg en flytande bostad som g\u00f6r att du kan leva lite friare, lite gr\u00f6nare och lite mer harmoniskt. En kombination av det b\u00e4sta, din egen oas d\u00e4r du f\u00e5r en plats att koppla av och leva p\u00e5.<\/h5>\n<h2>En dr\u00f6mbostad p\u00e5 vatten<\/h2>\n<p style=\"font-weight: 400;\">Vill du bygga ditt hus p\u00e5 vattnet i st\u00e4llet f\u00f6r p\u00e5 land? Intresset f\u00f6r flytande bost\u00e4der v\u00e4xer b\u00e5de i Sverige och utomlands. G\u00f6r som den danske designern Bj\u00f8rn Bruun vars dr\u00f6m om en exklusiv husb\u00e5t blev verklighet, mitt i K\u00f6penhamn. Hans unika hus flyter nu stadigt p\u00e5 en av v\u00e5ra plattformar.<\/p>\n<p style=\"font-weight: 400;\">En flytande bostad byggs p\u00e5 en flytande betongplattform som r\u00f6r sig i takt med vattnets r\u00f6relser och anpassar sig efter skiftande vattenniv\u00e5er. Ett milj\u00f6v\u00e4nligt val som inte kr\u00e4ver s\u00e5 stora ingrepp i v\u00e5r natur. V\u00e4lkommen till framtidens klimatsmarta och oerh\u00f6rt vackra hem!<\/p>\n<h2>Pontech Marina erbjuder:<\/h2>\n<ul>\n<li>R\u00e5dgivning<\/li>\n<li>Projektledning<\/li>\n<li>Projektering<\/li>\n<li>Kompletta flytande bostadsplattformar<\/li>\n<\/ul>\n<p>F\u00f6r dig som vill bygga en flytande dr\u00f6mbostad!<\/p>\n","protected":false},"excerpt":{"rendered":"T\u00e4nk att vakna till v\u00e5gskvalp i st\u00e4llet f\u00f6r till ljudet av trafiken. Att kunna doppa f\u00f6tterna i vattnet varje kv\u00e4ll efter en l\u00e5ng arbetsdag. G\u00f6r ditt livsval och bygg en flytande bostad som g\u00f6r att du kan leva lite friare, lite gr\u00f6nare och lite mer harmoniskt. En kombination av det b\u00e4sta, din egen oas d\u00e4r&#8230;","protected":false},"author":11,"featured_media":762,"parent":0,"menu_order":0,"comment_status":"closed","ping_status":"closed","template":"undersida-kategorier.php","meta":{"_acf_changed":false,"inline_featured_image":false,"footnotes":""},"huvudkategori":[28],"class_list":["post-1717","page","type-page","status-publish","has-post-thumbnail","hentry","huvudkategori-bostad"],"acf":[],"yoast_head":"<!-- This site is optimized with the Yoast SEO plugin v27.0 - https:\/\/yoast.com\/product\/yoast-seo-wordpress\/ -->\n<title>Bostad | Pontech<\/title>\n<meta name=\"description\" content=\"Skapa ett hem ut\u00f6ver det vanliga med Pontechs flytande bostad. Vi hj\u00e4lper dig att f\u00f6rverkliga hela din dr\u00f6m, fr\u00e5n id\u00e9 till verklighet.\" \/>\n<meta name=\"robots\" content=\"index, follow, max-snippet:-1, max-image-preview:large, max-video-preview:-1\" \/>\n<link rel=\"canonical\" href=\"https:\/\/pontechmarina.com\/se\/bostad\/\" \/>\n<meta property=\"og:locale\" content=\"sv_SE\" \/>\n<meta property=\"og:type\" content=\"article\" \/>\n<meta property=\"og:title\" content=\"Bostad | Pontech\" \/>\n<meta property=\"og:description\" content=\"Skapa ett hem ut\u00f6ver det vanliga med Pontechs flytande bostad. Vi hj\u00e4lper dig att f\u00f6rverkliga hela din dr\u00f6m, fr\u00e5n id\u00e9 till verklighet.\" \/>\n<meta property=\"og:url\" content=\"https:\/\/pontechmarina.com\/se\/bostad\/\" \/>\n<meta property=\"og:site_name\" content=\"Pontech\" \/>\n<meta property=\"article:modified_time\" content=\"2025-10-03T06:50:41+00:00\" \/>\n<meta property=\"og:image\" content=\"https:\/\/pontechmarina.com\/se\/wp-content\/uploads\/2021\/02\/Marinstaden-Nacka-flytande-hus.jpg\" \/>\n\t<meta property=\"og:image:width\" content=\"1200\" \/>\n\t<meta property=\"og:image:height\" content=\"800\" \/>\n\t<meta property=\"og:image:type\" content=\"image\/jpeg\" \/>\n<meta name=\"twitter:card\" content=\"summary_large_image\" \/>\n<meta name=\"twitter:label1\" content=\"Ber\u00e4knad l\u00e4stid\" \/>\n\t<meta name=\"twitter:data1\" content=\"2 minuter\" \/>\n<script type=\"application\/ld+json\" class=\"yoast-schema-graph\">{\"@context\":\"https:\/\/schema.org\",\"@graph\":[{\"@type\":\"WebPage\",\"@id\":\"https:\/\/pontechmarina.com\/se\/bostad\/\",\"url\":\"https:\/\/pontechmarina.com\/se\/bostad\/\",\"name\":\"Bostad | Pontech\",\"isPartOf\":{\"@id\":\"https:\/\/pontechmarina.com\/se\/#website\"},\"primaryImageOfPage\":{\"@id\":\"https:\/\/pontechmarina.com\/se\/bostad\/#primaryimage\"},\"image\":{\"@id\":\"https:\/\/pontechmarina.com\/se\/bostad\/#primaryimage\"},\"thumbnailUrl\":\"https:\/\/pontechmarina.com\/se\/wp-content\/uploads\/2021\/02\/Marinstaden-Nacka-flytande-hus.jpg\",\"datePublished\":\"2025-09-10T07:59:35+00:00\",\"dateModified\":\"2025-10-03T06:50:41+00:00\",\"description\":\"Skapa ett hem ut\u00f6ver det vanliga med Pontechs flytande bostad. Vi hj\u00e4lper dig att f\u00f6rverkliga hela din dr\u00f6m, fr\u00e5n id\u00e9 till verklighet.\",\"breadcrumb\":{\"@id\":\"https:\/\/pontechmarina.com\/se\/bostad\/#breadcrumb\"},\"inLanguage\":\"sv-SE\",\"potentialAction\":[{\"@type\":\"ReadAction\",\"target\":[\"https:\/\/pontechmarina.com\/se\/bostad\/\"]}]},{\"@type\":\"ImageObject\",\"inLanguage\":\"sv-SE\",\"@id\":\"https:\/\/pontechmarina.com\/se\/bostad\/#primaryimage\",\"url\":\"https:\/\/pontechmarina.com\/se\/wp-content\/uploads\/2021\/02\/Marinstaden-Nacka-flytande-hus.jpg\",\"contentUrl\":\"https:\/\/pontechmarina.com\/se\/wp-content\/uploads\/2021\/02\/Marinstaden-Nacka-flytande-hus.jpg\",\"width\":1200,\"height\":800,\"caption\":\"Flytande hus i Marinstaden Nacka fr\u00e5n ovan\"},{\"@type\":\"BreadcrumbList\",\"@id\":\"https:\/\/pontechmarina.com\/se\/bostad\/#breadcrumb\",\"itemListElement\":[{\"@type\":\"ListItem\",\"position\":1,\"name\":\"Hem\",\"item\":\"https:\/\/pontechmarina.com\/se\/\"},{\"@type\":\"ListItem\",\"position\":2,\"name\":\"Bostad\"}]},{\"@type\":\"WebSite\",\"@id\":\"https:\/\/pontechmarina.com\/se\/#website\",\"url\":\"https:\/\/pontechmarina.com\/se\/\",\"name\":\"Pontech\",\"description\":\"\",\"publisher\":{\"@id\":\"https:\/\/pontechmarina.com\/se\/#organization\"},\"potentialAction\":[{\"@type\":\"SearchAction\",\"target\":{\"@type\":\"EntryPoint\",\"urlTemplate\":\"https:\/\/pontechmarina.com\/se\/?s={search_term_string}\"},\"query-input\":{\"@type\":\"PropertyValueSpecification\",\"valueRequired\":true,\"valueName\":\"search_term_string\"}}],\"inLanguage\":\"sv-SE\"},{\"@type\":\"Organization\",\"@id\":\"https:\/\/pontechmarina.com\/se\/#organization\",\"name\":\"Pontech\",\"url\":\"https:\/\/pontechmarina.com\/se\/\",\"logo\":{\"@type\":\"ImageObject\",\"inLanguage\":\"sv-SE\",\"@id\":\"https:\/\/pontechmarina.com\/se\/#\/schema\/logo\/image\/\",\"url\":\"https:\/\/pontechmarina.com\/se\/wp-content\/uploads\/2020\/11\/pontech-logo.jpg\",\"contentUrl\":\"https:\/\/pontechmarina.com\/se\/wp-content\/uploads\/2020\/11\/pontech-logo.jpg\",\"width\":370,\"height\":168,\"caption\":\"Pontech\"},\"image\":{\"@id\":\"https:\/\/pontechmarina.com\/se\/#\/schema\/logo\/image\/\"}}]}<\/script>\n<!-- \/ Yoast SEO plugin. -->","yoast_head_json":{"title":"Bostad | Pontech","description":"Skapa ett hem ut\u00f6ver det vanliga med Pontechs flytande bostad. Vi hj\u00e4lper dig att f\u00f6rverkliga hela din dr\u00f6m, fr\u00e5n id\u00e9 till verklighet.","robots":{"index":"index","follow":"follow","max-snippet":"max-snippet:-1","max-image-preview":"max-image-preview:large","max-video-preview":"max-video-preview:-1"},"canonical":"https:\/\/pontechmarina.com\/se\/bostad\/","og_locale":"sv_SE","og_type":"article","og_title":"Bostad | Pontech","og_description":"Skapa ett hem ut\u00f6ver det vanliga med Pontechs flytande bostad. Vi hj\u00e4lper dig att f\u00f6rverkliga hela din dr\u00f6m, fr\u00e5n id\u00e9 till verklighet.","og_url":"https:\/\/pontechmarina.com\/se\/bostad\/","og_site_name":"Pontech","article_modified_time":"2025-10-03T06:50:41+00:00","og_image":[{"width":1200,"height":800,"url":"https:\/\/pontechmarina.com\/se\/wp-content\/uploads\/2021\/02\/Marinstaden-Nacka-flytande-hus.jpg","type":"image\/jpeg"}],"twitter_card":"summary_large_image","twitter_misc":{"Ber\u00e4knad l\u00e4stid":"2 minuter"},"schema":{"@context":"https:\/\/schema.org","@graph":[{"@type":"WebPage","@id":"https:\/\/pontechmarina.com\/se\/bostad\/","url":"https:\/\/pontechmarina.com\/se\/bostad\/","name":"Bostad | Pontech","isPartOf":{"@id":"https:\/\/pontechmarina.com\/se\/#website"},"primaryImageOfPage":{"@id":"https:\/\/pontechmarina.com\/se\/bostad\/#primaryimage"},"image":{"@id":"https:\/\/pontechmarina.com\/se\/bostad\/#primaryimage"},"thumbnailUrl":"https:\/\/pontechmarina.com\/se\/wp-content\/uploads\/2021\/02\/Marinstaden-Nacka-flytande-hus.jpg","datePublished":"2025-09-10T07:59:35+00:00","dateModified":"2025-10-03T06:50:41+00:00","description":"Skapa ett hem ut\u00f6ver det vanliga med Pontechs flytande bostad. Vi hj\u00e4lper dig att f\u00f6rverkliga hela din dr\u00f6m, fr\u00e5n id\u00e9 till verklighet.","breadcrumb":{"@id":"https:\/\/pontechmarina.com\/se\/bostad\/#breadcrumb"},"inLanguage":"sv-SE","potentialAction":[{"@type":"ReadAction","target":["https:\/\/pontechmarina.com\/se\/bostad\/"]}]},{"@type":"ImageObject","inLanguage":"sv-SE","@id":"https:\/\/pontechmarina.com\/se\/bostad\/#primaryimage","url":"https:\/\/pontechmarina.com\/se\/wp-content\/uploads\/2021\/02\/Marinstaden-Nacka-flytande-hus.jpg","contentUrl":"https:\/\/pontechmarina.com\/se\/wp-content\/uploads\/2021\/02\/Marinstaden-Nacka-flytande-hus.jpg","width":1200,"height":800,"caption":"Flytande hus i Marinstaden Nacka fr\u00e5n ovan"},{"@type":"BreadcrumbList","@id":"https:\/\/pontechmarina.com\/se\/bostad\/#breadcrumb","itemListElement":[{"@type":"ListItem","position":1,"name":"Hem","item":"https:\/\/pontechmarina.com\/se\/"},{"@type":"ListItem","position":2,"name":"Bostad"}]},{"@type":"WebSite","@id":"https:\/\/pontechmarina.com\/se\/#website","url":"https:\/\/pontechmarina.com\/se\/","name":"Pontech","description":"","publisher":{"@id":"https:\/\/pontechmarina.com\/se\/#organization"},"potentialAction":[{"@type":"SearchAction","target":{"@type":"EntryPoint","urlTemplate":"https:\/\/pontechmarina.com\/se\/?s={search_term_string}"},"query-input":{"@type":"PropertyValueSpecification","valueRequired":true,"valueName":"search_term_string"}}],"inLanguage":"sv-SE"},{"@type":"Organization","@id":"https:\/\/pontechmarina.com\/se\/#organization","name":"Pontech","url":"https:\/\/pontechmarina.com\/se\/","logo":{"@type":"ImageObject","inLanguage":"sv-SE","@id":"https:\/\/pontechmarina.com\/se\/#\/schema\/logo\/image\/","url":"https:\/\/pontechmarina.com\/se\/wp-content\/uploads\/2020\/11\/pontech-logo.jpg","contentUrl":"https:\/\/pontechmarina.com\/se\/wp-content\/uploads\/2020\/11\/pontech-logo.jpg","width":370,"height":168,"caption":"Pontech"},"image":{"@id":"https:\/\/pontechmarina.com\/se\/#\/schema\/logo\/image\/"}}]}},"_links":{"self":[{"href":"https:\/\/pontechmarina.com\/se\/wp-json\/wp\/v2\/pages\/1717","targetHints":{"allow":["GET"]}}],"collection":[{"href":"https:\/\/pontechmarina.com\/se\/wp-json\/wp\/v2\/pages"}],"about":[{"href":"https:\/\/pontechmarina.com\/se\/wp-json\/wp\/v2\/types\/page"}],"author":[{"embeddable":true,"href":"https:\/\/pontechmarina.com\/se\/wp-json\/wp\/v2\/users\/11"}],"replies":[{"embeddable":true,"href":"https:\/\/pontechmarina.com\/se\/wp-json\/wp\/v2\/comments?post=1717"}],"version-history":[{"count":9,"href":"https:\/\/pontechmarina.com\/se\/wp-json\/wp\/v2\/pages\/1717\/revisions"}],"predecessor-version":[{"id":1831,"href":"https:\/\/pontechmarina.com\/se\/wp-json\/wp\/v2\/pages\/1717\/revisions\/1831"}],"wp:featuredmedia":[{"embeddable":true,"href":"https:\/\/pontechmarina.com\/se\/wp-json\/wp\/v2\/media\/762"}],"wp:attachment":[{"href":"https:\/\/pontechmarina.com\/se\/wp-json\/wp\/v2\/media?parent=1717"}],"wp:term":[{"taxonomy":"huvudkategori","embeddable":true,"href":"https:\/\/pontechmarina.com\/se\/wp-json\/wp\/v2\/huvudkategori?post=1717"}],"curies":[{"name":"wp","href":"https:\/\/api.w.org\/{rel}","templated":true}]}}