{"id":1719,"date":"2025-09-10T10:00:54","date_gmt":"2025-09-10T08:00:54","guid":{"rendered":"https:\/\/pontechmarina.com\/se\/?page_id=1719"},"modified":"2026-02-25T10:56:53","modified_gmt":"2026-02-25T09:56:53","slug":"restaurang","status":"publish","type":"page","link":"https:\/\/pontechmarina.com\/se\/restaurang\/","title":{"rendered":"Restaurang"},"content":{"rendered":"<h5>F\u00f6rest\u00e4ll dig en plats d\u00e4r du har m\u00f6jlighet att varje kv\u00e4ll f\u00e5 uppleva solnedg\u00e5ngar tillsammans med en kopp kaffe eller ett glas bubbel. D\u00e4r du erbjuds en matupplevelse i en unik och h\u00e5llbar milj\u00f6 med en panoramautsikt \u00f6ver vattnet eller kanske staden. Vi talar om en flytande restaurang d\u00e4r mat och milj\u00f6 m\u00f6ts i perfekt harmoni. Den bjuder in till en atmosf\u00e4r som \u00e4r sv\u00e5r att \u00e5terskapa p\u00e5 land.<\/h5>\n<h2 class=\"p1\"><b>Dr\u00f6mmen om en flytande restaurang mitt i staden<\/b><\/h2>\n<p style=\"font-weight: 400;\">G\u00f6r ett bes\u00f6k p\u00e5 Strandbryggan i Stockholm\u00a0som ligger stadigt p\u00e5 en Pontech-plattform precis invid Djurg\u00e5rdsbron. Eller bes\u00f6k Havsbaren Tyska bron\u00a0mitt i centrala G\u00f6teborg. Insup atmosf\u00e4ren som \u00e4lskas av b\u00e5de soldyrkare och mat\u00e4lskare.<\/p>\n<p style=\"font-weight: 400;\">Den h\u00e4r speciella milj\u00f6n lockar ocks\u00e5 g\u00e4rna till sig m\u00e4nniskor fr\u00e5n hela v\u00e4rlden som letar efter just n\u00e5got unikt och annorlunda. Vi i Sverige har verkligen en m\u00f6jlighet att ta vara p\u00e5 allt vatten vi har omkring oss.<\/p>\n<p style=\"font-weight: 400;\">Vad s\u00e4g som en AW med kluckande vatten under f\u00f6tterna, solen i ansiktet och panoramautsikt.<\/p>\n<h2>Pontech Marina erbjuder:<\/h2>\n<ul style=\"font-weight: 400;\">\n<li>R\u00e5dgivning<\/li>\n<li>Projektledning<\/li>\n<li>Projektering<\/li>\n<li>Kompletta plattformar f\u00f6r din flytande verksamhet<\/li>\n<\/ul>\n<p style=\"font-weight: 400;\">Bygg din dr\u00f6m p\u00e5 en plattform fr\u00e5n Pontech.<\/p>\n","protected":false},"excerpt":{"rendered":"F\u00f6rest\u00e4ll dig en plats d\u00e4r du har m\u00f6jlighet att varje kv\u00e4ll f\u00e5 uppleva solnedg\u00e5ngar tillsammans med en kopp kaffe eller ett glas bubbel. D\u00e4r du erbjuds en matupplevelse i en unik och h\u00e5llbar milj\u00f6 med en panoramautsikt \u00f6ver vattnet eller kanske staden. Vi talar om en flytande restaurang d\u00e4r mat och milj\u00f6 m\u00f6ts i perfekt&#8230;","protected":false},"author":11,"featured_media":1037,"parent":0,"menu_order":0,"comment_status":"closed","ping_status":"closed","template":"undersida-kategorier.php","meta":{"_acf_changed":false,"inline_featured_image":false,"footnotes":""},"huvudkategori":[29],"class_list":["post-1719","page","type-page","status-publish","has-post-thumbnail","hentry","huvudkategori-restaurang"],"acf":[],"yoast_head":"<!-- This site is optimized with the Yoast SEO plugin v27.0 - https:\/\/yoast.com\/product\/yoast-seo-wordpress\/ -->\n<title>Restaurang | Pontech<\/title>\n<meta name=\"description\" content=\"Dr\u00f6mmer du om en flytande restaurang? En upplevelse ut\u00f6ver det vanliga? Vi p\u00e5 Pontech hj\u00e4lper dig att realisera din dr\u00f6m.\" \/>\n<meta name=\"robots\" content=\"index, follow, max-snippet:-1, max-image-preview:large, max-video-preview:-1\" \/>\n<link rel=\"canonical\" href=\"https:\/\/pontechmarina.com\/se\/restaurang\/\" \/>\n<meta property=\"og:locale\" content=\"sv_SE\" \/>\n<meta property=\"og:type\" content=\"article\" \/>\n<meta property=\"og:title\" content=\"Restaurang | Pontech\" \/>\n<meta property=\"og:description\" content=\"Dr\u00f6mmer du om en flytande restaurang? En upplevelse ut\u00f6ver det vanliga? Vi p\u00e5 Pontech hj\u00e4lper dig att realisera din dr\u00f6m.\" \/>\n<meta property=\"og:url\" content=\"https:\/\/pontechmarina.com\/se\/restaurang\/\" \/>\n<meta property=\"og:site_name\" content=\"Pontech\" \/>\n<meta property=\"article:modified_time\" content=\"2026-02-25T09:56:53+00:00\" \/>\n<meta property=\"og:image\" content=\"https:\/\/pontechmarina.com\/se\/wp-content\/uploads\/2023\/04\/Tyska-1.jpg\" \/>\n\t<meta property=\"og:image:width\" content=\"2048\" \/>\n\t<meta property=\"og:image:height\" content=\"1365\" \/>\n\t<meta property=\"og:image:type\" content=\"image\/jpeg\" \/>\n<meta name=\"twitter:card\" content=\"summary_large_image\" \/>\n<meta name=\"twitter:label1\" content=\"Ber\u00e4knad l\u00e4stid\" \/>\n\t<meta name=\"twitter:data1\" content=\"2 minuter\" \/>\n<script type=\"application\/ld+json\" class=\"yoast-schema-graph\">{\"@context\":\"https:\/\/schema.org\",\"@graph\":[{\"@type\":\"WebPage\",\"@id\":\"https:\/\/pontechmarina.com\/se\/restaurang\/\",\"url\":\"https:\/\/pontechmarina.com\/se\/restaurang\/\",\"name\":\"Restaurang | Pontech\",\"isPartOf\":{\"@id\":\"https:\/\/pontechmarina.com\/se\/#website\"},\"primaryImageOfPage\":{\"@id\":\"https:\/\/pontechmarina.com\/se\/restaurang\/#primaryimage\"},\"image\":{\"@id\":\"https:\/\/pontechmarina.com\/se\/restaurang\/#primaryimage\"},\"thumbnailUrl\":\"https:\/\/pontechmarina.com\/se\/wp-content\/uploads\/2023\/04\/Tyska-1.jpg\",\"datePublished\":\"2025-09-10T08:00:54+00:00\",\"dateModified\":\"2026-02-25T09:56:53+00:00\",\"description\":\"Dr\u00f6mmer du om en flytande restaurang? En upplevelse ut\u00f6ver det vanliga? Vi p\u00e5 Pontech hj\u00e4lper dig att realisera din dr\u00f6m.\",\"breadcrumb\":{\"@id\":\"https:\/\/pontechmarina.com\/se\/restaurang\/#breadcrumb\"},\"inLanguage\":\"sv-SE\",\"potentialAction\":[{\"@type\":\"ReadAction\",\"target\":[\"https:\/\/pontechmarina.com\/se\/restaurang\/\"]}]},{\"@type\":\"ImageObject\",\"inLanguage\":\"sv-SE\",\"@id\":\"https:\/\/pontechmarina.com\/se\/restaurang\/#primaryimage\",\"url\":\"https:\/\/pontechmarina.com\/se\/wp-content\/uploads\/2023\/04\/Tyska-1.jpg\",\"contentUrl\":\"https:\/\/pontechmarina.com\/se\/wp-content\/uploads\/2023\/04\/Tyska-1.jpg\",\"width\":2048,\"height\":1365,\"caption\":\"Flytande Restaurang, Plattform gjord av betongpontoner\"},{\"@type\":\"BreadcrumbList\",\"@id\":\"https:\/\/pontechmarina.com\/se\/restaurang\/#breadcrumb\",\"itemListElement\":[{\"@type\":\"ListItem\",\"position\":1,\"name\":\"Hem\",\"item\":\"https:\/\/pontechmarina.com\/se\/\"},{\"@type\":\"ListItem\",\"position\":2,\"name\":\"Restaurang\"}]},{\"@type\":\"WebSite\",\"@id\":\"https:\/\/pontechmarina.com\/se\/#website\",\"url\":\"https:\/\/pontechmarina.com\/se\/\",\"name\":\"Pontech\",\"description\":\"\",\"publisher\":{\"@id\":\"https:\/\/pontechmarina.com\/se\/#organization\"},\"potentialAction\":[{\"@type\":\"SearchAction\",\"target\":{\"@type\":\"EntryPoint\",\"urlTemplate\":\"https:\/\/pontechmarina.com\/se\/?s={search_term_string}\"},\"query-input\":{\"@type\":\"PropertyValueSpecification\",\"valueRequired\":true,\"valueName\":\"search_term_string\"}}],\"inLanguage\":\"sv-SE\"},{\"@type\":\"Organization\",\"@id\":\"https:\/\/pontechmarina.com\/se\/#organization\",\"name\":\"Pontech\",\"url\":\"https:\/\/pontechmarina.com\/se\/\",\"logo\":{\"@type\":\"ImageObject\",\"inLanguage\":\"sv-SE\",\"@id\":\"https:\/\/pontechmarina.com\/se\/#\/schema\/logo\/image\/\",\"url\":\"https:\/\/pontechmarina.com\/se\/wp-content\/uploads\/2020\/11\/pontech-logo.jpg\",\"contentUrl\":\"https:\/\/pontechmarina.com\/se\/wp-content\/uploads\/2020\/11\/pontech-logo.jpg\",\"width\":370,\"height\":168,\"caption\":\"Pontech\"},\"image\":{\"@id\":\"https:\/\/pontechmarina.com\/se\/#\/schema\/logo\/image\/\"}}]}<\/script>\n<!-- \/ Yoast SEO plugin. -->","yoast_head_json":{"title":"Restaurang | Pontech","description":"Dr\u00f6mmer du om en flytande restaurang? En upplevelse ut\u00f6ver det vanliga? Vi p\u00e5 Pontech hj\u00e4lper dig att realisera din dr\u00f6m.","robots":{"index":"index","follow":"follow","max-snippet":"max-snippet:-1","max-image-preview":"max-image-preview:large","max-video-preview":"max-video-preview:-1"},"canonical":"https:\/\/pontechmarina.com\/se\/restaurang\/","og_locale":"sv_SE","og_type":"article","og_title":"Restaurang | Pontech","og_description":"Dr\u00f6mmer du om en flytande restaurang? En upplevelse ut\u00f6ver det vanliga? Vi p\u00e5 Pontech hj\u00e4lper dig att realisera din dr\u00f6m.","og_url":"https:\/\/pontechmarina.com\/se\/restaurang\/","og_site_name":"Pontech","article_modified_time":"2026-02-25T09:56:53+00:00","og_image":[{"width":2048,"height":1365,"url":"https:\/\/pontechmarina.com\/se\/wp-content\/uploads\/2023\/04\/Tyska-1.jpg","type":"image\/jpeg"}],"twitter_card":"summary_large_image","twitter_misc":{"Ber\u00e4knad l\u00e4stid":"2 minuter"},"schema":{"@context":"https:\/\/schema.org","@graph":[{"@type":"WebPage","@id":"https:\/\/pontechmarina.com\/se\/restaurang\/","url":"https:\/\/pontechmarina.com\/se\/restaurang\/","name":"Restaurang | Pontech","isPartOf":{"@id":"https:\/\/pontechmarina.com\/se\/#website"},"primaryImageOfPage":{"@id":"https:\/\/pontechmarina.com\/se\/restaurang\/#primaryimage"},"image":{"@id":"https:\/\/pontechmarina.com\/se\/restaurang\/#primaryimage"},"thumbnailUrl":"https:\/\/pontechmarina.com\/se\/wp-content\/uploads\/2023\/04\/Tyska-1.jpg","datePublished":"2025-09-10T08:00:54+00:00","dateModified":"2026-02-25T09:56:53+00:00","description":"Dr\u00f6mmer du om en flytande restaurang? En upplevelse ut\u00f6ver det vanliga? Vi p\u00e5 Pontech hj\u00e4lper dig att realisera din dr\u00f6m.","breadcrumb":{"@id":"https:\/\/pontechmarina.com\/se\/restaurang\/#breadcrumb"},"inLanguage":"sv-SE","potentialAction":[{"@type":"ReadAction","target":["https:\/\/pontechmarina.com\/se\/restaurang\/"]}]},{"@type":"ImageObject","inLanguage":"sv-SE","@id":"https:\/\/pontechmarina.com\/se\/restaurang\/#primaryimage","url":"https:\/\/pontechmarina.com\/se\/wp-content\/uploads\/2023\/04\/Tyska-1.jpg","contentUrl":"https:\/\/pontechmarina.com\/se\/wp-content\/uploads\/2023\/04\/Tyska-1.jpg","width":2048,"height":1365,"caption":"Flytande Restaurang, Plattform gjord av betongpontoner"},{"@type":"BreadcrumbList","@id":"https:\/\/pontechmarina.com\/se\/restaurang\/#breadcrumb","itemListElement":[{"@type":"ListItem","position":1,"name":"Hem","item":"https:\/\/pontechmarina.com\/se\/"},{"@type":"ListItem","position":2,"name":"Restaurang"}]},{"@type":"WebSite","@id":"https:\/\/pontechmarina.com\/se\/#website","url":"https:\/\/pontechmarina.com\/se\/","name":"Pontech","description":"","publisher":{"@id":"https:\/\/pontechmarina.com\/se\/#organization"},"potentialAction":[{"@type":"SearchAction","target":{"@type":"EntryPoint","urlTemplate":"https:\/\/pontechmarina.com\/se\/?s={search_term_string}"},"query-input":{"@type":"PropertyValueSpecification","valueRequired":true,"valueName":"search_term_string"}}],"inLanguage":"sv-SE"},{"@type":"Organization","@id":"https:\/\/pontechmarina.com\/se\/#organization","name":"Pontech","url":"https:\/\/pontechmarina.com\/se\/","logo":{"@type":"ImageObject","inLanguage":"sv-SE","@id":"https:\/\/pontechmarina.com\/se\/#\/schema\/logo\/image\/","url":"https:\/\/pontechmarina.com\/se\/wp-content\/uploads\/2020\/11\/pontech-logo.jpg","contentUrl":"https:\/\/pontechmarina.com\/se\/wp-content\/uploads\/2020\/11\/pontech-logo.jpg","width":370,"height":168,"caption":"Pontech"},"image":{"@id":"https:\/\/pontechmarina.com\/se\/#\/schema\/logo\/image\/"}}]}},"_links":{"self":[{"href":"https:\/\/pontechmarina.com\/se\/wp-json\/wp\/v2\/pages\/1719","targetHints":{"allow":["GET"]}}],"collection":[{"href":"https:\/\/pontechmarina.com\/se\/wp-json\/wp\/v2\/pages"}],"about":[{"href":"https:\/\/pontechmarina.com\/se\/wp-json\/wp\/v2\/types\/page"}],"author":[{"embeddable":true,"href":"https:\/\/pontechmarina.com\/se\/wp-json\/wp\/v2\/users\/11"}],"replies":[{"embeddable":true,"href":"https:\/\/pontechmarina.com\/se\/wp-json\/wp\/v2\/comments?post=1719"}],"version-history":[{"count":11,"href":"https:\/\/pontechmarina.com\/se\/wp-json\/wp\/v2\/pages\/1719\/revisions"}],"predecessor-version":[{"id":2067,"href":"https:\/\/pontechmarina.com\/se\/wp-json\/wp\/v2\/pages\/1719\/revisions\/2067"}],"wp:featuredmedia":[{"embeddable":true,"href":"https:\/\/pontechmarina.com\/se\/wp-json\/wp\/v2\/media\/1037"}],"wp:attachment":[{"href":"https:\/\/pontechmarina.com\/se\/wp-json\/wp\/v2\/media?parent=1719"}],"wp:term":[{"taxonomy":"huvudkategori","embeddable":true,"href":"https:\/\/pontechmarina.com\/se\/wp-json\/wp\/v2\/huvudkategori?post=1719"}],"curies":[{"name":"wp","href":"https:\/\/api.w.org\/{rel}","templated":true}]}}