{"id":1721,"date":"2025-09-10T10:02:07","date_gmt":"2025-09-10T08:02:07","guid":{"rendered":"https:\/\/pontechmarina.com\/se\/?page_id=1721"},"modified":"2026-02-25T11:06:40","modified_gmt":"2026-02-25T10:06:40","slug":"sakerhet-forsvar","status":"publish","type":"page","link":"https:\/\/pontechmarina.com\/se\/sakerhet-forsvar\/","title":{"rendered":"S\u00e4kerhet och f\u00f6rsvar"},"content":{"rendered":"<h5>Kustn\u00e4ra s\u00e4kerhet och beredskap \u00e4r viktigare \u00e4n n\u00e5gonsin. V\u00e5ra flytande betongplattformar \u00e4r en robust, flexibel och framtidss\u00e4ker l\u00f6sning. De svensk- och tysktillverkade plattformarna ger en m\u00f6jlighet till snabbt ut\u00f6kad n\u00e4rvaro och f\u00f6rb\u00e4ttrad operativ kapacitet f\u00f6r att m\u00f6ta nya, framtida krav.<\/h5>\n<h2>Trygga, h\u00e5llbara l\u00f6sningar f\u00f6r marin s\u00e4kerhet och f\u00f6rsvar<\/h2>\n<p style=\"font-weight: 400;\">Sveriges kustbevakning spelar en avg\u00f6rande f\u00f6r v\u00e5r s\u00e4kerhet till sj\u00f6ss. Med v\u00e4xande uppdrag och fler fartyg i drift \u00f6kar behovet av fler till\u00e4ggningsplatser l\u00e4ngs v\u00e5ra kuster.<\/p>\n<p style=\"font-weight: 400;\">Traditionella kajer \u00e4r ofta dyra, tidskr\u00e4vande att bygga och sv\u00e5ra att anpassa. H\u00e4r erbjuder flytande betongpontoner ett modernt alternativ f\u00f6r att m\u00f6ta kraven f\u00f6r v\u00e5r s\u00e4kerhet och f\u00f6rsvar.<\/p>\n<p style=\"font-weight: 400;\">F\u00f6rdelen med flytande betongpontoner \u00e4r m\u00e5nga och h\u00e4r \u00e4r n\u00e5gra:<\/p>\n<ul style=\"font-weight: 400;\">\n<li><strong>Stabila och slitstarka<\/strong>\u00a0\u2013 byggda f\u00f6r att klara tuffa f\u00f6rh\u00e5llanden \u00e5ret runt<\/li>\n<li><strong>L\u00e5ng livsl\u00e4ngd<\/strong>\u00a0\u2013 upp till 60 \u00e5r med minimalt underh\u00e5ll<\/li>\n<li><strong>Snabb installation<\/strong>\u00a0\u2013 utan omfattande markarbete<\/li>\n<li><strong>Modul\u00e4ra och flyttbara<\/strong>\u00a0\u2013 kan enkelt anpassas efter behov och plats<\/li>\n<li><strong>Redo f\u00f6r operativ drift<\/strong>\u00a0\u2013 med el, vatten, s\u00e4kerhetsutrustning och tillg\u00e5ng f\u00f6r personal<\/li>\n<\/ul>\n<h2>Pontech Marina erbjuder:<\/h2>\n<ul style=\"font-weight: 400;\">\n<li>R\u00e5dgivning<\/li>\n<li>Projektledning<\/li>\n<li>Projektering<\/li>\n<li>Kompletta och skalbara l\u00f6sningar med trygga f\u00f6rs\u00f6rjningskedjor<\/li>\n<\/ul>\n<p style=\"font-weight: 400;\">Vi st\u00e5r stabilt, tillsammans.<\/p>\n","protected":false},"excerpt":{"rendered":"Kustn\u00e4ra s\u00e4kerhet och beredskap \u00e4r viktigare \u00e4n n\u00e5gonsin. V\u00e5ra flytande betongplattformar \u00e4r en robust, flexibel och framtidss\u00e4ker l\u00f6sning. De svensk- och tysktillverkade plattformarna ger en m\u00f6jlighet till snabbt ut\u00f6kad n\u00e4rvaro och f\u00f6rb\u00e4ttrad operativ kapacitet f\u00f6r att m\u00f6ta nya, framtida krav. Trygga, h\u00e5llbara l\u00f6sningar f\u00f6r marin s\u00e4kerhet och f\u00f6rsvar Sveriges kustbevakning spelar en avg\u00f6rande f\u00f6r v\u00e5r&#8230;","protected":false},"author":11,"featured_media":1651,"parent":0,"menu_order":0,"comment_status":"closed","ping_status":"closed","template":"undersida-kategorier.php","meta":{"_acf_changed":false,"inline_featured_image":false,"footnotes":""},"huvudkategori":[31],"class_list":["post-1721","page","type-page","status-publish","has-post-thumbnail","hentry","huvudkategori-sakerhet-forsvar"],"acf":[],"yoast_head":"<!-- This site is optimized with the Yoast SEO plugin v27.0 - https:\/\/yoast.com\/product\/yoast-seo-wordpress\/ -->\n<title>S\u00e4kerhet och f\u00f6rsvar | Pontech<\/title>\n<meta name=\"description\" content=\"Pontech erbjuder robusta och h\u00e5llbara flytande betongpontoner f\u00f6r marin s\u00e4kerhet och f\u00f6rsvar. En modern, flexibel och framtidss\u00e4ker l\u00f6sning.\" \/>\n<meta name=\"robots\" content=\"index, follow, max-snippet:-1, max-image-preview:large, max-video-preview:-1\" \/>\n<link rel=\"canonical\" href=\"https:\/\/pontechmarina.com\/se\/sakerhet-forsvar\/\" \/>\n<meta property=\"og:locale\" content=\"sv_SE\" \/>\n<meta property=\"og:type\" content=\"article\" \/>\n<meta property=\"og:title\" content=\"S\u00e4kerhet och f\u00f6rsvar | Pontech\" \/>\n<meta property=\"og:description\" content=\"Pontech erbjuder robusta och h\u00e5llbara flytande betongpontoner f\u00f6r marin s\u00e4kerhet och f\u00f6rsvar. En modern, flexibel och framtidss\u00e4ker l\u00f6sning.\" \/>\n<meta property=\"og:url\" content=\"https:\/\/pontechmarina.com\/se\/sakerhet-forsvar\/\" \/>\n<meta property=\"og:site_name\" content=\"Pontech\" \/>\n<meta property=\"article:modified_time\" content=\"2026-02-25T10:06:40+00:00\" \/>\n<meta property=\"og:image\" content=\"https:\/\/pontechmarina.com\/se\/wp-content\/uploads\/2025\/07\/kustbevakningen-pontech.jpg\" \/>\n\t<meta property=\"og:image:width\" content=\"1024\" \/>\n\t<meta property=\"og:image:height\" content=\"704\" \/>\n\t<meta property=\"og:image:type\" content=\"image\/jpeg\" \/>\n<meta name=\"twitter:card\" content=\"summary_large_image\" \/>\n<meta name=\"twitter:label1\" content=\"Ber\u00e4knad l\u00e4stid\" \/>\n\t<meta name=\"twitter:data1\" content=\"2 minuter\" \/>\n<script type=\"application\/ld+json\" class=\"yoast-schema-graph\">{\"@context\":\"https:\/\/schema.org\",\"@graph\":[{\"@type\":\"WebPage\",\"@id\":\"https:\/\/pontechmarina.com\/se\/sakerhet-forsvar\/\",\"url\":\"https:\/\/pontechmarina.com\/se\/sakerhet-forsvar\/\",\"name\":\"S\u00e4kerhet och f\u00f6rsvar | Pontech\",\"isPartOf\":{\"@id\":\"https:\/\/pontechmarina.com\/se\/#website\"},\"primaryImageOfPage\":{\"@id\":\"https:\/\/pontechmarina.com\/se\/sakerhet-forsvar\/#primaryimage\"},\"image\":{\"@id\":\"https:\/\/pontechmarina.com\/se\/sakerhet-forsvar\/#primaryimage\"},\"thumbnailUrl\":\"https:\/\/pontechmarina.com\/se\/wp-content\/uploads\/2025\/07\/kustbevakningen-pontech.jpg\",\"datePublished\":\"2025-09-10T08:02:07+00:00\",\"dateModified\":\"2026-02-25T10:06:40+00:00\",\"description\":\"Pontech erbjuder robusta och h\u00e5llbara flytande betongpontoner f\u00f6r marin s\u00e4kerhet och f\u00f6rsvar. En modern, flexibel och framtidss\u00e4ker l\u00f6sning.\",\"breadcrumb\":{\"@id\":\"https:\/\/pontechmarina.com\/se\/sakerhet-forsvar\/#breadcrumb\"},\"inLanguage\":\"sv-SE\",\"potentialAction\":[{\"@type\":\"ReadAction\",\"target\":[\"https:\/\/pontechmarina.com\/se\/sakerhet-forsvar\/\"]}]},{\"@type\":\"ImageObject\",\"inLanguage\":\"sv-SE\",\"@id\":\"https:\/\/pontechmarina.com\/se\/sakerhet-forsvar\/#primaryimage\",\"url\":\"https:\/\/pontechmarina.com\/se\/wp-content\/uploads\/2025\/07\/kustbevakningen-pontech.jpg\",\"contentUrl\":\"https:\/\/pontechmarina.com\/se\/wp-content\/uploads\/2025\/07\/kustbevakningen-pontech.jpg\",\"width\":1024,\"height\":704,\"caption\":\"En robust landg\u00e5ng till kustbevakningen\"},{\"@type\":\"BreadcrumbList\",\"@id\":\"https:\/\/pontechmarina.com\/se\/sakerhet-forsvar\/#breadcrumb\",\"itemListElement\":[{\"@type\":\"ListItem\",\"position\":1,\"name\":\"Hem\",\"item\":\"https:\/\/pontechmarina.com\/se\/\"},{\"@type\":\"ListItem\",\"position\":2,\"name\":\"S\u00e4kerhet och f\u00f6rsvar\"}]},{\"@type\":\"WebSite\",\"@id\":\"https:\/\/pontechmarina.com\/se\/#website\",\"url\":\"https:\/\/pontechmarina.com\/se\/\",\"name\":\"Pontech\",\"description\":\"\",\"publisher\":{\"@id\":\"https:\/\/pontechmarina.com\/se\/#organization\"},\"potentialAction\":[{\"@type\":\"SearchAction\",\"target\":{\"@type\":\"EntryPoint\",\"urlTemplate\":\"https:\/\/pontechmarina.com\/se\/?s={search_term_string}\"},\"query-input\":{\"@type\":\"PropertyValueSpecification\",\"valueRequired\":true,\"valueName\":\"search_term_string\"}}],\"inLanguage\":\"sv-SE\"},{\"@type\":\"Organization\",\"@id\":\"https:\/\/pontechmarina.com\/se\/#organization\",\"name\":\"Pontech\",\"url\":\"https:\/\/pontechmarina.com\/se\/\",\"logo\":{\"@type\":\"ImageObject\",\"inLanguage\":\"sv-SE\",\"@id\":\"https:\/\/pontechmarina.com\/se\/#\/schema\/logo\/image\/\",\"url\":\"https:\/\/pontechmarina.com\/se\/wp-content\/uploads\/2020\/11\/pontech-logo.jpg\",\"contentUrl\":\"https:\/\/pontechmarina.com\/se\/wp-content\/uploads\/2020\/11\/pontech-logo.jpg\",\"width\":370,\"height\":168,\"caption\":\"Pontech\"},\"image\":{\"@id\":\"https:\/\/pontechmarina.com\/se\/#\/schema\/logo\/image\/\"}}]}<\/script>\n<!-- \/ Yoast SEO plugin. -->","yoast_head_json":{"title":"S\u00e4kerhet och f\u00f6rsvar | Pontech","description":"Pontech erbjuder robusta och h\u00e5llbara flytande betongpontoner f\u00f6r marin s\u00e4kerhet och f\u00f6rsvar. En modern, flexibel och framtidss\u00e4ker l\u00f6sning.","robots":{"index":"index","follow":"follow","max-snippet":"max-snippet:-1","max-image-preview":"max-image-preview:large","max-video-preview":"max-video-preview:-1"},"canonical":"https:\/\/pontechmarina.com\/se\/sakerhet-forsvar\/","og_locale":"sv_SE","og_type":"article","og_title":"S\u00e4kerhet och f\u00f6rsvar | Pontech","og_description":"Pontech erbjuder robusta och h\u00e5llbara flytande betongpontoner f\u00f6r marin s\u00e4kerhet och f\u00f6rsvar. En modern, flexibel och framtidss\u00e4ker l\u00f6sning.","og_url":"https:\/\/pontechmarina.com\/se\/sakerhet-forsvar\/","og_site_name":"Pontech","article_modified_time":"2026-02-25T10:06:40+00:00","og_image":[{"width":1024,"height":704,"url":"https:\/\/pontechmarina.com\/se\/wp-content\/uploads\/2025\/07\/kustbevakningen-pontech.jpg","type":"image\/jpeg"}],"twitter_card":"summary_large_image","twitter_misc":{"Ber\u00e4knad l\u00e4stid":"2 minuter"},"schema":{"@context":"https:\/\/schema.org","@graph":[{"@type":"WebPage","@id":"https:\/\/pontechmarina.com\/se\/sakerhet-forsvar\/","url":"https:\/\/pontechmarina.com\/se\/sakerhet-forsvar\/","name":"S\u00e4kerhet och f\u00f6rsvar | Pontech","isPartOf":{"@id":"https:\/\/pontechmarina.com\/se\/#website"},"primaryImageOfPage":{"@id":"https:\/\/pontechmarina.com\/se\/sakerhet-forsvar\/#primaryimage"},"image":{"@id":"https:\/\/pontechmarina.com\/se\/sakerhet-forsvar\/#primaryimage"},"thumbnailUrl":"https:\/\/pontechmarina.com\/se\/wp-content\/uploads\/2025\/07\/kustbevakningen-pontech.jpg","datePublished":"2025-09-10T08:02:07+00:00","dateModified":"2026-02-25T10:06:40+00:00","description":"Pontech erbjuder robusta och h\u00e5llbara flytande betongpontoner f\u00f6r marin s\u00e4kerhet och f\u00f6rsvar. En modern, flexibel och framtidss\u00e4ker l\u00f6sning.","breadcrumb":{"@id":"https:\/\/pontechmarina.com\/se\/sakerhet-forsvar\/#breadcrumb"},"inLanguage":"sv-SE","potentialAction":[{"@type":"ReadAction","target":["https:\/\/pontechmarina.com\/se\/sakerhet-forsvar\/"]}]},{"@type":"ImageObject","inLanguage":"sv-SE","@id":"https:\/\/pontechmarina.com\/se\/sakerhet-forsvar\/#primaryimage","url":"https:\/\/pontechmarina.com\/se\/wp-content\/uploads\/2025\/07\/kustbevakningen-pontech.jpg","contentUrl":"https:\/\/pontechmarina.com\/se\/wp-content\/uploads\/2025\/07\/kustbevakningen-pontech.jpg","width":1024,"height":704,"caption":"En robust landg\u00e5ng till kustbevakningen"},{"@type":"BreadcrumbList","@id":"https:\/\/pontechmarina.com\/se\/sakerhet-forsvar\/#breadcrumb","itemListElement":[{"@type":"ListItem","position":1,"name":"Hem","item":"https:\/\/pontechmarina.com\/se\/"},{"@type":"ListItem","position":2,"name":"S\u00e4kerhet och f\u00f6rsvar"}]},{"@type":"WebSite","@id":"https:\/\/pontechmarina.com\/se\/#website","url":"https:\/\/pontechmarina.com\/se\/","name":"Pontech","description":"","publisher":{"@id":"https:\/\/pontechmarina.com\/se\/#organization"},"potentialAction":[{"@type":"SearchAction","target":{"@type":"EntryPoint","urlTemplate":"https:\/\/pontechmarina.com\/se\/?s={search_term_string}"},"query-input":{"@type":"PropertyValueSpecification","valueRequired":true,"valueName":"search_term_string"}}],"inLanguage":"sv-SE"},{"@type":"Organization","@id":"https:\/\/pontechmarina.com\/se\/#organization","name":"Pontech","url":"https:\/\/pontechmarina.com\/se\/","logo":{"@type":"ImageObject","inLanguage":"sv-SE","@id":"https:\/\/pontechmarina.com\/se\/#\/schema\/logo\/image\/","url":"https:\/\/pontechmarina.com\/se\/wp-content\/uploads\/2020\/11\/pontech-logo.jpg","contentUrl":"https:\/\/pontechmarina.com\/se\/wp-content\/uploads\/2020\/11\/pontech-logo.jpg","width":370,"height":168,"caption":"Pontech"},"image":{"@id":"https:\/\/pontechmarina.com\/se\/#\/schema\/logo\/image\/"}}]}},"_links":{"self":[{"href":"https:\/\/pontechmarina.com\/se\/wp-json\/wp\/v2\/pages\/1721","targetHints":{"allow":["GET"]}}],"collection":[{"href":"https:\/\/pontechmarina.com\/se\/wp-json\/wp\/v2\/pages"}],"about":[{"href":"https:\/\/pontechmarina.com\/se\/wp-json\/wp\/v2\/types\/page"}],"author":[{"embeddable":true,"href":"https:\/\/pontechmarina.com\/se\/wp-json\/wp\/v2\/users\/11"}],"replies":[{"embeddable":true,"href":"https:\/\/pontechmarina.com\/se\/wp-json\/wp\/v2\/comments?post=1721"}],"version-history":[{"count":6,"href":"https:\/\/pontechmarina.com\/se\/wp-json\/wp\/v2\/pages\/1721\/revisions"}],"predecessor-version":[{"id":1781,"href":"https:\/\/pontechmarina.com\/se\/wp-json\/wp\/v2\/pages\/1721\/revisions\/1781"}],"wp:featuredmedia":[{"embeddable":true,"href":"https:\/\/pontechmarina.com\/se\/wp-json\/wp\/v2\/media\/1651"}],"wp:attachment":[{"href":"https:\/\/pontechmarina.com\/se\/wp-json\/wp\/v2\/media?parent=1721"}],"wp:term":[{"taxonomy":"huvudkategori","embeddable":true,"href":"https:\/\/pontechmarina.com\/se\/wp-json\/wp\/v2\/huvudkategori?post=1721"}],"curies":[{"name":"wp","href":"https:\/\/api.w.org\/{rel}","templated":true}]}}