{"id":1724,"date":"2025-09-10T10:04:01","date_gmt":"2025-09-10T08:04:01","guid":{"rendered":"https:\/\/pontechmarina.com\/se\/?page_id=1724"},"modified":"2026-02-25T11:06:03","modified_gmt":"2026-02-25T10:06:03","slug":"bastu","status":"publish","type":"page","link":"https:\/\/pontechmarina.com\/se\/bastu\/","title":{"rendered":"Bastu"},"content":{"rendered":"<h5>Letar du efter en stunds avkoppling i en milj\u00f6 som k\u00e4nns b\u00e5de exklusiv och naturn\u00e4ra? D\u00e5 kan det vara en flytande bastu du s\u00f6ker. Kliv ut fr\u00e5n v\u00e4rmen och direkt ner i det svalkande vattnet. En upplevelse som b\u00e5de lugnar och lyfter.<\/h5>\n<h2>Skapa en unik spaupplevelse med en flytande bastu<\/h2>\n<p style=\"font-weight: 400;\">Den flytande bastun tar v\u00e5r svenska bastutradition till en ny niv\u00e5. Fr\u00e5n att f\u00f6rr ha varit en plats f\u00f6r hygien och social samvaro har bastun idag blivit en plats f\u00f6r wellness, \u00e5terh\u00e4mtning och ren vardagslyx. Och p\u00e5 vattnet blir det \u00e4nnu mer magiskt.<\/p>\n<p style=\"font-weight: 400;\">En bastu helt f\u00f6r dig sj\u00e4lv eller dela den med andra? M\u00f6jligheterna \u00e4r m\u00e5nga. Hyr ut den till g\u00e4ster, bjud in grannarna p\u00e5 en avkopplande AW med bastubad, skapa en st\u00e4mningsfull adventskv\u00e4ll med familjen omgiven av lyktor, v\u00e4rme och vatten, eller varf\u00f6r inte skapa en hel spaanl\u00e4ggning?<\/p>\n<p style=\"font-weight: 400;\">Det h\u00e4r \u00e4r inte bara en plats, det \u00e4r en k\u00e4nsla! En plats d\u00e4r tradition m\u00f6ter nutid, d\u00e4r naturen \u00e4r n\u00e4ra och d\u00e4r varje bastubad blir n\u00e5got minnesfullt. En plats f\u00f6r varma k\u00e4nslor.<\/p>\n<h2>Pontech Marina erbjuder:<\/h2>\n<ul>\n<li>R\u00e5dgivning<\/li>\n<li>Projektledning<\/li>\n<li>Projektering<\/li>\n<li>Kompletta bastul\u00f6sningar i hela landet.<\/li>\n<\/ul>\n","protected":false},"excerpt":{"rendered":"Letar du efter en stunds avkoppling i en milj\u00f6 som k\u00e4nns b\u00e5de exklusiv och naturn\u00e4ra? D\u00e5 kan det vara en flytande bastu du s\u00f6ker. Kliv ut fr\u00e5n v\u00e4rmen och direkt ner i det svalkande vattnet. En upplevelse som b\u00e5de lugnar och lyfter. Skapa en unik spaupplevelse med en flytande bastu Den flytande bastun tar v\u00e5r&#8230;","protected":false},"author":11,"featured_media":1608,"parent":0,"menu_order":0,"comment_status":"closed","ping_status":"closed","template":"undersida-kategorier.php","meta":{"_acf_changed":false,"inline_featured_image":false,"footnotes":""},"huvudkategori":[30],"class_list":["post-1724","page","type-page","status-publish","has-post-thumbnail","hentry","huvudkategori-bastu"],"acf":[],"yoast_head":"<!-- This site is optimized with the Yoast SEO plugin v27.0 - https:\/\/yoast.com\/product\/yoast-seo-wordpress\/ -->\n<title>Bastu | Pontech<\/title>\n<meta name=\"description\" content=\"Skapa en unik spaupplevelse med en bastu som flyter p\u00e5 vatten. Vi p\u00e5 Pontech hj\u00e4lper dig att f\u00f6rverkliga din vision, fr\u00e5n id\u00e9 till realitet.\" \/>\n<meta name=\"robots\" content=\"index, follow, max-snippet:-1, max-image-preview:large, max-video-preview:-1\" \/>\n<link rel=\"canonical\" href=\"https:\/\/pontechmarina.com\/se\/bastu\/\" \/>\n<meta property=\"og:locale\" content=\"sv_SE\" \/>\n<meta property=\"og:type\" content=\"article\" \/>\n<meta property=\"og:title\" content=\"Bastu | Pontech\" \/>\n<meta property=\"og:description\" content=\"Skapa en unik spaupplevelse med en bastu som flyter p\u00e5 vatten. Vi p\u00e5 Pontech hj\u00e4lper dig att f\u00f6rverkliga din vision, fr\u00e5n id\u00e9 till realitet.\" \/>\n<meta property=\"og:url\" content=\"https:\/\/pontechmarina.com\/se\/bastu\/\" \/>\n<meta property=\"og:site_name\" content=\"Pontech\" \/>\n<meta property=\"article:modified_time\" content=\"2026-02-25T10:06:03+00:00\" \/>\n<meta property=\"og:image\" content=\"https:\/\/pontechmarina.com\/se\/wp-content\/uploads\/2025\/06\/annat-projekt.jpg\" \/>\n\t<meta property=\"og:image:width\" content=\"1008\" \/>\n\t<meta property=\"og:image:height\" content=\"580\" \/>\n\t<meta property=\"og:image:type\" content=\"image\/jpeg\" \/>\n<meta name=\"twitter:card\" content=\"summary_large_image\" \/>\n<meta name=\"twitter:label1\" content=\"Ber\u00e4knad l\u00e4stid\" \/>\n\t<meta name=\"twitter:data1\" content=\"2 minuter\" \/>\n<script type=\"application\/ld+json\" class=\"yoast-schema-graph\">{\"@context\":\"https:\/\/schema.org\",\"@graph\":[{\"@type\":\"WebPage\",\"@id\":\"https:\/\/pontechmarina.com\/se\/bastu\/\",\"url\":\"https:\/\/pontechmarina.com\/se\/bastu\/\",\"name\":\"Bastu | Pontech\",\"isPartOf\":{\"@id\":\"https:\/\/pontechmarina.com\/se\/#website\"},\"primaryImageOfPage\":{\"@id\":\"https:\/\/pontechmarina.com\/se\/bastu\/#primaryimage\"},\"image\":{\"@id\":\"https:\/\/pontechmarina.com\/se\/bastu\/#primaryimage\"},\"thumbnailUrl\":\"https:\/\/pontechmarina.com\/se\/wp-content\/uploads\/2025\/06\/annat-projekt.jpg\",\"datePublished\":\"2025-09-10T08:04:01+00:00\",\"dateModified\":\"2026-02-25T10:06:03+00:00\",\"description\":\"Skapa en unik spaupplevelse med en bastu som flyter p\u00e5 vatten. Vi p\u00e5 Pontech hj\u00e4lper dig att f\u00f6rverkliga din vision, fr\u00e5n id\u00e9 till realitet.\",\"breadcrumb\":{\"@id\":\"https:\/\/pontechmarina.com\/se\/bastu\/#breadcrumb\"},\"inLanguage\":\"sv-SE\",\"potentialAction\":[{\"@type\":\"ReadAction\",\"target\":[\"https:\/\/pontechmarina.com\/se\/bastu\/\"]}]},{\"@type\":\"ImageObject\",\"inLanguage\":\"sv-SE\",\"@id\":\"https:\/\/pontechmarina.com\/se\/bastu\/#primaryimage\",\"url\":\"https:\/\/pontechmarina.com\/se\/wp-content\/uploads\/2025\/06\/annat-projekt.jpg\",\"contentUrl\":\"https:\/\/pontechmarina.com\/se\/wp-content\/uploads\/2025\/06\/annat-projekt.jpg\",\"width\":1008,\"height\":580,\"caption\":\"En flytande bastu\"},{\"@type\":\"BreadcrumbList\",\"@id\":\"https:\/\/pontechmarina.com\/se\/bastu\/#breadcrumb\",\"itemListElement\":[{\"@type\":\"ListItem\",\"position\":1,\"name\":\"Hem\",\"item\":\"https:\/\/pontechmarina.com\/se\/\"},{\"@type\":\"ListItem\",\"position\":2,\"name\":\"Bastu\"}]},{\"@type\":\"WebSite\",\"@id\":\"https:\/\/pontechmarina.com\/se\/#website\",\"url\":\"https:\/\/pontechmarina.com\/se\/\",\"name\":\"Pontech\",\"description\":\"\",\"publisher\":{\"@id\":\"https:\/\/pontechmarina.com\/se\/#organization\"},\"potentialAction\":[{\"@type\":\"SearchAction\",\"target\":{\"@type\":\"EntryPoint\",\"urlTemplate\":\"https:\/\/pontechmarina.com\/se\/?s={search_term_string}\"},\"query-input\":{\"@type\":\"PropertyValueSpecification\",\"valueRequired\":true,\"valueName\":\"search_term_string\"}}],\"inLanguage\":\"sv-SE\"},{\"@type\":\"Organization\",\"@id\":\"https:\/\/pontechmarina.com\/se\/#organization\",\"name\":\"Pontech\",\"url\":\"https:\/\/pontechmarina.com\/se\/\",\"logo\":{\"@type\":\"ImageObject\",\"inLanguage\":\"sv-SE\",\"@id\":\"https:\/\/pontechmarina.com\/se\/#\/schema\/logo\/image\/\",\"url\":\"https:\/\/pontechmarina.com\/se\/wp-content\/uploads\/2020\/11\/pontech-logo.jpg\",\"contentUrl\":\"https:\/\/pontechmarina.com\/se\/wp-content\/uploads\/2020\/11\/pontech-logo.jpg\",\"width\":370,\"height\":168,\"caption\":\"Pontech\"},\"image\":{\"@id\":\"https:\/\/pontechmarina.com\/se\/#\/schema\/logo\/image\/\"}}]}<\/script>\n<!-- \/ Yoast SEO plugin. -->","yoast_head_json":{"title":"Bastu | Pontech","description":"Skapa en unik spaupplevelse med en bastu som flyter p\u00e5 vatten. Vi p\u00e5 Pontech hj\u00e4lper dig att f\u00f6rverkliga din vision, fr\u00e5n id\u00e9 till realitet.","robots":{"index":"index","follow":"follow","max-snippet":"max-snippet:-1","max-image-preview":"max-image-preview:large","max-video-preview":"max-video-preview:-1"},"canonical":"https:\/\/pontechmarina.com\/se\/bastu\/","og_locale":"sv_SE","og_type":"article","og_title":"Bastu | Pontech","og_description":"Skapa en unik spaupplevelse med en bastu som flyter p\u00e5 vatten. Vi p\u00e5 Pontech hj\u00e4lper dig att f\u00f6rverkliga din vision, fr\u00e5n id\u00e9 till realitet.","og_url":"https:\/\/pontechmarina.com\/se\/bastu\/","og_site_name":"Pontech","article_modified_time":"2026-02-25T10:06:03+00:00","og_image":[{"width":1008,"height":580,"url":"https:\/\/pontechmarina.com\/se\/wp-content\/uploads\/2025\/06\/annat-projekt.jpg","type":"image\/jpeg"}],"twitter_card":"summary_large_image","twitter_misc":{"Ber\u00e4knad l\u00e4stid":"2 minuter"},"schema":{"@context":"https:\/\/schema.org","@graph":[{"@type":"WebPage","@id":"https:\/\/pontechmarina.com\/se\/bastu\/","url":"https:\/\/pontechmarina.com\/se\/bastu\/","name":"Bastu | Pontech","isPartOf":{"@id":"https:\/\/pontechmarina.com\/se\/#website"},"primaryImageOfPage":{"@id":"https:\/\/pontechmarina.com\/se\/bastu\/#primaryimage"},"image":{"@id":"https:\/\/pontechmarina.com\/se\/bastu\/#primaryimage"},"thumbnailUrl":"https:\/\/pontechmarina.com\/se\/wp-content\/uploads\/2025\/06\/annat-projekt.jpg","datePublished":"2025-09-10T08:04:01+00:00","dateModified":"2026-02-25T10:06:03+00:00","description":"Skapa en unik spaupplevelse med en bastu som flyter p\u00e5 vatten. Vi p\u00e5 Pontech hj\u00e4lper dig att f\u00f6rverkliga din vision, fr\u00e5n id\u00e9 till realitet.","breadcrumb":{"@id":"https:\/\/pontechmarina.com\/se\/bastu\/#breadcrumb"},"inLanguage":"sv-SE","potentialAction":[{"@type":"ReadAction","target":["https:\/\/pontechmarina.com\/se\/bastu\/"]}]},{"@type":"ImageObject","inLanguage":"sv-SE","@id":"https:\/\/pontechmarina.com\/se\/bastu\/#primaryimage","url":"https:\/\/pontechmarina.com\/se\/wp-content\/uploads\/2025\/06\/annat-projekt.jpg","contentUrl":"https:\/\/pontechmarina.com\/se\/wp-content\/uploads\/2025\/06\/annat-projekt.jpg","width":1008,"height":580,"caption":"En flytande bastu"},{"@type":"BreadcrumbList","@id":"https:\/\/pontechmarina.com\/se\/bastu\/#breadcrumb","itemListElement":[{"@type":"ListItem","position":1,"name":"Hem","item":"https:\/\/pontechmarina.com\/se\/"},{"@type":"ListItem","position":2,"name":"Bastu"}]},{"@type":"WebSite","@id":"https:\/\/pontechmarina.com\/se\/#website","url":"https:\/\/pontechmarina.com\/se\/","name":"Pontech","description":"","publisher":{"@id":"https:\/\/pontechmarina.com\/se\/#organization"},"potentialAction":[{"@type":"SearchAction","target":{"@type":"EntryPoint","urlTemplate":"https:\/\/pontechmarina.com\/se\/?s={search_term_string}"},"query-input":{"@type":"PropertyValueSpecification","valueRequired":true,"valueName":"search_term_string"}}],"inLanguage":"sv-SE"},{"@type":"Organization","@id":"https:\/\/pontechmarina.com\/se\/#organization","name":"Pontech","url":"https:\/\/pontechmarina.com\/se\/","logo":{"@type":"ImageObject","inLanguage":"sv-SE","@id":"https:\/\/pontechmarina.com\/se\/#\/schema\/logo\/image\/","url":"https:\/\/pontechmarina.com\/se\/wp-content\/uploads\/2020\/11\/pontech-logo.jpg","contentUrl":"https:\/\/pontechmarina.com\/se\/wp-content\/uploads\/2020\/11\/pontech-logo.jpg","width":370,"height":168,"caption":"Pontech"},"image":{"@id":"https:\/\/pontechmarina.com\/se\/#\/schema\/logo\/image\/"}}]}},"_links":{"self":[{"href":"https:\/\/pontechmarina.com\/se\/wp-json\/wp\/v2\/pages\/1724","targetHints":{"allow":["GET"]}}],"collection":[{"href":"https:\/\/pontechmarina.com\/se\/wp-json\/wp\/v2\/pages"}],"about":[{"href":"https:\/\/pontechmarina.com\/se\/wp-json\/wp\/v2\/types\/page"}],"author":[{"embeddable":true,"href":"https:\/\/pontechmarina.com\/se\/wp-json\/wp\/v2\/users\/11"}],"replies":[{"embeddable":true,"href":"https:\/\/pontechmarina.com\/se\/wp-json\/wp\/v2\/comments?post=1724"}],"version-history":[{"count":7,"href":"https:\/\/pontechmarina.com\/se\/wp-json\/wp\/v2\/pages\/1724\/revisions"}],"predecessor-version":[{"id":1778,"href":"https:\/\/pontechmarina.com\/se\/wp-json\/wp\/v2\/pages\/1724\/revisions\/1778"}],"wp:featuredmedia":[{"embeddable":true,"href":"https:\/\/pontechmarina.com\/se\/wp-json\/wp\/v2\/media\/1608"}],"wp:attachment":[{"href":"https:\/\/pontechmarina.com\/se\/wp-json\/wp\/v2\/media?parent=1724"}],"wp:term":[{"taxonomy":"huvudkategori","embeddable":true,"href":"https:\/\/pontechmarina.com\/se\/wp-json\/wp\/v2\/huvudkategori?post=1724"}],"curies":[{"name":"wp","href":"https:\/\/api.w.org\/{rel}","templated":true}]}}