{"id":1726,"date":"2025-09-10T10:05:23","date_gmt":"2025-09-10T08:05:23","guid":{"rendered":"https:\/\/pontechmarina.com\/se\/?page_id=1726"},"modified":"2026-02-25T11:07:02","modified_gmt":"2026-02-25T10:07:02","slug":"ovrigt","status":"publish","type":"page","link":"https:\/\/pontechmarina.com\/se\/ovrigt\/","title":{"rendered":"\u00d6vrigt"},"content":{"rendered":"<h5>Har du n\u00e5gonsin t\u00e4nkt tanken att bygga n\u00e5got helt nytt p\u00e5 en plats som \u00e4nnu inte finns?<\/h5>\n<p style=\"font-weight: 400;\">Flytande betongpontoner \u00e4r inte bara en konstruktion. De \u00e4r plattformar f\u00f6r visioner, f\u00f6r id\u00e9er, m\u00f6ten och ett framtida s\u00e4tt att leva. En l\u00f6sning som h\u00e5ller i generationer, samtidigt som den kan m\u00f6ta framtidens utmaningar med klimatf\u00f6r\u00e4ndringar och stigande havsniv\u00e5er. De \u00f6ppnar upp f\u00f6r ett helt nytt s\u00e4tt att t\u00e4nka kring stadsutveckling, m\u00f6tesplatser och livskvalitet.<br \/>\nVarf\u00f6r inte redan nu anpassa dig efter framtiden?<\/p>\n<p style=\"font-weight: 400;\">Projekten p\u00e5 flytande betongpontoner \u00e4r o\u00e4ndliga s\u00e5 vad kan du skapa?<\/p>\n<ul style=\"font-weight: 400;\">\n<li>Flytande spa med bastu som blickar ut p\u00e5 \u00f6ppet vatten.<\/li>\n<li>Ett flytande hotell d\u00e4r varje rum har sin egen soluppg\u00e5ng och solnedg\u00e5ng.<\/li>\n<li>Ett promenadstr\u00e5k p\u00e5 vattnet l\u00e4ngs en annars otillg\u00e4nglig kustremsa.<\/li>\n<li>Ett flytande kontor som \u00f6ppnar upp f\u00f6r kreativitet.<\/li>\n<li>Ett flytande kulturhus d\u00e4r musik m\u00f6ter v\u00e5gor.<\/li>\n<li>En flytande idrottsanl\u00e4ggning med kombination av exempelvis bollsport och simning.<\/li>\n<\/ul>\n<p style=\"font-weight: 400;\">Vi tror att varje vision f\u00f6rtj\u00e4nar en chans att bli verklighet.<br \/>\nVilken \u00e4r din?<\/p>\n","protected":false},"excerpt":{"rendered":"Har du n\u00e5gonsin t\u00e4nkt tanken att bygga n\u00e5got helt nytt p\u00e5 en plats som \u00e4nnu inte finns? Flytande betongpontoner \u00e4r inte bara en konstruktion. De \u00e4r plattformar f\u00f6r visioner, f\u00f6r id\u00e9er, m\u00f6ten och ett framtida s\u00e4tt att leva. En l\u00f6sning som h\u00e5ller i generationer, samtidigt som den kan m\u00f6ta framtidens utmaningar med klimatf\u00f6r\u00e4ndringar och stigande&#8230;","protected":false},"author":11,"featured_media":228,"parent":0,"menu_order":0,"comment_status":"closed","ping_status":"closed","template":"undersida-kategorier.php","meta":{"_acf_changed":false,"inline_featured_image":false,"footnotes":""},"huvudkategori":[32],"class_list":["post-1726","page","type-page","status-publish","has-post-thumbnail","hentry","huvudkategori-ovrigt"],"acf":[],"yoast_head":"<!-- This site is optimized with the Yoast SEO plugin v27.0 - https:\/\/yoast.com\/product\/yoast-seo-wordpress\/ -->\n<title>\u00d6vrigt | Pontech<\/title>\n<meta name=\"description\" content=\"Har du en flytande vision ut\u00f6ver det vanliga? Pontech \u00e4r din partner i samtliga flytande konstruktioner och hj\u00e4lper dig fr\u00e5n id\u00e9 till slut.\" \/>\n<meta name=\"robots\" content=\"index, follow, max-snippet:-1, max-image-preview:large, max-video-preview:-1\" \/>\n<link rel=\"canonical\" href=\"https:\/\/pontechmarina.com\/se\/ovrigt\/\" \/>\n<meta property=\"og:locale\" content=\"sv_SE\" \/>\n<meta property=\"og:type\" content=\"article\" \/>\n<meta property=\"og:title\" content=\"\u00d6vrigt | Pontech\" \/>\n<meta property=\"og:description\" content=\"Har du en flytande vision ut\u00f6ver det vanliga? Pontech \u00e4r din partner i samtliga flytande konstruktioner och hj\u00e4lper dig fr\u00e5n id\u00e9 till slut.\" \/>\n<meta property=\"og:url\" content=\"https:\/\/pontechmarina.com\/se\/ovrigt\/\" \/>\n<meta property=\"og:site_name\" content=\"Pontech\" \/>\n<meta property=\"article:modified_time\" content=\"2026-02-25T10:07:02+00:00\" \/>\n<meta property=\"og:image\" content=\"https:\/\/pontechmarina.com\/se\/wp-content\/uploads\/2020\/09\/flytande-hotell.jpg\" \/>\n\t<meta property=\"og:image:width\" content=\"1300\" \/>\n\t<meta property=\"og:image:height\" content=\"952\" \/>\n\t<meta property=\"og:image:type\" content=\"image\/jpeg\" \/>\n<meta name=\"twitter:card\" content=\"summary_large_image\" \/>\n<meta name=\"twitter:label1\" content=\"Ber\u00e4knad l\u00e4stid\" \/>\n\t<meta name=\"twitter:data1\" content=\"2 minuter\" \/>\n<script type=\"application\/ld+json\" class=\"yoast-schema-graph\">{\"@context\":\"https:\/\/schema.org\",\"@graph\":[{\"@type\":\"WebPage\",\"@id\":\"https:\/\/pontechmarina.com\/se\/ovrigt\/\",\"url\":\"https:\/\/pontechmarina.com\/se\/ovrigt\/\",\"name\":\"\u00d6vrigt | Pontech\",\"isPartOf\":{\"@id\":\"https:\/\/pontechmarina.com\/se\/#website\"},\"primaryImageOfPage\":{\"@id\":\"https:\/\/pontechmarina.com\/se\/ovrigt\/#primaryimage\"},\"image\":{\"@id\":\"https:\/\/pontechmarina.com\/se\/ovrigt\/#primaryimage\"},\"thumbnailUrl\":\"https:\/\/pontechmarina.com\/se\/wp-content\/uploads\/2020\/09\/flytande-hotell.jpg\",\"datePublished\":\"2025-09-10T08:05:23+00:00\",\"dateModified\":\"2026-02-25T10:07:02+00:00\",\"description\":\"Har du en flytande vision ut\u00f6ver det vanliga? Pontech \u00e4r din partner i samtliga flytande konstruktioner och hj\u00e4lper dig fr\u00e5n id\u00e9 till slut.\",\"breadcrumb\":{\"@id\":\"https:\/\/pontechmarina.com\/se\/ovrigt\/#breadcrumb\"},\"inLanguage\":\"sv-SE\",\"potentialAction\":[{\"@type\":\"ReadAction\",\"target\":[\"https:\/\/pontechmarina.com\/se\/ovrigt\/\"]}]},{\"@type\":\"ImageObject\",\"inLanguage\":\"sv-SE\",\"@id\":\"https:\/\/pontechmarina.com\/se\/ovrigt\/#primaryimage\",\"url\":\"https:\/\/pontechmarina.com\/se\/wp-content\/uploads\/2020\/09\/flytande-hotell.jpg\",\"contentUrl\":\"https:\/\/pontechmarina.com\/se\/wp-content\/uploads\/2020\/09\/flytande-hotell.jpg\",\"width\":1300,\"height\":952,\"caption\":\"Artic Bath p\u00e5 morgonen\"},{\"@type\":\"BreadcrumbList\",\"@id\":\"https:\/\/pontechmarina.com\/se\/ovrigt\/#breadcrumb\",\"itemListElement\":[{\"@type\":\"ListItem\",\"position\":1,\"name\":\"Hem\",\"item\":\"https:\/\/pontechmarina.com\/se\/\"},{\"@type\":\"ListItem\",\"position\":2,\"name\":\"\u00d6vrigt\"}]},{\"@type\":\"WebSite\",\"@id\":\"https:\/\/pontechmarina.com\/se\/#website\",\"url\":\"https:\/\/pontechmarina.com\/se\/\",\"name\":\"Pontech\",\"description\":\"\",\"publisher\":{\"@id\":\"https:\/\/pontechmarina.com\/se\/#organization\"},\"potentialAction\":[{\"@type\":\"SearchAction\",\"target\":{\"@type\":\"EntryPoint\",\"urlTemplate\":\"https:\/\/pontechmarina.com\/se\/?s={search_term_string}\"},\"query-input\":{\"@type\":\"PropertyValueSpecification\",\"valueRequired\":true,\"valueName\":\"search_term_string\"}}],\"inLanguage\":\"sv-SE\"},{\"@type\":\"Organization\",\"@id\":\"https:\/\/pontechmarina.com\/se\/#organization\",\"name\":\"Pontech\",\"url\":\"https:\/\/pontechmarina.com\/se\/\",\"logo\":{\"@type\":\"ImageObject\",\"inLanguage\":\"sv-SE\",\"@id\":\"https:\/\/pontechmarina.com\/se\/#\/schema\/logo\/image\/\",\"url\":\"https:\/\/pontechmarina.com\/se\/wp-content\/uploads\/2020\/11\/pontech-logo.jpg\",\"contentUrl\":\"https:\/\/pontechmarina.com\/se\/wp-content\/uploads\/2020\/11\/pontech-logo.jpg\",\"width\":370,\"height\":168,\"caption\":\"Pontech\"},\"image\":{\"@id\":\"https:\/\/pontechmarina.com\/se\/#\/schema\/logo\/image\/\"}}]}<\/script>\n<!-- \/ Yoast SEO plugin. -->","yoast_head_json":{"title":"\u00d6vrigt | Pontech","description":"Har du en flytande vision ut\u00f6ver det vanliga? Pontech \u00e4r din partner i samtliga flytande konstruktioner och hj\u00e4lper dig fr\u00e5n id\u00e9 till slut.","robots":{"index":"index","follow":"follow","max-snippet":"max-snippet:-1","max-image-preview":"max-image-preview:large","max-video-preview":"max-video-preview:-1"},"canonical":"https:\/\/pontechmarina.com\/se\/ovrigt\/","og_locale":"sv_SE","og_type":"article","og_title":"\u00d6vrigt | Pontech","og_description":"Har du en flytande vision ut\u00f6ver det vanliga? Pontech \u00e4r din partner i samtliga flytande konstruktioner och hj\u00e4lper dig fr\u00e5n id\u00e9 till slut.","og_url":"https:\/\/pontechmarina.com\/se\/ovrigt\/","og_site_name":"Pontech","article_modified_time":"2026-02-25T10:07:02+00:00","og_image":[{"width":1300,"height":952,"url":"https:\/\/pontechmarina.com\/se\/wp-content\/uploads\/2020\/09\/flytande-hotell.jpg","type":"image\/jpeg"}],"twitter_card":"summary_large_image","twitter_misc":{"Ber\u00e4knad l\u00e4stid":"2 minuter"},"schema":{"@context":"https:\/\/schema.org","@graph":[{"@type":"WebPage","@id":"https:\/\/pontechmarina.com\/se\/ovrigt\/","url":"https:\/\/pontechmarina.com\/se\/ovrigt\/","name":"\u00d6vrigt | Pontech","isPartOf":{"@id":"https:\/\/pontechmarina.com\/se\/#website"},"primaryImageOfPage":{"@id":"https:\/\/pontechmarina.com\/se\/ovrigt\/#primaryimage"},"image":{"@id":"https:\/\/pontechmarina.com\/se\/ovrigt\/#primaryimage"},"thumbnailUrl":"https:\/\/pontechmarina.com\/se\/wp-content\/uploads\/2020\/09\/flytande-hotell.jpg","datePublished":"2025-09-10T08:05:23+00:00","dateModified":"2026-02-25T10:07:02+00:00","description":"Har du en flytande vision ut\u00f6ver det vanliga? Pontech \u00e4r din partner i samtliga flytande konstruktioner och hj\u00e4lper dig fr\u00e5n id\u00e9 till slut.","breadcrumb":{"@id":"https:\/\/pontechmarina.com\/se\/ovrigt\/#breadcrumb"},"inLanguage":"sv-SE","potentialAction":[{"@type":"ReadAction","target":["https:\/\/pontechmarina.com\/se\/ovrigt\/"]}]},{"@type":"ImageObject","inLanguage":"sv-SE","@id":"https:\/\/pontechmarina.com\/se\/ovrigt\/#primaryimage","url":"https:\/\/pontechmarina.com\/se\/wp-content\/uploads\/2020\/09\/flytande-hotell.jpg","contentUrl":"https:\/\/pontechmarina.com\/se\/wp-content\/uploads\/2020\/09\/flytande-hotell.jpg","width":1300,"height":952,"caption":"Artic Bath p\u00e5 morgonen"},{"@type":"BreadcrumbList","@id":"https:\/\/pontechmarina.com\/se\/ovrigt\/#breadcrumb","itemListElement":[{"@type":"ListItem","position":1,"name":"Hem","item":"https:\/\/pontechmarina.com\/se\/"},{"@type":"ListItem","position":2,"name":"\u00d6vrigt"}]},{"@type":"WebSite","@id":"https:\/\/pontechmarina.com\/se\/#website","url":"https:\/\/pontechmarina.com\/se\/","name":"Pontech","description":"","publisher":{"@id":"https:\/\/pontechmarina.com\/se\/#organization"},"potentialAction":[{"@type":"SearchAction","target":{"@type":"EntryPoint","urlTemplate":"https:\/\/pontechmarina.com\/se\/?s={search_term_string}"},"query-input":{"@type":"PropertyValueSpecification","valueRequired":true,"valueName":"search_term_string"}}],"inLanguage":"sv-SE"},{"@type":"Organization","@id":"https:\/\/pontechmarina.com\/se\/#organization","name":"Pontech","url":"https:\/\/pontechmarina.com\/se\/","logo":{"@type":"ImageObject","inLanguage":"sv-SE","@id":"https:\/\/pontechmarina.com\/se\/#\/schema\/logo\/image\/","url":"https:\/\/pontechmarina.com\/se\/wp-content\/uploads\/2020\/11\/pontech-logo.jpg","contentUrl":"https:\/\/pontechmarina.com\/se\/wp-content\/uploads\/2020\/11\/pontech-logo.jpg","width":370,"height":168,"caption":"Pontech"},"image":{"@id":"https:\/\/pontechmarina.com\/se\/#\/schema\/logo\/image\/"}}]}},"_links":{"self":[{"href":"https:\/\/pontechmarina.com\/se\/wp-json\/wp\/v2\/pages\/1726","targetHints":{"allow":["GET"]}}],"collection":[{"href":"https:\/\/pontechmarina.com\/se\/wp-json\/wp\/v2\/pages"}],"about":[{"href":"https:\/\/pontechmarina.com\/se\/wp-json\/wp\/v2\/types\/page"}],"author":[{"embeddable":true,"href":"https:\/\/pontechmarina.com\/se\/wp-json\/wp\/v2\/users\/11"}],"replies":[{"embeddable":true,"href":"https:\/\/pontechmarina.com\/se\/wp-json\/wp\/v2\/comments?post=1726"}],"version-history":[{"count":5,"href":"https:\/\/pontechmarina.com\/se\/wp-json\/wp\/v2\/pages\/1726\/revisions"}],"predecessor-version":[{"id":1779,"href":"https:\/\/pontechmarina.com\/se\/wp-json\/wp\/v2\/pages\/1726\/revisions\/1779"}],"wp:featuredmedia":[{"embeddable":true,"href":"https:\/\/pontechmarina.com\/se\/wp-json\/wp\/v2\/media\/228"}],"wp:attachment":[{"href":"https:\/\/pontechmarina.com\/se\/wp-json\/wp\/v2\/media?parent=1726"}],"wp:term":[{"taxonomy":"huvudkategori","embeddable":true,"href":"https:\/\/pontechmarina.com\/se\/wp-json\/wp\/v2\/huvudkategori?post=1726"}],"curies":[{"name":"wp","href":"https:\/\/api.w.org\/{rel}","templated":true}]}}