{"id":1953,"date":"2025-12-19T08:29:59","date_gmt":"2025-12-19T07:29:59","guid":{"rendered":"https:\/\/pontechmarina.com\/se\/?page_id=1953"},"modified":"2026-02-20T16:16:03","modified_gmt":"2026-02-20T15:16:03","slug":"ospar","status":"publish","type":"page","link":"https:\/\/pontechmarina.com\/se\/ospar\/","title":{"rendered":"OSPAR-direktivet och flytande konstruktioner"},"content":{"rendered":"<h2><span class=\"TextRun MacChromeBold SCXW108628056 BCX0\" lang=\"SV-SE\" xml:lang=\"SV-SE\" data-contrast=\"auto\"><span class=\"NormalTextRun SCXW108628056 BCX0\">Vad det inneb\u00e4r och\u00a0<\/span><span class=\"NormalTextRun SCXW108628056 BCX0\">d\u00e4r\u00a0<\/span><span class=\"NormalTextRun SpellingErrorV2Themed SCXW108628056 BCX0\">Pontech<\/span><span class=\"NormalTextRun SCXW108628056 BCX0\">\u00a0<\/span><span class=\"NormalTextRun SCXW108628056 BCX0\">produkter\u00a0<\/span><span class=\"NormalTextRun SCXW108628056 BCX0\">uppfyller<\/span><span class=\"NormalTextRun SCXW108628056 BCX0\">\u00a0samtliga krav\u00a0<\/span><\/span><span class=\"EOP SCXW108628056 BCX0\" data-ccp-props=\"{&quot;201341983&quot;:0,&quot;335559740&quot;:276}\">\u00a0<\/span><\/h2>\n<p><span class=\"TextRun SCXW151200064 BCX0\" lang=\"SV-SE\" xml:lang=\"SV-SE\" data-contrast=\"auto\"><span class=\"NormalTextRun SCXW151200064 BCX0\">OSPAR-konventionen<\/span><span class=\"NormalTextRun SCXW151200064 BCX0\">\u00a0<\/span><span class=\"NormalTextRun SCXW151200064 BCX0\">\u00e4r\u00a0<\/span><span class=\"NormalTextRun SCXW151200064 BCX0\">e<\/span><span class=\"NormalTextRun SCXW151200064 BCX0\">n internationell konvention f\u00f6r att skydda den marina milj\u00f6n i\u202f<\/span><\/span><a class=\"Hyperlink SCXW151200064 BCX0\" href=\"https:\/\/www.google.com\/search?q=Nordostatlanten&amp;rlz=1C1FKPE_svSE1175SE1175&amp;oq=vad+m%C3%A4r+ospar&amp;gs_lcrp=EgZjaHJvbWUyBggAEEUYOTIJCAEQIRgKGKAB0gEIMTYwNWowajeoAgCwAgA&amp;sourceid=chrome&amp;ie=UTF-8&amp;mstk=AUtExfDG4JMXJUE1e79DOCiycawUZn4kN-wsuqKIWb0SHBGRbYDWyxIKEDt8RoVa5eS9xTrSpU-w2QH8joHfQuh5oJ-kBajPYNv1ji9ZMwsn1YGrSWOtK9hwbRiyKK0rNv1T_diiNTLS7cLDXMu9NB0UCTQoTuZ0bgiVFHdM2udsgZoKEOQ&amp;csui=3&amp;ved=2ahUKEwiA88q-l8mRAxX5IxAIHdizJbYQgK4QegQIARAD\" target=\"_blank\" rel=\"noreferrer noopener\"><span class=\"TextRun Underlined SCXW151200064 BCX0\" lang=\"SV-SE\" xml:lang=\"SV-SE\" data-contrast=\"none\"><span class=\"NormalTextRun SCXW151200064 BCX0\" data-ccp-charstyle=\"Hyperlink\">Nordostatlanten<\/span><\/span><\/a><span class=\"TextRun SCXW151200064 BCX0\" lang=\"SV-SE\" xml:lang=\"SV-SE\" data-contrast=\"auto\"><span class=\"NormalTextRun SCXW151200064 BCX0\">, inklusive\u202f<\/span><\/span><a class=\"Hyperlink SCXW151200064 BCX0\" href=\"https:\/\/www.google.com\/search?q=Nordsj%C3%B6n&amp;rlz=1C1FKPE_svSE1175SE1175&amp;oq=vad+m%C3%A4r+ospar&amp;gs_lcrp=EgZjaHJvbWUyBggAEEUYOTIJCAEQIRgKGKAB0gEIMTYwNWowajeoAgCwAgA&amp;sourceid=chrome&amp;ie=UTF-8&amp;mstk=AUtExfDG4JMXJUE1e79DOCiycawUZn4kN-wsuqKIWb0SHBGRbYDWyxIKEDt8RoVa5eS9xTrSpU-w2QH8joHfQuh5oJ-kBajPYNv1ji9ZMwsn1YGrSWOtK9hwbRiyKK0rNv1T_diiNTLS7cLDXMu9NB0UCTQoTuZ0bgiVFHdM2udsgZoKEOQ&amp;csui=3&amp;ved=2ahUKEwiA88q-l8mRAxX5IxAIHdizJbYQgK4QegQIARAE\" target=\"_blank\" rel=\"noreferrer noopener\"><span class=\"TextRun Underlined SCXW151200064 BCX0\" lang=\"SV-SE\" xml:lang=\"SV-SE\" data-contrast=\"none\"><span class=\"NormalTextRun SCXW151200064 BCX0\" data-ccp-charstyle=\"Hyperlink\">Nordsj\u00f6n<\/span><\/span><\/a><span class=\"TextRun SCXW151200064 BCX0\" lang=\"SV-SE\" xml:lang=\"SV-SE\" data-contrast=\"auto\"><span class=\"NormalTextRun SCXW151200064 BCX0\">. Under 2025 har OSPAR antagit ett nytt beslut som r\u00f6r anv\u00e4ndning av cellplast (EPS\/XPS och liknande skumplastmaterial)\u00a0<\/span><span class=\"NormalTextRun SCXW151200064 BCX0\">som kan anv\u00e4ndas\u00a0<\/span><span class=\"NormalTextRun SCXW151200064 BCX0\">i bland<\/span><span class=\"NormalTextRun SCXW151200064 BCX0\">\u00a0annat<\/span><span class=\"NormalTextRun SCXW151200064 BCX0\">\u00a0pontoner och bojar.<\/span><span class=\"NormalTextRun SCXW151200064 BCX0\">\u00a0<\/span><span class=\"NormalTextRun SCXW151200064 BCX0\">Beslutet syftar till att minsk<\/span><span class=\"NormalTextRun SCXW151200064 BCX0\">a<\/span><span class=\"NormalTextRun SCXW151200064 BCX0\">\u00a0och p\u00e5 sikt eliminera spridning av plast till havsmilj\u00f6n och kommer att p\u00e5verka b\u00e5de nyproduktion och hantering av befintliga flytande konstruktioner inom OSPAR:s maritima omr\u00e5de.<\/span><\/span><span class=\"EOP SCXW151200064 BCX0\" data-ccp-props=\"{&quot;201341983&quot;:0,&quot;335559740&quot;:276}\">\u00a0<\/span><\/p>\n<h2><strong>Kort sammanfattning av beslutet<\/strong><\/h2>\n<p><span class=\"TextRun SCXW27442366 BCX0\" lang=\"SV-SE\" xml:lang=\"SV-SE\" data-contrast=\"auto\"><span class=\"NormalTextRun SCXW27442366 BCX0\">Det antagna OSPAR-beslutet inneb\u00e4r i huvudsak f\u00f6ljande:<\/span><\/span><span class=\"EOP SCXW27442366 BCX0\" data-ccp-props=\"{&quot;201341983&quot;:0,&quot;335559740&quot;:276}\">\u00a0<\/span><\/p>\n<ul>\n<li><strong>Nya pontoner och bojar<\/strong>\n<ul>\n<li><span data-contrast=\"auto\">Medlemsl\u00e4nder ska inom tre \u00e5r inf\u00f6ra nationella \u00e5tg\u00e4rder som f\u00f6rhindrar anv\u00e4ndning av pontoner och bojar med helt oskyddad cellplast.<\/span><span data-ccp-props=\"{&quot;201341983&quot;:0,&quot;335559740&quot;:276}\">\u00a0<\/span><\/li>\n<li><span data-contrast=\"auto\">\u201dHelt inkapslade\u201d cellplast i\u00a0pontoner, eller pontoner d\u00e4r cellplasten \u00e4r\u00a0\u201ddelvis inkapslad\u201d, till\u00e5ts fortsatt.<\/span><span data-ccp-props=\"{&quot;201341983&quot;:0,&quot;335559740&quot;:276}\">\u00a0<\/span><\/li>\n<\/ul>\n<\/li>\n<li><strong>Befintliga pontoner och bojar<\/strong>\n<ul>\n<li><span data-contrast=\"auto\">L\u00e4nder uppmanas att s\u00e4kerst\u00e4lla en utfasning av befintliga pontoner och bojar med helt oskyddad cellplast.<\/span><span data-ccp-props=\"{&quot;201341983&quot;:0,&quot;335559740&quot;:276}\">\u00a0<\/span><\/li>\n<li><span data-contrast=\"auto\">Tidsramarna diskuteras fortsatt, men ligger i dagsl\u00e4get p\u00e5 cirka fem \u00e5r f\u00f6r pontoner och kortare tid f\u00f6r bojar.<\/span><span data-ccp-props=\"{&quot;201341983&quot;:0,&quot;335559740&quot;:276}\">\u00a0<\/span><\/li>\n<li>T<span class=\"TextRun SCXW129762509 BCX0\" lang=\"SV-SE\" xml:lang=\"SV-SE\" data-contrast=\"auto\"><span class=\"NormalTextRun SCXW129762509 BCX0\">rasiga eller skadade konstruktioner med oskyddad cellplast ska underh\u00e5llas eller ers\u00e4ttas.<\/span><\/span><span class=\"EOP SCXW129762509 BCX0\" data-ccp-props=\"{&quot;201341983&quot;:0,&quot;335559740&quot;:276}\">\u00a0<\/span><\/li>\n<\/ul>\n<\/li>\n<li><strong>Tillsyn och efterlevnad<\/strong>\n<ul>\n<li>N<span class=\"TextRun SCXW187218260 BCX0\" lang=\"SV-SE\" xml:lang=\"SV-SE\" data-contrast=\"auto\"><span class=\"NormalTextRun SCXW187218260 BCX0\">ationella myndigheter ansvarar f\u00f6r tillsyn och kontroll av att beslutet efterlevs.<\/span><\/span><\/li>\n<\/ul>\n<\/li>\n<\/ul>\n<p><span class=\"TextRun SCXW62077671 BCX0\" lang=\"SV-SE\" xml:lang=\"SV-SE\" data-contrast=\"auto\"><span class=\"NormalTextRun SCXW62077671 BCX0\">Beslutet tr\u00e4der i kraft cirka 200 dagar efter att det formellt\u00a0<\/span><span class=\"NormalTextRun SCXW62077671 BCX0\">antagits\u00a0<\/span><span class=\"NormalTextRun SCXW62077671 BCX0\">i april 2025<\/span><span class=\"NormalTextRun SCXW62077671 BCX0\">\u00a0<\/span><span class=\"NormalTextRun SCXW62077671 BCX0\">enligt OSPAR-<\/span><span class=\"NormalTextRun SCXW62077671 BCX0\">konventionen<\/span><span class=\"NormalTextRun SCXW62077671 BCX0\">.<\/span><\/span><span class=\"EOP SCXW62077671 BCX0\" data-ccp-props=\"{&quot;201341983&quot;:0,&quot;335559740&quot;:276}\">\u00a0<\/span><\/p>\n<h2><span class=\"TextRun MacChromeBold SCXW125124439 BCX0\" lang=\"SV-SE\" xml:lang=\"SV-SE\" data-contrast=\"auto\"><span class=\"NormalTextRun SCXW125124439 BCX0\" data-ccp-parastyle=\"heading 2\">Vad inneb\u00e4r detta f\u00f6r dig som kund?<\/span><\/span><\/h2>\n<p><span data-contrast=\"auto\">F\u00f6r dig som planerar att investera i nya flytande\u00a0konstruktioner\u00a0inneb\u00e4r OSPAR-direktivet \u00f6kade krav p\u00e5 materialval, konstruktion och l\u00e5ngsiktig h\u00e5llbarhet. F\u00f6r befintliga anl\u00e4ggningar kan det bli aktuellt med \u00f6versyn, underh\u00e5ll eller framtida utbyte,\u00a0framf\u00f6rt allt\u00a0om konstruktionen inneh\u00e5ller oskyddad cellplast.<\/span><span data-ccp-props=\"{&quot;201341983&quot;:0,&quot;335559740&quot;:276}\">\u00a0<\/span><\/p>\n<p><span data-contrast=\"auto\">Att v\u00e4lja r\u00e4tt l\u00f6sning fr\u00e5n b\u00f6rjan minskar b\u00e5de milj\u00f6p\u00e5verkan och framtida omst\u00e4llningskostnader.<\/span><span data-ccp-props=\"{&quot;201341983&quot;:0,&quot;335559740&quot;:276}\">\u00a0<\/span><\/p>\n<h2><span class=\"TextRun MacChromeBold SCXW194828588 BCX0\" lang=\"SV-SE\" xml:lang=\"SV-SE\" data-contrast=\"auto\"><span class=\"NormalTextRun SpellingErrorV2Themed SCXW194828588 BCX0\" data-ccp-parastyle=\"heading 2\">Pontechs<\/span><span class=\"NormalTextRun SCXW194828588 BCX0\" data-ccp-parastyle=\"heading 2\"> l\u00f6sningar \u00e4r i linje med OSPAR<\/span><\/span><\/h2>\n<p><span class=\"TextRun SCXW3562569 BCX0\" lang=\"SV-SE\" xml:lang=\"SV-SE\" data-contrast=\"auto\"><span class=\"NormalTextRun SpellingErrorV2Themed SCXW3562569 BCX0\">Pontech<\/span><span class=\"NormalTextRun SCXW3562569 BCX0\">\u00a0har l\u00e5ng erfarenhet av att utveckla flytande konstruktioner med fokus p\u00e5 h\u00e5llbarhet, livsl\u00e4ngd och ansvarstagande materialval. V\u00e5ra betongpontoner \u00e4r konstruerade f\u00f6r att vara stabila, t\u00e5liga och l\u00e5ngsiktigt anpassade f\u00f6r marina milj\u00f6er.<\/span><span class=\"NormalTextRun SCXW3562569 BCX0\">\u00a0V\u00e5ra standard betongpontoner faller under definitionen \u201ddelvis inkapslad\u201d cellplast men d\u00e4r vi \u00e4ven har l\u00f6sningar f\u00f6r \u201dhelt inkapslad\u201d cellplast<\/span><span class=\"NormalTextRun SCXW3562569 BCX0\">.<\/span><\/span><span class=\"EOP SCXW3562569 BCX0\" data-ccp-props=\"{&quot;201341983&quot;:0,&quot;335559740&quot;:276}\">\u00a0<\/span><\/p>\n<ul>\n<li aria-setsize=\"-1\" data-leveltext=\"\u25cf\" data-font=\"Inter,Calibri\" data-listid=\"1\" data-list-defn-props=\"{&quot;335552541&quot;:1,&quot;335559685&quot;:720,&quot;335559991&quot;:360,&quot;469769242&quot;:[8226],&quot;469777803&quot;:&quot;left&quot;,&quot;469777804&quot;:&quot;\u25cf&quot;,&quot;469777815&quot;:&quot;hybridMultilevel&quot;}\" data-aria-posinset=\"4\" data-aria-level=\"1\"><span data-teams=\"true\">V\u00e5ra pontonl\u00f6sningar \u00e4r\u202f<strong>helt eller delvis inkapslade<\/strong>\u202foch utformade f\u00f6r att minimera risken f\u00f6r utsl\u00e4pp till vattenmilj\u00f6n.<\/span><\/li>\n<li aria-setsize=\"-1\" data-leveltext=\"\u25cf\" data-font=\"Inter,Calibri\" data-listid=\"1\" data-list-defn-props=\"{&quot;335552541&quot;:1,&quot;335559685&quot;:720,&quot;335559991&quot;:360,&quot;469769242&quot;:[8226],&quot;469777803&quot;:&quot;left&quot;,&quot;469777804&quot;:&quot;\u25cf&quot;,&quot;469777815&quot;:&quot;hybridMultilevel&quot;}\" data-aria-posinset=\"4\" data-aria-level=\"1\"><span data-contrast=\"auto\">Konstruktionerna \u00e4r framtagna f\u00f6r\u202f<strong>l\u00e5ng livsl\u00e4ngd<\/strong>, vilket minskar behovet av framtida ers\u00e4ttning.<\/span><\/li>\n<li aria-setsize=\"-1\" data-leveltext=\"\u25cf\" data-font=\"Inter,Calibri\" data-listid=\"1\" data-list-defn-props=\"{&quot;335552541&quot;:1,&quot;335559685&quot;:720,&quot;335559991&quot;:360,&quot;469769242&quot;:[8226],&quot;469777803&quot;:&quot;left&quot;,&quot;469777804&quot;:&quot;\u25cf&quot;,&quot;469777815&quot;:&quot;hybridMultilevel&quot;}\" data-aria-posinset=\"4\" data-aria-level=\"1\"><span data-contrast=\"auto\">Vi f\u00f6ljer utvecklingen av OSPAR-direktivet och nationell lagstiftning noggrant och s\u00e4kerst\u00e4ller att v\u00e5ra l\u00f6sningar uppfyller g\u00e4llande och kommande krav.<\/span><\/li>\n<\/ul>\n<p><span class=\"TextRun SCXW89711150 BCX0\" lang=\"SV-SE\" xml:lang=\"SV-SE\" data-contrast=\"auto\"><span class=\"NormalTextRun SCXW89711150 BCX0\">Kort sagt<\/span><span class=\"NormalTextRun SCXW89711150 BCX0\">,<\/span><span class=\"NormalTextRun SCXW89711150 BCX0\">\u00a0med\u00a0<\/span><span class=\"NormalTextRun SpellingErrorV2Themed SCXW89711150 BCX0\">Pontech<\/span><span class=\"NormalTextRun SCXW89711150 BCX0\">\u00a0f\u00e5r du en l\u00f6sning som redan idag ligger i linje med OSPAR-direktivets intentioner.<\/span><\/span><span class=\"EOP SCXW89711150 BCX0\" data-ccp-props=\"{&quot;201341983&quot;:0,&quot;335559740&quot;:276}\">\u00a0<\/span><\/p>\n<h2><span class=\"TextRun MacChromeBold SCXW78494546 BCX0\" lang=\"SV-SE\" xml:lang=\"SV-SE\" data-contrast=\"auto\"><span class=\"NormalTextRun SCXW78494546 BCX0\" data-ccp-parastyle=\"heading 2\">Dokumentation och f\u00f6rdjupning<\/span><\/span><span class=\"EOP SCXW78494546 BCX0\" data-ccp-props=\"{&quot;201341983&quot;:0,&quot;335559740&quot;:276}\">\u00a0\u00b4<\/span><\/h2>\n<p><span class=\"TextRun SCXW160017780 BCX0\" lang=\"SV-SE\" xml:lang=\"SV-SE\" data-contrast=\"auto\"><span class=\"NormalTextRun SCXW160017780 BCX0\"><a style=\"text-decoration: underline;\" href=\"https:\/\/www.ospar.org\/documents?v=63653\" target=\"_blank\" rel=\"noopener\"><strong>H\u00e4r<\/strong><\/a> kan du ta del av det fullst\u00e4ndiga OSPAR-beslutet.<\/span><\/span><\/p>\n<h2><span class=\"TextRun MacChromeBold SCXW84120110 BCX0\" lang=\"SV-SE\" xml:lang=\"SV-SE\" data-contrast=\"auto\"><span class=\"NormalTextRun SCXW84120110 BCX0\" data-ccp-parastyle=\"heading 2\">Fr\u00e5gor om OSPAR eller din anl\u00e4ggning?<\/span><\/span><span class=\"EOP SCXW84120110 BCX0\" data-ccp-props=\"{&quot;201341983&quot;:0,&quot;335559740&quot;:276}\">\u00a0<\/span><\/h2>\n<p><span data-contrast=\"auto\">Undrar du hur direktivet p\u00e5verkar din marina, brygga eller flytande anl\u00e4ggning? Eller planerar du ett nytt projekt och vill s\u00e4kerst\u00e4lla att det uppfyller OSPAR-kraven?<\/span><span data-ccp-props=\"{&quot;201341983&quot;:0,&quot;335559740&quot;:276}\">\u00a0<\/span><\/p>\n<p><span data-contrast=\"auto\">Vi hj\u00e4lper dig g\u00e4rna att reda ut vad som g\u00e4ller och vilken l\u00f6sning som passar b\u00e4st utifr\u00e5n plats, anv\u00e4ndning och framtida krav.<\/span><span data-ccp-props=\"{&quot;201341983&quot;:0,&quot;335559740&quot;:276}\">\u00a0<\/span><\/p>\n<p><strong><a style=\"text-decoration: underline;\" href=\"https:\/\/pontechmarina.com\/se\/kontakt\/\">Kontakta oss<\/a>, vi guidar dig hela v\u00e4gen.<\/strong><\/p>\n","protected":false},"excerpt":{"rendered":"Vad det inneb\u00e4r och\u00a0d\u00e4r\u00a0Pontech\u00a0produkter\u00a0uppfyller\u00a0samtliga krav\u00a0\u00a0 OSPAR-konventionen\u00a0\u00e4r\u00a0en internationell konvention f\u00f6r att skydda den marina milj\u00f6n i\u202fNordostatlanten, inklusive\u202fNordsj\u00f6n. Under 2025 har OSPAR antagit ett nytt beslut som r\u00f6r anv\u00e4ndning av cellplast (EPS\/XPS och liknande skumplastmaterial)\u00a0som kan anv\u00e4ndas\u00a0i bland\u00a0annat\u00a0pontoner och bojar.\u00a0Beslutet syftar till att minska\u00a0och p\u00e5 sikt eliminera spridning av plast till havsmilj\u00f6n och kommer att p\u00e5verka b\u00e5de&#8230;","protected":false},"author":11,"featured_media":1964,"parent":0,"menu_order":0,"comment_status":"closed","ping_status":"closed","template":"alternativ-landningssida.php","meta":{"_acf_changed":false,"inline_featured_image":false,"footnotes":""},"huvudkategori":[],"class_list":["post-1953","page","type-page","status-publish","has-post-thumbnail","hentry"],"acf":[],"yoast_head":"<!-- This site is optimized with the Yoast SEO plugin v27.0 - https:\/\/yoast.com\/product\/yoast-seo-wordpress\/ -->\n<title>OSPAR-direktivet och flytande konstruktioner | Pontech<\/title>\n<meta name=\"description\" content=\"OSPAR 2025 sk\u00e4rper kraven p\u00e5 cellplast i pontoner och bojar. L\u00e4s vad beslutet inneb\u00e4r och hur Pontechs l\u00f6sningar uppfyller nya milj\u00f6krav.\" \/>\n<meta name=\"robots\" content=\"index, follow, max-snippet:-1, max-image-preview:large, max-video-preview:-1\" \/>\n<link rel=\"canonical\" href=\"https:\/\/pontechmarina.com\/se\/ospar\/\" \/>\n<meta property=\"og:locale\" content=\"sv_SE\" \/>\n<meta property=\"og:type\" content=\"article\" \/>\n<meta property=\"og:title\" content=\"OSPAR-direktivet och flytande konstruktioner | Pontech\" \/>\n<meta property=\"og:description\" content=\"OSPAR 2025 sk\u00e4rper kraven p\u00e5 cellplast i pontoner och bojar. L\u00e4s vad beslutet inneb\u00e4r och hur Pontechs l\u00f6sningar uppfyller nya milj\u00f6krav.\" \/>\n<meta property=\"og:url\" content=\"https:\/\/pontechmarina.com\/se\/ospar\/\" \/>\n<meta property=\"og:site_name\" content=\"Pontech\" \/>\n<meta property=\"article:modified_time\" content=\"2026-02-20T15:16:03+00:00\" \/>\n<meta property=\"og:image\" content=\"https:\/\/pontechmarina.com\/se\/wp-content\/uploads\/2025\/12\/ospar-pontech.jpg\" \/>\n\t<meta property=\"og:image:width\" content=\"1920\" \/>\n\t<meta property=\"og:image:height\" content=\"1080\" \/>\n\t<meta property=\"og:image:type\" content=\"image\/jpeg\" \/>\n<meta name=\"twitter:card\" content=\"summary_large_image\" \/>\n<meta name=\"twitter:label1\" content=\"Ber\u00e4knad l\u00e4stid\" \/>\n\t<meta name=\"twitter:data1\" content=\"3 minuter\" \/>\n<script type=\"application\/ld+json\" class=\"yoast-schema-graph\">{\"@context\":\"https:\/\/schema.org\",\"@graph\":[{\"@type\":\"WebPage\",\"@id\":\"https:\/\/pontechmarina.com\/se\/ospar\/\",\"url\":\"https:\/\/pontechmarina.com\/se\/ospar\/\",\"name\":\"OSPAR-direktivet och flytande konstruktioner | Pontech\",\"isPartOf\":{\"@id\":\"https:\/\/pontechmarina.com\/se\/#website\"},\"primaryImageOfPage\":{\"@id\":\"https:\/\/pontechmarina.com\/se\/ospar\/#primaryimage\"},\"image\":{\"@id\":\"https:\/\/pontechmarina.com\/se\/ospar\/#primaryimage\"},\"thumbnailUrl\":\"https:\/\/pontechmarina.com\/se\/wp-content\/uploads\/2025\/12\/ospar-pontech.jpg\",\"datePublished\":\"2025-12-19T07:29:59+00:00\",\"dateModified\":\"2026-02-20T15:16:03+00:00\",\"description\":\"OSPAR 2025 sk\u00e4rper kraven p\u00e5 cellplast i pontoner och bojar. L\u00e4s vad beslutet inneb\u00e4r och hur Pontechs l\u00f6sningar uppfyller nya milj\u00f6krav.\",\"breadcrumb\":{\"@id\":\"https:\/\/pontechmarina.com\/se\/ospar\/#breadcrumb\"},\"inLanguage\":\"sv-SE\",\"potentialAction\":[{\"@type\":\"ReadAction\",\"target\":[\"https:\/\/pontechmarina.com\/se\/ospar\/\"]}]},{\"@type\":\"ImageObject\",\"inLanguage\":\"sv-SE\",\"@id\":\"https:\/\/pontechmarina.com\/se\/ospar\/#primaryimage\",\"url\":\"https:\/\/pontechmarina.com\/se\/wp-content\/uploads\/2025\/12\/ospar-pontech.jpg\",\"contentUrl\":\"https:\/\/pontechmarina.com\/se\/wp-content\/uploads\/2025\/12\/ospar-pontech.jpg\",\"width\":1920,\"height\":1080,\"caption\":\"Sj\u00f6s\u00e4ttning av betongponton\"},{\"@type\":\"BreadcrumbList\",\"@id\":\"https:\/\/pontechmarina.com\/se\/ospar\/#breadcrumb\",\"itemListElement\":[{\"@type\":\"ListItem\",\"position\":1,\"name\":\"Hem\",\"item\":\"https:\/\/pontechmarina.com\/se\/\"},{\"@type\":\"ListItem\",\"position\":2,\"name\":\"OSPAR-direktivet och flytande konstruktioner\"}]},{\"@type\":\"WebSite\",\"@id\":\"https:\/\/pontechmarina.com\/se\/#website\",\"url\":\"https:\/\/pontechmarina.com\/se\/\",\"name\":\"Pontech\",\"description\":\"\",\"publisher\":{\"@id\":\"https:\/\/pontechmarina.com\/se\/#organization\"},\"potentialAction\":[{\"@type\":\"SearchAction\",\"target\":{\"@type\":\"EntryPoint\",\"urlTemplate\":\"https:\/\/pontechmarina.com\/se\/?s={search_term_string}\"},\"query-input\":{\"@type\":\"PropertyValueSpecification\",\"valueRequired\":true,\"valueName\":\"search_term_string\"}}],\"inLanguage\":\"sv-SE\"},{\"@type\":\"Organization\",\"@id\":\"https:\/\/pontechmarina.com\/se\/#organization\",\"name\":\"Pontech\",\"url\":\"https:\/\/pontechmarina.com\/se\/\",\"logo\":{\"@type\":\"ImageObject\",\"inLanguage\":\"sv-SE\",\"@id\":\"https:\/\/pontechmarina.com\/se\/#\/schema\/logo\/image\/\",\"url\":\"https:\/\/pontechmarina.com\/se\/wp-content\/uploads\/2020\/11\/pontech-logo.jpg\",\"contentUrl\":\"https:\/\/pontechmarina.com\/se\/wp-content\/uploads\/2020\/11\/pontech-logo.jpg\",\"width\":370,\"height\":168,\"caption\":\"Pontech\"},\"image\":{\"@id\":\"https:\/\/pontechmarina.com\/se\/#\/schema\/logo\/image\/\"}}]}<\/script>\n<!-- \/ Yoast SEO plugin. -->","yoast_head_json":{"title":"OSPAR-direktivet och flytande konstruktioner | Pontech","description":"OSPAR 2025 sk\u00e4rper kraven p\u00e5 cellplast i pontoner och bojar. L\u00e4s vad beslutet inneb\u00e4r och hur Pontechs l\u00f6sningar uppfyller nya milj\u00f6krav.","robots":{"index":"index","follow":"follow","max-snippet":"max-snippet:-1","max-image-preview":"max-image-preview:large","max-video-preview":"max-video-preview:-1"},"canonical":"https:\/\/pontechmarina.com\/se\/ospar\/","og_locale":"sv_SE","og_type":"article","og_title":"OSPAR-direktivet och flytande konstruktioner | Pontech","og_description":"OSPAR 2025 sk\u00e4rper kraven p\u00e5 cellplast i pontoner och bojar. L\u00e4s vad beslutet inneb\u00e4r och hur Pontechs l\u00f6sningar uppfyller nya milj\u00f6krav.","og_url":"https:\/\/pontechmarina.com\/se\/ospar\/","og_site_name":"Pontech","article_modified_time":"2026-02-20T15:16:03+00:00","og_image":[{"width":1920,"height":1080,"url":"https:\/\/pontechmarina.com\/se\/wp-content\/uploads\/2025\/12\/ospar-pontech.jpg","type":"image\/jpeg"}],"twitter_card":"summary_large_image","twitter_misc":{"Ber\u00e4knad l\u00e4stid":"3 minuter"},"schema":{"@context":"https:\/\/schema.org","@graph":[{"@type":"WebPage","@id":"https:\/\/pontechmarina.com\/se\/ospar\/","url":"https:\/\/pontechmarina.com\/se\/ospar\/","name":"OSPAR-direktivet och flytande konstruktioner | Pontech","isPartOf":{"@id":"https:\/\/pontechmarina.com\/se\/#website"},"primaryImageOfPage":{"@id":"https:\/\/pontechmarina.com\/se\/ospar\/#primaryimage"},"image":{"@id":"https:\/\/pontechmarina.com\/se\/ospar\/#primaryimage"},"thumbnailUrl":"https:\/\/pontechmarina.com\/se\/wp-content\/uploads\/2025\/12\/ospar-pontech.jpg","datePublished":"2025-12-19T07:29:59+00:00","dateModified":"2026-02-20T15:16:03+00:00","description":"OSPAR 2025 sk\u00e4rper kraven p\u00e5 cellplast i pontoner och bojar. L\u00e4s vad beslutet inneb\u00e4r och hur Pontechs l\u00f6sningar uppfyller nya milj\u00f6krav.","breadcrumb":{"@id":"https:\/\/pontechmarina.com\/se\/ospar\/#breadcrumb"},"inLanguage":"sv-SE","potentialAction":[{"@type":"ReadAction","target":["https:\/\/pontechmarina.com\/se\/ospar\/"]}]},{"@type":"ImageObject","inLanguage":"sv-SE","@id":"https:\/\/pontechmarina.com\/se\/ospar\/#primaryimage","url":"https:\/\/pontechmarina.com\/se\/wp-content\/uploads\/2025\/12\/ospar-pontech.jpg","contentUrl":"https:\/\/pontechmarina.com\/se\/wp-content\/uploads\/2025\/12\/ospar-pontech.jpg","width":1920,"height":1080,"caption":"Sj\u00f6s\u00e4ttning av betongponton"},{"@type":"BreadcrumbList","@id":"https:\/\/pontechmarina.com\/se\/ospar\/#breadcrumb","itemListElement":[{"@type":"ListItem","position":1,"name":"Hem","item":"https:\/\/pontechmarina.com\/se\/"},{"@type":"ListItem","position":2,"name":"OSPAR-direktivet och flytande konstruktioner"}]},{"@type":"WebSite","@id":"https:\/\/pontechmarina.com\/se\/#website","url":"https:\/\/pontechmarina.com\/se\/","name":"Pontech","description":"","publisher":{"@id":"https:\/\/pontechmarina.com\/se\/#organization"},"potentialAction":[{"@type":"SearchAction","target":{"@type":"EntryPoint","urlTemplate":"https:\/\/pontechmarina.com\/se\/?s={search_term_string}"},"query-input":{"@type":"PropertyValueSpecification","valueRequired":true,"valueName":"search_term_string"}}],"inLanguage":"sv-SE"},{"@type":"Organization","@id":"https:\/\/pontechmarina.com\/se\/#organization","name":"Pontech","url":"https:\/\/pontechmarina.com\/se\/","logo":{"@type":"ImageObject","inLanguage":"sv-SE","@id":"https:\/\/pontechmarina.com\/se\/#\/schema\/logo\/image\/","url":"https:\/\/pontechmarina.com\/se\/wp-content\/uploads\/2020\/11\/pontech-logo.jpg","contentUrl":"https:\/\/pontechmarina.com\/se\/wp-content\/uploads\/2020\/11\/pontech-logo.jpg","width":370,"height":168,"caption":"Pontech"},"image":{"@id":"https:\/\/pontechmarina.com\/se\/#\/schema\/logo\/image\/"}}]}},"_links":{"self":[{"href":"https:\/\/pontechmarina.com\/se\/wp-json\/wp\/v2\/pages\/1953","targetHints":{"allow":["GET"]}}],"collection":[{"href":"https:\/\/pontechmarina.com\/se\/wp-json\/wp\/v2\/pages"}],"about":[{"href":"https:\/\/pontechmarina.com\/se\/wp-json\/wp\/v2\/types\/page"}],"author":[{"embeddable":true,"href":"https:\/\/pontechmarina.com\/se\/wp-json\/wp\/v2\/users\/11"}],"replies":[{"embeddable":true,"href":"https:\/\/pontechmarina.com\/se\/wp-json\/wp\/v2\/comments?post=1953"}],"version-history":[{"count":14,"href":"https:\/\/pontechmarina.com\/se\/wp-json\/wp\/v2\/pages\/1953\/revisions"}],"predecessor-version":[{"id":1962,"href":"https:\/\/pontechmarina.com\/se\/wp-json\/wp\/v2\/pages\/1953\/revisions\/1962"}],"wp:featuredmedia":[{"embeddable":true,"href":"https:\/\/pontechmarina.com\/se\/wp-json\/wp\/v2\/media\/1964"}],"wp:attachment":[{"href":"https:\/\/pontechmarina.com\/se\/wp-json\/wp\/v2\/media?parent=1953"}],"wp:term":[{"taxonomy":"huvudkategori","embeddable":true,"href":"https:\/\/pontechmarina.com\/se\/wp-json\/wp\/v2\/huvudkategori?post=1953"}],"curies":[{"name":"wp","href":"https:\/\/api.w.org\/{rel}","templated":true}]}}