{"id":840,"date":"2022-10-18T13:32:53","date_gmt":"2022-10-18T11:32:53","guid":{"rendered":"https:\/\/pontech.se\/?page_id=840"},"modified":"2026-02-20T10:41:54","modified_gmt":"2026-02-20T09:41:54","slug":"flytande-padelbanor","status":"publish","type":"page","link":"https:\/\/pontechmarina.com\/se\/flytande-konstruktioner\/flytande-padelbanor\/","title":{"rendered":"Flytande padelbanor"},"content":{"rendered":"","protected":false},"excerpt":{"rendered":"","protected":false},"author":5,"featured_media":806,"parent":1148,"menu_order":0,"comment_status":"closed","ping_status":"closed","template":"page-produkt.php","meta":{"_acf_changed":false,"inline_featured_image":false,"footnotes":""},"huvudkategori":[],"class_list":["post-840","page","type-page","status-publish","has-post-thumbnail","hentry"],"acf":[],"yoast_head":"<!-- This site is optimized with the Yoast SEO plugin v27.0 - https:\/\/yoast.com\/product\/yoast-seo-wordpress\/ -->\n<title>Flytande padelbana av f\u00f6rstklassig design &amp; kvalitet | Pontech<\/title>\n<meta name=\"description\" content=\"Pontechs flytande padelbana \u00e4r marknadens kraftigaste konstruktion. Godk\u00e4nd enligt FIP. L\u00e4ktare &amp; lounge \u27a4Utvecklad med World Wide Padel \u27a4Kontakta oss\" \/>\n<meta name=\"robots\" content=\"index, follow, max-snippet:-1, max-image-preview:large, max-video-preview:-1\" \/>\n<link rel=\"canonical\" href=\"https:\/\/pontechmarina.com\/se\/flytande-konstruktioner\/flytande-padelbanor\/\" \/>\n<meta property=\"og:locale\" content=\"sv_SE\" \/>\n<meta property=\"og:type\" content=\"article\" \/>\n<meta property=\"og:title\" content=\"Flytande padelbana av f\u00f6rstklassig design &amp; kvalitet | Pontech\" \/>\n<meta property=\"og:description\" content=\"Pontechs flytande padelbana \u00e4r marknadens kraftigaste konstruktion. Godk\u00e4nd enligt FIP. L\u00e4ktare &amp; lounge \u27a4Utvecklad med World Wide Padel \u27a4Kontakta oss\" \/>\n<meta property=\"og:url\" content=\"https:\/\/pontechmarina.com\/se\/flytande-konstruktioner\/flytande-padelbanor\/\" \/>\n<meta property=\"og:site_name\" content=\"Pontech\" \/>\n<meta property=\"article:modified_time\" content=\"2026-02-20T09:41:54+00:00\" \/>\n<meta property=\"og:image\" content=\"https:\/\/pontechmarina.com\/se\/wp-content\/uploads\/2022\/04\/flodel-padel-image-v1-aug2021.jpg\" \/>\n\t<meta property=\"og:image:width\" content=\"800\" \/>\n\t<meta property=\"og:image:height\" content=\"450\" \/>\n\t<meta property=\"og:image:type\" content=\"image\/jpeg\" \/>\n<meta name=\"twitter:card\" content=\"summary_large_image\" \/>\n<meta name=\"twitter:label1\" content=\"Ber\u00e4knad l\u00e4stid\" \/>\n\t<meta name=\"twitter:data1\" content=\"1 minut\" \/>\n<script type=\"application\/ld+json\" class=\"yoast-schema-graph\">{\"@context\":\"https:\/\/schema.org\",\"@graph\":[{\"@type\":\"WebPage\",\"@id\":\"https:\/\/pontechmarina.com\/se\/flytande-konstruktioner\/flytande-padelbanor\/\",\"url\":\"https:\/\/pontechmarina.com\/se\/flytande-konstruktioner\/flytande-padelbanor\/\",\"name\":\"Flytande padelbana av f\u00f6rstklassig design & kvalitet | Pontech\",\"isPartOf\":{\"@id\":\"https:\/\/pontechmarina.com\/se\/#website\"},\"primaryImageOfPage\":{\"@id\":\"https:\/\/pontechmarina.com\/se\/flytande-konstruktioner\/flytande-padelbanor\/#primaryimage\"},\"image\":{\"@id\":\"https:\/\/pontechmarina.com\/se\/flytande-konstruktioner\/flytande-padelbanor\/#primaryimage\"},\"thumbnailUrl\":\"https:\/\/pontechmarina.com\/se\/wp-content\/uploads\/2022\/04\/flodel-padel-image-v1-aug2021.jpg\",\"datePublished\":\"2022-10-18T11:32:53+00:00\",\"dateModified\":\"2026-02-20T09:41:54+00:00\",\"description\":\"Pontechs flytande padelbana \u00e4r marknadens kraftigaste konstruktion. Godk\u00e4nd enligt FIP. L\u00e4ktare & lounge \u27a4Utvecklad med World Wide Padel \u27a4Kontakta oss\",\"breadcrumb\":{\"@id\":\"https:\/\/pontechmarina.com\/se\/flytande-konstruktioner\/flytande-padelbanor\/#breadcrumb\"},\"inLanguage\":\"sv-SE\",\"potentialAction\":[{\"@type\":\"ReadAction\",\"target\":[\"https:\/\/pontechmarina.com\/se\/flytande-konstruktioner\/flytande-padelbanor\/\"]}]},{\"@type\":\"ImageObject\",\"inLanguage\":\"sv-SE\",\"@id\":\"https:\/\/pontechmarina.com\/se\/flytande-konstruktioner\/flytande-padelbanor\/#primaryimage\",\"url\":\"https:\/\/pontechmarina.com\/se\/wp-content\/uploads\/2022\/04\/flodel-padel-image-v1-aug2021.jpg\",\"contentUrl\":\"https:\/\/pontechmarina.com\/se\/wp-content\/uploads\/2022\/04\/flodel-padel-image-v1-aug2021.jpg\",\"width\":800,\"height\":450,\"caption\":\"Flytande padelbana, Kaggeholm\"},{\"@type\":\"BreadcrumbList\",\"@id\":\"https:\/\/pontechmarina.com\/se\/flytande-konstruktioner\/flytande-padelbanor\/#breadcrumb\",\"itemListElement\":[{\"@type\":\"ListItem\",\"position\":1,\"name\":\"Hem\",\"item\":\"https:\/\/pontechmarina.com\/se\/\"},{\"@type\":\"ListItem\",\"position\":2,\"name\":\"Flytande konstruktioner\",\"item\":\"https:\/\/pontechmarina.com\/se\/flytande-konstruktioner\/\"},{\"@type\":\"ListItem\",\"position\":3,\"name\":\"Flytande padelbanor\"}]},{\"@type\":\"WebSite\",\"@id\":\"https:\/\/pontechmarina.com\/se\/#website\",\"url\":\"https:\/\/pontechmarina.com\/se\/\",\"name\":\"Pontech\",\"description\":\"\",\"publisher\":{\"@id\":\"https:\/\/pontechmarina.com\/se\/#organization\"},\"potentialAction\":[{\"@type\":\"SearchAction\",\"target\":{\"@type\":\"EntryPoint\",\"urlTemplate\":\"https:\/\/pontechmarina.com\/se\/?s={search_term_string}\"},\"query-input\":{\"@type\":\"PropertyValueSpecification\",\"valueRequired\":true,\"valueName\":\"search_term_string\"}}],\"inLanguage\":\"sv-SE\"},{\"@type\":\"Organization\",\"@id\":\"https:\/\/pontechmarina.com\/se\/#organization\",\"name\":\"Pontech\",\"url\":\"https:\/\/pontechmarina.com\/se\/\",\"logo\":{\"@type\":\"ImageObject\",\"inLanguage\":\"sv-SE\",\"@id\":\"https:\/\/pontechmarina.com\/se\/#\/schema\/logo\/image\/\",\"url\":\"https:\/\/pontechmarina.com\/se\/wp-content\/uploads\/2020\/11\/pontech-logo.jpg\",\"contentUrl\":\"https:\/\/pontechmarina.com\/se\/wp-content\/uploads\/2020\/11\/pontech-logo.jpg\",\"width\":370,\"height\":168,\"caption\":\"Pontech\"},\"image\":{\"@id\":\"https:\/\/pontechmarina.com\/se\/#\/schema\/logo\/image\/\"}}]}<\/script>\n<!-- \/ Yoast SEO plugin. -->","yoast_head_json":{"title":"Flytande padelbana av f\u00f6rstklassig design & kvalitet | Pontech","description":"Pontechs flytande padelbana \u00e4r marknadens kraftigaste konstruktion. Godk\u00e4nd enligt FIP. L\u00e4ktare & lounge \u27a4Utvecklad med World Wide Padel \u27a4Kontakta oss","robots":{"index":"index","follow":"follow","max-snippet":"max-snippet:-1","max-image-preview":"max-image-preview:large","max-video-preview":"max-video-preview:-1"},"canonical":"https:\/\/pontechmarina.com\/se\/flytande-konstruktioner\/flytande-padelbanor\/","og_locale":"sv_SE","og_type":"article","og_title":"Flytande padelbana av f\u00f6rstklassig design & kvalitet | Pontech","og_description":"Pontechs flytande padelbana \u00e4r marknadens kraftigaste konstruktion. Godk\u00e4nd enligt FIP. L\u00e4ktare & lounge \u27a4Utvecklad med World Wide Padel \u27a4Kontakta oss","og_url":"https:\/\/pontechmarina.com\/se\/flytande-konstruktioner\/flytande-padelbanor\/","og_site_name":"Pontech","article_modified_time":"2026-02-20T09:41:54+00:00","og_image":[{"width":800,"height":450,"url":"https:\/\/pontechmarina.com\/se\/wp-content\/uploads\/2022\/04\/flodel-padel-image-v1-aug2021.jpg","type":"image\/jpeg"}],"twitter_card":"summary_large_image","twitter_misc":{"Ber\u00e4knad l\u00e4stid":"1 minut"},"schema":{"@context":"https:\/\/schema.org","@graph":[{"@type":"WebPage","@id":"https:\/\/pontechmarina.com\/se\/flytande-konstruktioner\/flytande-padelbanor\/","url":"https:\/\/pontechmarina.com\/se\/flytande-konstruktioner\/flytande-padelbanor\/","name":"Flytande padelbana av f\u00f6rstklassig design & kvalitet | Pontech","isPartOf":{"@id":"https:\/\/pontechmarina.com\/se\/#website"},"primaryImageOfPage":{"@id":"https:\/\/pontechmarina.com\/se\/flytande-konstruktioner\/flytande-padelbanor\/#primaryimage"},"image":{"@id":"https:\/\/pontechmarina.com\/se\/flytande-konstruktioner\/flytande-padelbanor\/#primaryimage"},"thumbnailUrl":"https:\/\/pontechmarina.com\/se\/wp-content\/uploads\/2022\/04\/flodel-padel-image-v1-aug2021.jpg","datePublished":"2022-10-18T11:32:53+00:00","dateModified":"2026-02-20T09:41:54+00:00","description":"Pontechs flytande padelbana \u00e4r marknadens kraftigaste konstruktion. Godk\u00e4nd enligt FIP. L\u00e4ktare & lounge \u27a4Utvecklad med World Wide Padel \u27a4Kontakta oss","breadcrumb":{"@id":"https:\/\/pontechmarina.com\/se\/flytande-konstruktioner\/flytande-padelbanor\/#breadcrumb"},"inLanguage":"sv-SE","potentialAction":[{"@type":"ReadAction","target":["https:\/\/pontechmarina.com\/se\/flytande-konstruktioner\/flytande-padelbanor\/"]}]},{"@type":"ImageObject","inLanguage":"sv-SE","@id":"https:\/\/pontechmarina.com\/se\/flytande-konstruktioner\/flytande-padelbanor\/#primaryimage","url":"https:\/\/pontechmarina.com\/se\/wp-content\/uploads\/2022\/04\/flodel-padel-image-v1-aug2021.jpg","contentUrl":"https:\/\/pontechmarina.com\/se\/wp-content\/uploads\/2022\/04\/flodel-padel-image-v1-aug2021.jpg","width":800,"height":450,"caption":"Flytande padelbana, Kaggeholm"},{"@type":"BreadcrumbList","@id":"https:\/\/pontechmarina.com\/se\/flytande-konstruktioner\/flytande-padelbanor\/#breadcrumb","itemListElement":[{"@type":"ListItem","position":1,"name":"Hem","item":"https:\/\/pontechmarina.com\/se\/"},{"@type":"ListItem","position":2,"name":"Flytande konstruktioner","item":"https:\/\/pontechmarina.com\/se\/flytande-konstruktioner\/"},{"@type":"ListItem","position":3,"name":"Flytande padelbanor"}]},{"@type":"WebSite","@id":"https:\/\/pontechmarina.com\/se\/#website","url":"https:\/\/pontechmarina.com\/se\/","name":"Pontech","description":"","publisher":{"@id":"https:\/\/pontechmarina.com\/se\/#organization"},"potentialAction":[{"@type":"SearchAction","target":{"@type":"EntryPoint","urlTemplate":"https:\/\/pontechmarina.com\/se\/?s={search_term_string}"},"query-input":{"@type":"PropertyValueSpecification","valueRequired":true,"valueName":"search_term_string"}}],"inLanguage":"sv-SE"},{"@type":"Organization","@id":"https:\/\/pontechmarina.com\/se\/#organization","name":"Pontech","url":"https:\/\/pontechmarina.com\/se\/","logo":{"@type":"ImageObject","inLanguage":"sv-SE","@id":"https:\/\/pontechmarina.com\/se\/#\/schema\/logo\/image\/","url":"https:\/\/pontechmarina.com\/se\/wp-content\/uploads\/2020\/11\/pontech-logo.jpg","contentUrl":"https:\/\/pontechmarina.com\/se\/wp-content\/uploads\/2020\/11\/pontech-logo.jpg","width":370,"height":168,"caption":"Pontech"},"image":{"@id":"https:\/\/pontechmarina.com\/se\/#\/schema\/logo\/image\/"}}]}},"_links":{"self":[{"href":"https:\/\/pontechmarina.com\/se\/wp-json\/wp\/v2\/pages\/840","targetHints":{"allow":["GET"]}}],"collection":[{"href":"https:\/\/pontechmarina.com\/se\/wp-json\/wp\/v2\/pages"}],"about":[{"href":"https:\/\/pontechmarina.com\/se\/wp-json\/wp\/v2\/types\/page"}],"author":[{"embeddable":true,"href":"https:\/\/pontechmarina.com\/se\/wp-json\/wp\/v2\/users\/5"}],"replies":[{"embeddable":true,"href":"https:\/\/pontechmarina.com\/se\/wp-json\/wp\/v2\/comments?post=840"}],"version-history":[{"count":6,"href":"https:\/\/pontechmarina.com\/se\/wp-json\/wp\/v2\/pages\/840\/revisions"}],"predecessor-version":[{"id":2032,"href":"https:\/\/pontechmarina.com\/se\/wp-json\/wp\/v2\/pages\/840\/revisions\/2032"}],"up":[{"embeddable":true,"href":"https:\/\/pontechmarina.com\/se\/wp-json\/wp\/v2\/pages\/1148"}],"wp:featuredmedia":[{"embeddable":true,"href":"https:\/\/pontechmarina.com\/se\/wp-json\/wp\/v2\/media\/806"}],"wp:attachment":[{"href":"https:\/\/pontechmarina.com\/se\/wp-json\/wp\/v2\/media?parent=840"}],"wp:term":[{"taxonomy":"huvudkategori","embeddable":true,"href":"https:\/\/pontechmarina.com\/se\/wp-json\/wp\/v2\/huvudkategori?post=840"}],"curies":[{"name":"wp","href":"https:\/\/api.w.org\/{rel}","templated":true}]}}